{"id":1267,"date":"2014-10-17T10:51:48","date_gmt":"2014-10-17T10:51:48","guid":{"rendered":"http:\/\/www.kunnskap.de\/?page_id=1267"},"modified":"2023-01-25T18:07:21","modified_gmt":"2023-01-25T17:07:21","slug":"langfristige-verbindlichkeiten","status":"publish","type":"page","link":"https:\/\/prudentwater.com\/en\/langfristige-verbindlichkeiten\/","title":{"rendered":"Langfristige Verbindlichkeiten"},"content":{"rendered":"<p>engl. <b>Long Term Liabilities<\/b><\/p>\n<p>Langfristige Verbindlichkeiten sind offene Schulden, f\u00fcr die ein Unternehmen mehr als 12 Monate Zeit hat, um sie zu begleichen. In der Bilanz sind sie auf der Passiva zu ihrem Erf\u00fcllungsbetrag anzusetzen. Zu den langfristigen Verbindlichkeiten eines Unternehmens geh\u00f6ren langfristige Finanzverbindlichkeiten, die Pensionsr\u00fcckstellungen sowie allgemeine R\u00fcckstellungen. Kurzfristige Verbindlichkeiten hingegen m\u00fcssen innerhalb der n\u00e4chsten 12 Monate vollst\u00e4ndig zur\u00fcckgezahlt werden.<\/p>\n","protected":false},"excerpt":{"rendered":"<p>engl. Long Term Liabilities Langfristige Verbindlichkeiten sind offene Schulden, f\u00fcr die ein Unternehmen mehr als 12 Monate Zeit hat, um sie zu begleichen. In der Bilanz sind sie auf der Passiva zu ihrem Erf\u00fcllungsbetrag anzusetzen. Zu den langfristigen Verbindlichkeiten eines Unternehmens geh\u00f6ren langfristige Finanzverbindlichkeiten, die Pensionsr\u00fcckstellungen sowie allgemeine R\u00fcckstellungen. Kurzfristige Verbindlichkeiten hingegen m\u00fcssen innerhalb der [&hellip;]<\/p>\n","protected":false},"author":1,"featured_media":0,"parent":0,"menu_order":0,"comment_status":"closed","ping_status":"closed","template":"","meta":{"site-sidebar-layout":"default","site-content-layout":"default","ast-site-content-layout":"","site-content-style":"default","site-sidebar-style":"default","ast-global-header-display":"","ast-banner-title-visibility":"","ast-main-header-display":"","ast-hfb-above-header-display":"","ast-hfb-below-header-display":"","ast-hfb-mobile-header-display":"","site-post-title":"","ast-breadcrumbs-content":"","ast-featured-img":"","footer-sml-layout":"","theme-transparent-header-meta":"default","adv-header-id-meta":"","stick-header-meta":"","header-above-stick-meta":"","header-main-stick-meta":"","header-below-stick-meta":"","astra-migrate-meta-layouts":"default","ast-page-background-enabled":"default","ast-page-background-meta":{"desktop":{"background-color":"","background-image":"","background-repeat":"repeat","background-position":"center center","background-size":"auto","background-attachment":"scroll","background-type":"","background-media":"","overlay-type":"","overlay-color":"","overlay-opacity":"","overlay-gradient":""},"tablet":{"background-color":"","background-image":"","background-repeat":"repeat","background-position":"center center","background-size":"auto","background-attachment":"scroll","background-type":"","background-media":"","overlay-type":"","overlay-color":"","overlay-opacity":"","overlay-gradient":""},"mobile":{"background-color":"","background-image":"","background-repeat":"repeat","background-position":"center center","background-size":"auto","background-attachment":"scroll","background-type":"","background-media":"","overlay-type":"","overlay-color":"","overlay-opacity":"","overlay-gradient":""}},"ast-content-background-meta":{"desktop":{"background-color":"var(--ast-global-color-5)","background-image":"","background-repeat":"repeat","background-position":"center center","background-size":"auto","background-attachment":"scroll","background-type":"","background-media":"","overlay-type":"","overlay-color":"","overlay-opacity":"","overlay-gradient":""},"tablet":{"background-color":"var(--ast-global-color-5)","background-image":"","background-repeat":"repeat","background-position":"center center","background-size":"auto","background-attachment":"scroll","background-type":"","background-media":"","overlay-type":"","overlay-color":"","overlay-opacity":"","overlay-gradient":""},"mobile":{"background-color":"var(--ast-global-color-5)","background-image":"","background-repeat":"repeat","background-position":"center center","background-size":"auto","background-attachment":"scroll","background-type":"","background-media":"","overlay-type":"","overlay-color":"","overlay-opacity":"","overlay-gradient":""}},"footnotes":""},"class_list":["post-1267","page","type-page","status-publish","hentry"],"translation":{"provider":"WPGlobus","version":"3.0.2","language":"en","enabled_languages":["de","en"],"languages":{"de":{"title":true,"content":true,"excerpt":false},"en":{"title":false,"content":false,"excerpt":false}}},"featured_image_urls_v2":{"full":"","thumbnail":"","medium":"","medium_large":"","large":"","1536x1536":"","2048x2048":""},"post_excerpt_stackable_v2":"<p>engl. Long Term Liabilities Langfristige Verbindlichkeiten sind offene Schulden, f\u00fcr die ein Unternehmen mehr als 12 Monate Zeit hat, um sie zu begleichen. In der Bilanz sind sie auf der Passiva zu ihrem Erf\u00fcllungsbetrag anzusetzen. Zu den langfristigen Verbindlichkeiten eines Unternehmens geh\u00f6ren langfristige Finanzverbindlichkeiten, die Pensionsr\u00fcckstellungen sowie allgemeine R\u00fcckstellungen. Kurzfristige Verbindlichkeiten hingegen m\u00fcssen innerhalb der n\u00e4chsten 12 Monate vollst\u00e4ndig zur\u00fcckgezahlt werden.<\/p>\n","category_list_v2":"","author_info_v2":{"name":"PrudentWater","url":"https:\/\/prudentwater.com\/en\/author\/niklas33\/"},"comments_num_v2":"0 comments","_links":{"self":[{"href":"https:\/\/prudentwater.com\/en\/wp-json\/wp\/v2\/pages\/1267","targetHints":{"allow":["GET"]}}],"collection":[{"href":"https:\/\/prudentwater.com\/en\/wp-json\/wp\/v2\/pages"}],"about":[{"href":"https:\/\/prudentwater.com\/en\/wp-json\/wp\/v2\/types\/page"}],"author":[{"embeddable":true,"href":"https:\/\/prudentwater.com\/en\/wp-json\/wp\/v2\/users\/1"}],"replies":[{"embeddable":true,"href":"https:\/\/prudentwater.com\/en\/wp-json\/wp\/v2\/comments?post=1267"}],"version-history":[{"count":0,"href":"https:\/\/prudentwater.com\/en\/wp-json\/wp\/v2\/pages\/1267\/revisions"}],"wp:attachment":[{"href":"https:\/\/prudentwater.com\/en\/wp-json\/wp\/v2\/media?parent=1267"}],"curies":[{"name":"wp","href":"https:\/\/api.w.org\/{rel}","templated":true}]}}