{"id":127,"date":"2014-08-11T14:59:22","date_gmt":"2014-08-11T14:59:22","guid":{"rendered":"http:\/\/www.kunnskap.de\/?page_id=127"},"modified":"2022-08-08T15:06:03","modified_gmt":"2022-08-08T13:06:03","slug":"abschlagsdividende","status":"publish","type":"page","link":"https:\/\/prudentwater.com\/en\/abschlagsdividende\/","title":{"rendered":"Abschlagsdividende"},"content":{"rendered":"<p>Auch <b>Interimsdividende<\/b> oder <b>Zwischendividende<\/b><br \/>\nengl. <b>Interim Dividend<\/b> oder <b>Quarter Dividend<\/b><\/p>\n<p>Die Abschlagsdividende ist eine Vorauszahlung auf die kommende Jahresdividende und somit als eine Art Vorschuss zu sehen auf die eigentliche und bevorstehende Hauptdividende des Unternehmens. Die Abschlagsdividende wird im Laufe des Gesch\u00e4ftsjahres festgesetzt und ausgezahlt. Die Jahresdividende wird hingegen auf der Hauptversammlung beschlossen. In Deutschland ist die Abschlagsdividende jedoch nur unter bestimmten Voraussetzungen zul\u00e4ssig (vor allem muss das vorangegangene Gesch\u00e4ftsjahr einen Gewinn verzeichnet haben). Im Ausland, vor allem in den USA und in Gro\u00dfbritannien, ist die Abschlagsdividende \u00fcblich und wird viertel- oder halbj\u00e4hrlich gezahlt.<\/p>\n","protected":false},"excerpt":{"rendered":"<p>Auch Interimsdividende oder Zwischendividende engl. Interim Dividend oder Quarter Dividend Die Abschlagsdividende ist eine Vorauszahlung auf die kommende Jahresdividende und somit als eine Art Vorschuss zu sehen auf die eigentliche und bevorstehende Hauptdividende des Unternehmens. Die Abschlagsdividende wird im Laufe des Gesch\u00e4ftsjahres festgesetzt und ausgezahlt. Die Jahresdividende wird hingegen auf der Hauptversammlung beschlossen. In Deutschland [&hellip;]<\/p>\n","protected":false},"author":1,"featured_media":0,"parent":0,"menu_order":0,"comment_status":"closed","ping_status":"closed","template":"","meta":{"site-sidebar-layout":"default","site-content-layout":"","ast-site-content-layout":"","site-content-style":"default","site-sidebar-style":"default","ast-global-header-display":"","ast-banner-title-visibility":"","ast-main-header-display":"","ast-hfb-above-header-display":"","ast-hfb-below-header-display":"","ast-hfb-mobile-header-display":"","site-post-title":"","ast-breadcrumbs-content":"","ast-featured-img":"","footer-sml-layout":"","theme-transparent-header-meta":"","adv-header-id-meta":"","stick-header-meta":"","header-above-stick-meta":"","header-main-stick-meta":"","header-below-stick-meta":"","astra-migrate-meta-layouts":"default","ast-page-background-enabled":"default","ast-page-background-meta":{"desktop":{"background-color":"","background-image":"","background-repeat":"repeat","background-position":"center center","background-size":"auto","background-attachment":"scroll","background-type":"","background-media":"","overlay-type":"","overlay-color":"","overlay-opacity":"","overlay-gradient":""},"tablet":{"background-color":"","background-image":"","background-repeat":"repeat","background-position":"center center","background-size":"auto","background-attachment":"scroll","background-type":"","background-media":"","overlay-type":"","overlay-color":"","overlay-opacity":"","overlay-gradient":""},"mobile":{"background-color":"","background-image":"","background-repeat":"repeat","background-position":"center center","background-size":"auto","background-attachment":"scroll","background-type":"","background-media":"","overlay-type":"","overlay-color":"","overlay-opacity":"","overlay-gradient":""}},"ast-content-background-meta":{"desktop":{"background-color":"var(--ast-global-color-5)","background-image":"","background-repeat":"repeat","background-position":"center center","background-size":"auto","background-attachment":"scroll","background-type":"","background-media":"","overlay-type":"","overlay-color":"","overlay-opacity":"","overlay-gradient":""},"tablet":{"background-color":"var(--ast-global-color-5)","background-image":"","background-repeat":"repeat","background-position":"center center","background-size":"auto","background-attachment":"scroll","background-type":"","background-media":"","overlay-type":"","overlay-color":"","overlay-opacity":"","overlay-gradient":""},"mobile":{"background-color":"var(--ast-global-color-5)","background-image":"","background-repeat":"repeat","background-position":"center center","background-size":"auto","background-attachment":"scroll","background-type":"","background-media":"","overlay-type":"","overlay-color":"","overlay-opacity":"","overlay-gradient":""}},"footnotes":""},"class_list":["post-127","page","type-page","status-publish","hentry"],"translation":{"provider":"WPGlobus","version":"3.0.2","language":"en","enabled_languages":["de","en"],"languages":{"de":{"title":true,"content":true,"excerpt":false},"en":{"title":false,"content":false,"excerpt":false}}},"featured_image_urls_v2":{"full":"","thumbnail":"","medium":"","medium_large":"","large":"","1536x1536":"","2048x2048":""},"post_excerpt_stackable_v2":"<p>Auch Interimsdividende oder Zwischendividende engl. Interim Dividend oder Quarter Dividend Die Abschlagsdividende ist eine Vorauszahlung auf die kommende Jahresdividende und somit als eine Art Vorschuss zu sehen auf die eigentliche und bevorstehende Hauptdividende des Unternehmens. Die Abschlagsdividende wird im Laufe des Gesch\u00e4ftsjahres festgesetzt und ausgezahlt. Die Jahresdividende wird hingegen auf der Hauptversammlung beschlossen. In Deutschland ist die Abschlagsdividende jedoch nur unter bestimmten Voraussetzungen zul\u00e4ssig (vor allem muss das vorangegangene Gesch\u00e4ftsjahr einen Gewinn verzeichnet haben). Im Ausland, vor allem in den USA und in Gro\u00dfbritannien, ist die Abschlagsdividende \u00fcblich und wird viertel- oder halbj\u00e4hrlich gezahlt.<\/p>\n","category_list_v2":"","author_info_v2":{"name":"PrudentWater","url":"https:\/\/prudentwater.com\/en\/author\/niklas33\/"},"comments_num_v2":"0 comments","_links":{"self":[{"href":"https:\/\/prudentwater.com\/en\/wp-json\/wp\/v2\/pages\/127","targetHints":{"allow":["GET"]}}],"collection":[{"href":"https:\/\/prudentwater.com\/en\/wp-json\/wp\/v2\/pages"}],"about":[{"href":"https:\/\/prudentwater.com\/en\/wp-json\/wp\/v2\/types\/page"}],"author":[{"embeddable":true,"href":"https:\/\/prudentwater.com\/en\/wp-json\/wp\/v2\/users\/1"}],"replies":[{"embeddable":true,"href":"https:\/\/prudentwater.com\/en\/wp-json\/wp\/v2\/comments?post=127"}],"version-history":[{"count":0,"href":"https:\/\/prudentwater.com\/en\/wp-json\/wp\/v2\/pages\/127\/revisions"}],"wp:attachment":[{"href":"https:\/\/prudentwater.com\/en\/wp-json\/wp\/v2\/media?parent=127"}],"curies":[{"name":"wp","href":"https:\/\/api.w.org\/{rel}","templated":true}]}}