{"id":1284,"date":"2014-10-18T08:41:15","date_gmt":"2014-10-18T08:41:15","guid":{"rendered":"http:\/\/www.kunnskap.de\/?page_id=1284"},"modified":"2023-01-14T13:03:06","modified_gmt":"2023-01-14T12:03:06","slug":"kapitalerhohung","status":"publish","type":"page","link":"https:\/\/prudentwater.com\/en\/kapitalerhohung\/","title":{"rendered":"Kapitalerh\u00f6hung"},"content":{"rendered":"\n<p>engl. <strong>Capital Increase<\/strong><\/p>\n\n\n\n<p>Bei einer Kapitalerh\u00f6hung wird das Eigenkapital des Unternehmens erh\u00f6ht. Dies findet in der Regel durch die Emission neuer Aktien statt. Dabei gibt es jedoch unterschiedliche Formen der Kapitalerh\u00f6hung:<\/p>\n\n\n<hr>\n\n\n<div class=\"wp-block-columns is-layout-flex wp-container-core-columns-is-layout-28f84493 wp-block-columns-is-layout-flex\">\n<div class=\"wp-block-column is-layout-flow wp-block-column-is-layout-flow\">\nBei der <b>ordentlichen Kapitalerh\u00f6hung<\/b> werden sogenannte junge Aktien neu emittiert und auf dem Markt platziert. Sie ist die \u00fcblichste Form der Kapitalerh\u00f6hung.\n<\/div>\n\n\n\n<div class=\"wp-block-column is-layout-flow wp-block-column-is-layout-flow\">\nBei der <b>bedingten Kapitalerh\u00f6hung<\/b> ist die Ausgabe neuer Aktien an bestimmte Bedienungen gekn\u00fcpft.\n<\/div>\n<\/div>\n\n\n\n<div class=\"wp-block-columns is-layout-flex wp-container-core-columns-is-layout-28f84493 wp-block-columns-is-layout-flex\">\n<div class=\"wp-block-column is-layout-flow wp-block-column-is-layout-flow\">\nBei der <b>genehmigten Kapitalerh\u00f6hung<\/b> darf innerhalb der n\u00e4chsten 5 Jahre das Grundkapital je nach Bedarf erh\u00f6ht werden.\n<\/div>\n\n\n\n<div class=\"wp-block-column is-layout-flow wp-block-column-is-layout-flow\">\nBei der <b>Kapitalerh\u00f6hung aus Gesellschaftsmitteln<\/b> findet keine Aufnahme von neuem Kapital statt. Es werden stattdessen R\u00fccklagen in Grundkapital umgewandelt.\n<\/div>\n<\/div>\n\n\n<hr>\n\n\n<p>Die Kapitalerh\u00f6hung ist eine Finanzierungsma\u00dfnahme und wird oftmals dann angewandt, wenn gr\u00f6\u00dfere Investitionen geplant sind oder aber wenn das Unternehmen in finanzielle Schwierigkeiten geraten ist. F\u00fcr Altaktion\u00e4re f\u00fchrt eine Kapitalerh\u00f6hung jedoch zu einer Verw\u00e4sserung ihrer Anteile, wenn sie von ihrem zustehenden Bezugsrecht nicht Gebrauch machen. Um eine Kapitalverw\u00e4sserung als Altaktion\u00e4r zu vermeiden, erhalten sie anteilsm\u00e4\u00dfig Bezugsrechte auf ihre bereits vorhandenen Aktien ins Depot gelegt. Diese neuen Aktien k\u00f6nnen, m\u00fcssen jedoch nicht vom Altaktion\u00e4r durch die Aus\u00fcbung der Bezugsrechte erworben werden. Altaktion\u00e4re k\u00f6nnen die Bezugsrechte auch innerhalb einer Frist \u00fcber die B\u00f6rse weiterverkaufen. Dann erleiden sie jedoch eine Kapitalverw\u00e4sserung, da sich so ihr prozentualer Anteil am Unternehmen verringert. Au\u00dferdem gilt allgemein, dass umso h\u00f6her der Aktienkurs w\u00e4hrend einer Kapitalerh\u00f6hung notiert, desto weniger verw\u00e4ssernd wirkt sich diese f\u00fcr Altaktion\u00e4re aus. Andersherum schr\u00e4nkt ein niedriger Aktienkurs die M\u00f6glichkeit einer (erfolgreichen) Kapitalerh\u00f6hung deutlich ein. Findet eine Kapitalerh\u00f6hung statt, w\u00e4hrend die Aktie unter Buchwert notiert, so w\u00e4re diese f\u00fcr Altaktion\u00e4re stark verw\u00e4ssernd.<\/p>\n","protected":false},"excerpt":{"rendered":"<p>engl. Capital Increase Bei einer Kapitalerh\u00f6hung wird das Eigenkapital des Unternehmens erh\u00f6ht. Dies findet in der Regel durch die Emission neuer Aktien statt. Dabei gibt es jedoch unterschiedliche Formen der Kapitalerh\u00f6hung: Bei der ordentlichen Kapitalerh\u00f6hung werden sogenannte junge Aktien neu emittiert und auf dem Markt platziert. Sie ist die \u00fcblichste Form der Kapitalerh\u00f6hung. Bei der [&hellip;]<\/p>\n","protected":false},"author":1,"featured_media":0,"parent":0,"menu_order":0,"comment_status":"closed","ping_status":"closed","template":"","meta":{"site-sidebar-layout":"default","site-content-layout":"","ast-site-content-layout":"","site-content-style":"default","site-sidebar-style":"default","ast-global-header-display":"","ast-banner-title-visibility":"","ast-main-header-display":"","ast-hfb-above-header-display":"","ast-hfb-below-header-display":"","ast-hfb-mobile-header-display":"","site-post-title":"","ast-breadcrumbs-content":"","ast-featured-img":"","footer-sml-layout":"","theme-transparent-header-meta":"","adv-header-id-meta":"","stick-header-meta":"","header-above-stick-meta":"","header-main-stick-meta":"","header-below-stick-meta":"","astra-migrate-meta-layouts":"default","ast-page-background-enabled":"default","ast-page-background-meta":{"desktop":{"background-color":"","background-image":"","background-repeat":"repeat","background-position":"center center","background-size":"auto","background-attachment":"scroll","background-type":"","background-media":"","overlay-type":"","overlay-color":"","overlay-opacity":"","overlay-gradient":""},"tablet":{"background-color":"","background-image":"","background-repeat":"repeat","background-position":"center center","background-size":"auto","background-attachment":"scroll","background-type":"","background-media":"","overlay-type":"","overlay-color":"","overlay-opacity":"","overlay-gradient":""},"mobile":{"background-color":"","background-image":"","background-repeat":"repeat","background-position":"center center","background-size":"auto","background-attachment":"scroll","background-type":"","background-media":"","overlay-type":"","overlay-color":"","overlay-opacity":"","overlay-gradient":""}},"ast-content-background-meta":{"desktop":{"background-color":"var(--ast-global-color-5)","background-image":"","background-repeat":"repeat","background-position":"center center","background-size":"auto","background-attachment":"scroll","background-type":"","background-media":"","overlay-type":"","overlay-color":"","overlay-opacity":"","overlay-gradient":""},"tablet":{"background-color":"var(--ast-global-color-5)","background-image":"","background-repeat":"repeat","background-position":"center center","background-size":"auto","background-attachment":"scroll","background-type":"","background-media":"","overlay-type":"","overlay-color":"","overlay-opacity":"","overlay-gradient":""},"mobile":{"background-color":"var(--ast-global-color-5)","background-image":"","background-repeat":"repeat","background-position":"center center","background-size":"auto","background-attachment":"scroll","background-type":"","background-media":"","overlay-type":"","overlay-color":"","overlay-opacity":"","overlay-gradient":""}},"footnotes":""},"class_list":["post-1284","page","type-page","status-publish","hentry"],"translation":{"provider":"WPGlobus","version":"3.0.2","language":"en","enabled_languages":["de","en"],"languages":{"de":{"title":true,"content":true,"excerpt":false},"en":{"title":false,"content":false,"excerpt":false}}},"featured_image_urls_v2":{"full":"","thumbnail":"","medium":"","medium_large":"","large":"","1536x1536":"","2048x2048":""},"post_excerpt_stackable_v2":"<p>engl. Capital Increase Bei einer Kapitalerh\u00f6hung wird das Eigenkapital des Unternehmens erh\u00f6ht. Dies findet in der Regel durch die Emission neuer Aktien statt. Dabei gibt es jedoch unterschiedliche Formen der Kapitalerh\u00f6hung: Bei der ordentlichen Kapitalerh\u00f6hung werden sogenannte junge Aktien neu emittiert und auf dem Markt platziert. Sie ist die \u00fcblichste Form der Kapitalerh\u00f6hung. Bei der bedingten Kapitalerh\u00f6hung ist die Ausgabe neuer Aktien an bestimmte Bedienungen gekn\u00fcpft. Bei der genehmigten Kapitalerh\u00f6hung darf innerhalb der n\u00e4chsten 5 Jahre das Grundkapital je nach Bedarf erh\u00f6ht werden. Bei der Kapitalerh\u00f6hung aus Gesellschaftsmitteln findet keine Aufnahme von neuem Kapital statt. Es werden stattdessen R\u00fccklagen in&hellip;<\/p>\n","category_list_v2":"","author_info_v2":{"name":"PrudentWater","url":"https:\/\/prudentwater.com\/en\/author\/niklas33\/"},"comments_num_v2":"0 comments","_links":{"self":[{"href":"https:\/\/prudentwater.com\/en\/wp-json\/wp\/v2\/pages\/1284","targetHints":{"allow":["GET"]}}],"collection":[{"href":"https:\/\/prudentwater.com\/en\/wp-json\/wp\/v2\/pages"}],"about":[{"href":"https:\/\/prudentwater.com\/en\/wp-json\/wp\/v2\/types\/page"}],"author":[{"embeddable":true,"href":"https:\/\/prudentwater.com\/en\/wp-json\/wp\/v2\/users\/1"}],"replies":[{"embeddable":true,"href":"https:\/\/prudentwater.com\/en\/wp-json\/wp\/v2\/comments?post=1284"}],"version-history":[{"count":0,"href":"https:\/\/prudentwater.com\/en\/wp-json\/wp\/v2\/pages\/1284\/revisions"}],"wp:attachment":[{"href":"https:\/\/prudentwater.com\/en\/wp-json\/wp\/v2\/media?parent=1284"}],"curies":[{"name":"wp","href":"https:\/\/api.w.org\/{rel}","templated":true}]}}