{"id":12935,"date":"2019-08-27T09:39:42","date_gmt":"2019-08-27T09:39:42","guid":{"rendered":"http:\/\/www.kunnskap.de\/?page_id=12935"},"modified":"2021-06-25T12:49:01","modified_gmt":"2021-06-25T10:49:01","slug":"forschung-und-entwicklung","status":"publish","type":"page","link":"https:\/\/prudentwater.com\/en\/forschung-und-entwicklung\/","title":{"rendered":"Forschung und Entwicklung"},"content":{"rendered":"<p>engl. <strong>Research and Development<\/strong> oder <strong>R&amp;D<\/strong><\/p>\n<p>Forschung und Entwicklung ist der Begriff, der \u00fcblicherweise zur Beschreibung der Aktivit\u00e4ten von Unternehmen zur Schaffung neuer oder verbesserter Produkte und Prozesse verwendet wird. Die weiteste Bedeutung des Begriffes umfasst Aktivit\u00e4ten von der wissenschaftlichen Grundlagenforschung an Universit\u00e4ten und Laboratorien bis hin zum Testen und Veredeln von Produkten vor dem kommerziellen Verkauf oder der Verwendung dieser Produkte. F\u00fcr ein Unternehmen ist die Forschung und Entwicklung zwar keine Source von heutigem und schnellem Wachstum, sie ist jedoch unerl\u00e4sslich, um auch in Zukunft profitabel und wirtschaftlich erfolgreich zu sein bzw. zu bleiben. Gelder, die in die Forschung und Entwicklung flie\u00dfen, sind f\u00fcr das Unternehmen Investitionen in die Zukunft. Investiert ein Unternehmen dauerhaft zu wenig oder gar nichts in die Forschung und Entwicklung, ist es deutlich gef\u00e4hrdet nicht l\u00e4nger wettbewerbsf\u00e4hig zu sein, was sich zun\u00e4chst schleichend in fallenden Umsatzerl\u00f6sen bemerkbar macht.<\/p>\n","protected":false},"excerpt":{"rendered":"<p>engl. Research and Development oder R&amp;D Forschung und Entwicklung ist der Begriff, der \u00fcblicherweise zur Beschreibung der Aktivit\u00e4ten von Unternehmen zur Schaffung neuer oder verbesserter Produkte und Prozesse verwendet wird. Die weiteste Bedeutung des Begriffes umfasst Aktivit\u00e4ten von der wissenschaftlichen Grundlagenforschung an Universit\u00e4ten und Laboratorien bis hin zum Testen und Veredeln von Produkten vor dem [&hellip;]<\/p>\n","protected":false},"author":1,"featured_media":0,"parent":0,"menu_order":0,"comment_status":"closed","ping_status":"closed","template":"","meta":{"site-sidebar-layout":"default","site-content-layout":"","ast-site-content-layout":"","site-content-style":"default","site-sidebar-style":"default","ast-global-header-display":"","ast-banner-title-visibility":"","ast-main-header-display":"","ast-hfb-above-header-display":"","ast-hfb-below-header-display":"","ast-hfb-mobile-header-display":"","site-post-title":"","ast-breadcrumbs-content":"","ast-featured-img":"","footer-sml-layout":"","theme-transparent-header-meta":"","adv-header-id-meta":"","stick-header-meta":"","header-above-stick-meta":"","header-main-stick-meta":"","header-below-stick-meta":"","astra-migrate-meta-layouts":"default","ast-page-background-enabled":"default","ast-page-background-meta":{"desktop":{"background-color":"","background-image":"","background-repeat":"repeat","background-position":"center center","background-size":"auto","background-attachment":"scroll","background-type":"","background-media":"","overlay-type":"","overlay-color":"","overlay-opacity":"","overlay-gradient":""},"tablet":{"background-color":"","background-image":"","background-repeat":"repeat","background-position":"center center","background-size":"auto","background-attachment":"scroll","background-type":"","background-media":"","overlay-type":"","overlay-color":"","overlay-opacity":"","overlay-gradient":""},"mobile":{"background-color":"","background-image":"","background-repeat":"repeat","background-position":"center center","background-size":"auto","background-attachment":"scroll","background-type":"","background-media":"","overlay-type":"","overlay-color":"","overlay-opacity":"","overlay-gradient":""}},"ast-content-background-meta":{"desktop":{"background-color":"var(--ast-global-color-5)","background-image":"","background-repeat":"repeat","background-position":"center center","background-size":"auto","background-attachment":"scroll","background-type":"","background-media":"","overlay-type":"","overlay-color":"","overlay-opacity":"","overlay-gradient":""},"tablet":{"background-color":"var(--ast-global-color-5)","background-image":"","background-repeat":"repeat","background-position":"center center","background-size":"auto","background-attachment":"scroll","background-type":"","background-media":"","overlay-type":"","overlay-color":"","overlay-opacity":"","overlay-gradient":""},"mobile":{"background-color":"var(--ast-global-color-5)","background-image":"","background-repeat":"repeat","background-position":"center center","background-size":"auto","background-attachment":"scroll","background-type":"","background-media":"","overlay-type":"","overlay-color":"","overlay-opacity":"","overlay-gradient":""}},"footnotes":""},"class_list":["post-12935","page","type-page","status-publish","hentry"],"translation":{"provider":"WPGlobus","version":"3.0.2","language":"en","enabled_languages":["de","en"],"languages":{"de":{"title":true,"content":true,"excerpt":false},"en":{"title":false,"content":false,"excerpt":false}}},"featured_image_urls_v2":{"full":"","thumbnail":"","medium":"","medium_large":"","large":"","1536x1536":"","2048x2048":""},"post_excerpt_stackable_v2":"<p>engl. Research and Development oder R&amp;D Forschung und Entwicklung ist der Begriff, der \u00fcblicherweise zur Beschreibung der Aktivit\u00e4ten von Unternehmen zur Schaffung neuer oder verbesserter Produkte und Prozesse verwendet wird. Die weiteste Bedeutung des Begriffes umfasst Aktivit\u00e4ten von der wissenschaftlichen Grundlagenforschung an Universit\u00e4ten und Laboratorien bis hin zum Testen und Veredeln von Produkten vor dem kommerziellen Verkauf oder der Verwendung dieser Produkte. F\u00fcr ein Unternehmen ist die Forschung und Entwicklung zwar keine Source von heutigem und schnellem Wachstum, sie ist jedoch unerl\u00e4sslich, um auch in Zukunft profitabel und wirtschaftlich erfolgreich zu sein bzw. zu bleiben. Gelder, die in die Forschung&hellip;<\/p>\n","category_list_v2":"","author_info_v2":{"name":"PrudentWater","url":"https:\/\/prudentwater.com\/en\/author\/niklas33\/"},"comments_num_v2":"0 comments","_links":{"self":[{"href":"https:\/\/prudentwater.com\/en\/wp-json\/wp\/v2\/pages\/12935","targetHints":{"allow":["GET"]}}],"collection":[{"href":"https:\/\/prudentwater.com\/en\/wp-json\/wp\/v2\/pages"}],"about":[{"href":"https:\/\/prudentwater.com\/en\/wp-json\/wp\/v2\/types\/page"}],"author":[{"embeddable":true,"href":"https:\/\/prudentwater.com\/en\/wp-json\/wp\/v2\/users\/1"}],"replies":[{"embeddable":true,"href":"https:\/\/prudentwater.com\/en\/wp-json\/wp\/v2\/comments?post=12935"}],"version-history":[{"count":0,"href":"https:\/\/prudentwater.com\/en\/wp-json\/wp\/v2\/pages\/12935\/revisions"}],"wp:attachment":[{"href":"https:\/\/prudentwater.com\/en\/wp-json\/wp\/v2\/media?parent=12935"}],"curies":[{"name":"wp","href":"https:\/\/api.w.org\/{rel}","templated":true}]}}