{"id":1294,"date":"2014-10-18T17:42:14","date_gmt":"2014-10-18T17:42:14","guid":{"rendered":"http:\/\/www.kunnskap.de\/?page_id=1294"},"modified":"2021-06-25T12:48:20","modified_gmt":"2021-06-25T10:48:20","slug":"bedingte-kapitalerhohung","status":"publish","type":"page","link":"https:\/\/prudentwater.com\/en\/bedingte-kapitalerhohung\/","title":{"rendered":"Bedingte Kapitalerh\u00f6hung"},"content":{"rendered":"<p>Die bedingte Kapitalerh\u00f6hung ist eine Art der Kapitalerh\u00f6hung, bei der die Emission neuer Aktien an bestimmte und vorher festgelegte Voraussetzungen gekn\u00fcpft ist. Folgende Gr\u00fcnde kann die bedingte Kapitalerh\u00f6hung haben:<\/p>\n<hr>\n<ul>\n<b><br \/>\nUmtausch und Bezug von Aktien aus Wandelanleihen und Optionsanleihen &#8211; Wandelschuldverschreibungen oder Optionsanleihen werden in gezeichnetes Kapital verwandelt<\/b><\/p>\n<hr>\n<p><b>Vorbereitung von Fusionen oder \u00dcbernahmen<\/b><\/p>\n<hr>\n<p><b>Ausgabe von Belegschaftsaktien<\/b><\/ul>\n<hr>\n<p>Der Nominalwert des bedingten Kapitals darf jedoch nicht mehr als 50% des Grundkapitals betragen. Bei Belegschaftsaktien darf der Nominalwert nicht \u00fcber 10 % des Grundkapitals liegen. Anders als bei der ordentlichen Kapitalerh\u00f6hung hat der Altaktion\u00e4r bei der bedingten Kapitalerh\u00f6hung kein Bezugsrecht f\u00fcr die neu emittierten Aktien.<\/p>\n","protected":false},"excerpt":{"rendered":"<p>Die bedingte Kapitalerh\u00f6hung ist eine Art der Kapitalerh\u00f6hung, bei der die Emission neuer Aktien an bestimmte und vorher festgelegte Voraussetzungen gekn\u00fcpft ist. Folgende Gr\u00fcnde kann die bedingte Kapitalerh\u00f6hung haben: Umtausch und Bezug von Aktien aus Wandelanleihen und Optionsanleihen &#8211; Wandelschuldverschreibungen oder Optionsanleihen werden in gezeichnetes Kapital verwandelt Vorbereitung von Fusionen oder \u00dcbernahmen Ausgabe von Belegschaftsaktien [&hellip;]<\/p>\n","protected":false},"author":1,"featured_media":0,"parent":0,"menu_order":0,"comment_status":"closed","ping_status":"closed","template":"","meta":{"site-sidebar-layout":"default","site-content-layout":"","ast-site-content-layout":"","site-content-style":"default","site-sidebar-style":"default","ast-global-header-display":"","ast-banner-title-visibility":"","ast-main-header-display":"","ast-hfb-above-header-display":"","ast-hfb-below-header-display":"","ast-hfb-mobile-header-display":"","site-post-title":"","ast-breadcrumbs-content":"","ast-featured-img":"","footer-sml-layout":"","theme-transparent-header-meta":"","adv-header-id-meta":"","stick-header-meta":"","header-above-stick-meta":"","header-main-stick-meta":"","header-below-stick-meta":"","astra-migrate-meta-layouts":"default","ast-page-background-enabled":"default","ast-page-background-meta":{"desktop":{"background-color":"","background-image":"","background-repeat":"repeat","background-position":"center center","background-size":"auto","background-attachment":"scroll","background-type":"","background-media":"","overlay-type":"","overlay-color":"","overlay-opacity":"","overlay-gradient":""},"tablet":{"background-color":"","background-image":"","background-repeat":"repeat","background-position":"center center","background-size":"auto","background-attachment":"scroll","background-type":"","background-media":"","overlay-type":"","overlay-color":"","overlay-opacity":"","overlay-gradient":""},"mobile":{"background-color":"","background-image":"","background-repeat":"repeat","background-position":"center center","background-size":"auto","background-attachment":"scroll","background-type":"","background-media":"","overlay-type":"","overlay-color":"","overlay-opacity":"","overlay-gradient":""}},"ast-content-background-meta":{"desktop":{"background-color":"var(--ast-global-color-5)","background-image":"","background-repeat":"repeat","background-position":"center center","background-size":"auto","background-attachment":"scroll","background-type":"","background-media":"","overlay-type":"","overlay-color":"","overlay-opacity":"","overlay-gradient":""},"tablet":{"background-color":"var(--ast-global-color-5)","background-image":"","background-repeat":"repeat","background-position":"center center","background-size":"auto","background-attachment":"scroll","background-type":"","background-media":"","overlay-type":"","overlay-color":"","overlay-opacity":"","overlay-gradient":""},"mobile":{"background-color":"var(--ast-global-color-5)","background-image":"","background-repeat":"repeat","background-position":"center center","background-size":"auto","background-attachment":"scroll","background-type":"","background-media":"","overlay-type":"","overlay-color":"","overlay-opacity":"","overlay-gradient":""}},"footnotes":""},"class_list":["post-1294","page","type-page","status-publish","hentry"],"translation":{"provider":"WPGlobus","version":"3.0.2","language":"en","enabled_languages":["de","en"],"languages":{"de":{"title":true,"content":true,"excerpt":false},"en":{"title":false,"content":false,"excerpt":false}}},"featured_image_urls_v2":{"full":"","thumbnail":"","medium":"","medium_large":"","large":"","1536x1536":"","2048x2048":""},"post_excerpt_stackable_v2":"<p>Die bedingte Kapitalerh\u00f6hung ist eine Art der Kapitalerh\u00f6hung, bei der die Emission neuer Aktien an bestimmte und vorher festgelegte Voraussetzungen gekn\u00fcpft ist. Folgende Gr\u00fcnde kann die bedingte Kapitalerh\u00f6hung haben: Umtausch und Bezug von Aktien aus Wandelanleihen und Optionsanleihen &#8211; Wandelschuldverschreibungen oder Optionsanleihen werden in gezeichnetes Kapital verwandelt Vorbereitung von Fusionen oder \u00dcbernahmen Ausgabe von Belegschaftsaktien Der Nominalwert des bedingten Kapitals darf jedoch nicht mehr als 50% des Grundkapitals betragen. Bei Belegschaftsaktien darf der Nominalwert nicht \u00fcber 10 % des Grundkapitals liegen. Anders als bei der ordentlichen Kapitalerh\u00f6hung hat der Altaktion\u00e4r bei der bedingten Kapitalerh\u00f6hung kein Bezugsrecht f\u00fcr die neu emittierten&hellip;<\/p>\n","category_list_v2":"","author_info_v2":{"name":"PrudentWater","url":"https:\/\/prudentwater.com\/en\/author\/niklas33\/"},"comments_num_v2":"0 comments","_links":{"self":[{"href":"https:\/\/prudentwater.com\/en\/wp-json\/wp\/v2\/pages\/1294","targetHints":{"allow":["GET"]}}],"collection":[{"href":"https:\/\/prudentwater.com\/en\/wp-json\/wp\/v2\/pages"}],"about":[{"href":"https:\/\/prudentwater.com\/en\/wp-json\/wp\/v2\/types\/page"}],"author":[{"embeddable":true,"href":"https:\/\/prudentwater.com\/en\/wp-json\/wp\/v2\/users\/1"}],"replies":[{"embeddable":true,"href":"https:\/\/prudentwater.com\/en\/wp-json\/wp\/v2\/comments?post=1294"}],"version-history":[{"count":0,"href":"https:\/\/prudentwater.com\/en\/wp-json\/wp\/v2\/pages\/1294\/revisions"}],"wp:attachment":[{"href":"https:\/\/prudentwater.com\/en\/wp-json\/wp\/v2\/media?parent=1294"}],"curies":[{"name":"wp","href":"https:\/\/api.w.org\/{rel}","templated":true}]}}