{"id":130,"date":"2014-08-11T15:15:40","date_gmt":"2014-08-11T15:15:40","guid":{"rendered":"http:\/\/www.kunnskap.de\/?page_id=130"},"modified":"2021-06-25T12:48:57","modified_gmt":"2021-06-25T10:48:57","slug":"dividende","status":"publish","type":"page","link":"https:\/\/prudentwater.com\/en\/dividende\/","title":{"rendered":"Dividende"},"content":{"rendered":"<p>engl. <strong>Dividend<\/strong><\/p>\n<p>Die Dividende ist der Teil des Gewinnes, den eine Aktiengesellschaft an seine Aktion\u00e4re aussch\u00fcttet. Mit der Dividende wird somit ein gewisser Anteil oder auch in ganz seltenen F\u00e4llen der komplette Jahresgewinn an die Anteilseigner ausgesch\u00fcttet. Die Zahlung einer Dividende ist somit neben dem Aktienr\u00fcckkauf eine M\u00f6glichkeit, die Aktion\u00e4re an dem Erfolg des Unternehmens zu beteiligen. Ein Aktienunternehmen ist jedoch nicht dazu verpflichtet, eine Dividende zu bezahlen. Ebenso kann es vorkommen, dass das Unternehmen eine Dividende bezahlt, obwohl es in dem abgelaufenen Gesch\u00e4ftsjahr einen Verlust erlitten hat. Ob eine Dividende bezahlt wird und wie hoch diese ausfallen soll, wird auf der Hauptversammlung beschlossen. Bereits vorher wird die H\u00f6he der Dividende vom Vorstand vorgeschlagen. In Deutschland wird die Dividende j\u00e4hrlich einen Tag nach der Hauptversammlung ausgezahlt, in England und in den USA wird sie oftmals quartalsweise oder halbj\u00e4hrlich ausgezahlt. Dividenden geh\u00f6ren zu den Kapitalertr\u00e4gen und m\u00fcssen deshalb versteuert werden. Auf die Dividende muss die Abgeltungssteuer in H\u00f6he von 25 % gezahlt werden und eventuell &#8211; jedoch abh\u00e4ngig von der Person &#8211; der Solidarit\u00e4tszuschlag und \/ oder die Kirchensteuer.<\/p>\n","protected":false},"excerpt":{"rendered":"<p>engl. Dividend Die Dividende ist der Teil des Gewinnes, den eine Aktiengesellschaft an seine Aktion\u00e4re aussch\u00fcttet. Mit der Dividende wird somit ein gewisser Anteil oder auch in ganz seltenen F\u00e4llen der komplette Jahresgewinn an die Anteilseigner ausgesch\u00fcttet. Die Zahlung einer Dividende ist somit neben dem Aktienr\u00fcckkauf eine M\u00f6glichkeit, die Aktion\u00e4re an dem Erfolg des Unternehmens [&hellip;]<\/p>\n","protected":false},"author":1,"featured_media":0,"parent":0,"menu_order":0,"comment_status":"closed","ping_status":"closed","template":"","meta":{"site-sidebar-layout":"default","site-content-layout":"","ast-site-content-layout":"","site-content-style":"default","site-sidebar-style":"default","ast-global-header-display":"","ast-banner-title-visibility":"","ast-main-header-display":"","ast-hfb-above-header-display":"","ast-hfb-below-header-display":"","ast-hfb-mobile-header-display":"","site-post-title":"","ast-breadcrumbs-content":"","ast-featured-img":"","footer-sml-layout":"","theme-transparent-header-meta":"","adv-header-id-meta":"","stick-header-meta":"","header-above-stick-meta":"","header-main-stick-meta":"","header-below-stick-meta":"","astra-migrate-meta-layouts":"default","ast-page-background-enabled":"default","ast-page-background-meta":{"desktop":{"background-color":"","background-image":"","background-repeat":"repeat","background-position":"center center","background-size":"auto","background-attachment":"scroll","background-type":"","background-media":"","overlay-type":"","overlay-color":"","overlay-opacity":"","overlay-gradient":""},"tablet":{"background-color":"","background-image":"","background-repeat":"repeat","background-position":"center center","background-size":"auto","background-attachment":"scroll","background-type":"","background-media":"","overlay-type":"","overlay-color":"","overlay-opacity":"","overlay-gradient":""},"mobile":{"background-color":"","background-image":"","background-repeat":"repeat","background-position":"center center","background-size":"auto","background-attachment":"scroll","background-type":"","background-media":"","overlay-type":"","overlay-color":"","overlay-opacity":"","overlay-gradient":""}},"ast-content-background-meta":{"desktop":{"background-color":"var(--ast-global-color-5)","background-image":"","background-repeat":"repeat","background-position":"center center","background-size":"auto","background-attachment":"scroll","background-type":"","background-media":"","overlay-type":"","overlay-color":"","overlay-opacity":"","overlay-gradient":""},"tablet":{"background-color":"var(--ast-global-color-5)","background-image":"","background-repeat":"repeat","background-position":"center center","background-size":"auto","background-attachment":"scroll","background-type":"","background-media":"","overlay-type":"","overlay-color":"","overlay-opacity":"","overlay-gradient":""},"mobile":{"background-color":"var(--ast-global-color-5)","background-image":"","background-repeat":"repeat","background-position":"center center","background-size":"auto","background-attachment":"scroll","background-type":"","background-media":"","overlay-type":"","overlay-color":"","overlay-opacity":"","overlay-gradient":""}},"footnotes":""},"class_list":["post-130","page","type-page","status-publish","hentry"],"translation":{"provider":"WPGlobus","version":"3.0.2","language":"en","enabled_languages":["de","en"],"languages":{"de":{"title":true,"content":true,"excerpt":false},"en":{"title":false,"content":false,"excerpt":false}}},"featured_image_urls_v2":{"full":"","thumbnail":"","medium":"","medium_large":"","large":"","1536x1536":"","2048x2048":""},"post_excerpt_stackable_v2":"<p>engl. Dividend Die Dividende ist der Teil des Gewinnes, den eine Aktiengesellschaft an seine Aktion\u00e4re aussch\u00fcttet. Mit der Dividende wird somit ein gewisser Anteil oder auch in ganz seltenen F\u00e4llen der komplette Jahresgewinn an die Anteilseigner ausgesch\u00fcttet. Die Zahlung einer Dividende ist somit neben dem Aktienr\u00fcckkauf eine M\u00f6glichkeit, die Aktion\u00e4re an dem Erfolg des Unternehmens zu beteiligen. Ein Aktienunternehmen ist jedoch nicht dazu verpflichtet, eine Dividende zu bezahlen. Ebenso kann es vorkommen, dass das Unternehmen eine Dividende bezahlt, obwohl es in dem abgelaufenen Gesch\u00e4ftsjahr einen Verlust erlitten hat. Ob eine Dividende bezahlt wird und wie hoch diese ausfallen soll, wird&hellip;<\/p>\n","category_list_v2":"","author_info_v2":{"name":"PrudentWater","url":"https:\/\/prudentwater.com\/en\/author\/niklas33\/"},"comments_num_v2":"0 comments","_links":{"self":[{"href":"https:\/\/prudentwater.com\/en\/wp-json\/wp\/v2\/pages\/130","targetHints":{"allow":["GET"]}}],"collection":[{"href":"https:\/\/prudentwater.com\/en\/wp-json\/wp\/v2\/pages"}],"about":[{"href":"https:\/\/prudentwater.com\/en\/wp-json\/wp\/v2\/types\/page"}],"author":[{"embeddable":true,"href":"https:\/\/prudentwater.com\/en\/wp-json\/wp\/v2\/users\/1"}],"replies":[{"embeddable":true,"href":"https:\/\/prudentwater.com\/en\/wp-json\/wp\/v2\/comments?post=130"}],"version-history":[{"count":0,"href":"https:\/\/prudentwater.com\/en\/wp-json\/wp\/v2\/pages\/130\/revisions"}],"wp:attachment":[{"href":"https:\/\/prudentwater.com\/en\/wp-json\/wp\/v2\/media?parent=130"}],"curies":[{"name":"wp","href":"https:\/\/api.w.org\/{rel}","templated":true}]}}