{"id":1300,"date":"2014-10-18T19:22:52","date_gmt":"2014-10-18T19:22:52","guid":{"rendered":"http:\/\/www.kunnskap.de\/?page_id=1300"},"modified":"2021-06-25T12:49:32","modified_gmt":"2021-06-25T10:49:32","slug":"kapitalerhohung-aus-gesellschaftsmitteln","status":"publish","type":"page","link":"https:\/\/prudentwater.com\/en\/kapitalerhohung-aus-gesellschaftsmitteln\/","title":{"rendered":"Kapitalerh\u00f6hung aus Gesellschaftsmitteln"},"content":{"rendered":"<p>Auch <strong>Nominelle Kapitalerh\u00f6hung<\/strong><\/p>\n<p>Bei der Kapitalerh\u00f6hung aus Gesellschaftsmitteln werden R\u00fccklagen (Gewinn- und Kapitalr\u00fccklagen) in Grundkapital umgewandelt. Im Gegensatz zu anderen Formen der Kapitalerh\u00f6hung flie\u00dft dem Unternehmen hierbei also kein neues Geld von &#8220;au\u00dfen&#8221; zu. Gewinn- und Kapitalr\u00fccklagen werden in Aktien umgewandelt, die dann der Aktion\u00e4r zus\u00e4tzlich ohne eine Zahlung leisten zu m\u00fcssen erh\u00e4lt. Der Gesamtwert des Aktienunternehmens bleibt unver\u00e4ndert, er wird nun jedoch auf mehrere Aktien verteilt, wodurch der Aktienkurs sinkt. Da Altaktion\u00e4re jedoch Gratisaktien im Verh\u00e4ltnis ihrer Anteile am bisherigen Grundkapital erhalten, \u00e4ndert sich der Depotwert f\u00fcr sie nicht.<\/p>\n","protected":false},"excerpt":{"rendered":"<p>Auch Nominelle Kapitalerh\u00f6hung Bei der Kapitalerh\u00f6hung aus Gesellschaftsmitteln werden R\u00fccklagen (Gewinn- und Kapitalr\u00fccklagen) in Grundkapital umgewandelt. Im Gegensatz zu anderen Formen der Kapitalerh\u00f6hung flie\u00dft dem Unternehmen hierbei also kein neues Geld von &#8220;au\u00dfen&#8221; zu. Gewinn- und Kapitalr\u00fccklagen werden in Aktien umgewandelt, die dann der Aktion\u00e4r zus\u00e4tzlich ohne eine Zahlung leisten zu m\u00fcssen erh\u00e4lt. Der Gesamtwert [&hellip;]<\/p>\n","protected":false},"author":1,"featured_media":0,"parent":0,"menu_order":0,"comment_status":"closed","ping_status":"closed","template":"","meta":{"site-sidebar-layout":"default","site-content-layout":"","ast-site-content-layout":"","site-content-style":"default","site-sidebar-style":"default","ast-global-header-display":"","ast-banner-title-visibility":"","ast-main-header-display":"","ast-hfb-above-header-display":"","ast-hfb-below-header-display":"","ast-hfb-mobile-header-display":"","site-post-title":"","ast-breadcrumbs-content":"","ast-featured-img":"","footer-sml-layout":"","theme-transparent-header-meta":"","adv-header-id-meta":"","stick-header-meta":"","header-above-stick-meta":"","header-main-stick-meta":"","header-below-stick-meta":"","astra-migrate-meta-layouts":"default","ast-page-background-enabled":"default","ast-page-background-meta":{"desktop":{"background-color":"","background-image":"","background-repeat":"repeat","background-position":"center center","background-size":"auto","background-attachment":"scroll","background-type":"","background-media":"","overlay-type":"","overlay-color":"","overlay-opacity":"","overlay-gradient":""},"tablet":{"background-color":"","background-image":"","background-repeat":"repeat","background-position":"center center","background-size":"auto","background-attachment":"scroll","background-type":"","background-media":"","overlay-type":"","overlay-color":"","overlay-opacity":"","overlay-gradient":""},"mobile":{"background-color":"","background-image":"","background-repeat":"repeat","background-position":"center center","background-size":"auto","background-attachment":"scroll","background-type":"","background-media":"","overlay-type":"","overlay-color":"","overlay-opacity":"","overlay-gradient":""}},"ast-content-background-meta":{"desktop":{"background-color":"var(--ast-global-color-5)","background-image":"","background-repeat":"repeat","background-position":"center center","background-size":"auto","background-attachment":"scroll","background-type":"","background-media":"","overlay-type":"","overlay-color":"","overlay-opacity":"","overlay-gradient":""},"tablet":{"background-color":"var(--ast-global-color-5)","background-image":"","background-repeat":"repeat","background-position":"center center","background-size":"auto","background-attachment":"scroll","background-type":"","background-media":"","overlay-type":"","overlay-color":"","overlay-opacity":"","overlay-gradient":""},"mobile":{"background-color":"var(--ast-global-color-5)","background-image":"","background-repeat":"repeat","background-position":"center center","background-size":"auto","background-attachment":"scroll","background-type":"","background-media":"","overlay-type":"","overlay-color":"","overlay-opacity":"","overlay-gradient":""}},"footnotes":""},"class_list":["post-1300","page","type-page","status-publish","hentry"],"translation":{"provider":"WPGlobus","version":"3.0.2","language":"en","enabled_languages":["de","en"],"languages":{"de":{"title":true,"content":true,"excerpt":false},"en":{"title":false,"content":false,"excerpt":false}}},"featured_image_urls_v2":{"full":"","thumbnail":"","medium":"","medium_large":"","large":"","1536x1536":"","2048x2048":""},"post_excerpt_stackable_v2":"<p>Auch Nominelle Kapitalerh\u00f6hung Bei der Kapitalerh\u00f6hung aus Gesellschaftsmitteln werden R\u00fccklagen (Gewinn- und Kapitalr\u00fccklagen) in Grundkapital umgewandelt. Im Gegensatz zu anderen Formen der Kapitalerh\u00f6hung flie\u00dft dem Unternehmen hierbei also kein neues Geld von &#8220;au\u00dfen&#8221; zu. Gewinn- und Kapitalr\u00fccklagen werden in Aktien umgewandelt, die dann der Aktion\u00e4r zus\u00e4tzlich ohne eine Zahlung leisten zu m\u00fcssen erh\u00e4lt. Der Gesamtwert des Aktienunternehmens bleibt unver\u00e4ndert, er wird nun jedoch auf mehrere Aktien verteilt, wodurch der Aktienkurs sinkt. Da Altaktion\u00e4re jedoch Gratisaktien im Verh\u00e4ltnis ihrer Anteile am bisherigen Grundkapital erhalten, \u00e4ndert sich der Depotwert f\u00fcr sie nicht.<\/p>\n","category_list_v2":"","author_info_v2":{"name":"PrudentWater","url":"https:\/\/prudentwater.com\/en\/author\/niklas33\/"},"comments_num_v2":"0 comments","_links":{"self":[{"href":"https:\/\/prudentwater.com\/en\/wp-json\/wp\/v2\/pages\/1300","targetHints":{"allow":["GET"]}}],"collection":[{"href":"https:\/\/prudentwater.com\/en\/wp-json\/wp\/v2\/pages"}],"about":[{"href":"https:\/\/prudentwater.com\/en\/wp-json\/wp\/v2\/types\/page"}],"author":[{"embeddable":true,"href":"https:\/\/prudentwater.com\/en\/wp-json\/wp\/v2\/users\/1"}],"replies":[{"embeddable":true,"href":"https:\/\/prudentwater.com\/en\/wp-json\/wp\/v2\/comments?post=1300"}],"version-history":[{"count":0,"href":"https:\/\/prudentwater.com\/en\/wp-json\/wp\/v2\/pages\/1300\/revisions"}],"wp:attachment":[{"href":"https:\/\/prudentwater.com\/en\/wp-json\/wp\/v2\/media?parent=1300"}],"curies":[{"name":"wp","href":"https:\/\/api.w.org\/{rel}","templated":true}]}}