{"id":1311,"date":"2014-10-18T20:33:51","date_gmt":"2014-10-18T20:33:51","guid":{"rendered":"http:\/\/www.kunnskap.de\/?page_id=1311"},"modified":"2022-11-23T14:29:44","modified_gmt":"2022-11-23T13:29:44","slug":"junge-aktie","status":"publish","type":"page","link":"https:\/\/prudentwater.com\/en\/junge-aktie\/","title":{"rendered":"Junge Aktie"},"content":{"rendered":"<p>engl. <b>Primary Shares<\/b><\/p>\n<p>F\u00fchrt eine Aktiengesellschaft eine Kapitalerh\u00f6hung durch, werden dabei neue Aktien ausgegeben und auf dem Markt platziert. Diese neuen Aktien werden als junge Aktien bezeichnet und zun\u00e4chst den Altaktion\u00e4ren angeboten. Die Altaktion\u00e4re k\u00f6nnen die jungen Aktien jedoch auch ablehnen, erleiden dann jedoch eine Kapitalverw\u00e4sserung. Verzichten Altaktion\u00e4re auf ihr Bezugsrecht und somit auf die jungen Aktien, so werden die restlichen jungen Aktien dem Gesamtmarkt angeboten. Junge Aktien kosten weniger als der aktuelle Kurs der bereits ausstehenden Aktien, sie werden also mit einem Kursabschlag emittiert. Dadurch sollen neue K\u00e4ufer angelockt werden, damit die Kapitalerh\u00f6hung f\u00fcr das Unternehmen auch erfolgreich verl\u00e4uft. Eine junge Aktie wird zu einer alten Aktie, wenn sie vollst\u00e4ndig dividendenberechtigt ist. Meist sind sie im ersten Jahr nach der Emission noch nicht oder nur zum Teil dividendenberechtigt. Nach der n\u00e4chsten Hauptversammlung und der anschlie\u00dfend erfolgten Dividendenauszahlung werden alte und junge Aktien gleichgestellt.<\/p>\n","protected":false},"excerpt":{"rendered":"<p>engl. Primary Shares F\u00fchrt eine Aktiengesellschaft eine Kapitalerh\u00f6hung durch, werden dabei neue Aktien ausgegeben und auf dem Markt platziert. Diese neuen Aktien werden als junge Aktien bezeichnet und zun\u00e4chst den Altaktion\u00e4ren angeboten. Die Altaktion\u00e4re k\u00f6nnen die jungen Aktien jedoch auch ablehnen, erleiden dann jedoch eine Kapitalverw\u00e4sserung. Verzichten Altaktion\u00e4re auf ihr Bezugsrecht und somit auf die [&hellip;]<\/p>\n","protected":false},"author":1,"featured_media":0,"parent":0,"menu_order":0,"comment_status":"closed","ping_status":"closed","template":"","meta":{"site-sidebar-layout":"default","site-content-layout":"","ast-site-content-layout":"","site-content-style":"default","site-sidebar-style":"default","ast-global-header-display":"","ast-banner-title-visibility":"","ast-main-header-display":"","ast-hfb-above-header-display":"","ast-hfb-below-header-display":"","ast-hfb-mobile-header-display":"","site-post-title":"","ast-breadcrumbs-content":"","ast-featured-img":"","footer-sml-layout":"","theme-transparent-header-meta":"","adv-header-id-meta":"","stick-header-meta":"","header-above-stick-meta":"","header-main-stick-meta":"","header-below-stick-meta":"","astra-migrate-meta-layouts":"default","ast-page-background-enabled":"default","ast-page-background-meta":{"desktop":{"background-color":"","background-image":"","background-repeat":"repeat","background-position":"center center","background-size":"auto","background-attachment":"scroll","background-type":"","background-media":"","overlay-type":"","overlay-color":"","overlay-opacity":"","overlay-gradient":""},"tablet":{"background-color":"","background-image":"","background-repeat":"repeat","background-position":"center center","background-size":"auto","background-attachment":"scroll","background-type":"","background-media":"","overlay-type":"","overlay-color":"","overlay-opacity":"","overlay-gradient":""},"mobile":{"background-color":"","background-image":"","background-repeat":"repeat","background-position":"center center","background-size":"auto","background-attachment":"scroll","background-type":"","background-media":"","overlay-type":"","overlay-color":"","overlay-opacity":"","overlay-gradient":""}},"ast-content-background-meta":{"desktop":{"background-color":"var(--ast-global-color-5)","background-image":"","background-repeat":"repeat","background-position":"center center","background-size":"auto","background-attachment":"scroll","background-type":"","background-media":"","overlay-type":"","overlay-color":"","overlay-opacity":"","overlay-gradient":""},"tablet":{"background-color":"var(--ast-global-color-5)","background-image":"","background-repeat":"repeat","background-position":"center center","background-size":"auto","background-attachment":"scroll","background-type":"","background-media":"","overlay-type":"","overlay-color":"","overlay-opacity":"","overlay-gradient":""},"mobile":{"background-color":"var(--ast-global-color-5)","background-image":"","background-repeat":"repeat","background-position":"center center","background-size":"auto","background-attachment":"scroll","background-type":"","background-media":"","overlay-type":"","overlay-color":"","overlay-opacity":"","overlay-gradient":""}},"footnotes":""},"class_list":["post-1311","page","type-page","status-publish","hentry"],"translation":{"provider":"WPGlobus","version":"3.0.2","language":"en","enabled_languages":["de","en"],"languages":{"de":{"title":true,"content":true,"excerpt":false},"en":{"title":false,"content":false,"excerpt":false}}},"featured_image_urls_v2":{"full":"","thumbnail":"","medium":"","medium_large":"","large":"","1536x1536":"","2048x2048":""},"post_excerpt_stackable_v2":"<p>engl. Primary Shares F\u00fchrt eine Aktiengesellschaft eine Kapitalerh\u00f6hung durch, werden dabei neue Aktien ausgegeben und auf dem Markt platziert. Diese neuen Aktien werden als junge Aktien bezeichnet und zun\u00e4chst den Altaktion\u00e4ren angeboten. Die Altaktion\u00e4re k\u00f6nnen die jungen Aktien jedoch auch ablehnen, erleiden dann jedoch eine Kapitalverw\u00e4sserung. Verzichten Altaktion\u00e4re auf ihr Bezugsrecht und somit auf die jungen Aktien, so werden die restlichen jungen Aktien dem Gesamtmarkt angeboten. Junge Aktien kosten weniger als der aktuelle Kurs der bereits ausstehenden Aktien, sie werden also mit einem Kursabschlag emittiert. Dadurch sollen neue K\u00e4ufer angelockt werden, damit die Kapitalerh\u00f6hung f\u00fcr das Unternehmen auch erfolgreich verl\u00e4uft.&hellip;<\/p>\n","category_list_v2":"","author_info_v2":{"name":"PrudentWater","url":"https:\/\/prudentwater.com\/en\/author\/niklas33\/"},"comments_num_v2":"0 comments","_links":{"self":[{"href":"https:\/\/prudentwater.com\/en\/wp-json\/wp\/v2\/pages\/1311","targetHints":{"allow":["GET"]}}],"collection":[{"href":"https:\/\/prudentwater.com\/en\/wp-json\/wp\/v2\/pages"}],"about":[{"href":"https:\/\/prudentwater.com\/en\/wp-json\/wp\/v2\/types\/page"}],"author":[{"embeddable":true,"href":"https:\/\/prudentwater.com\/en\/wp-json\/wp\/v2\/users\/1"}],"replies":[{"embeddable":true,"href":"https:\/\/prudentwater.com\/en\/wp-json\/wp\/v2\/comments?post=1311"}],"version-history":[{"count":0,"href":"https:\/\/prudentwater.com\/en\/wp-json\/wp\/v2\/pages\/1311\/revisions"}],"wp:attachment":[{"href":"https:\/\/prudentwater.com\/en\/wp-json\/wp\/v2\/media?parent=1311"}],"curies":[{"name":"wp","href":"https:\/\/api.w.org\/{rel}","templated":true}]}}