{"id":1317,"date":"2014-10-18T21:36:19","date_gmt":"2014-10-18T21:36:19","guid":{"rendered":"http:\/\/www.kunnskap.de\/?page_id=1317"},"modified":"2023-01-30T12:59:13","modified_gmt":"2023-01-30T11:59:13","slug":"stuckaktie","status":"publish","type":"page","link":"https:\/\/prudentwater.com\/en\/stuckaktie\/","title":{"rendered":"St\u00fcckaktie"},"content":{"rendered":"\n<p>Auch <b>Nennwertlose Aktie<\/b><br>engl. <b>No-Par Value Stock<\/b><\/p>\n\n\n\n<p>St\u00fcckaktien haben keinen festen Nennwert, stattdessen ist der Anteil am Grundkapital f\u00fcr jede Aktie gleich gro\u00df und in Prozent angegeben. Ebenso wie die Nennwertaktie verbrieft die St\u00fcckaktie auch einen bestimmten Anteil am Grundkapital der Aktiengesellschaft, bei der St\u00fcckaktie handelt es sich jedoch um eine prozentual anteilige Beteiligung. Angenommen ein Unternehmen besitzt ein Grundkapital von 1 Millionen Euro und es befinden sich 10 000 St\u00fcckaktien im Umlauf. In diesem Fall verbrieft jede St\u00fcckaktie einen Anteil von 0,01 Prozent am Grundkapital. Der rechnerische Wert je St\u00fcckatie w\u00fcrde in dem Fall bei 100 Euro liegen. Im Gegensatz zu Nennwertaktien sind St\u00fcckaktien nennwertlos, trotzdem muss der Nennwert von St\u00fcckaktien nach Umrechnung des prozentualen Anteiles mindestens 1 Euro betragen. Es gibt jedoch zwei verschiedene Varianten der St\u00fcckaktie:<\/p>\n\n\n\n<div class=\"wp-block-columns is-layout-flex wp-container-core-columns-is-layout-28f84493 wp-block-columns-is-layout-flex\">\n<div class=\"wp-block-column is-layout-flow wp-block-column-is-layout-flow\">\n<h4 class=\"wp-block-heading\">Unechte nennwertlose Aktie<\/h4>\n\n\n\n<p>Die unechte nennwertlose Aktie bezieht sich auf den Anteil am Grundkapital eines Unternehmens.<\/p>\n<\/div>\n\n\n\n<div class=\"wp-block-column is-layout-flow wp-block-column-is-layout-flow\">\n<h4 class=\"wp-block-heading\">Echte nennwertlose Aktie<\/h4>\n\n\n\n<p>Die echte nennwertlose Aktie wird auch <a href=\"https:\/\/prudentwater.com\/quotenaktie\/\">Quotenaktie<\/a> genannt und bezieht sich auf das <a href=\"https:\/\/prudentwater.com\/reinvermogen\/\">Reinverm\u00f6gen<\/a> des Unternehmens.<\/p>\n<\/div>\n<\/div>\n\n\n\n<p>St\u00fcckaktien lassen sich an der Bezeichnung &#8220;o.N.&#8221; erkennen, welche oftmals hinter dem Aktiennamen steht. Wenn ein Unternehmen St\u00fcckaktien ausgibt, kann es daneben keine Nennwertaktien haben. St\u00fcckaktien haben 1999 mit der Euro-Einf\u00fchrung an gro\u00dfer Popularit\u00e4t gewonnen. Sie sind mittlerweile die am h\u00e4ufigsten auftretende Aktienform. Der gro\u00dfe Unterschied zwischen St\u00fcckaktien und Nennwertaktien ist, dass St\u00fcckaktien keinen festen Wert haben. St\u00fcckaktien weisen im Gegensatz zu Nennwertaktien alle den gleichen Wert auf, welcher prozentual angegeben wird.<\/p>\n","protected":false},"excerpt":{"rendered":"<p>Auch Nennwertlose Aktieengl. No-Par Value Stock St\u00fcckaktien haben keinen festen Nennwert, stattdessen ist der Anteil am Grundkapital f\u00fcr jede Aktie gleich gro\u00df und in Prozent angegeben. Ebenso wie die Nennwertaktie verbrieft die St\u00fcckaktie auch einen bestimmten Anteil am Grundkapital der Aktiengesellschaft, bei der St\u00fcckaktie handelt es sich jedoch um eine prozentual anteilige Beteiligung. Angenommen ein [&hellip;]<\/p>\n","protected":false},"author":1,"featured_media":0,"parent":0,"menu_order":0,"comment_status":"closed","ping_status":"closed","template":"","meta":{"site-sidebar-layout":"default","site-content-layout":"","ast-site-content-layout":"","site-content-style":"default","site-sidebar-style":"default","ast-global-header-display":"","ast-banner-title-visibility":"","ast-main-header-display":"","ast-hfb-above-header-display":"","ast-hfb-below-header-display":"","ast-hfb-mobile-header-display":"","site-post-title":"","ast-breadcrumbs-content":"","ast-featured-img":"","footer-sml-layout":"","theme-transparent-header-meta":"","adv-header-id-meta":"","stick-header-meta":"","header-above-stick-meta":"","header-main-stick-meta":"","header-below-stick-meta":"","astra-migrate-meta-layouts":"default","ast-page-background-enabled":"default","ast-page-background-meta":{"desktop":{"background-color":"","background-image":"","background-repeat":"repeat","background-position":"center center","background-size":"auto","background-attachment":"scroll","background-type":"","background-media":"","overlay-type":"","overlay-color":"","overlay-opacity":"","overlay-gradient":""},"tablet":{"background-color":"","background-image":"","background-repeat":"repeat","background-position":"center center","background-size":"auto","background-attachment":"scroll","background-type":"","background-media":"","overlay-type":"","overlay-color":"","overlay-opacity":"","overlay-gradient":""},"mobile":{"background-color":"","background-image":"","background-repeat":"repeat","background-position":"center center","background-size":"auto","background-attachment":"scroll","background-type":"","background-media":"","overlay-type":"","overlay-color":"","overlay-opacity":"","overlay-gradient":""}},"ast-content-background-meta":{"desktop":{"background-color":"var(--ast-global-color-5)","background-image":"","background-repeat":"repeat","background-position":"center center","background-size":"auto","background-attachment":"scroll","background-type":"","background-media":"","overlay-type":"","overlay-color":"","overlay-opacity":"","overlay-gradient":""},"tablet":{"background-color":"var(--ast-global-color-5)","background-image":"","background-repeat":"repeat","background-position":"center center","background-size":"auto","background-attachment":"scroll","background-type":"","background-media":"","overlay-type":"","overlay-color":"","overlay-opacity":"","overlay-gradient":""},"mobile":{"background-color":"var(--ast-global-color-5)","background-image":"","background-repeat":"repeat","background-position":"center center","background-size":"auto","background-attachment":"scroll","background-type":"","background-media":"","overlay-type":"","overlay-color":"","overlay-opacity":"","overlay-gradient":""}},"footnotes":""},"class_list":["post-1317","page","type-page","status-publish","hentry"],"translation":{"provider":"WPGlobus","version":"3.0.2","language":"en","enabled_languages":["de","en"],"languages":{"de":{"title":true,"content":true,"excerpt":false},"en":{"title":false,"content":false,"excerpt":false}}},"featured_image_urls_v2":{"full":"","thumbnail":"","medium":"","medium_large":"","large":"","1536x1536":"","2048x2048":""},"post_excerpt_stackable_v2":"<p>Auch Nennwertlose Aktieengl. No-Par Value Stock St\u00fcckaktien haben keinen festen Nennwert, stattdessen ist der Anteil am Grundkapital f\u00fcr jede Aktie gleich gro\u00df und in Prozent angegeben. Ebenso wie die Nennwertaktie verbrieft die St\u00fcckaktie auch einen bestimmten Anteil am Grundkapital der Aktiengesellschaft, bei der St\u00fcckaktie handelt es sich jedoch um eine prozentual anteilige Beteiligung. Angenommen ein Unternehmen besitzt ein Grundkapital von 1 Millionen Euro und es befinden sich 10 000 St\u00fcckaktien im Umlauf. In diesem Fall verbrieft jede St\u00fcckaktie einen Anteil von 0,01 Prozent am Grundkapital. Der rechnerische Wert je St\u00fcckatie w\u00fcrde in dem Fall bei 100 Euro liegen. Im Gegensatz&hellip;<\/p>\n","category_list_v2":"","author_info_v2":{"name":"PrudentWater","url":"https:\/\/prudentwater.com\/en\/author\/niklas33\/"},"comments_num_v2":"0 comments","_links":{"self":[{"href":"https:\/\/prudentwater.com\/en\/wp-json\/wp\/v2\/pages\/1317","targetHints":{"allow":["GET"]}}],"collection":[{"href":"https:\/\/prudentwater.com\/en\/wp-json\/wp\/v2\/pages"}],"about":[{"href":"https:\/\/prudentwater.com\/en\/wp-json\/wp\/v2\/types\/page"}],"author":[{"embeddable":true,"href":"https:\/\/prudentwater.com\/en\/wp-json\/wp\/v2\/users\/1"}],"replies":[{"embeddable":true,"href":"https:\/\/prudentwater.com\/en\/wp-json\/wp\/v2\/comments?post=1317"}],"version-history":[{"count":0,"href":"https:\/\/prudentwater.com\/en\/wp-json\/wp\/v2\/pages\/1317\/revisions"}],"wp:attachment":[{"href":"https:\/\/prudentwater.com\/en\/wp-json\/wp\/v2\/media?parent=1317"}],"curies":[{"name":"wp","href":"https:\/\/api.w.org\/{rel}","templated":true}]}}