{"id":1323,"date":"2014-10-18T22:18:41","date_gmt":"2014-10-18T22:18:41","guid":{"rendered":"http:\/\/www.kunnskap.de\/?page_id=1323"},"modified":"2021-06-25T12:49:37","modified_gmt":"2021-06-25T10:49:37","slug":"nennwertaktie","status":"publish","type":"page","link":"https:\/\/prudentwater.com\/en\/nennwertaktie\/","title":{"rendered":"Nennwertaktie"},"content":{"rendered":"<p>Auch <strong>Nennbetragsaktie<\/strong><\/p>\n<p>Die Nennwertaktie ist eine bestimmte Aktienform. Bei ihr wird der Anteil am Grundkapital \u00fcber einen bestimmten festgelegten Nennwert dargestellt. Die Nennwertaktie gibt somit exakt an, mit wie viel Euro eine Aktie am Grundkapital einer Aktiengesellschaft beteiligt ist. Die Nennwertaktie hat somit einen festen und nicht ver\u00e4nderbaren Nominalwert. Der Mindestnennwert muss jedoch 1 Euro pro Nennwertaktie betragen. Der Nennwert weicht jedoch in der Regel deutlich von dem aktuellen Kurs der Aktie ab. Generell herrscht auch nie eine Verbindung zwischen Nennwert je Aktie und aktuellem B\u00f6rsenkurs der Aktie. Seit 1999 sind auch Aktien ohne Nennwert m\u00f6glich. Der Unterschied zwischen der nennwertlosen St\u00fcckaktie und der Nennwertaktie ist, dass die St\u00fcckaktie keinen festen Wert am Grundkapital darstellt, sondern einen prozentualen Anteil am Grundkapital verbrieft. Seit der Einf\u00fchrung des Euro gibt es jedoch kaum noch Nennwertaktien. Ob der Anleger nun St\u00fcckaktien oder aber Nennwertaktien einer Aktiengesellschaft kauft, spielt f\u00fcr ihn jedoch ohnehin keine Rolle und hat auch keinerlei Auswirkungen auf die Entwicklung des Aktienkurses.<\/p>\n","protected":false},"excerpt":{"rendered":"<p>Auch Nennbetragsaktie Die Nennwertaktie ist eine bestimmte Aktienform. Bei ihr wird der Anteil am Grundkapital \u00fcber einen bestimmten festgelegten Nennwert dargestellt. Die Nennwertaktie gibt somit exakt an, mit wie viel Euro eine Aktie am Grundkapital einer Aktiengesellschaft beteiligt ist. Die Nennwertaktie hat somit einen festen und nicht ver\u00e4nderbaren Nominalwert. Der Mindestnennwert muss jedoch 1 Euro [&hellip;]<\/p>\n","protected":false},"author":1,"featured_media":0,"parent":0,"menu_order":0,"comment_status":"closed","ping_status":"closed","template":"","meta":{"site-sidebar-layout":"default","site-content-layout":"","ast-site-content-layout":"","site-content-style":"default","site-sidebar-style":"default","ast-global-header-display":"","ast-banner-title-visibility":"","ast-main-header-display":"","ast-hfb-above-header-display":"","ast-hfb-below-header-display":"","ast-hfb-mobile-header-display":"","site-post-title":"","ast-breadcrumbs-content":"","ast-featured-img":"","footer-sml-layout":"","theme-transparent-header-meta":"","adv-header-id-meta":"","stick-header-meta":"","header-above-stick-meta":"","header-main-stick-meta":"","header-below-stick-meta":"","astra-migrate-meta-layouts":"default","ast-page-background-enabled":"default","ast-page-background-meta":{"desktop":{"background-color":"","background-image":"","background-repeat":"repeat","background-position":"center center","background-size":"auto","background-attachment":"scroll","background-type":"","background-media":"","overlay-type":"","overlay-color":"","overlay-opacity":"","overlay-gradient":""},"tablet":{"background-color":"","background-image":"","background-repeat":"repeat","background-position":"center center","background-size":"auto","background-attachment":"scroll","background-type":"","background-media":"","overlay-type":"","overlay-color":"","overlay-opacity":"","overlay-gradient":""},"mobile":{"background-color":"","background-image":"","background-repeat":"repeat","background-position":"center center","background-size":"auto","background-attachment":"scroll","background-type":"","background-media":"","overlay-type":"","overlay-color":"","overlay-opacity":"","overlay-gradient":""}},"ast-content-background-meta":{"desktop":{"background-color":"var(--ast-global-color-5)","background-image":"","background-repeat":"repeat","background-position":"center center","background-size":"auto","background-attachment":"scroll","background-type":"","background-media":"","overlay-type":"","overlay-color":"","overlay-opacity":"","overlay-gradient":""},"tablet":{"background-color":"var(--ast-global-color-5)","background-image":"","background-repeat":"repeat","background-position":"center center","background-size":"auto","background-attachment":"scroll","background-type":"","background-media":"","overlay-type":"","overlay-color":"","overlay-opacity":"","overlay-gradient":""},"mobile":{"background-color":"var(--ast-global-color-5)","background-image":"","background-repeat":"repeat","background-position":"center center","background-size":"auto","background-attachment":"scroll","background-type":"","background-media":"","overlay-type":"","overlay-color":"","overlay-opacity":"","overlay-gradient":""}},"footnotes":""},"class_list":["post-1323","page","type-page","status-publish","hentry"],"translation":{"provider":"WPGlobus","version":"3.0.2","language":"en","enabled_languages":["de","en"],"languages":{"de":{"title":true,"content":true,"excerpt":false},"en":{"title":false,"content":false,"excerpt":false}}},"featured_image_urls_v2":{"full":"","thumbnail":"","medium":"","medium_large":"","large":"","1536x1536":"","2048x2048":""},"post_excerpt_stackable_v2":"<p>Auch Nennbetragsaktie Die Nennwertaktie ist eine bestimmte Aktienform. Bei ihr wird der Anteil am Grundkapital \u00fcber einen bestimmten festgelegten Nennwert dargestellt. Die Nennwertaktie gibt somit exakt an, mit wie viel Euro eine Aktie am Grundkapital einer Aktiengesellschaft beteiligt ist. Die Nennwertaktie hat somit einen festen und nicht ver\u00e4nderbaren Nominalwert. Der Mindestnennwert muss jedoch 1 Euro pro Nennwertaktie betragen. Der Nennwert weicht jedoch in der Regel deutlich von dem aktuellen Kurs der Aktie ab. Generell herrscht auch nie eine Verbindung zwischen Nennwert je Aktie und aktuellem B\u00f6rsenkurs der Aktie. Seit 1999 sind auch Aktien ohne Nennwert m\u00f6glich. Der Unterschied zwischen der&hellip;<\/p>\n","category_list_v2":"","author_info_v2":{"name":"PrudentWater","url":"https:\/\/prudentwater.com\/en\/author\/niklas33\/"},"comments_num_v2":"0 comments","_links":{"self":[{"href":"https:\/\/prudentwater.com\/en\/wp-json\/wp\/v2\/pages\/1323","targetHints":{"allow":["GET"]}}],"collection":[{"href":"https:\/\/prudentwater.com\/en\/wp-json\/wp\/v2\/pages"}],"about":[{"href":"https:\/\/prudentwater.com\/en\/wp-json\/wp\/v2\/types\/page"}],"author":[{"embeddable":true,"href":"https:\/\/prudentwater.com\/en\/wp-json\/wp\/v2\/users\/1"}],"replies":[{"embeddable":true,"href":"https:\/\/prudentwater.com\/en\/wp-json\/wp\/v2\/comments?post=1323"}],"version-history":[{"count":0,"href":"https:\/\/prudentwater.com\/en\/wp-json\/wp\/v2\/pages\/1323\/revisions"}],"wp:attachment":[{"href":"https:\/\/prudentwater.com\/en\/wp-json\/wp\/v2\/media?parent=1323"}],"curies":[{"name":"wp","href":"https:\/\/api.w.org\/{rel}","templated":true}]}}