{"id":1331,"date":"2014-10-18T22:43:03","date_gmt":"2014-10-18T22:43:03","guid":{"rendered":"http:\/\/www.kunnskap.de\/?page_id=1331"},"modified":"2021-06-25T12:50:08","modified_gmt":"2021-06-25T10:50:08","slug":"quotenaktie","status":"publish","type":"page","link":"https:\/\/prudentwater.com\/en\/quotenaktie\/","title":{"rendered":"Quotenaktie"},"content":{"rendered":"<p>Auch <strong>Echte nennwertlose Aktie<\/strong> oder <strong>St\u00fcckaktie<\/strong><\/p>\n<p>Die Quotenaktie ist eine Aktie ohne Nennwert. Stattdessen bezieht sich die Quotenaktie auf einen prozentualen Anteil des Verm\u00f6gens der Aktiengesellschaft. Dabei nennt die Quotenaktie jedoch keinen festen Betrag, wie es bei der Nennwertaktie der Fall ist. Hat ein Unternehmen beispielsweise insgesamt 1000 Quotenaktien ausgegeben, lautet eine Quotenaktie somit auf 1\/1000 des Reinverm\u00f6gens des Unternehmens. Es gibt jedoch zwei unterschiedliche Formen der Quotenaktie. Der Unterschied zwischen der unechten nennwertlosen Aktie und der echten nennwertlosen Aktie liegt darin, dass sich die <strong>unechte nennwertlose Aktie<\/strong> auf einen Anteil am Grundkapital des Unternehmens bezieht, wohingegen sich die <strong>echte nennwertlose Aktie<\/strong> auf das Reinverm\u00f6gen bezieht. Das Grundkapital entspricht dem gezeichneten Kapital des Unternehmens. Das Reinverm\u00f6gen entspricht hingegen dem Eigenkapital des Unternehmens. In Kanada und den USA ist die Quotenaktie die gebr\u00e4uchlichste Form, in Deutschland ist sie hingegen verboten.<\/p>\n","protected":false},"excerpt":{"rendered":"<p>Auch Echte nennwertlose Aktie oder St\u00fcckaktie Die Quotenaktie ist eine Aktie ohne Nennwert. Stattdessen bezieht sich die Quotenaktie auf einen prozentualen Anteil des Verm\u00f6gens der Aktiengesellschaft. Dabei nennt die Quotenaktie jedoch keinen festen Betrag, wie es bei der Nennwertaktie der Fall ist. Hat ein Unternehmen beispielsweise insgesamt 1000 Quotenaktien ausgegeben, lautet eine Quotenaktie somit auf [&hellip;]<\/p>\n","protected":false},"author":1,"featured_media":0,"parent":0,"menu_order":0,"comment_status":"closed","ping_status":"closed","template":"","meta":{"site-sidebar-layout":"default","site-content-layout":"","ast-site-content-layout":"","site-content-style":"default","site-sidebar-style":"default","ast-global-header-display":"","ast-banner-title-visibility":"","ast-main-header-display":"","ast-hfb-above-header-display":"","ast-hfb-below-header-display":"","ast-hfb-mobile-header-display":"","site-post-title":"","ast-breadcrumbs-content":"","ast-featured-img":"","footer-sml-layout":"","theme-transparent-header-meta":"","adv-header-id-meta":"","stick-header-meta":"","header-above-stick-meta":"","header-main-stick-meta":"","header-below-stick-meta":"","astra-migrate-meta-layouts":"default","ast-page-background-enabled":"default","ast-page-background-meta":{"desktop":{"background-color":"","background-image":"","background-repeat":"repeat","background-position":"center center","background-size":"auto","background-attachment":"scroll","background-type":"","background-media":"","overlay-type":"","overlay-color":"","overlay-opacity":"","overlay-gradient":""},"tablet":{"background-color":"","background-image":"","background-repeat":"repeat","background-position":"center center","background-size":"auto","background-attachment":"scroll","background-type":"","background-media":"","overlay-type":"","overlay-color":"","overlay-opacity":"","overlay-gradient":""},"mobile":{"background-color":"","background-image":"","background-repeat":"repeat","background-position":"center center","background-size":"auto","background-attachment":"scroll","background-type":"","background-media":"","overlay-type":"","overlay-color":"","overlay-opacity":"","overlay-gradient":""}},"ast-content-background-meta":{"desktop":{"background-color":"var(--ast-global-color-5)","background-image":"","background-repeat":"repeat","background-position":"center center","background-size":"auto","background-attachment":"scroll","background-type":"","background-media":"","overlay-type":"","overlay-color":"","overlay-opacity":"","overlay-gradient":""},"tablet":{"background-color":"var(--ast-global-color-5)","background-image":"","background-repeat":"repeat","background-position":"center center","background-size":"auto","background-attachment":"scroll","background-type":"","background-media":"","overlay-type":"","overlay-color":"","overlay-opacity":"","overlay-gradient":""},"mobile":{"background-color":"var(--ast-global-color-5)","background-image":"","background-repeat":"repeat","background-position":"center center","background-size":"auto","background-attachment":"scroll","background-type":"","background-media":"","overlay-type":"","overlay-color":"","overlay-opacity":"","overlay-gradient":""}},"footnotes":""},"class_list":["post-1331","page","type-page","status-publish","hentry"],"translation":{"provider":"WPGlobus","version":"3.0.2","language":"en","enabled_languages":["de","en"],"languages":{"de":{"title":true,"content":true,"excerpt":false},"en":{"title":false,"content":false,"excerpt":false}}},"featured_image_urls_v2":{"full":"","thumbnail":"","medium":"","medium_large":"","large":"","1536x1536":"","2048x2048":""},"post_excerpt_stackable_v2":"<p>Auch Echte nennwertlose Aktie oder St\u00fcckaktie Die Quotenaktie ist eine Aktie ohne Nennwert. Stattdessen bezieht sich die Quotenaktie auf einen prozentualen Anteil des Verm\u00f6gens der Aktiengesellschaft. Dabei nennt die Quotenaktie jedoch keinen festen Betrag, wie es bei der Nennwertaktie der Fall ist. Hat ein Unternehmen beispielsweise insgesamt 1000 Quotenaktien ausgegeben, lautet eine Quotenaktie somit auf 1\/1000 des Reinverm\u00f6gens des Unternehmens. Es gibt jedoch zwei unterschiedliche Formen der Quotenaktie. Der Unterschied zwischen der unechten nennwertlosen Aktie und der echten nennwertlosen Aktie liegt darin, dass sich die unechte nennwertlose Aktie auf einen Anteil am Grundkapital des Unternehmens bezieht, wohingegen sich die echte&hellip;<\/p>\n","category_list_v2":"","author_info_v2":{"name":"PrudentWater","url":"https:\/\/prudentwater.com\/en\/author\/niklas33\/"},"comments_num_v2":"0 comments","_links":{"self":[{"href":"https:\/\/prudentwater.com\/en\/wp-json\/wp\/v2\/pages\/1331","targetHints":{"allow":["GET"]}}],"collection":[{"href":"https:\/\/prudentwater.com\/en\/wp-json\/wp\/v2\/pages"}],"about":[{"href":"https:\/\/prudentwater.com\/en\/wp-json\/wp\/v2\/types\/page"}],"author":[{"embeddable":true,"href":"https:\/\/prudentwater.com\/en\/wp-json\/wp\/v2\/users\/1"}],"replies":[{"embeddable":true,"href":"https:\/\/prudentwater.com\/en\/wp-json\/wp\/v2\/comments?post=1331"}],"version-history":[{"count":0,"href":"https:\/\/prudentwater.com\/en\/wp-json\/wp\/v2\/pages\/1331\/revisions"}],"wp:attachment":[{"href":"https:\/\/prudentwater.com\/en\/wp-json\/wp\/v2\/media?parent=1331"}],"curies":[{"name":"wp","href":"https:\/\/api.w.org\/{rel}","templated":true}]}}