{"id":1342,"date":"2014-10-19T09:12:36","date_gmt":"2014-10-19T09:12:36","guid":{"rendered":"http:\/\/www.kunnskap.de\/?page_id=1342"},"modified":"2021-06-25T12:48:22","modified_gmt":"2021-06-25T10:48:22","slug":"borsennotierung","status":"publish","type":"page","link":"https:\/\/prudentwater.com\/en\/borsennotierung\/","title":{"rendered":"B\u00f6rsennotierung"},"content":{"rendered":"<p>engl. <strong>Listing<\/strong><\/p>\n<p>Die Aufnahme eines Wertpapieres in den Handel einer B\u00f6rse wird als B\u00f6rsennotierung bezeichnet. Meist werden Aktien und andere Wertpapiere jedoch an mehreren B\u00f6rsen notiert, wodurch einerseits die Liquidit\u00e4t des entsprechenden Wertpapieres erh\u00f6ht wird, gleichzeitig aber auch Arbitrage erm\u00f6glicht wird. Bei der B\u00f6rsennotierung kann das Unternehmen teilweise entscheiden, in welchem B\u00f6rsensegment es notiert werden will. Hierbei steht z. B. der regulierte Markt oder der Open Market zur Auswahl.<\/p>\n","protected":false},"excerpt":{"rendered":"<p>engl. Listing Die Aufnahme eines Wertpapieres in den Handel einer B\u00f6rse wird als B\u00f6rsennotierung bezeichnet. Meist werden Aktien und andere Wertpapiere jedoch an mehreren B\u00f6rsen notiert, wodurch einerseits die Liquidit\u00e4t des entsprechenden Wertpapieres erh\u00f6ht wird, gleichzeitig aber auch Arbitrage erm\u00f6glicht wird. Bei der B\u00f6rsennotierung kann das Unternehmen teilweise entscheiden, in welchem B\u00f6rsensegment es notiert werden [&hellip;]<\/p>\n","protected":false},"author":1,"featured_media":0,"parent":0,"menu_order":0,"comment_status":"closed","ping_status":"closed","template":"","meta":{"site-sidebar-layout":"default","site-content-layout":"","ast-site-content-layout":"","site-content-style":"default","site-sidebar-style":"default","ast-global-header-display":"","ast-banner-title-visibility":"","ast-main-header-display":"","ast-hfb-above-header-display":"","ast-hfb-below-header-display":"","ast-hfb-mobile-header-display":"","site-post-title":"","ast-breadcrumbs-content":"","ast-featured-img":"","footer-sml-layout":"","theme-transparent-header-meta":"","adv-header-id-meta":"","stick-header-meta":"","header-above-stick-meta":"","header-main-stick-meta":"","header-below-stick-meta":"","astra-migrate-meta-layouts":"default","ast-page-background-enabled":"default","ast-page-background-meta":{"desktop":{"background-color":"","background-image":"","background-repeat":"repeat","background-position":"center center","background-size":"auto","background-attachment":"scroll","background-type":"","background-media":"","overlay-type":"","overlay-color":"","overlay-opacity":"","overlay-gradient":""},"tablet":{"background-color":"","background-image":"","background-repeat":"repeat","background-position":"center center","background-size":"auto","background-attachment":"scroll","background-type":"","background-media":"","overlay-type":"","overlay-color":"","overlay-opacity":"","overlay-gradient":""},"mobile":{"background-color":"","background-image":"","background-repeat":"repeat","background-position":"center center","background-size":"auto","background-attachment":"scroll","background-type":"","background-media":"","overlay-type":"","overlay-color":"","overlay-opacity":"","overlay-gradient":""}},"ast-content-background-meta":{"desktop":{"background-color":"var(--ast-global-color-5)","background-image":"","background-repeat":"repeat","background-position":"center center","background-size":"auto","background-attachment":"scroll","background-type":"","background-media":"","overlay-type":"","overlay-color":"","overlay-opacity":"","overlay-gradient":""},"tablet":{"background-color":"var(--ast-global-color-5)","background-image":"","background-repeat":"repeat","background-position":"center center","background-size":"auto","background-attachment":"scroll","background-type":"","background-media":"","overlay-type":"","overlay-color":"","overlay-opacity":"","overlay-gradient":""},"mobile":{"background-color":"var(--ast-global-color-5)","background-image":"","background-repeat":"repeat","background-position":"center center","background-size":"auto","background-attachment":"scroll","background-type":"","background-media":"","overlay-type":"","overlay-color":"","overlay-opacity":"","overlay-gradient":""}},"footnotes":""},"class_list":["post-1342","page","type-page","status-publish","hentry"],"translation":{"provider":"WPGlobus","version":"3.0.2","language":"en","enabled_languages":["de","en"],"languages":{"de":{"title":true,"content":true,"excerpt":false},"en":{"title":false,"content":false,"excerpt":false}}},"featured_image_urls_v2":{"full":"","thumbnail":"","medium":"","medium_large":"","large":"","1536x1536":"","2048x2048":""},"post_excerpt_stackable_v2":"<p>engl. Listing Die Aufnahme eines Wertpapieres in den Handel einer B\u00f6rse wird als B\u00f6rsennotierung bezeichnet. Meist werden Aktien und andere Wertpapiere jedoch an mehreren B\u00f6rsen notiert, wodurch einerseits die Liquidit\u00e4t des entsprechenden Wertpapieres erh\u00f6ht wird, gleichzeitig aber auch Arbitrage erm\u00f6glicht wird. Bei der B\u00f6rsennotierung kann das Unternehmen teilweise entscheiden, in welchem B\u00f6rsensegment es notiert werden will. Hierbei steht z. B. der regulierte Markt oder der Open Market zur Auswahl.<\/p>\n","category_list_v2":"","author_info_v2":{"name":"PrudentWater","url":"https:\/\/prudentwater.com\/en\/author\/niklas33\/"},"comments_num_v2":"0 comments","_links":{"self":[{"href":"https:\/\/prudentwater.com\/en\/wp-json\/wp\/v2\/pages\/1342","targetHints":{"allow":["GET"]}}],"collection":[{"href":"https:\/\/prudentwater.com\/en\/wp-json\/wp\/v2\/pages"}],"about":[{"href":"https:\/\/prudentwater.com\/en\/wp-json\/wp\/v2\/types\/page"}],"author":[{"embeddable":true,"href":"https:\/\/prudentwater.com\/en\/wp-json\/wp\/v2\/users\/1"}],"replies":[{"embeddable":true,"href":"https:\/\/prudentwater.com\/en\/wp-json\/wp\/v2\/comments?post=1342"}],"version-history":[{"count":0,"href":"https:\/\/prudentwater.com\/en\/wp-json\/wp\/v2\/pages\/1342\/revisions"}],"wp:attachment":[{"href":"https:\/\/prudentwater.com\/en\/wp-json\/wp\/v2\/media?parent=1342"}],"curies":[{"name":"wp","href":"https:\/\/api.w.org\/{rel}","templated":true}]}}