{"id":1350,"date":"2014-10-19T09:48:08","date_gmt":"2014-10-19T09:48:08","guid":{"rendered":"http:\/\/www.kunnskap.de\/?page_id=1350"},"modified":"2022-06-23T11:47:16","modified_gmt":"2022-06-23T09:47:16","slug":"global-depositary-receipt","status":"publish","type":"page","link":"https:\/\/prudentwater.com\/en\/global-depositary-receipt\/","title":{"rendered":"Global Depositary Receipts"},"content":{"rendered":"<p>Auch <strong>GDR<\/strong><\/p>\n<p>Global Depositary Receipts sind Hinterlegungsscheine f\u00fcr Aktien und werden an der B\u00f6rse stellvertretend f\u00fcr die entsprechende Aktie gehandelt. Dabei handelt es sich um Zertifikate, die von Finanzinstituten ausgestellt werden. Die Finanzinstitute wiederum haben die zugrunde liegenden Aktien bei sich in Verwahrung genommen. Die Zertifikate werden dann stellvertretend f\u00fcr die Aktien gehandelt. Bei diesem Vorgang f\u00e4llt f\u00fcr die Aktiengesellschaft das Zulassungsverfahren f\u00fcr die B\u00f6rsennotierung weg, weshalb GDRs durchaus beliebt sind. GDRs k\u00f6nnen eine, mehrere oder auch nur einen Bruchteil einer Aktie widerspiegeln. Ist am Ende der GDR-Bezeichnung beispielsweise &#8220;<b>\/50<\/b>&#8221; angegeben, so repr\u00e4sentiert ein Global Depositary Receipt insgesamt 50 tats\u00e4chliche Aktien des Unternehmens. Ein GDR-Schein enth\u00e4lt somit auch die Dividende f\u00fcr 50 Aktien des Unternehmens. GDRs sind somit dividendenberechtigt, besitzen jedoch kein Stimmrecht. Ihr amerikanisches Gegenst\u00fcck sind die American Depositary Receipt (ADR).<\/p>\n<h3>Vor- und Nachteile von Global Depositary Receipts<\/h3>\n<p>Global Depositary Receipts sind f\u00fcr den Anleger keine Musterl\u00f6sung. Zun\u00e4chst sind sie mit einer zus\u00e4tzlichen Geb\u00fchr verbunden. Anleger, die diese Scheine in ihrem Depot halten, m\u00fcssen eine j\u00e4hrliche Geb\u00fchr bezahlen, die nicht vom Broker selbst erhoben wird, sondern von den Finanzinstituten, welche die GDRs urspr\u00fcnglich ausgestellt haben. Vom Broker erh\u00e4lt der Anleger dann j\u00e4hrlich eine Mitteilung, dass die ausl\u00e4ndische Lagerstelle eine Depotservicegeb\u00fchr erhoben hat, welche abh\u00e4ngig von der Anzahl der gehaltenen GDRs ist und oftmals bei 0,01-0,03 USD pro GDR liegt. Au\u00dferdem kann bei der Dividendenzahlung teilweise eine zus\u00e4tzliche Geb\u00fchr erhoben werden. Diese liegt bei durchschnittlich 8,00 &#8211; 15,00 USD. Das Handelsvolumen von Global Depositary Receipts ist oftmals eher gering als im Vergleich zu den tats\u00e4chlichen Aktien, wodurch Global Depositary Receipts an der B\u00f6rse einen h\u00f6heren Spread aufweisen und somit f\u00fcr den Anleger eventuell kostenintensiver zu handeln sind. Der Vorteil von GDRs liegt aber eben darin, dass sie den Anlegern Zugang zu bestimmten Aktiengesellschaften bieten und sie so an deren Wertentwicklung \u00fcberhaupt erst partizipieren k\u00f6nnen, auch wenn sie nicht direkt die jeweiligen Aktien halten, sondern eben stellvertretende Hinterlegungsscheine, welche die zugrunde liegenden Aktien 1:1 abbilden.<\/p>\n","protected":false},"excerpt":{"rendered":"<p>Auch GDR Global Depositary Receipts sind Hinterlegungsscheine f\u00fcr Aktien und werden an der B\u00f6rse stellvertretend f\u00fcr die entsprechende Aktie gehandelt. Dabei handelt es sich um Zertifikate, die von Finanzinstituten ausgestellt werden. Die Finanzinstitute wiederum haben die zugrunde liegenden Aktien bei sich in Verwahrung genommen. Die Zertifikate werden dann stellvertretend f\u00fcr die Aktien gehandelt. Bei diesem [&hellip;]<\/p>\n","protected":false},"author":1,"featured_media":0,"parent":0,"menu_order":0,"comment_status":"closed","ping_status":"closed","template":"","meta":{"site-sidebar-layout":"default","site-content-layout":"","ast-site-content-layout":"","site-content-style":"default","site-sidebar-style":"default","ast-global-header-display":"","ast-banner-title-visibility":"","ast-main-header-display":"","ast-hfb-above-header-display":"","ast-hfb-below-header-display":"","ast-hfb-mobile-header-display":"","site-post-title":"","ast-breadcrumbs-content":"","ast-featured-img":"","footer-sml-layout":"","theme-transparent-header-meta":"","adv-header-id-meta":"","stick-header-meta":"","header-above-stick-meta":"","header-main-stick-meta":"","header-below-stick-meta":"","astra-migrate-meta-layouts":"default","ast-page-background-enabled":"default","ast-page-background-meta":{"desktop":{"background-color":"","background-image":"","background-repeat":"repeat","background-position":"center center","background-size":"auto","background-attachment":"scroll","background-type":"","background-media":"","overlay-type":"","overlay-color":"","overlay-opacity":"","overlay-gradient":""},"tablet":{"background-color":"","background-image":"","background-repeat":"repeat","background-position":"center center","background-size":"auto","background-attachment":"scroll","background-type":"","background-media":"","overlay-type":"","overlay-color":"","overlay-opacity":"","overlay-gradient":""},"mobile":{"background-color":"","background-image":"","background-repeat":"repeat","background-position":"center center","background-size":"auto","background-attachment":"scroll","background-type":"","background-media":"","overlay-type":"","overlay-color":"","overlay-opacity":"","overlay-gradient":""}},"ast-content-background-meta":{"desktop":{"background-color":"var(--ast-global-color-5)","background-image":"","background-repeat":"repeat","background-position":"center center","background-size":"auto","background-attachment":"scroll","background-type":"","background-media":"","overlay-type":"","overlay-color":"","overlay-opacity":"","overlay-gradient":""},"tablet":{"background-color":"var(--ast-global-color-5)","background-image":"","background-repeat":"repeat","background-position":"center center","background-size":"auto","background-attachment":"scroll","background-type":"","background-media":"","overlay-type":"","overlay-color":"","overlay-opacity":"","overlay-gradient":""},"mobile":{"background-color":"var(--ast-global-color-5)","background-image":"","background-repeat":"repeat","background-position":"center center","background-size":"auto","background-attachment":"scroll","background-type":"","background-media":"","overlay-type":"","overlay-color":"","overlay-opacity":"","overlay-gradient":""}},"footnotes":""},"class_list":["post-1350","page","type-page","status-publish","hentry"],"translation":{"provider":"WPGlobus","version":"3.0.2","language":"en","enabled_languages":["de","en"],"languages":{"de":{"title":true,"content":true,"excerpt":false},"en":{"title":false,"content":false,"excerpt":false}}},"featured_image_urls_v2":{"full":"","thumbnail":"","medium":"","medium_large":"","large":"","1536x1536":"","2048x2048":""},"post_excerpt_stackable_v2":"<p>Auch GDR Global Depositary Receipts sind Hinterlegungsscheine f\u00fcr Aktien und werden an der B\u00f6rse stellvertretend f\u00fcr die entsprechende Aktie gehandelt. Dabei handelt es sich um Zertifikate, die von Finanzinstituten ausgestellt werden. Die Finanzinstitute wiederum haben die zugrunde liegenden Aktien bei sich in Verwahrung genommen. Die Zertifikate werden dann stellvertretend f\u00fcr die Aktien gehandelt. Bei diesem Vorgang f\u00e4llt f\u00fcr die Aktiengesellschaft das Zulassungsverfahren f\u00fcr die B\u00f6rsennotierung weg, weshalb GDRs durchaus beliebt sind. GDRs k\u00f6nnen eine, mehrere oder auch nur einen Bruchteil einer Aktie widerspiegeln. Ist am Ende der GDR-Bezeichnung beispielsweise &#8220;\/50&#8221; angegeben, so repr\u00e4sentiert ein Global Depositary Receipt insgesamt 50 tats\u00e4chliche&hellip;<\/p>\n","category_list_v2":"","author_info_v2":{"name":"PrudentWater","url":"https:\/\/prudentwater.com\/en\/author\/niklas33\/"},"comments_num_v2":"0 comments","_links":{"self":[{"href":"https:\/\/prudentwater.com\/en\/wp-json\/wp\/v2\/pages\/1350","targetHints":{"allow":["GET"]}}],"collection":[{"href":"https:\/\/prudentwater.com\/en\/wp-json\/wp\/v2\/pages"}],"about":[{"href":"https:\/\/prudentwater.com\/en\/wp-json\/wp\/v2\/types\/page"}],"author":[{"embeddable":true,"href":"https:\/\/prudentwater.com\/en\/wp-json\/wp\/v2\/users\/1"}],"replies":[{"embeddable":true,"href":"https:\/\/prudentwater.com\/en\/wp-json\/wp\/v2\/comments?post=1350"}],"version-history":[{"count":0,"href":"https:\/\/prudentwater.com\/en\/wp-json\/wp\/v2\/pages\/1350\/revisions"}],"wp:attachment":[{"href":"https:\/\/prudentwater.com\/en\/wp-json\/wp\/v2\/media?parent=1350"}],"curies":[{"name":"wp","href":"https:\/\/api.w.org\/{rel}","templated":true}]}}