{"id":1357,"date":"2014-10-19T14:53:01","date_gmt":"2014-10-19T14:53:01","guid":{"rendered":"http:\/\/www.kunnskap.de\/?page_id=1357"},"modified":"2021-06-25T12:49:04","modified_gmt":"2021-06-25T10:49:04","slug":"hochzinsanleihe","status":"publish","type":"page","link":"https:\/\/prudentwater.com\/en\/hochzinsanleihe\/","title":{"rendered":"Hochzinsanleihe"},"content":{"rendered":"<p>Auch <strong>High-Yield Anleihe<\/strong><\/p>\n<p>Hochzinsanleihen sind Unternehmensanleihen mit einem h\u00f6heren Risiko, dementsprechend aber auch mit einer m\u00f6glichen h\u00f6heren Rendite als im Vergleich zu Investment Grade Anleihen. Sie bieten somit eine h\u00f6here Rendite, damit einhergehend jedoch auch ein erh\u00f6htes Risiko, da Emittenten von Hochzinsanleihen in der Regel im Durchschnitt h\u00f6her verschuldet sind als Emittenten von erstklassigen oder sogenannten investmentf\u00e4higen Anleihen. Au\u00dferdem handelt es sich bei Emittenten von Hochzinsanleihen um Unternehmen, welche sich bis dato am Markt noch nicht ausreichend etablieren konnten und die Zukunftsaussichten eher ungewiss sind. Deshalb werden von Investoren in der Regel vor allem Hochzinsanleihen mit kurzer bis mittler Laufzeit nachgefragt, da schlicht der langfristige Ausblick in Bezug auf Gesch\u00e4ftsentwicklung als auch Schuldenprofil zu ungewiss sind. Von den Ratingagenturen werden Hochzinsanleihen meist als spekulativ oder gar als hochspekulativ eingestuft und weisen dabei ein maximales Rating von BB+ auf. Hochzinsanleihen bringen h\u00f6here Renditen als Investment Grade Anleihen ein. Das Risiko eines Zahlungsausfalls des Schuldners und eines daraus resultierenden Kapitalverlustes f\u00fcr den Anleger ist bei dieser Art von Anleihen jedoch deutlich h\u00f6her. Der Hauptgrund daf\u00fcr liegt oftmals in der bei Emission der Anleihe bereits hohen Schuldenlast des Unternehmens, welche sich bei einem allgemein ansteigenden Zinsniveau noch weiter verschlimmern w\u00fcrde. Eine Anleihe kann jedoch auch erst w\u00e4hrend seiner Laufzeit zu einer Hochzinsanleihe werden. Bricht der Kurs der Anleihe aufgrund von negativen Nachrichten stark ein, erh\u00f6ht sich dementsprechend die Effektivverzinsung und die Anleihe wird dann allgemein als Hochzinsanleihe betitelt. Die h\u00f6here Rendite, die dann auch Kursgewinne beinhaltet, wird jedoch nur erreicht, wenn der Emittent am Ende der Laufzeit in der Lage ist, die Anleihe zum Nominalwert zu tilgen.<\/p>\n","protected":false},"excerpt":{"rendered":"<p>Auch High-Yield Anleihe Hochzinsanleihen sind Unternehmensanleihen mit einem h\u00f6heren Risiko, dementsprechend aber auch mit einer m\u00f6glichen h\u00f6heren Rendite als im Vergleich zu Investment Grade Anleihen. Sie bieten somit eine h\u00f6here Rendite, damit einhergehend jedoch auch ein erh\u00f6htes Risiko, da Emittenten von Hochzinsanleihen in der Regel im Durchschnitt h\u00f6her verschuldet sind als Emittenten von erstklassigen oder [&hellip;]<\/p>\n","protected":false},"author":1,"featured_media":0,"parent":0,"menu_order":0,"comment_status":"closed","ping_status":"closed","template":"","meta":{"site-sidebar-layout":"default","site-content-layout":"","ast-site-content-layout":"","site-content-style":"default","site-sidebar-style":"default","ast-global-header-display":"","ast-banner-title-visibility":"","ast-main-header-display":"","ast-hfb-above-header-display":"","ast-hfb-below-header-display":"","ast-hfb-mobile-header-display":"","site-post-title":"","ast-breadcrumbs-content":"","ast-featured-img":"","footer-sml-layout":"","theme-transparent-header-meta":"","adv-header-id-meta":"","stick-header-meta":"","header-above-stick-meta":"","header-main-stick-meta":"","header-below-stick-meta":"","astra-migrate-meta-layouts":"default","ast-page-background-enabled":"default","ast-page-background-meta":{"desktop":{"background-color":"","background-image":"","background-repeat":"repeat","background-position":"center center","background-size":"auto","background-attachment":"scroll","background-type":"","background-media":"","overlay-type":"","overlay-color":"","overlay-opacity":"","overlay-gradient":""},"tablet":{"background-color":"","background-image":"","background-repeat":"repeat","background-position":"center center","background-size":"auto","background-attachment":"scroll","background-type":"","background-media":"","overlay-type":"","overlay-color":"","overlay-opacity":"","overlay-gradient":""},"mobile":{"background-color":"","background-image":"","background-repeat":"repeat","background-position":"center center","background-size":"auto","background-attachment":"scroll","background-type":"","background-media":"","overlay-type":"","overlay-color":"","overlay-opacity":"","overlay-gradient":""}},"ast-content-background-meta":{"desktop":{"background-color":"var(--ast-global-color-5)","background-image":"","background-repeat":"repeat","background-position":"center center","background-size":"auto","background-attachment":"scroll","background-type":"","background-media":"","overlay-type":"","overlay-color":"","overlay-opacity":"","overlay-gradient":""},"tablet":{"background-color":"var(--ast-global-color-5)","background-image":"","background-repeat":"repeat","background-position":"center center","background-size":"auto","background-attachment":"scroll","background-type":"","background-media":"","overlay-type":"","overlay-color":"","overlay-opacity":"","overlay-gradient":""},"mobile":{"background-color":"var(--ast-global-color-5)","background-image":"","background-repeat":"repeat","background-position":"center center","background-size":"auto","background-attachment":"scroll","background-type":"","background-media":"","overlay-type":"","overlay-color":"","overlay-opacity":"","overlay-gradient":""}},"footnotes":""},"class_list":["post-1357","page","type-page","status-publish","hentry"],"translation":{"provider":"WPGlobus","version":"3.0.2","language":"en","enabled_languages":["de","en"],"languages":{"de":{"title":true,"content":true,"excerpt":false},"en":{"title":false,"content":false,"excerpt":false}}},"featured_image_urls_v2":{"full":"","thumbnail":"","medium":"","medium_large":"","large":"","1536x1536":"","2048x2048":""},"post_excerpt_stackable_v2":"<p>Auch High-Yield Anleihe Hochzinsanleihen sind Unternehmensanleihen mit einem h\u00f6heren Risiko, dementsprechend aber auch mit einer m\u00f6glichen h\u00f6heren Rendite als im Vergleich zu Investment Grade Anleihen. Sie bieten somit eine h\u00f6here Rendite, damit einhergehend jedoch auch ein erh\u00f6htes Risiko, da Emittenten von Hochzinsanleihen in der Regel im Durchschnitt h\u00f6her verschuldet sind als Emittenten von erstklassigen oder sogenannten investmentf\u00e4higen Anleihen. Au\u00dferdem handelt es sich bei Emittenten von Hochzinsanleihen um Unternehmen, welche sich bis dato am Markt noch nicht ausreichend etablieren konnten und die Zukunftsaussichten eher ungewiss sind. Deshalb werden von Investoren in der Regel vor allem Hochzinsanleihen mit kurzer bis mittler Laufzeit&hellip;<\/p>\n","category_list_v2":"","author_info_v2":{"name":"PrudentWater","url":"https:\/\/prudentwater.com\/en\/author\/niklas33\/"},"comments_num_v2":"0 comments","_links":{"self":[{"href":"https:\/\/prudentwater.com\/en\/wp-json\/wp\/v2\/pages\/1357","targetHints":{"allow":["GET"]}}],"collection":[{"href":"https:\/\/prudentwater.com\/en\/wp-json\/wp\/v2\/pages"}],"about":[{"href":"https:\/\/prudentwater.com\/en\/wp-json\/wp\/v2\/types\/page"}],"author":[{"embeddable":true,"href":"https:\/\/prudentwater.com\/en\/wp-json\/wp\/v2\/users\/1"}],"replies":[{"embeddable":true,"href":"https:\/\/prudentwater.com\/en\/wp-json\/wp\/v2\/comments?post=1357"}],"version-history":[{"count":0,"href":"https:\/\/prudentwater.com\/en\/wp-json\/wp\/v2\/pages\/1357\/revisions"}],"wp:attachment":[{"href":"https:\/\/prudentwater.com\/en\/wp-json\/wp\/v2\/media?parent=1357"}],"curies":[{"name":"wp","href":"https:\/\/api.w.org\/{rel}","templated":true}]}}