{"id":136,"date":"2014-08-14T20:49:04","date_gmt":"2014-08-14T20:49:04","guid":{"rendered":"http:\/\/www.kunnskap.de\/?page_id=136"},"modified":"2021-06-25T12:49:04","modified_gmt":"2021-06-25T10:49:04","slug":"hauptversammlung","status":"publish","type":"page","link":"https:\/\/prudentwater.com\/en\/hauptversammlung\/","title":{"rendered":"Hauptversammlung"},"content":{"rendered":"<p>engl. <strong>General Meeting<\/strong> oder <strong>AGM<\/strong><\/p>\n<p>Die Hauptversammlung ist neben dem Aufsichtsrat und dem Vorstand ein Organ der Aktiengesellschaft. Sie findet in der Regel einmal pro Jahr statt, kann jedoch unter gewissen Umst\u00e4nden auch mehrmals stattfinden und au\u00dferordentlich einberufen werden. In diesem Fall spricht man von einer au\u00dferordentlichen Hauptversammlung. Auf der ordentlichen Hauptversammlung k\u00f6nnen die Aktion\u00e4re ihre Rechte aus\u00fcben, dazu geh\u00f6ren unter anderem:<br \/>\n<br class=\"\u201cclear\u201d\"><\/p>\n<ul>\n<h6>Entlastung von Aufsichtsrat und Vorstand<\/h6>\n<hr>\n<h6>Entscheidung \u00fcber Nutzung und Verwendung des Gewinnes<\/h6>\n<hr>\n<h6>Die Bestellung der Mitglieder des Aufsichtsrates<\/h6>\n<hr>\n<h6>Entscheidungen \u00fcber Kapitalma\u00dfnahmen<\/h6>\n<hr>\n<\/ul>\n<p>Die Hauptversammlung muss j\u00e4hrlich in den ersten acht Monaten eines Gesch\u00e4ftsjahres (nicht in einem Kalenderjahr) stattfinden. In Deutschland findet ein Gro\u00dfteil der Hauptversammlungen zwischen M\u00e4rz und Juli statt. Stimmberechtigt sind Aktion\u00e4re, die Stammaktien eines Unternehmens halten. Inhaber von Vorzugsaktien sind hingegen nicht stimmberechtigt.<\/p>\n","protected":false},"excerpt":{"rendered":"<p>engl. General Meeting oder AGM Die Hauptversammlung ist neben dem Aufsichtsrat und dem Vorstand ein Organ der Aktiengesellschaft. Sie findet in der Regel einmal pro Jahr statt, kann jedoch unter gewissen Umst\u00e4nden auch mehrmals stattfinden und au\u00dferordentlich einberufen werden. In diesem Fall spricht man von einer au\u00dferordentlichen Hauptversammlung. Auf der ordentlichen Hauptversammlung k\u00f6nnen die Aktion\u00e4re [&hellip;]<\/p>\n","protected":false},"author":1,"featured_media":0,"parent":0,"menu_order":0,"comment_status":"closed","ping_status":"closed","template":"","meta":{"site-sidebar-layout":"default","site-content-layout":"","ast-site-content-layout":"","site-content-style":"default","site-sidebar-style":"default","ast-global-header-display":"","ast-banner-title-visibility":"","ast-main-header-display":"","ast-hfb-above-header-display":"","ast-hfb-below-header-display":"","ast-hfb-mobile-header-display":"","site-post-title":"","ast-breadcrumbs-content":"","ast-featured-img":"","footer-sml-layout":"","theme-transparent-header-meta":"","adv-header-id-meta":"","stick-header-meta":"","header-above-stick-meta":"","header-main-stick-meta":"","header-below-stick-meta":"","astra-migrate-meta-layouts":"default","ast-page-background-enabled":"default","ast-page-background-meta":{"desktop":{"background-color":"","background-image":"","background-repeat":"repeat","background-position":"center center","background-size":"auto","background-attachment":"scroll","background-type":"","background-media":"","overlay-type":"","overlay-color":"","overlay-opacity":"","overlay-gradient":""},"tablet":{"background-color":"","background-image":"","background-repeat":"repeat","background-position":"center center","background-size":"auto","background-attachment":"scroll","background-type":"","background-media":"","overlay-type":"","overlay-color":"","overlay-opacity":"","overlay-gradient":""},"mobile":{"background-color":"","background-image":"","background-repeat":"repeat","background-position":"center center","background-size":"auto","background-attachment":"scroll","background-type":"","background-media":"","overlay-type":"","overlay-color":"","overlay-opacity":"","overlay-gradient":""}},"ast-content-background-meta":{"desktop":{"background-color":"var(--ast-global-color-5)","background-image":"","background-repeat":"repeat","background-position":"center center","background-size":"auto","background-attachment":"scroll","background-type":"","background-media":"","overlay-type":"","overlay-color":"","overlay-opacity":"","overlay-gradient":""},"tablet":{"background-color":"var(--ast-global-color-5)","background-image":"","background-repeat":"repeat","background-position":"center center","background-size":"auto","background-attachment":"scroll","background-type":"","background-media":"","overlay-type":"","overlay-color":"","overlay-opacity":"","overlay-gradient":""},"mobile":{"background-color":"var(--ast-global-color-5)","background-image":"","background-repeat":"repeat","background-position":"center center","background-size":"auto","background-attachment":"scroll","background-type":"","background-media":"","overlay-type":"","overlay-color":"","overlay-opacity":"","overlay-gradient":""}},"footnotes":""},"class_list":["post-136","page","type-page","status-publish","hentry"],"translation":{"provider":"WPGlobus","version":"3.0.2","language":"en","enabled_languages":["de","en"],"languages":{"de":{"title":true,"content":true,"excerpt":false},"en":{"title":false,"content":false,"excerpt":false}}},"featured_image_urls_v2":{"full":"","thumbnail":"","medium":"","medium_large":"","large":"","1536x1536":"","2048x2048":""},"post_excerpt_stackable_v2":"<p>engl. General Meeting oder AGM Die Hauptversammlung ist neben dem Aufsichtsrat und dem Vorstand ein Organ der Aktiengesellschaft. Sie findet in der Regel einmal pro Jahr statt, kann jedoch unter gewissen Umst\u00e4nden auch mehrmals stattfinden und au\u00dferordentlich einberufen werden. In diesem Fall spricht man von einer au\u00dferordentlichen Hauptversammlung. Auf der ordentlichen Hauptversammlung k\u00f6nnen die Aktion\u00e4re ihre Rechte aus\u00fcben, dazu geh\u00f6ren unter anderem: Entlastung von Aufsichtsrat und Vorstand Entscheidung \u00fcber Nutzung und Verwendung des Gewinnes Die Bestellung der Mitglieder des Aufsichtsrates Entscheidungen \u00fcber Kapitalma\u00dfnahmen Die Hauptversammlung muss j\u00e4hrlich in den ersten acht Monaten eines Gesch\u00e4ftsjahres (nicht in einem Kalenderjahr) stattfinden. In&hellip;<\/p>\n","category_list_v2":"","author_info_v2":{"name":"PrudentWater","url":"https:\/\/prudentwater.com\/en\/author\/niklas33\/"},"comments_num_v2":"0 comments","_links":{"self":[{"href":"https:\/\/prudentwater.com\/en\/wp-json\/wp\/v2\/pages\/136","targetHints":{"allow":["GET"]}}],"collection":[{"href":"https:\/\/prudentwater.com\/en\/wp-json\/wp\/v2\/pages"}],"about":[{"href":"https:\/\/prudentwater.com\/en\/wp-json\/wp\/v2\/types\/page"}],"author":[{"embeddable":true,"href":"https:\/\/prudentwater.com\/en\/wp-json\/wp\/v2\/users\/1"}],"replies":[{"embeddable":true,"href":"https:\/\/prudentwater.com\/en\/wp-json\/wp\/v2\/comments?post=136"}],"version-history":[{"count":0,"href":"https:\/\/prudentwater.com\/en\/wp-json\/wp\/v2\/pages\/136\/revisions"}],"wp:attachment":[{"href":"https:\/\/prudentwater.com\/en\/wp-json\/wp\/v2\/media?parent=136"}],"curies":[{"name":"wp","href":"https:\/\/api.w.org\/{rel}","templated":true}]}}