{"id":1372,"date":"2014-10-19T20:14:16","date_gmt":"2014-10-19T20:14:16","guid":{"rendered":"http:\/\/www.kunnskap.de\/?page_id=1372"},"modified":"2022-10-12T21:16:02","modified_gmt":"2022-10-12T19:16:02","slug":"bruttoinlandsprodukt","status":"publish","type":"page","link":"https:\/\/prudentwater.com\/en\/bruttoinlandsprodukt\/","title":{"rendered":"Bruttoinlandsprodukt"},"content":{"rendered":"<p>Auch <strong>BIP<\/strong><br \/>\nengl. <strong>Gross Domestic Product (GDP)<\/strong><\/p>\n<p>Das Bruttoinlandsprodukt ist ein Ma\u00df f\u00fcr wirtschaftliche Aktivit\u00e4t und repr\u00e4sentiert den totalen Wert aller G\u00fcter und Dienstleistungen, die ein Land innerhalb eines Jahres oder des angegebenen Zeitraumes erwirtschaftet hat. Das Bruttoinlandsprodukt l\u00e4sst sich als Gr\u00f6\u00dfe der Wirtschaft eines Landes erkl\u00e4ren. Es wird in Prozent im Vergleich zum Vorjahr angegeben. Liegt also das Bruttoinlandsprodukt bei 2.5 %, so bedeutet dies, dass die Wirtschaft im Vergleich zum Vorjahr um 2.5 % gewachsen ist. Das BIP richtet sich dabei nach dem Inlandsprinzip. Es werden somit auch alle Leistungen von Ausl\u00e4ndern bei der Berechnung ber\u00fccksichtigt, solange diese innerhalb der Landesgrenzen erwirtschaftet wurden. Die wichtigsten Bestandteile des Bruttoinlandsproduktes sind der Konsum, die Staatsausgaben, der Au\u00dfenbeitrag, die Lagerbest\u00e4nde sowie die get\u00e4tigten Investitionen.<br \/>\n<div class=\"perfect-pullquote vcard pullquote-align-full pullquote-border-placement-left\" style=\"border-color:#9cd3db !important;font-size:22px !important;\"><blockquote><p style=\"font-size:22px !important;\">Das Bruttoinlandsprodukt gilt als wichtigster wirtschaftlicher Gradmesser und liefert ein einigerma\u00dfen zuverl\u00e4ssiges und international vergleichbares Ma\u00df f\u00fcr die sowohl kurz- als auch langfristige Leistung und Entwicklung eines Landes.<\/p><\/blockquote><\/div><\/p>\n<h4>Aussagekraft des Bruttoinlandsproduktes<\/h4>\n<p>Die Aussagekraft des Bruttoinlandsproduktes wird jedoch dadurch gemindert, dass es lediglich an den Staat gemeldete Transaktion sowie \u00fcber dem Markt abgewickelte Transaktionen erfassen kann. Obwohl bei der Berechnung Schwarzarbeit mittlerweile ber\u00fccksichtigt wird, kann dieser Faktor nicht genau in seiner H\u00f6he bestimmt werden. Ebenso werden Eigenleistungen, wie beispielsweise die Selbstreparatur des Autos oder Hausarbeiten, nicht im BIP erfasst. Dabei gilt, dass je r\u00fcckst\u00e4ndiger das Land ist, desto weniger Transaktionen werden \u00fcber dem Markt abgewickelt. Arme L\u00e4nder besitzen deshalb tats\u00e4chlich in der Regel einen h\u00f6heren Wohlstand, als das BIP es suggeriert.<\/p>\n","protected":false},"excerpt":{"rendered":"<p>Auch BIP engl. Gross Domestic Product (GDP) Das Bruttoinlandsprodukt ist ein Ma\u00df f\u00fcr wirtschaftliche Aktivit\u00e4t und repr\u00e4sentiert den totalen Wert aller G\u00fcter und Dienstleistungen, die ein Land innerhalb eines Jahres oder des angegebenen Zeitraumes erwirtschaftet hat. Das Bruttoinlandsprodukt l\u00e4sst sich als Gr\u00f6\u00dfe der Wirtschaft eines Landes erkl\u00e4ren. Es wird in Prozent im Vergleich zum Vorjahr [&hellip;]<\/p>\n","protected":false},"author":1,"featured_media":0,"parent":0,"menu_order":0,"comment_status":"closed","ping_status":"closed","template":"","meta":{"site-sidebar-layout":"default","site-content-layout":"default","ast-site-content-layout":"","site-content-style":"default","site-sidebar-style":"default","ast-global-header-display":"","ast-banner-title-visibility":"","ast-main-header-display":"","ast-hfb-above-header-display":"","ast-hfb-below-header-display":"","ast-hfb-mobile-header-display":"","site-post-title":"","ast-breadcrumbs-content":"","ast-featured-img":"","footer-sml-layout":"","theme-transparent-header-meta":"default","adv-header-id-meta":"","stick-header-meta":"","header-above-stick-meta":"","header-main-stick-meta":"","header-below-stick-meta":"","astra-migrate-meta-layouts":"default","ast-page-background-enabled":"default","ast-page-background-meta":{"desktop":{"background-color":"","background-image":"","background-repeat":"repeat","background-position":"center center","background-size":"auto","background-attachment":"scroll","background-type":"","background-media":"","overlay-type":"","overlay-color":"","overlay-opacity":"","overlay-gradient":""},"tablet":{"background-color":"","background-image":"","background-repeat":"repeat","background-position":"center center","background-size":"auto","background-attachment":"scroll","background-type":"","background-media":"","overlay-type":"","overlay-color":"","overlay-opacity":"","overlay-gradient":""},"mobile":{"background-color":"","background-image":"","background-repeat":"repeat","background-position":"center center","background-size":"auto","background-attachment":"scroll","background-type":"","background-media":"","overlay-type":"","overlay-color":"","overlay-opacity":"","overlay-gradient":""}},"ast-content-background-meta":{"desktop":{"background-color":"var(--ast-global-color-5)","background-image":"","background-repeat":"repeat","background-position":"center center","background-size":"auto","background-attachment":"scroll","background-type":"","background-media":"","overlay-type":"","overlay-color":"","overlay-opacity":"","overlay-gradient":""},"tablet":{"background-color":"var(--ast-global-color-5)","background-image":"","background-repeat":"repeat","background-position":"center center","background-size":"auto","background-attachment":"scroll","background-type":"","background-media":"","overlay-type":"","overlay-color":"","overlay-opacity":"","overlay-gradient":""},"mobile":{"background-color":"var(--ast-global-color-5)","background-image":"","background-repeat":"repeat","background-position":"center center","background-size":"auto","background-attachment":"scroll","background-type":"","background-media":"","overlay-type":"","overlay-color":"","overlay-opacity":"","overlay-gradient":""}},"footnotes":""},"class_list":["post-1372","page","type-page","status-publish","hentry"],"translation":{"provider":"WPGlobus","version":"3.0.2","language":"en","enabled_languages":["de","en"],"languages":{"de":{"title":true,"content":true,"excerpt":false},"en":{"title":false,"content":false,"excerpt":false}}},"featured_image_urls_v2":{"full":"","thumbnail":"","medium":"","medium_large":"","large":"","1536x1536":"","2048x2048":""},"post_excerpt_stackable_v2":"<p>Auch BIP engl. Gross Domestic Product (GDP) Das Bruttoinlandsprodukt ist ein Ma\u00df f\u00fcr wirtschaftliche Aktivit\u00e4t und repr\u00e4sentiert den totalen Wert aller G\u00fcter und Dienstleistungen, die ein Land innerhalb eines Jahres oder des angegebenen Zeitraumes erwirtschaftet hat. Das Bruttoinlandsprodukt l\u00e4sst sich als Gr\u00f6\u00dfe der Wirtschaft eines Landes erkl\u00e4ren. Es wird in Prozent im Vergleich zum Vorjahr angegeben. Liegt also das Bruttoinlandsprodukt bei 2.5 %, so bedeutet dies, dass die Wirtschaft im Vergleich zum Vorjahr um 2.5 % gewachsen ist. Das BIP richtet sich dabei nach dem Inlandsprinzip. Es werden somit auch alle Leistungen von Ausl\u00e4ndern bei der Berechnung ber\u00fccksichtigt, solange diese&hellip;<\/p>\n","category_list_v2":"","author_info_v2":{"name":"PrudentWater","url":"https:\/\/prudentwater.com\/en\/author\/niklas33\/"},"comments_num_v2":"0 comments","_links":{"self":[{"href":"https:\/\/prudentwater.com\/en\/wp-json\/wp\/v2\/pages\/1372","targetHints":{"allow":["GET"]}}],"collection":[{"href":"https:\/\/prudentwater.com\/en\/wp-json\/wp\/v2\/pages"}],"about":[{"href":"https:\/\/prudentwater.com\/en\/wp-json\/wp\/v2\/types\/page"}],"author":[{"embeddable":true,"href":"https:\/\/prudentwater.com\/en\/wp-json\/wp\/v2\/users\/1"}],"replies":[{"embeddable":true,"href":"https:\/\/prudentwater.com\/en\/wp-json\/wp\/v2\/comments?post=1372"}],"version-history":[{"count":0,"href":"https:\/\/prudentwater.com\/en\/wp-json\/wp\/v2\/pages\/1372\/revisions"}],"wp:attachment":[{"href":"https:\/\/prudentwater.com\/en\/wp-json\/wp\/v2\/media?parent=1372"}],"curies":[{"name":"wp","href":"https:\/\/api.w.org\/{rel}","templated":true}]}}