{"id":1375,"date":"2014-10-19T21:33:36","date_gmt":"2014-10-19T21:33:36","guid":{"rendered":"http:\/\/www.kunnskap.de\/?page_id=1375"},"modified":"2022-07-19T12:19:37","modified_gmt":"2022-07-19T10:19:37","slug":"volatilitat","status":"publish","type":"page","link":"https:\/\/prudentwater.com\/en\/volatilitat\/","title":{"rendered":"Volatilit\u00e4t"},"content":{"rendered":"<p>engl. <b>Volatility<\/b><\/p>\n<p>Die Volatilit\u00e4t zeigt grundlegend die Schwankungsintensit\u00e4t eines Wertpapieres bzw. eines Basiswertes an. Die Volatilit\u00e4t gibt also an, wie sehr der Basiswert (Aktie, Index, Derivat) im Kurs schwankt. Je h\u00f6her die Volatilit\u00e4t ist, desto st\u00e4rker schl\u00e4gt der Kurs des Basiswertes sowohl nach oben oder nach unten aus. Dabei ist die Richtung der Kursbewegung f\u00fcr die H\u00f6he der Volatilit\u00e4t zun\u00e4hst nebens\u00e4chlich, es kommt vor allem auf die Intensit\u00e4t der Kursbewegung an. Die Volatilit\u00e4t kann somit ansteigen, wenn sowohl der Kurs des Basiswertes steigt als auch f\u00e4llt. Allgemein l\u00e4sst sich jedoch festhalten, dass die Volatilit\u00e4t in der Regel deutlicher ansteigt, wenn Aktienkurse fallen und andersherum die Volatilit\u00e4t eher abnimmt, wenn die Aktienkurse best\u00e4ndig steigen.<br \/>\n<div class=\"perfect-pullquote vcard pullquote-align-full pullquote-border-placement-left\" style=\"border-color:#3A434F !important;font-size:23px !important;\"><blockquote><p style=\"font-size:23px !important;\">Die Volatilit\u00e4t misst die Intensit\u00e4t der Kursschwankungen eines Wertpapieres um den eigenen Mittelwert herum.<\/p><\/blockquote><\/div>Die Volatilit\u00e4t l\u00e4sst sich unterscheiden in historische Volatilit\u00e4t und implizite Volatilit\u00e4t. Der bekannteste Index zur Messung der Volatilit\u00e4t ist der CBOE Volatility Index. Der VDAX-NEW hingegen misst die Volatilit\u00e4t des deutschen Leitindex DAX. Bei Optionen und Optionsscheinen gilt, dass eine hohe Volatilit\u00e4t des zugrunde liegenden Basiswertes diese Derivate f\u00fcr den potenziellen K\u00e4ufer teurer machen. Je h\u00f6her also die Volatilit\u00e4t bei dem entsprechenden Basiswert, desto teurer ist in der Regel auch die Option.<\/p>\n","protected":false},"excerpt":{"rendered":"<p>engl. Volatility Die Volatilit\u00e4t zeigt grundlegend die Schwankungsintensit\u00e4t eines Wertpapieres bzw. eines Basiswertes an. Die Volatilit\u00e4t gibt also an, wie sehr der Basiswert (Aktie, Index, Derivat) im Kurs schwankt. Je h\u00f6her die Volatilit\u00e4t ist, desto st\u00e4rker schl\u00e4gt der Kurs des Basiswertes sowohl nach oben oder nach unten aus. Dabei ist die Richtung der Kursbewegung f\u00fcr [&hellip;]<\/p>\n","protected":false},"author":1,"featured_media":0,"parent":0,"menu_order":0,"comment_status":"closed","ping_status":"closed","template":"","meta":{"site-sidebar-layout":"default","site-content-layout":"","ast-site-content-layout":"","site-content-style":"default","site-sidebar-style":"default","ast-global-header-display":"","ast-banner-title-visibility":"","ast-main-header-display":"","ast-hfb-above-header-display":"","ast-hfb-below-header-display":"","ast-hfb-mobile-header-display":"","site-post-title":"","ast-breadcrumbs-content":"","ast-featured-img":"","footer-sml-layout":"","theme-transparent-header-meta":"","adv-header-id-meta":"","stick-header-meta":"","header-above-stick-meta":"","header-main-stick-meta":"","header-below-stick-meta":"","astra-migrate-meta-layouts":"default","ast-page-background-enabled":"default","ast-page-background-meta":{"desktop":{"background-color":"","background-image":"","background-repeat":"repeat","background-position":"center center","background-size":"auto","background-attachment":"scroll","background-type":"","background-media":"","overlay-type":"","overlay-color":"","overlay-opacity":"","overlay-gradient":""},"tablet":{"background-color":"","background-image":"","background-repeat":"repeat","background-position":"center center","background-size":"auto","background-attachment":"scroll","background-type":"","background-media":"","overlay-type":"","overlay-color":"","overlay-opacity":"","overlay-gradient":""},"mobile":{"background-color":"","background-image":"","background-repeat":"repeat","background-position":"center center","background-size":"auto","background-attachment":"scroll","background-type":"","background-media":"","overlay-type":"","overlay-color":"","overlay-opacity":"","overlay-gradient":""}},"ast-content-background-meta":{"desktop":{"background-color":"var(--ast-global-color-5)","background-image":"","background-repeat":"repeat","background-position":"center center","background-size":"auto","background-attachment":"scroll","background-type":"","background-media":"","overlay-type":"","overlay-color":"","overlay-opacity":"","overlay-gradient":""},"tablet":{"background-color":"var(--ast-global-color-5)","background-image":"","background-repeat":"repeat","background-position":"center center","background-size":"auto","background-attachment":"scroll","background-type":"","background-media":"","overlay-type":"","overlay-color":"","overlay-opacity":"","overlay-gradient":""},"mobile":{"background-color":"var(--ast-global-color-5)","background-image":"","background-repeat":"repeat","background-position":"center center","background-size":"auto","background-attachment":"scroll","background-type":"","background-media":"","overlay-type":"","overlay-color":"","overlay-opacity":"","overlay-gradient":""}},"footnotes":""},"class_list":["post-1375","page","type-page","status-publish","hentry"],"translation":{"provider":"WPGlobus","version":"3.0.2","language":"en","enabled_languages":["de","en"],"languages":{"de":{"title":true,"content":true,"excerpt":false},"en":{"title":false,"content":false,"excerpt":false}}},"featured_image_urls_v2":{"full":"","thumbnail":"","medium":"","medium_large":"","large":"","1536x1536":"","2048x2048":""},"post_excerpt_stackable_v2":"<p>engl. Volatility Die Volatilit\u00e4t zeigt grundlegend die Schwankungsintensit\u00e4t eines Wertpapieres bzw. eines Basiswertes an. Die Volatilit\u00e4t gibt also an, wie sehr der Basiswert (Aktie, Index, Derivat) im Kurs schwankt. Je h\u00f6her die Volatilit\u00e4t ist, desto st\u00e4rker schl\u00e4gt der Kurs des Basiswertes sowohl nach oben oder nach unten aus. Dabei ist die Richtung der Kursbewegung f\u00fcr die H\u00f6he der Volatilit\u00e4t zun\u00e4hst nebens\u00e4chlich, es kommt vor allem auf die Intensit\u00e4t der Kursbewegung an. Die Volatilit\u00e4t kann somit ansteigen, wenn sowohl der Kurs des Basiswertes steigt als auch f\u00e4llt. Allgemein l\u00e4sst sich jedoch festhalten, dass die Volatilit\u00e4t in der Regel deutlicher ansteigt, wenn&hellip;<\/p>\n","category_list_v2":"","author_info_v2":{"name":"PrudentWater","url":"https:\/\/prudentwater.com\/en\/author\/niklas33\/"},"comments_num_v2":"0 comments","_links":{"self":[{"href":"https:\/\/prudentwater.com\/en\/wp-json\/wp\/v2\/pages\/1375","targetHints":{"allow":["GET"]}}],"collection":[{"href":"https:\/\/prudentwater.com\/en\/wp-json\/wp\/v2\/pages"}],"about":[{"href":"https:\/\/prudentwater.com\/en\/wp-json\/wp\/v2\/types\/page"}],"author":[{"embeddable":true,"href":"https:\/\/prudentwater.com\/en\/wp-json\/wp\/v2\/users\/1"}],"replies":[{"embeddable":true,"href":"https:\/\/prudentwater.com\/en\/wp-json\/wp\/v2\/comments?post=1375"}],"version-history":[{"count":0,"href":"https:\/\/prudentwater.com\/en\/wp-json\/wp\/v2\/pages\/1375\/revisions"}],"wp:attachment":[{"href":"https:\/\/prudentwater.com\/en\/wp-json\/wp\/v2\/media?parent=1375"}],"curies":[{"name":"wp","href":"https:\/\/api.w.org\/{rel}","templated":true}]}}