{"id":1380,"date":"2014-10-20T20:46:45","date_gmt":"2014-10-20T20:46:45","guid":{"rendered":"http:\/\/www.kunnskap.de\/?page_id=1380"},"modified":"2021-06-25T12:50:15","modified_gmt":"2021-06-25T10:50:15","slug":"vdax-new","status":"publish","type":"page","link":"https:\/\/prudentwater.com\/en\/vdax-new\/","title":{"rendered":"VDAX-NEW"},"content":{"rendered":"<p>Der VDAX-NEW ist ein Volatilit\u00e4tsindex, welcher die erwartete Preisschwankungsbreite des DAX f\u00fcr die n\u00e4chsten 30 Tage anzeigt. Er zeigt die implizite Volatilit\u00e4t und gibt somit an, welche Schwankungsintensivit\u00e4t der Markt f\u00fcr den DAX in Zukunft erwartet. Der VDAX-NEW gilt dar\u00fcber hinaus auch als Angstbarometer, da er quasi andeutet, wie nerv\u00f6s aktuell die Marktteilnehmer sind. Um so h\u00f6her der Kurs des Volatilit\u00e4tsindex ist, um so unruhiger und nerv\u00f6ser scheint der Markt zu sein. Der VDAX-NEW gibt jedoch keine Hinweise dar\u00fcber, in welche Richtung sich der DAX bewegen wird.<\/p>\n","protected":false},"excerpt":{"rendered":"<p>Der VDAX-NEW ist ein Volatilit\u00e4tsindex, welcher die erwartete Preisschwankungsbreite des DAX f\u00fcr die n\u00e4chsten 30 Tage anzeigt. Er zeigt die implizite Volatilit\u00e4t und gibt somit an, welche Schwankungsintensivit\u00e4t der Markt f\u00fcr den DAX in Zukunft erwartet. Der VDAX-NEW gilt dar\u00fcber hinaus auch als Angstbarometer, da er quasi andeutet, wie nerv\u00f6s aktuell die Marktteilnehmer sind. Um [&hellip;]<\/p>\n","protected":false},"author":1,"featured_media":0,"parent":0,"menu_order":0,"comment_status":"closed","ping_status":"closed","template":"","meta":{"site-sidebar-layout":"default","site-content-layout":"","ast-site-content-layout":"","site-content-style":"default","site-sidebar-style":"default","ast-global-header-display":"","ast-banner-title-visibility":"","ast-main-header-display":"","ast-hfb-above-header-display":"","ast-hfb-below-header-display":"","ast-hfb-mobile-header-display":"","site-post-title":"","ast-breadcrumbs-content":"","ast-featured-img":"","footer-sml-layout":"","theme-transparent-header-meta":"","adv-header-id-meta":"","stick-header-meta":"","header-above-stick-meta":"","header-main-stick-meta":"","header-below-stick-meta":"","astra-migrate-meta-layouts":"default","ast-page-background-enabled":"default","ast-page-background-meta":{"desktop":{"background-color":"","background-image":"","background-repeat":"repeat","background-position":"center center","background-size":"auto","background-attachment":"scroll","background-type":"","background-media":"","overlay-type":"","overlay-color":"","overlay-opacity":"","overlay-gradient":""},"tablet":{"background-color":"","background-image":"","background-repeat":"repeat","background-position":"center center","background-size":"auto","background-attachment":"scroll","background-type":"","background-media":"","overlay-type":"","overlay-color":"","overlay-opacity":"","overlay-gradient":""},"mobile":{"background-color":"","background-image":"","background-repeat":"repeat","background-position":"center center","background-size":"auto","background-attachment":"scroll","background-type":"","background-media":"","overlay-type":"","overlay-color":"","overlay-opacity":"","overlay-gradient":""}},"ast-content-background-meta":{"desktop":{"background-color":"var(--ast-global-color-5)","background-image":"","background-repeat":"repeat","background-position":"center center","background-size":"auto","background-attachment":"scroll","background-type":"","background-media":"","overlay-type":"","overlay-color":"","overlay-opacity":"","overlay-gradient":""},"tablet":{"background-color":"var(--ast-global-color-5)","background-image":"","background-repeat":"repeat","background-position":"center center","background-size":"auto","background-attachment":"scroll","background-type":"","background-media":"","overlay-type":"","overlay-color":"","overlay-opacity":"","overlay-gradient":""},"mobile":{"background-color":"var(--ast-global-color-5)","background-image":"","background-repeat":"repeat","background-position":"center center","background-size":"auto","background-attachment":"scroll","background-type":"","background-media":"","overlay-type":"","overlay-color":"","overlay-opacity":"","overlay-gradient":""}},"footnotes":""},"class_list":["post-1380","page","type-page","status-publish","hentry"],"translation":{"provider":"WPGlobus","version":"3.0.2","language":"en","enabled_languages":["de","en"],"languages":{"de":{"title":true,"content":true,"excerpt":false},"en":{"title":false,"content":false,"excerpt":false}}},"featured_image_urls_v2":{"full":"","thumbnail":"","medium":"","medium_large":"","large":"","1536x1536":"","2048x2048":""},"post_excerpt_stackable_v2":"<p>Der VDAX-NEW ist ein Volatilit\u00e4tsindex, welcher die erwartete Preisschwankungsbreite des DAX f\u00fcr die n\u00e4chsten 30 Tage anzeigt. Er zeigt die implizite Volatilit\u00e4t und gibt somit an, welche Schwankungsintensivit\u00e4t der Markt f\u00fcr den DAX in Zukunft erwartet. Der VDAX-NEW gilt dar\u00fcber hinaus auch als Angstbarometer, da er quasi andeutet, wie nerv\u00f6s aktuell die Marktteilnehmer sind. Um so h\u00f6her der Kurs des Volatilit\u00e4tsindex ist, um so unruhiger und nerv\u00f6ser scheint der Markt zu sein. Der VDAX-NEW gibt jedoch keine Hinweise dar\u00fcber, in welche Richtung sich der DAX bewegen wird.<\/p>\n","category_list_v2":"","author_info_v2":{"name":"PrudentWater","url":"https:\/\/prudentwater.com\/en\/author\/niklas33\/"},"comments_num_v2":"0 comments","_links":{"self":[{"href":"https:\/\/prudentwater.com\/en\/wp-json\/wp\/v2\/pages\/1380","targetHints":{"allow":["GET"]}}],"collection":[{"href":"https:\/\/prudentwater.com\/en\/wp-json\/wp\/v2\/pages"}],"about":[{"href":"https:\/\/prudentwater.com\/en\/wp-json\/wp\/v2\/types\/page"}],"author":[{"embeddable":true,"href":"https:\/\/prudentwater.com\/en\/wp-json\/wp\/v2\/users\/1"}],"replies":[{"embeddable":true,"href":"https:\/\/prudentwater.com\/en\/wp-json\/wp\/v2\/comments?post=1380"}],"version-history":[{"count":0,"href":"https:\/\/prudentwater.com\/en\/wp-json\/wp\/v2\/pages\/1380\/revisions"}],"wp:attachment":[{"href":"https:\/\/prudentwater.com\/en\/wp-json\/wp\/v2\/media?parent=1380"}],"curies":[{"name":"wp","href":"https:\/\/api.w.org\/{rel}","templated":true}]}}