{"id":13815,"date":"2020-01-17T15:32:19","date_gmt":"2020-01-17T15:32:19","guid":{"rendered":"http:\/\/www.kunnskap.de\/?page_id=13815"},"modified":"2021-06-25T12:49:35","modified_gmt":"2021-06-25T10:49:35","slug":"liquiditaetsfalle","status":"publish","type":"page","link":"https:\/\/prudentwater.com\/en\/liquiditaetsfalle\/","title":{"rendered":"Liquidit\u00e4tsfalle"},"content":{"rendered":"<p>engl. <strong>Liquidity Trap<\/strong><\/p>\n<p>Die Liquidit\u00e4tsfalle beschreibt die Situation, in der die Geldpolitik einer Zentralbank an Effektivit\u00e4t verliert und nicht mehr in der Lage ist einer abschw\u00e4chenden Wirtschaft entgegenzuwirken. &#8216;Gefangen&#8217; in einer Liquidit\u00e4tsfalle, f\u00fchrt die expansive Geldpolitik der jeweiligen Zentralbank des Landes nicht mehr zu h\u00f6heren oder zus\u00e4tzlichen Ausgaben bei B\u00fcrgern und Unternehmen, was jedoch n\u00f6tig w\u00e4re, um dadurch einer m\u00f6glichen Rezession entgegenzuwirken. In diesem Zusammenhang ist dann auch oft davon die Rede, dass die Zentralbank keine geldpolitischen Mittel mehr besitzt und die Zentralbank schlicht an &#8216;Munition&#8217; verloren hat. Die Liquidit\u00e4tsfalle fordert dann oftmals eine st\u00e4rkere und expansivere Fiskalpolitik.<\/p>\n","protected":false},"excerpt":{"rendered":"<p>engl. Liquidity Trap Die Liquidit\u00e4tsfalle beschreibt die Situation, in der die Geldpolitik einer Zentralbank an Effektivit\u00e4t verliert und nicht mehr in der Lage ist einer abschw\u00e4chenden Wirtschaft entgegenzuwirken. &#8216;Gefangen&#8217; in einer Liquidit\u00e4tsfalle, f\u00fchrt die expansive Geldpolitik der jeweiligen Zentralbank des Landes nicht mehr zu h\u00f6heren oder zus\u00e4tzlichen Ausgaben bei B\u00fcrgern und Unternehmen, was jedoch n\u00f6tig [&hellip;]<\/p>\n","protected":false},"author":1,"featured_media":0,"parent":0,"menu_order":0,"comment_status":"closed","ping_status":"closed","template":"","meta":{"site-sidebar-layout":"default","site-content-layout":"","ast-site-content-layout":"","site-content-style":"default","site-sidebar-style":"default","ast-global-header-display":"","ast-banner-title-visibility":"","ast-main-header-display":"","ast-hfb-above-header-display":"","ast-hfb-below-header-display":"","ast-hfb-mobile-header-display":"","site-post-title":"","ast-breadcrumbs-content":"","ast-featured-img":"","footer-sml-layout":"","theme-transparent-header-meta":"","adv-header-id-meta":"","stick-header-meta":"","header-above-stick-meta":"","header-main-stick-meta":"","header-below-stick-meta":"","astra-migrate-meta-layouts":"default","ast-page-background-enabled":"default","ast-page-background-meta":{"desktop":{"background-color":"","background-image":"","background-repeat":"repeat","background-position":"center center","background-size":"auto","background-attachment":"scroll","background-type":"","background-media":"","overlay-type":"","overlay-color":"","overlay-opacity":"","overlay-gradient":""},"tablet":{"background-color":"","background-image":"","background-repeat":"repeat","background-position":"center center","background-size":"auto","background-attachment":"scroll","background-type":"","background-media":"","overlay-type":"","overlay-color":"","overlay-opacity":"","overlay-gradient":""},"mobile":{"background-color":"","background-image":"","background-repeat":"repeat","background-position":"center center","background-size":"auto","background-attachment":"scroll","background-type":"","background-media":"","overlay-type":"","overlay-color":"","overlay-opacity":"","overlay-gradient":""}},"ast-content-background-meta":{"desktop":{"background-color":"var(--ast-global-color-5)","background-image":"","background-repeat":"repeat","background-position":"center center","background-size":"auto","background-attachment":"scroll","background-type":"","background-media":"","overlay-type":"","overlay-color":"","overlay-opacity":"","overlay-gradient":""},"tablet":{"background-color":"var(--ast-global-color-5)","background-image":"","background-repeat":"repeat","background-position":"center center","background-size":"auto","background-attachment":"scroll","background-type":"","background-media":"","overlay-type":"","overlay-color":"","overlay-opacity":"","overlay-gradient":""},"mobile":{"background-color":"var(--ast-global-color-5)","background-image":"","background-repeat":"repeat","background-position":"center center","background-size":"auto","background-attachment":"scroll","background-type":"","background-media":"","overlay-type":"","overlay-color":"","overlay-opacity":"","overlay-gradient":""}},"footnotes":""},"class_list":["post-13815","page","type-page","status-publish","hentry"],"translation":{"provider":"WPGlobus","version":"3.0.2","language":"en","enabled_languages":["de","en"],"languages":{"de":{"title":true,"content":true,"excerpt":false},"en":{"title":false,"content":false,"excerpt":false}}},"featured_image_urls_v2":{"full":"","thumbnail":"","medium":"","medium_large":"","large":"","1536x1536":"","2048x2048":""},"post_excerpt_stackable_v2":"<p>engl. Liquidity Trap Die Liquidit\u00e4tsfalle beschreibt die Situation, in der die Geldpolitik einer Zentralbank an Effektivit\u00e4t verliert und nicht mehr in der Lage ist einer abschw\u00e4chenden Wirtschaft entgegenzuwirken. &#8216;Gefangen&#8217; in einer Liquidit\u00e4tsfalle, f\u00fchrt die expansive Geldpolitik der jeweiligen Zentralbank des Landes nicht mehr zu h\u00f6heren oder zus\u00e4tzlichen Ausgaben bei B\u00fcrgern und Unternehmen, was jedoch n\u00f6tig w\u00e4re, um dadurch einer m\u00f6glichen Rezession entgegenzuwirken. In diesem Zusammenhang ist dann auch oft davon die Rede, dass die Zentralbank keine geldpolitischen Mittel mehr besitzt und die Zentralbank schlicht an &#8216;Munition&#8217; verloren hat. Die Liquidit\u00e4tsfalle fordert dann oftmals eine st\u00e4rkere und expansivere Fiskalpolitik.<\/p>\n","category_list_v2":"","author_info_v2":{"name":"PrudentWater","url":"https:\/\/prudentwater.com\/en\/author\/niklas33\/"},"comments_num_v2":"0 comments","_links":{"self":[{"href":"https:\/\/prudentwater.com\/en\/wp-json\/wp\/v2\/pages\/13815","targetHints":{"allow":["GET"]}}],"collection":[{"href":"https:\/\/prudentwater.com\/en\/wp-json\/wp\/v2\/pages"}],"about":[{"href":"https:\/\/prudentwater.com\/en\/wp-json\/wp\/v2\/types\/page"}],"author":[{"embeddable":true,"href":"https:\/\/prudentwater.com\/en\/wp-json\/wp\/v2\/users\/1"}],"replies":[{"embeddable":true,"href":"https:\/\/prudentwater.com\/en\/wp-json\/wp\/v2\/comments?post=13815"}],"version-history":[{"count":0,"href":"https:\/\/prudentwater.com\/en\/wp-json\/wp\/v2\/pages\/13815\/revisions"}],"wp:attachment":[{"href":"https:\/\/prudentwater.com\/en\/wp-json\/wp\/v2\/media?parent=13815"}],"curies":[{"name":"wp","href":"https:\/\/api.w.org\/{rel}","templated":true}]}}