{"id":1403,"date":"2014-10-21T13:47:24","date_gmt":"2014-10-21T13:47:24","guid":{"rendered":"http:\/\/www.kunnskap.de\/?page_id=1403"},"modified":"2023-01-30T13:02:07","modified_gmt":"2023-01-30T12:02:07","slug":"inflation","status":"publish","type":"page","link":"https:\/\/prudentwater.com\/en\/inflation\/","title":{"rendered":"Inflation"},"content":{"rendered":"\n<div class=\"tradingview-widget-container\">\n  <div class=\"tradingview-widget-container__widget\"><\/div>\n  <div class=\"tradingview-widget-copyright\"><a href=\"https:\/\/de.tradingview.com\/symbols\/NYSE-WMS\/\" rel=\"noopener\" target=\"_blank\"><span class=\"blue-text\"><\/span><\/a><\/div>\n  <script type=\"text\/javascript\" src=\"https:\/\/s3.tradingview.com\/external-embedding\/embed-widget-symbol-info.js\" async=\"\">\n  {\n  \"symbol\": \"ECONOMICS:DEIRYY\",\n  \"width\": \"100%\",\n  \"locale\": \"de_DE\",\n  \"colorTheme\": \"light\",\n  \"isTransparent\": false,\n  \"largeChartUrl\": \"https:\/\/prudentwater.com\/\"\n}\n  <\/script>\n<\/div>\n<!-- TradingView Widget BEGIN -->\n<div class=\"tradingview-widget-container\">\n  <div id=\"tradingview_2cfc7\"><\/div>\n  <div class=\"tradingview-widget-copyright\"><a href=\"https:\/\/de.tradingview.com\/symbols\/ECONOMICS-USINTR\/\" rel=\"noopener\" target=\"_blank\"><span class=\"blue-text\"><\/span><\/a><\/div>\n  <script type=\"text\/javascript\" src=\"https:\/\/s3.tradingview.com\/tv.js\"><\/script>\n  <script type=\"text\/javascript\">\n  new TradingView.widget(\n  {\n  \"width\": \"100%\",\n  \"height\": \"550\",\n  \"symbol\": \"ECONOMICS:DEIRYY\",\n  \"interval\": \"D\",\n  \"timezone\": \"Europe\/Berlin\",\n  \"theme\": \"light\",\n  \"style\": \"2\",\n  \"locale\": \"de_DE\",\n  \"toolbar_bg\": \"#f1f3f6\",\n  \"enable_publishing\": false,\n  \"withdateranges\": true,\n  \"range\": \"ALL\",\n  \"allow_symbol_change\": true,\n  \"save_image\": false,\n  \"container_id\": \"tradingview_2cfc7\"\n}\n  );\n  <\/script>\n<\/div>\n<!-- TradingView Widget END -->\n\n\n<p style=\"margin-bottom: 50px;\">\n<\/p><p>Die Inflation beschreibt w\u00f6rtlich \u00fcbersetzt das Anwachsen der Geldmenge und damit einhergehend das sp\u00fcrbare Ansteigen der Preise allt\u00e4glicher Waren \u00fcber einen l\u00e4ngeren Zeitraum. Produkte und Dienstleistungen werden somit teurer, gleichzeitig verliert das Geld in der Inflation an Kaufkraft. Es findet also eine Geldentwertung und somit ein Kaufkraftverlust statt. F\u00fcr denselben Artikel muss mehr bezahlt werden bzw. f\u00fcr den gleichen Geldbetrag erh\u00e4lt der Konsument weniger Ware. F\u00fcr Deutschland wird die Inflation mithilfe des Verbraucherpreisindex f\u00fcr Deutschland gemessen. Dabei wird anhand eines Warenkorbes, der die Ausgaben eines durchschnittlichen Haushaltes f\u00fcr unter anderem Miete, Energie, Nahrungsmittel und allt\u00e4gliche Waren repr\u00e4sentiert, die Inflationsrate gemessen. In der Berechnung wird anschlie\u00dfend geschaut, wie sich die Preise der G\u00fcter und Dienstleistungen in diesem Warenkorb \u00fcber einen bestimmten Zeitraum ver\u00e4ndert haben. Die Preise werden mit den Preisen des Vorjahres verglichen, woraus sich schlie\u00dflich die Inflationsrate ergibt. Allgemein streben die Zentralbanken der jeweiligen L\u00e4nder langfristig ein j\u00e4hrliches Inflationsziel von knapp unter 2 % an.<\/p>\n<h2>Auswirkungen der Inflation auf Aktien und Anleihen<\/h2>\n<p>F\u00fcr die Aktienm\u00e4rkte ist eine (moderat) steigende Inflation gew\u00f6hnlich positiv, da die Gewinne der Unternehmen mit steigenden Preisen f\u00fcr G\u00fcter und Dienstleistungen h\u00f6her ausfallen. Festverzinsliche Anleihen leiden jedoch unter einer st\u00e4rker ansteigenden Inflation, da der Realzins dieser Wertpapiere entsprechend sinkt. Deshalb ziehen sich Investoren aus Anleihen oftmals zur\u00fcck, sobald die Inflationsrate h\u00f6her als erwartet ausf\u00e4llt. Anleger k\u00f6nnen sich vor der Inflation jedoch mit der sogenannten Inflationsindexierten Anleihe sch\u00fctzen. Ebenso kann mit dieser Art von Anleihe auf eine steigende Inflationsrate spekuliert werden, sie dient jedoch in erster Linie dazu, die Kaufkraft des investierten Kapitales aufrechtzuerhalten.<\/p>\n<h2>\u00d6konomische Ursachen und Ausl\u00f6ser der Inflation<\/h2>\n<p>Die Ursachen der Inflation sind vielf\u00e4ltig, lassen sich jedoch oftmals zwischen der Angebotsinflation, der Nachfrageinflation und der sogenannten importierten Inflation unterscheiden. Bei der Angebotsinflation werden die h\u00f6heren Kosten der Unternehmen auf die Verbraucherpreise umgew\u00e4lzt. Bei der Nachfrageinflation hingegen \u00fcbersteigt die Nachfrage nach G\u00fctern das vorhandene Angebot. Die importierte Inflation steht abseits davon, denn sie hat ihren Ursprung im Ausland, wo steigende Preise ins Inland importiert werden.<br>\nAusl\u00f6ser der Inflation sind oftmals steigende Energiekosten, anhaltende Engp\u00e4sse in Lieferketten, hohe Staatsausgaben und eine starke Verbrauchernachfrage. Vor allem die Energie ist dabei eng mit der Inflationsrate verbunden, da Energiekosten einen gro\u00dfen Anteil in der Berechnung der Inflationsrate ausmachen. Aber auch ein enger Arbeitsmarkt, welcher sich dann in einer geringen Arbeitslosenquote widerspiegelt, kann zu h\u00f6heren Inflationsraten f\u00fchren, da Arbeitgeber dann die Geh\u00e4lter anheben m\u00fcssen, um potenzielle und ausreichend Arbeitnehmer zu erreichen. Diese h\u00f6heren Geh\u00e4lter k\u00f6nnen dann jedoch zu inflation\u00e4ren Tendenzen f\u00fchren.<\/p>","protected":false},"excerpt":{"rendered":"<p>Die Inflation beschreibt w\u00f6rtlich \u00fcbersetzt das Anwachsen der Geldmenge und damit einhergehend das sp\u00fcrbare Ansteigen der Preise allt\u00e4glicher Waren \u00fcber einen l\u00e4ngeren Zeitraum. Produkte und Dienstleistungen werden somit teurer, gleichzeitig verliert das Geld in der Inflation an Kaufkraft. Es findet also eine Geldentwertung und somit ein Kaufkraftverlust statt. F\u00fcr denselben Artikel muss mehr bezahlt werden [&hellip;]<\/p>\n","protected":false},"author":1,"featured_media":0,"parent":0,"menu_order":0,"comment_status":"closed","ping_status":"closed","template":"","meta":{"site-sidebar-layout":"default","site-content-layout":"default","ast-site-content-layout":"","site-content-style":"default","site-sidebar-style":"default","ast-global-header-display":"","ast-banner-title-visibility":"","ast-main-header-display":"","ast-hfb-above-header-display":"","ast-hfb-below-header-display":"","ast-hfb-mobile-header-display":"","site-post-title":"","ast-breadcrumbs-content":"","ast-featured-img":"","footer-sml-layout":"","theme-transparent-header-meta":"default","adv-header-id-meta":"","stick-header-meta":"","header-above-stick-meta":"","header-main-stick-meta":"","header-below-stick-meta":"","astra-migrate-meta-layouts":"default","ast-page-background-enabled":"default","ast-page-background-meta":{"desktop":{"background-color":"","background-image":"","background-repeat":"repeat","background-position":"center center","background-size":"auto","background-attachment":"scroll","background-type":"","background-media":"","overlay-type":"","overlay-color":"","overlay-opacity":"","overlay-gradient":""},"tablet":{"background-color":"","background-image":"","background-repeat":"repeat","background-position":"center center","background-size":"auto","background-attachment":"scroll","background-type":"","background-media":"","overlay-type":"","overlay-color":"","overlay-opacity":"","overlay-gradient":""},"mobile":{"background-color":"","background-image":"","background-repeat":"repeat","background-position":"center center","background-size":"auto","background-attachment":"scroll","background-type":"","background-media":"","overlay-type":"","overlay-color":"","overlay-opacity":"","overlay-gradient":""}},"ast-content-background-meta":{"desktop":{"background-color":"var(--ast-global-color-5)","background-image":"","background-repeat":"repeat","background-position":"center center","background-size":"auto","background-attachment":"scroll","background-type":"","background-media":"","overlay-type":"","overlay-color":"","overlay-opacity":"","overlay-gradient":""},"tablet":{"background-color":"var(--ast-global-color-5)","background-image":"","background-repeat":"repeat","background-position":"center center","background-size":"auto","background-attachment":"scroll","background-type":"","background-media":"","overlay-type":"","overlay-color":"","overlay-opacity":"","overlay-gradient":""},"mobile":{"background-color":"var(--ast-global-color-5)","background-image":"","background-repeat":"repeat","background-position":"center center","background-size":"auto","background-attachment":"scroll","background-type":"","background-media":"","overlay-type":"","overlay-color":"","overlay-opacity":"","overlay-gradient":""}},"footnotes":""},"class_list":["post-1403","page","type-page","status-publish","hentry"],"translation":{"provider":"WPGlobus","version":"3.0.2","language":"en","enabled_languages":["de","en"],"languages":{"de":{"title":true,"content":true,"excerpt":false},"en":{"title":false,"content":false,"excerpt":false}}},"featured_image_urls_v2":{"full":"","thumbnail":"","medium":"","medium_large":"","large":"","1536x1536":"","2048x2048":""},"post_excerpt_stackable_v2":"<p>Die Inflation beschreibt w\u00f6rtlich \u00fcbersetzt das Anwachsen der Geldmenge und damit einhergehend das sp\u00fcrbare Ansteigen der Preise allt\u00e4glicher Waren \u00fcber einen l\u00e4ngeren Zeitraum. Produkte und Dienstleistungen werden somit teurer, gleichzeitig verliert das Geld in der Inflation an Kaufkraft. Es findet also eine Geldentwertung und somit ein Kaufkraftverlust statt. F\u00fcr denselben Artikel muss mehr bezahlt werden bzw. f\u00fcr den gleichen Geldbetrag erh\u00e4lt der Konsument weniger Ware. F\u00fcr Deutschland wird die Inflation mithilfe des Verbraucherpreisindex f\u00fcr Deutschland gemessen. Dabei wird anhand eines Warenkorbes, der die Ausgaben eines durchschnittlichen Haushaltes f\u00fcr unter anderem Miete, Energie, Nahrungsmittel und allt\u00e4gliche Waren repr\u00e4sentiert, die Inflationsrate gemessen.&hellip;<\/p>\n","category_list_v2":"","author_info_v2":{"name":"PrudentWater","url":"https:\/\/prudentwater.com\/en\/author\/niklas33\/"},"comments_num_v2":"0 comments","_links":{"self":[{"href":"https:\/\/prudentwater.com\/en\/wp-json\/wp\/v2\/pages\/1403","targetHints":{"allow":["GET"]}}],"collection":[{"href":"https:\/\/prudentwater.com\/en\/wp-json\/wp\/v2\/pages"}],"about":[{"href":"https:\/\/prudentwater.com\/en\/wp-json\/wp\/v2\/types\/page"}],"author":[{"embeddable":true,"href":"https:\/\/prudentwater.com\/en\/wp-json\/wp\/v2\/users\/1"}],"replies":[{"embeddable":true,"href":"https:\/\/prudentwater.com\/en\/wp-json\/wp\/v2\/comments?post=1403"}],"version-history":[{"count":0,"href":"https:\/\/prudentwater.com\/en\/wp-json\/wp\/v2\/pages\/1403\/revisions"}],"wp:attachment":[{"href":"https:\/\/prudentwater.com\/en\/wp-json\/wp\/v2\/media?parent=1403"}],"curies":[{"name":"wp","href":"https:\/\/api.w.org\/{rel}","templated":true}]}}