{"id":1405,"date":"2014-10-21T13:59:04","date_gmt":"2014-10-21T13:59:04","guid":{"rendered":"http:\/\/www.kunnskap.de\/?page_id=1405"},"modified":"2021-06-25T12:49:05","modified_gmt":"2021-06-25T10:49:05","slug":"inflationsrate","status":"publish","type":"page","link":"https:\/\/prudentwater.com\/en\/inflationsrate\/","title":{"rendered":"Inflationsrate"},"content":{"rendered":"<p>Auch <strong>Teuerungsrate<\/strong><\/p>\n<p>Die Inflationsrate ist die allgemeine Teuerungsrate f\u00fcr einen bestimmten Zeitraum. In Deutschland wird zur Berechnung der Verbraucherpreisindex f\u00fcr Deutschland herangezogen. Die Inflationsrate entspricht somit innerhalb eines festgelegten Zeitraumes den Preisanstieg bestimmter Waren und Dienstleistungen. M\u00f6chte beispielsweise die Inflationsrate f\u00fcr Mai 2016 errechnet werden, muss einmal der Stand des Verbraucherpreisindex f\u00fcr Mai 2016 und einmal f\u00fcr Mai 2015 herangezogen werden.<\/p>\n<h6>Berechnung<\/h6>\n<p><center><img loading=\"lazy\" decoding=\"async\" src=\"https:\/\/prudentwater.com\/wp-content\/uploads\/2020\/03\/Inflationsrate.bmp\" alt=\"Inflationsrate\" class=\"alignnone size-full wp-image-7126\" width=\"467\" height=\"49\" title=\"\"><\/center><br \/>\nUm saisonale Schwankungen auszuschlie\u00dfen, wird die Inflationsrate in der Regel zum Vorjahr angegeben. In diesem Beispiel wurde die Inflationsrate f\u00fcr Mai 2016 berechnet. Angezeigt wird nach Berechnung die Teuerungsrate zwischen Mai 2015 und Mai 2016. Die Inflationsrate wird dabei prozentual ausgedr\u00fcckt und sagt aus, wie weit die allgemeinen Lebenshaltungskosten vom Zeitpunkt A bis zum Zeitpunkt B gestiegen bzw. gefallen sind. Bestimmt wird die Inflationsrate vor allem von drei Faktoren: der Produktivit\u00e4tsentwicklung, der Arbeitsmarktentwicklung sowie von den Inflationserwartungen, welche bei Tarifverhandlungen f\u00fcr den jeweiligen Zeitraum gebildet werden und in den Tarifvertr\u00e4gen ber\u00fccksichtigt werden.<\/p>\n","protected":false},"excerpt":{"rendered":"<p>Auch Teuerungsrate Die Inflationsrate ist die allgemeine Teuerungsrate f\u00fcr einen bestimmten Zeitraum. In Deutschland wird zur Berechnung der Verbraucherpreisindex f\u00fcr Deutschland herangezogen. Die Inflationsrate entspricht somit innerhalb eines festgelegten Zeitraumes den Preisanstieg bestimmter Waren und Dienstleistungen. M\u00f6chte beispielsweise die Inflationsrate f\u00fcr Mai 2016 errechnet werden, muss einmal der Stand des Verbraucherpreisindex f\u00fcr Mai 2016 und [&hellip;]<\/p>\n","protected":false},"author":1,"featured_media":0,"parent":0,"menu_order":0,"comment_status":"closed","ping_status":"closed","template":"","meta":{"site-sidebar-layout":"default","site-content-layout":"","ast-site-content-layout":"","site-content-style":"default","site-sidebar-style":"default","ast-global-header-display":"","ast-banner-title-visibility":"","ast-main-header-display":"","ast-hfb-above-header-display":"","ast-hfb-below-header-display":"","ast-hfb-mobile-header-display":"","site-post-title":"","ast-breadcrumbs-content":"","ast-featured-img":"","footer-sml-layout":"","theme-transparent-header-meta":"","adv-header-id-meta":"","stick-header-meta":"","header-above-stick-meta":"","header-main-stick-meta":"","header-below-stick-meta":"","astra-migrate-meta-layouts":"default","ast-page-background-enabled":"default","ast-page-background-meta":{"desktop":{"background-color":"","background-image":"","background-repeat":"repeat","background-position":"center center","background-size":"auto","background-attachment":"scroll","background-type":"","background-media":"","overlay-type":"","overlay-color":"","overlay-opacity":"","overlay-gradient":""},"tablet":{"background-color":"","background-image":"","background-repeat":"repeat","background-position":"center center","background-size":"auto","background-attachment":"scroll","background-type":"","background-media":"","overlay-type":"","overlay-color":"","overlay-opacity":"","overlay-gradient":""},"mobile":{"background-color":"","background-image":"","background-repeat":"repeat","background-position":"center center","background-size":"auto","background-attachment":"scroll","background-type":"","background-media":"","overlay-type":"","overlay-color":"","overlay-opacity":"","overlay-gradient":""}},"ast-content-background-meta":{"desktop":{"background-color":"var(--ast-global-color-5)","background-image":"","background-repeat":"repeat","background-position":"center center","background-size":"auto","background-attachment":"scroll","background-type":"","background-media":"","overlay-type":"","overlay-color":"","overlay-opacity":"","overlay-gradient":""},"tablet":{"background-color":"var(--ast-global-color-5)","background-image":"","background-repeat":"repeat","background-position":"center center","background-size":"auto","background-attachment":"scroll","background-type":"","background-media":"","overlay-type":"","overlay-color":"","overlay-opacity":"","overlay-gradient":""},"mobile":{"background-color":"var(--ast-global-color-5)","background-image":"","background-repeat":"repeat","background-position":"center center","background-size":"auto","background-attachment":"scroll","background-type":"","background-media":"","overlay-type":"","overlay-color":"","overlay-opacity":"","overlay-gradient":""}},"footnotes":""},"class_list":["post-1405","page","type-page","status-publish","hentry"],"translation":{"provider":"WPGlobus","version":"3.0.2","language":"en","enabled_languages":["de","en"],"languages":{"de":{"title":true,"content":true,"excerpt":false},"en":{"title":false,"content":false,"excerpt":false}}},"featured_image_urls_v2":{"full":"","thumbnail":"","medium":"","medium_large":"","large":"","1536x1536":"","2048x2048":""},"post_excerpt_stackable_v2":"<p>Auch Teuerungsrate Die Inflationsrate ist die allgemeine Teuerungsrate f\u00fcr einen bestimmten Zeitraum. In Deutschland wird zur Berechnung der Verbraucherpreisindex f\u00fcr Deutschland herangezogen. Die Inflationsrate entspricht somit innerhalb eines festgelegten Zeitraumes den Preisanstieg bestimmter Waren und Dienstleistungen. M\u00f6chte beispielsweise die Inflationsrate f\u00fcr Mai 2016 errechnet werden, muss einmal der Stand des Verbraucherpreisindex f\u00fcr Mai 2016 und einmal f\u00fcr Mai 2015 herangezogen werden. Berechnung Um saisonale Schwankungen auszuschlie\u00dfen, wird die Inflationsrate in der Regel zum Vorjahr angegeben. In diesem Beispiel wurde die Inflationsrate f\u00fcr Mai 2016 berechnet. Angezeigt wird nach Berechnung die Teuerungsrate zwischen Mai 2015 und Mai 2016. Die Inflationsrate wird&hellip;<\/p>\n","category_list_v2":"","author_info_v2":{"name":"PrudentWater","url":"https:\/\/prudentwater.com\/en\/author\/niklas33\/"},"comments_num_v2":"0 comments","_links":{"self":[{"href":"https:\/\/prudentwater.com\/en\/wp-json\/wp\/v2\/pages\/1405","targetHints":{"allow":["GET"]}}],"collection":[{"href":"https:\/\/prudentwater.com\/en\/wp-json\/wp\/v2\/pages"}],"about":[{"href":"https:\/\/prudentwater.com\/en\/wp-json\/wp\/v2\/types\/page"}],"author":[{"embeddable":true,"href":"https:\/\/prudentwater.com\/en\/wp-json\/wp\/v2\/users\/1"}],"replies":[{"embeddable":true,"href":"https:\/\/prudentwater.com\/en\/wp-json\/wp\/v2\/comments?post=1405"}],"version-history":[{"count":0,"href":"https:\/\/prudentwater.com\/en\/wp-json\/wp\/v2\/pages\/1405\/revisions"}],"wp:attachment":[{"href":"https:\/\/prudentwater.com\/en\/wp-json\/wp\/v2\/media?parent=1405"}],"curies":[{"name":"wp","href":"https:\/\/api.w.org\/{rel}","templated":true}]}}