{"id":1407,"date":"2014-10-21T14:21:07","date_gmt":"2014-10-21T14:21:07","guid":{"rendered":"http:\/\/www.kunnskap.de\/?page_id=1407"},"modified":"2021-06-25T12:50:15","modified_gmt":"2021-06-25T10:50:15","slug":"verbraucherpreisindex-fur-deutschland","status":"publish","type":"page","link":"https:\/\/prudentwater.com\/en\/verbraucherpreisindex-fur-deutschland\/","title":{"rendered":"Verbraucherpreisindex f\u00fcr Deutschland"},"content":{"rendered":"<p>Auch <strong>VPI<\/strong><\/p>\n<p>Der Verbraucherpreisindex f\u00fcr Deutschland gibt die Preisver\u00e4nderung allt\u00e4glicher Waren und Dienstleistungen des privaten Bedarfs in Deutschland an. Sinn des VPI ist es, die Ver\u00e4nderung der allgemeinen Lebenshaltungskosten eines durchschnittlichen Haushaltes in Deutschland widerzuspiegeln. Die Ver\u00e4nderung wird in Prozent angegeben. Der Warenkorb wird alle f\u00fcnf Jahre von dem Statistischen Bundesamt angepasst bzw. erneuert und beinhaltet aktuell ca. 600 Positionen.<br \/>\nMit dem Verbraucherpreisindex l\u00e4sst sich die Entwicklung der Inflation in Deutschland beobachten, indem das Ergebnis mit dem entsprechenden Vorjahresergebnis oder Vormonatsergebnis verglichen wird.<br \/>\nUm Auskunft \u00fcber die Geldwertstabilit\u00e4t zu erhalten, wird der Verbraucherindex als zuverl\u00e4ssige Quelle immer wieder herangezogen.<\/p>\n","protected":false},"excerpt":{"rendered":"<p>Auch VPI Der Verbraucherpreisindex f\u00fcr Deutschland gibt die Preisver\u00e4nderung allt\u00e4glicher Waren und Dienstleistungen des privaten Bedarfs in Deutschland an. Sinn des VPI ist es, die Ver\u00e4nderung der allgemeinen Lebenshaltungskosten eines durchschnittlichen Haushaltes in Deutschland widerzuspiegeln. Die Ver\u00e4nderung wird in Prozent angegeben. Der Warenkorb wird alle f\u00fcnf Jahre von dem Statistischen Bundesamt angepasst bzw. erneuert und [&hellip;]<\/p>\n","protected":false},"author":1,"featured_media":0,"parent":0,"menu_order":0,"comment_status":"closed","ping_status":"closed","template":"","meta":{"site-sidebar-layout":"default","site-content-layout":"","ast-site-content-layout":"","site-content-style":"default","site-sidebar-style":"default","ast-global-header-display":"","ast-banner-title-visibility":"","ast-main-header-display":"","ast-hfb-above-header-display":"","ast-hfb-below-header-display":"","ast-hfb-mobile-header-display":"","site-post-title":"","ast-breadcrumbs-content":"","ast-featured-img":"","footer-sml-layout":"","theme-transparent-header-meta":"","adv-header-id-meta":"","stick-header-meta":"","header-above-stick-meta":"","header-main-stick-meta":"","header-below-stick-meta":"","astra-migrate-meta-layouts":"default","ast-page-background-enabled":"default","ast-page-background-meta":{"desktop":{"background-color":"","background-image":"","background-repeat":"repeat","background-position":"center center","background-size":"auto","background-attachment":"scroll","background-type":"","background-media":"","overlay-type":"","overlay-color":"","overlay-opacity":"","overlay-gradient":""},"tablet":{"background-color":"","background-image":"","background-repeat":"repeat","background-position":"center center","background-size":"auto","background-attachment":"scroll","background-type":"","background-media":"","overlay-type":"","overlay-color":"","overlay-opacity":"","overlay-gradient":""},"mobile":{"background-color":"","background-image":"","background-repeat":"repeat","background-position":"center center","background-size":"auto","background-attachment":"scroll","background-type":"","background-media":"","overlay-type":"","overlay-color":"","overlay-opacity":"","overlay-gradient":""}},"ast-content-background-meta":{"desktop":{"background-color":"var(--ast-global-color-5)","background-image":"","background-repeat":"repeat","background-position":"center center","background-size":"auto","background-attachment":"scroll","background-type":"","background-media":"","overlay-type":"","overlay-color":"","overlay-opacity":"","overlay-gradient":""},"tablet":{"background-color":"var(--ast-global-color-5)","background-image":"","background-repeat":"repeat","background-position":"center center","background-size":"auto","background-attachment":"scroll","background-type":"","background-media":"","overlay-type":"","overlay-color":"","overlay-opacity":"","overlay-gradient":""},"mobile":{"background-color":"var(--ast-global-color-5)","background-image":"","background-repeat":"repeat","background-position":"center center","background-size":"auto","background-attachment":"scroll","background-type":"","background-media":"","overlay-type":"","overlay-color":"","overlay-opacity":"","overlay-gradient":""}},"footnotes":""},"class_list":["post-1407","page","type-page","status-publish","hentry"],"translation":{"provider":"WPGlobus","version":"3.0.2","language":"en","enabled_languages":["de","en"],"languages":{"de":{"title":true,"content":true,"excerpt":false},"en":{"title":false,"content":false,"excerpt":false}}},"featured_image_urls_v2":{"full":"","thumbnail":"","medium":"","medium_large":"","large":"","1536x1536":"","2048x2048":""},"post_excerpt_stackable_v2":"<p>Auch VPI Der Verbraucherpreisindex f\u00fcr Deutschland gibt die Preisver\u00e4nderung allt\u00e4glicher Waren und Dienstleistungen des privaten Bedarfs in Deutschland an. Sinn des VPI ist es, die Ver\u00e4nderung der allgemeinen Lebenshaltungskosten eines durchschnittlichen Haushaltes in Deutschland widerzuspiegeln. Die Ver\u00e4nderung wird in Prozent angegeben. Der Warenkorb wird alle f\u00fcnf Jahre von dem Statistischen Bundesamt angepasst bzw. erneuert und beinhaltet aktuell ca. 600 Positionen. Mit dem Verbraucherpreisindex l\u00e4sst sich die Entwicklung der Inflation in Deutschland beobachten, indem das Ergebnis mit dem entsprechenden Vorjahresergebnis oder Vormonatsergebnis verglichen wird. Um Auskunft \u00fcber die Geldwertstabilit\u00e4t zu erhalten, wird der Verbraucherindex als zuverl\u00e4ssige Quelle immer wieder herangezogen.<\/p>\n","category_list_v2":"","author_info_v2":{"name":"PrudentWater","url":"https:\/\/prudentwater.com\/en\/author\/niklas33\/"},"comments_num_v2":"0 comments","_links":{"self":[{"href":"https:\/\/prudentwater.com\/en\/wp-json\/wp\/v2\/pages\/1407","targetHints":{"allow":["GET"]}}],"collection":[{"href":"https:\/\/prudentwater.com\/en\/wp-json\/wp\/v2\/pages"}],"about":[{"href":"https:\/\/prudentwater.com\/en\/wp-json\/wp\/v2\/types\/page"}],"author":[{"embeddable":true,"href":"https:\/\/prudentwater.com\/en\/wp-json\/wp\/v2\/users\/1"}],"replies":[{"embeddable":true,"href":"https:\/\/prudentwater.com\/en\/wp-json\/wp\/v2\/comments?post=1407"}],"version-history":[{"count":0,"href":"https:\/\/prudentwater.com\/en\/wp-json\/wp\/v2\/pages\/1407\/revisions"}],"wp:attachment":[{"href":"https:\/\/prudentwater.com\/en\/wp-json\/wp\/v2\/media?parent=1407"}],"curies":[{"name":"wp","href":"https:\/\/api.w.org\/{rel}","templated":true}]}}