{"id":1411,"date":"2014-10-21T17:51:40","date_gmt":"2014-10-21T17:51:40","guid":{"rendered":"http:\/\/www.kunnskap.de\/?page_id=1411"},"modified":"2023-03-06T22:22:25","modified_gmt":"2023-03-06T21:22:25","slug":"angebotsinflation","status":"publish","type":"page","link":"https:\/\/prudentwater.com\/en\/angebotsinflation\/","title":{"rendered":"Angebotsinflation"},"content":{"rendered":"<p>Auch <b>Angebotsbedingte Inflation<\/b><\/p>\n<p>Bei der Angebotsinflation handelt es sich um eine Art Lohn-Preis-Spirale, die nach und nach in Gang kommt und f\u00fcr steigende Preise im Inland sorgt. Zu Beginn der Angebotsinflation steigen auf Unternehmensseite die Kosten f\u00fcr die Produktion der Waren an. Die erh\u00f6hten Produktionskosten sind dabei oftmals auf gestiegene Energie- oder Rohstoffkosten zur\u00fcckzuf\u00fchren. Die Unternehmen versuchen nun jedoch ihre Gewinnmarge aufrechtzuerhalten, k\u00f6nnen dies jedoch nur tun, indem sie die Preise f\u00fcr ihre Waren und Dienstleistungen entsprechend erh\u00f6hen. Die Kaufkraft der Endverbraucher ist aufgrund der gestiegenen Preise gefallen, da sie sich die Produkte und Dienstleistungen nun nur noch in einem geringen Ausma\u00df leisten k\u00f6nnen. Um wieder im vollen Umfang alle Waren und Dienstleistungen kaufen zu k\u00f6nnen, fordern die Arbeitnehmer entsprechende Lohnerh\u00f6hungen. Die Spirale und damit die Angebotsinflation setzt sich nun fort, da die Unternehmen nun wieder h\u00f6here Personalkosten haben und diese wiederum durch Preissteigerung versuchen auszugleichen. Die Angebotsinflation beschreibt deshalb sozusagen eine Art Teufelskreis, bei dem h\u00f6here Preise dadurch verursacht werden, dass Arbeitnehmer und Arbeitgeber gegenseitig auf h\u00f6here Kosten durch Lohnerh\u00f6hungen bzw. Preiserh\u00f6hungen reagieren m\u00fcssen.<\/p>\n<h2>Beispiel der Angebotsinflation<\/h2>\n<p>Zu Beginn des Jahres 2022 ist die Inflation in Deutschland, Europa und weltweit deutlich angestiegen und hat im Euroraum ihren H\u00f6hepunkt bei 10,60 Prozent erreicht. Dabei handelte es sich um eine klassische Angebotsinflation, da die Ausl\u00f6ser der gestiegenen Inflationsraten auf der Angebotsseite entstanden sind. Zum einen gab es aufgrund der vorherrschenden Covid-Pandemie weltweite Lieferkettenprobleme, weshalb es als Konsequenz zu Verz\u00f6gerungen und Engp\u00e4ssen von Waren unterschiedlichster Art kam. Gleichzeitig jedoch sind die Rohstoffpreise und hier vor allem die Energiepreise deutlich angestiegen. Dies gilt insbesondere f\u00fcr den <a href=\"https:\/\/prudentwater.com\/erdgas\/\" rel=\"noopener noreferrer\">Erdgaspreis<\/a>, welcher sich kurzfristig vervielfacht hat und damit zu deutlich gestiegenen Produktionskosten auf Unternehmensseite f\u00fchrte. Da Erdgas in fast allen Produktionsbereichen essenziell ist, entstanden dadurch f\u00fcr Unternehmen h\u00f6here Produktionskosten, welche sie dann an die Endkunden weitergereicht haben, indem sie die Preise f\u00fcr ihre Waren den gestiegenen Produktionskosten entsprechend angepasst haben.<\/p>\n","protected":false},"excerpt":{"rendered":"<p>Auch Angebotsbedingte Inflation Bei der Angebotsinflation handelt es sich um eine Art Lohn-Preis-Spirale, die nach und nach in Gang kommt und f\u00fcr steigende Preise im Inland sorgt. Zu Beginn der Angebotsinflation steigen auf Unternehmensseite die Kosten f\u00fcr die Produktion der Waren an. Die erh\u00f6hten Produktionskosten sind dabei oftmals auf gestiegene Energie- oder Rohstoffkosten zur\u00fcckzuf\u00fchren. Die [&hellip;]<\/p>\n","protected":false},"author":1,"featured_media":0,"parent":0,"menu_order":0,"comment_status":"closed","ping_status":"closed","template":"","meta":{"site-sidebar-layout":"default","site-content-layout":"","ast-site-content-layout":"","site-content-style":"default","site-sidebar-style":"default","ast-global-header-display":"","ast-banner-title-visibility":"","ast-main-header-display":"","ast-hfb-above-header-display":"","ast-hfb-below-header-display":"","ast-hfb-mobile-header-display":"","site-post-title":"","ast-breadcrumbs-content":"","ast-featured-img":"","footer-sml-layout":"","theme-transparent-header-meta":"","adv-header-id-meta":"","stick-header-meta":"","header-above-stick-meta":"","header-main-stick-meta":"","header-below-stick-meta":"","astra-migrate-meta-layouts":"default","ast-page-background-enabled":"default","ast-page-background-meta":{"desktop":{"background-color":"","background-image":"","background-repeat":"repeat","background-position":"center center","background-size":"auto","background-attachment":"scroll","background-type":"","background-media":"","overlay-type":"","overlay-color":"","overlay-opacity":"","overlay-gradient":""},"tablet":{"background-color":"","background-image":"","background-repeat":"repeat","background-position":"center center","background-size":"auto","background-attachment":"scroll","background-type":"","background-media":"","overlay-type":"","overlay-color":"","overlay-opacity":"","overlay-gradient":""},"mobile":{"background-color":"","background-image":"","background-repeat":"repeat","background-position":"center center","background-size":"auto","background-attachment":"scroll","background-type":"","background-media":"","overlay-type":"","overlay-color":"","overlay-opacity":"","overlay-gradient":""}},"ast-content-background-meta":{"desktop":{"background-color":"var(--ast-global-color-5)","background-image":"","background-repeat":"repeat","background-position":"center center","background-size":"auto","background-attachment":"scroll","background-type":"","background-media":"","overlay-type":"","overlay-color":"","overlay-opacity":"","overlay-gradient":""},"tablet":{"background-color":"var(--ast-global-color-5)","background-image":"","background-repeat":"repeat","background-position":"center center","background-size":"auto","background-attachment":"scroll","background-type":"","background-media":"","overlay-type":"","overlay-color":"","overlay-opacity":"","overlay-gradient":""},"mobile":{"background-color":"var(--ast-global-color-5)","background-image":"","background-repeat":"repeat","background-position":"center center","background-size":"auto","background-attachment":"scroll","background-type":"","background-media":"","overlay-type":"","overlay-color":"","overlay-opacity":"","overlay-gradient":""}},"footnotes":""},"class_list":["post-1411","page","type-page","status-publish","hentry"],"translation":{"provider":"WPGlobus","version":"3.0.2","language":"en","enabled_languages":["de","en"],"languages":{"de":{"title":true,"content":true,"excerpt":false},"en":{"title":false,"content":false,"excerpt":false}}},"featured_image_urls_v2":{"full":"","thumbnail":"","medium":"","medium_large":"","large":"","1536x1536":"","2048x2048":""},"post_excerpt_stackable_v2":"<p>Auch Angebotsbedingte Inflation Bei der Angebotsinflation handelt es sich um eine Art Lohn-Preis-Spirale, die nach und nach in Gang kommt und f\u00fcr steigende Preise im Inland sorgt. Zu Beginn der Angebotsinflation steigen auf Unternehmensseite die Kosten f\u00fcr die Produktion der Waren an. Die erh\u00f6hten Produktionskosten sind dabei oftmals auf gestiegene Energie- oder Rohstoffkosten zur\u00fcckzuf\u00fchren. Die Unternehmen versuchen nun jedoch ihre Gewinnmarge aufrechtzuerhalten, k\u00f6nnen dies jedoch nur tun, indem sie die Preise f\u00fcr ihre Waren und Dienstleistungen entsprechend erh\u00f6hen. Die Kaufkraft der Endverbraucher ist aufgrund der gestiegenen Preise gefallen, da sie sich die Produkte und Dienstleistungen nun nur noch in einem&hellip;<\/p>\n","category_list_v2":"","author_info_v2":{"name":"PrudentWater","url":"https:\/\/prudentwater.com\/en\/author\/niklas33\/"},"comments_num_v2":"0 comments","_links":{"self":[{"href":"https:\/\/prudentwater.com\/en\/wp-json\/wp\/v2\/pages\/1411","targetHints":{"allow":["GET"]}}],"collection":[{"href":"https:\/\/prudentwater.com\/en\/wp-json\/wp\/v2\/pages"}],"about":[{"href":"https:\/\/prudentwater.com\/en\/wp-json\/wp\/v2\/types\/page"}],"author":[{"embeddable":true,"href":"https:\/\/prudentwater.com\/en\/wp-json\/wp\/v2\/users\/1"}],"replies":[{"embeddable":true,"href":"https:\/\/prudentwater.com\/en\/wp-json\/wp\/v2\/comments?post=1411"}],"version-history":[{"count":0,"href":"https:\/\/prudentwater.com\/en\/wp-json\/wp\/v2\/pages\/1411\/revisions"}],"wp:attachment":[{"href":"https:\/\/prudentwater.com\/en\/wp-json\/wp\/v2\/media?parent=1411"}],"curies":[{"name":"wp","href":"https:\/\/api.w.org\/{rel}","templated":true}]}}