{"id":1421,"date":"2014-10-21T20:56:24","date_gmt":"2014-10-21T20:56:24","guid":{"rendered":"http:\/\/www.kunnskap.de\/?page_id=1421"},"modified":"2023-01-19T14:20:44","modified_gmt":"2023-01-19T13:20:44","slug":"nachfrageinflation","status":"publish","type":"page","link":"https:\/\/prudentwater.com\/en\/nachfrageinflation\/","title":{"rendered":"Nachfrageinflation"},"content":{"rendered":"<p>engl. <b>Demand Pull Inflation<\/b><br \/>\nAuch <b>Nachfragebedingte Inflation<\/b><\/p>\n<p>Bei der Nachfrageinflation \u00fcbersteigt die Gesamtnachfrage das aktuell zu den vorliegenden Preisen vorhandene G\u00fcterangebot. Die Nachfrage ist somit zurzeit h\u00f6her als das Angebot, die Unternehmen haben jedoch ihre maximalen Produktionskapazit\u00e4ten erreicht. Dies bedeutet, dass Unternehmen die gestiegene Nachfrage nicht durch eine Erh\u00f6hung der Produktion ausgleichen k\u00f6nnen, sondern stattdessen die Preise entsprechend erh\u00f6hen m\u00fcssen, um der Nachfrage wieder gerecht zu werden.<\/p>\n<h3>Beispiel der Nachfrageinflation<\/h3>\n<p>Bei der Inflation Anfang der 1920-er Jahre, welche 1923 in einer Hyperinflation endete, handelte es sich um eine Nachfrageinflation. Der Staat hat zu der Zeit massiv Geld gedruckt und dadurch in Umlauf gebracht, um die Reparationszahlungen aus dem Ersten Weltkrieg leisten zu k\u00f6nnen und Kriegsanleihen zu tilgen. Mit stetig erh\u00f6hter Geldmenge im Umlauf ist jedoch gleichzeitig auch die Nachfrage angestiegen, da die Menschen nun schlicht mehr Geld in der Tasche hatten, welches f\u00fcr Waren und Dienstleistungen ausgegeben werden konnte. Das Angebot konnte jedoch schon relativ schnell nicht mehr mithalten, weshalb Unternehmen aufgrund einer zu starken Nachfrage ihre Preise erst schrittweise und sp\u00e4ter ruckartig anheben mussten.<\/p>\n","protected":false},"excerpt":{"rendered":"<p>engl. Demand Pull Inflation Auch Nachfragebedingte Inflation Bei der Nachfrageinflation \u00fcbersteigt die Gesamtnachfrage das aktuell zu den vorliegenden Preisen vorhandene G\u00fcterangebot. Die Nachfrage ist somit zurzeit h\u00f6her als das Angebot, die Unternehmen haben jedoch ihre maximalen Produktionskapazit\u00e4ten erreicht. Dies bedeutet, dass Unternehmen die gestiegene Nachfrage nicht durch eine Erh\u00f6hung der Produktion ausgleichen k\u00f6nnen, sondern stattdessen [&hellip;]<\/p>\n","protected":false},"author":1,"featured_media":0,"parent":0,"menu_order":0,"comment_status":"closed","ping_status":"closed","template":"","meta":{"site-sidebar-layout":"default","site-content-layout":"","ast-site-content-layout":"","site-content-style":"default","site-sidebar-style":"default","ast-global-header-display":"","ast-banner-title-visibility":"","ast-main-header-display":"","ast-hfb-above-header-display":"","ast-hfb-below-header-display":"","ast-hfb-mobile-header-display":"","site-post-title":"","ast-breadcrumbs-content":"","ast-featured-img":"","footer-sml-layout":"","theme-transparent-header-meta":"","adv-header-id-meta":"","stick-header-meta":"","header-above-stick-meta":"","header-main-stick-meta":"","header-below-stick-meta":"","astra-migrate-meta-layouts":"default","ast-page-background-enabled":"default","ast-page-background-meta":{"desktop":{"background-color":"","background-image":"","background-repeat":"repeat","background-position":"center center","background-size":"auto","background-attachment":"scroll","background-type":"","background-media":"","overlay-type":"","overlay-color":"","overlay-opacity":"","overlay-gradient":""},"tablet":{"background-color":"","background-image":"","background-repeat":"repeat","background-position":"center center","background-size":"auto","background-attachment":"scroll","background-type":"","background-media":"","overlay-type":"","overlay-color":"","overlay-opacity":"","overlay-gradient":""},"mobile":{"background-color":"","background-image":"","background-repeat":"repeat","background-position":"center center","background-size":"auto","background-attachment":"scroll","background-type":"","background-media":"","overlay-type":"","overlay-color":"","overlay-opacity":"","overlay-gradient":""}},"ast-content-background-meta":{"desktop":{"background-color":"var(--ast-global-color-5)","background-image":"","background-repeat":"repeat","background-position":"center center","background-size":"auto","background-attachment":"scroll","background-type":"","background-media":"","overlay-type":"","overlay-color":"","overlay-opacity":"","overlay-gradient":""},"tablet":{"background-color":"var(--ast-global-color-5)","background-image":"","background-repeat":"repeat","background-position":"center center","background-size":"auto","background-attachment":"scroll","background-type":"","background-media":"","overlay-type":"","overlay-color":"","overlay-opacity":"","overlay-gradient":""},"mobile":{"background-color":"var(--ast-global-color-5)","background-image":"","background-repeat":"repeat","background-position":"center center","background-size":"auto","background-attachment":"scroll","background-type":"","background-media":"","overlay-type":"","overlay-color":"","overlay-opacity":"","overlay-gradient":""}},"footnotes":""},"class_list":["post-1421","page","type-page","status-publish","hentry"],"translation":{"provider":"WPGlobus","version":"3.0.2","language":"en","enabled_languages":["de","en"],"languages":{"de":{"title":true,"content":true,"excerpt":false},"en":{"title":false,"content":false,"excerpt":false}}},"featured_image_urls_v2":{"full":"","thumbnail":"","medium":"","medium_large":"","large":"","1536x1536":"","2048x2048":""},"post_excerpt_stackable_v2":"<p>engl. Demand Pull Inflation Auch Nachfragebedingte Inflation Bei der Nachfrageinflation \u00fcbersteigt die Gesamtnachfrage das aktuell zu den vorliegenden Preisen vorhandene G\u00fcterangebot. Die Nachfrage ist somit zurzeit h\u00f6her als das Angebot, die Unternehmen haben jedoch ihre maximalen Produktionskapazit\u00e4ten erreicht. Dies bedeutet, dass Unternehmen die gestiegene Nachfrage nicht durch eine Erh\u00f6hung der Produktion ausgleichen k\u00f6nnen, sondern stattdessen die Preise entsprechend erh\u00f6hen m\u00fcssen, um der Nachfrage wieder gerecht zu werden. Beispiel der Nachfrageinflation Bei der Inflation Anfang der 1920-er Jahre, welche 1923 in einer Hyperinflation endete, handelte es sich um eine Nachfrageinflation. Der Staat hat zu der Zeit massiv Geld gedruckt und dadurch&hellip;<\/p>\n","category_list_v2":"","author_info_v2":{"name":"PrudentWater","url":"https:\/\/prudentwater.com\/en\/author\/niklas33\/"},"comments_num_v2":"0 comments","_links":{"self":[{"href":"https:\/\/prudentwater.com\/en\/wp-json\/wp\/v2\/pages\/1421","targetHints":{"allow":["GET"]}}],"collection":[{"href":"https:\/\/prudentwater.com\/en\/wp-json\/wp\/v2\/pages"}],"about":[{"href":"https:\/\/prudentwater.com\/en\/wp-json\/wp\/v2\/types\/page"}],"author":[{"embeddable":true,"href":"https:\/\/prudentwater.com\/en\/wp-json\/wp\/v2\/users\/1"}],"replies":[{"embeddable":true,"href":"https:\/\/prudentwater.com\/en\/wp-json\/wp\/v2\/comments?post=1421"}],"version-history":[{"count":0,"href":"https:\/\/prudentwater.com\/en\/wp-json\/wp\/v2\/pages\/1421\/revisions"}],"wp:attachment":[{"href":"https:\/\/prudentwater.com\/en\/wp-json\/wp\/v2\/media?parent=1421"}],"curies":[{"name":"wp","href":"https:\/\/api.w.org\/{rel}","templated":true}]}}