{"id":1438,"date":"2014-10-22T16:31:26","date_gmt":"2014-10-22T16:31:26","guid":{"rendered":"http:\/\/www.kunnskap.de\/?page_id=1438"},"modified":"2021-06-25T12:50:11","modified_gmt":"2021-06-25T10:50:11","slug":"short-covering","status":"publish","type":"page","link":"https:\/\/prudentwater.com\/en\/short-covering\/","title":{"rendered":"Short-Covering"},"content":{"rendered":"<p>Auch <strong>Glattstellung<\/strong><\/p>\n<p>Short-Covering bezeichnet das Glattstellen einer Short-Position. Dazu muss ein Kauf von Wertpapieren stattfinden, um eine noch offene Position zu schlie\u00dfen.<br \/>\nEine Short-Position besteht, wenn ein Trader glaubt, dass der Preis einer Aktie fallen wird. Daraufhin leiht er sich die Aktien, verkauft diese anschlie\u00dfend sofort weiter und hofft, dass er die Aktien sp\u00e4ter zu einem g\u00fcnstigeren Preis zur\u00fcckkaufen kann und dadurch einen Gewinn erzielen kann. Dieser Prozess wird Leerverkauf genannt. Short-Covering ist dabei der Abschnitt, wo der Trader die Aktien zur\u00fcckkauft, um die noch offene Short-Position zu schlie\u00dfen.<br \/>\nMarktteilnehmer A besitzt eine Short-Position und hat sich daf\u00fcr bei Marktteilnehmer B Aktien geliehen, welche er sofort wieder an Marktteilnehmer C verkauft hat. Diese muss er jedoch nach einer gewissen Zeit an Marktteilnehmer B zur\u00fcckgeben. Um die Aktien zur\u00fcckgeben zu k\u00f6nnen, muss er die Aktien selbst noch am Markt von Marktteilnehmer D kaufen. Nachdem er die Aktien gekauft hat, kann er die Aktien an Marktteilnehmer B zur\u00fcckgeben. Dieser Vorgang wird Short-Covering genannt.<\/p>\n<p>Der Short-Covering-Prozess kommt dar\u00fcber hinaus auch beim Handel mit Futures und Optionen vor. Der Vorgang ist dabei gleich. Um sich von den Lieferverpflichtungen zu befreien, welche noch beim K\u00e4ufer von Futures auf einen bestimmten Rohstoff liegen, schlie\u00dft er diese Position, indem er genau dieselbe Menge an Futures mit gleicher Ausstattungsmerkmalen verkauft. \u2018Verkauft\u2019 bedeutet in diesem Fall, dass eine Short-Position gekauft wird. Die beiden Kontrakte heben sich nun auf und das Gesch\u00e4ft ist glattgestellt.<\/p>\n","protected":false},"excerpt":{"rendered":"<p>Auch Glattstellung Short-Covering bezeichnet das Glattstellen einer Short-Position. Dazu muss ein Kauf von Wertpapieren stattfinden, um eine noch offene Position zu schlie\u00dfen. Eine Short-Position besteht, wenn ein Trader glaubt, dass der Preis einer Aktie fallen wird. Daraufhin leiht er sich die Aktien, verkauft diese anschlie\u00dfend sofort weiter und hofft, dass er die Aktien sp\u00e4ter zu [&hellip;]<\/p>\n","protected":false},"author":1,"featured_media":0,"parent":0,"menu_order":0,"comment_status":"closed","ping_status":"closed","template":"","meta":{"site-sidebar-layout":"default","site-content-layout":"","ast-site-content-layout":"","site-content-style":"default","site-sidebar-style":"default","ast-global-header-display":"","ast-banner-title-visibility":"","ast-main-header-display":"","ast-hfb-above-header-display":"","ast-hfb-below-header-display":"","ast-hfb-mobile-header-display":"","site-post-title":"","ast-breadcrumbs-content":"","ast-featured-img":"","footer-sml-layout":"","theme-transparent-header-meta":"","adv-header-id-meta":"","stick-header-meta":"","header-above-stick-meta":"","header-main-stick-meta":"","header-below-stick-meta":"","astra-migrate-meta-layouts":"default","ast-page-background-enabled":"default","ast-page-background-meta":{"desktop":{"background-color":"","background-image":"","background-repeat":"repeat","background-position":"center center","background-size":"auto","background-attachment":"scroll","background-type":"","background-media":"","overlay-type":"","overlay-color":"","overlay-opacity":"","overlay-gradient":""},"tablet":{"background-color":"","background-image":"","background-repeat":"repeat","background-position":"center center","background-size":"auto","background-attachment":"scroll","background-type":"","background-media":"","overlay-type":"","overlay-color":"","overlay-opacity":"","overlay-gradient":""},"mobile":{"background-color":"","background-image":"","background-repeat":"repeat","background-position":"center center","background-size":"auto","background-attachment":"scroll","background-type":"","background-media":"","overlay-type":"","overlay-color":"","overlay-opacity":"","overlay-gradient":""}},"ast-content-background-meta":{"desktop":{"background-color":"var(--ast-global-color-5)","background-image":"","background-repeat":"repeat","background-position":"center center","background-size":"auto","background-attachment":"scroll","background-type":"","background-media":"","overlay-type":"","overlay-color":"","overlay-opacity":"","overlay-gradient":""},"tablet":{"background-color":"var(--ast-global-color-5)","background-image":"","background-repeat":"repeat","background-position":"center center","background-size":"auto","background-attachment":"scroll","background-type":"","background-media":"","overlay-type":"","overlay-color":"","overlay-opacity":"","overlay-gradient":""},"mobile":{"background-color":"var(--ast-global-color-5)","background-image":"","background-repeat":"repeat","background-position":"center center","background-size":"auto","background-attachment":"scroll","background-type":"","background-media":"","overlay-type":"","overlay-color":"","overlay-opacity":"","overlay-gradient":""}},"footnotes":""},"class_list":["post-1438","page","type-page","status-publish","hentry"],"translation":{"provider":"WPGlobus","version":"3.0.2","language":"en","enabled_languages":["de","en"],"languages":{"de":{"title":true,"content":true,"excerpt":false},"en":{"title":false,"content":false,"excerpt":false}}},"featured_image_urls_v2":{"full":"","thumbnail":"","medium":"","medium_large":"","large":"","1536x1536":"","2048x2048":""},"post_excerpt_stackable_v2":"<p>Auch Glattstellung Short-Covering bezeichnet das Glattstellen einer Short-Position. Dazu muss ein Kauf von Wertpapieren stattfinden, um eine noch offene Position zu schlie\u00dfen. Eine Short-Position besteht, wenn ein Trader glaubt, dass der Preis einer Aktie fallen wird. Daraufhin leiht er sich die Aktien, verkauft diese anschlie\u00dfend sofort weiter und hofft, dass er die Aktien sp\u00e4ter zu einem g\u00fcnstigeren Preis zur\u00fcckkaufen kann und dadurch einen Gewinn erzielen kann. Dieser Prozess wird Leerverkauf genannt. Short-Covering ist dabei der Abschnitt, wo der Trader die Aktien zur\u00fcckkauft, um die noch offene Short-Position zu schlie\u00dfen. Marktteilnehmer A besitzt eine Short-Position und hat sich daf\u00fcr bei Marktteilnehmer&hellip;<\/p>\n","category_list_v2":"","author_info_v2":{"name":"PrudentWater","url":"https:\/\/prudentwater.com\/en\/author\/niklas33\/"},"comments_num_v2":"0 comments","_links":{"self":[{"href":"https:\/\/prudentwater.com\/en\/wp-json\/wp\/v2\/pages\/1438","targetHints":{"allow":["GET"]}}],"collection":[{"href":"https:\/\/prudentwater.com\/en\/wp-json\/wp\/v2\/pages"}],"about":[{"href":"https:\/\/prudentwater.com\/en\/wp-json\/wp\/v2\/types\/page"}],"author":[{"embeddable":true,"href":"https:\/\/prudentwater.com\/en\/wp-json\/wp\/v2\/users\/1"}],"replies":[{"embeddable":true,"href":"https:\/\/prudentwater.com\/en\/wp-json\/wp\/v2\/comments?post=1438"}],"version-history":[{"count":0,"href":"https:\/\/prudentwater.com\/en\/wp-json\/wp\/v2\/pages\/1438\/revisions"}],"wp:attachment":[{"href":"https:\/\/prudentwater.com\/en\/wp-json\/wp\/v2\/media?parent=1438"}],"curies":[{"name":"wp","href":"https:\/\/api.w.org\/{rel}","templated":true}]}}