{"id":1452,"date":"2014-10-24T08:15:05","date_gmt":"2014-10-24T08:15:05","guid":{"rendered":"http:\/\/www.kunnskap.de\/?page_id=1452"},"modified":"2021-06-25T12:50:13","modified_gmt":"2021-06-25T10:50:13","slug":"termingeld","status":"publish","type":"page","link":"https:\/\/prudentwater.com\/en\/termingeld\/","title":{"rendered":"Termingeld"},"content":{"rendered":"<p>engl. <strong>Term Deposit<\/strong><\/p>\n<p>Als Termingeld wird eine kurz- bis mittelfristige Geldanlage bezeichnet, die oftmals als eine Art &#8216;Parkplatz&#8217; f\u00fcr zurzeit nicht ben\u00f6tigtes Geld dient. Diese Geldanlagen finden bei Kreditinstituten statt. Bei dem Termingeld wird zwischen Festgeldern und K\u00fcndigungsgeldern unterschieden:<\/p>\n<p>\t<strong><\/p>\n<li>Festgeld<\/li>\n<p><\/strong><br \/>\nFestgelder besitzen eine vorher vereinbarte Laufzeit (mindestens 30 Tage). W\u00e4hrend dieser Laufzeit wird das Festgeld mit demselben Zinssatz verzinst. Der Zinssatz beim Festgeld ist die ganze Zeit \u00fcber fest, egal was an den M\u00e4rkten passiert. In manchen F\u00e4llen kann das Festgeld vor Ablauf der vereinbarten Laufzeit gek\u00fcndigt werden, dann werden jedoch &#8220;Strafzinsen&#8221; von der Bank erhoben, da die vereinbarte Laufzeit nicht eingehalten wurde. Am Ende der Laufzeit kann das Festgeld, meist zum selben Zinssatz, verl\u00e4ngert werden oder es kann als normales Bankguthaben weitergef\u00fchrt werden.<\/p>\n<p>\t<strong><\/p>\n<li>K\u00fcndigungsgeld<\/li>\n<p><\/strong><br \/>\nBei dem K\u00fcndigungsgeld gibt es keine vertraglich vereinbarte Laufzeit. Daf\u00fcr einigen sich Bank und Anleger auf eine K\u00fcndigungsfrist. Sobald die Frist verstrichen ist, wird der Betrag plus Zinsen ausgezahlt. Die Zinsen f\u00fcr das K\u00fcndigungsgeld sind meist variabel.<\/p>\n<p>Termingelder gelten als unflexibel, da sie meist an eine bestimmte Laufzeit gebunden sind.<\/p>\n","protected":false},"excerpt":{"rendered":"<p>engl. Term Deposit Als Termingeld wird eine kurz- bis mittelfristige Geldanlage bezeichnet, die oftmals als eine Art &#8216;Parkplatz&#8217; f\u00fcr zurzeit nicht ben\u00f6tigtes Geld dient. Diese Geldanlagen finden bei Kreditinstituten statt. Bei dem Termingeld wird zwischen Festgeldern und K\u00fcndigungsgeldern unterschieden: Festgeld Festgelder besitzen eine vorher vereinbarte Laufzeit (mindestens 30 Tage). W\u00e4hrend dieser Laufzeit wird das Festgeld [&hellip;]<\/p>\n","protected":false},"author":1,"featured_media":0,"parent":0,"menu_order":0,"comment_status":"closed","ping_status":"closed","template":"","meta":{"site-sidebar-layout":"default","site-content-layout":"","ast-site-content-layout":"","site-content-style":"default","site-sidebar-style":"default","ast-global-header-display":"","ast-banner-title-visibility":"","ast-main-header-display":"","ast-hfb-above-header-display":"","ast-hfb-below-header-display":"","ast-hfb-mobile-header-display":"","site-post-title":"","ast-breadcrumbs-content":"","ast-featured-img":"","footer-sml-layout":"","theme-transparent-header-meta":"","adv-header-id-meta":"","stick-header-meta":"","header-above-stick-meta":"","header-main-stick-meta":"","header-below-stick-meta":"","astra-migrate-meta-layouts":"default","ast-page-background-enabled":"default","ast-page-background-meta":{"desktop":{"background-color":"","background-image":"","background-repeat":"repeat","background-position":"center center","background-size":"auto","background-attachment":"scroll","background-type":"","background-media":"","overlay-type":"","overlay-color":"","overlay-opacity":"","overlay-gradient":""},"tablet":{"background-color":"","background-image":"","background-repeat":"repeat","background-position":"center center","background-size":"auto","background-attachment":"scroll","background-type":"","background-media":"","overlay-type":"","overlay-color":"","overlay-opacity":"","overlay-gradient":""},"mobile":{"background-color":"","background-image":"","background-repeat":"repeat","background-position":"center center","background-size":"auto","background-attachment":"scroll","background-type":"","background-media":"","overlay-type":"","overlay-color":"","overlay-opacity":"","overlay-gradient":""}},"ast-content-background-meta":{"desktop":{"background-color":"var(--ast-global-color-5)","background-image":"","background-repeat":"repeat","background-position":"center center","background-size":"auto","background-attachment":"scroll","background-type":"","background-media":"","overlay-type":"","overlay-color":"","overlay-opacity":"","overlay-gradient":""},"tablet":{"background-color":"var(--ast-global-color-5)","background-image":"","background-repeat":"repeat","background-position":"center center","background-size":"auto","background-attachment":"scroll","background-type":"","background-media":"","overlay-type":"","overlay-color":"","overlay-opacity":"","overlay-gradient":""},"mobile":{"background-color":"var(--ast-global-color-5)","background-image":"","background-repeat":"repeat","background-position":"center center","background-size":"auto","background-attachment":"scroll","background-type":"","background-media":"","overlay-type":"","overlay-color":"","overlay-opacity":"","overlay-gradient":""}},"footnotes":""},"class_list":["post-1452","page","type-page","status-publish","hentry"],"translation":{"provider":"WPGlobus","version":"3.0.2","language":"en","enabled_languages":["de","en"],"languages":{"de":{"title":true,"content":true,"excerpt":false},"en":{"title":false,"content":false,"excerpt":false}}},"featured_image_urls_v2":{"full":"","thumbnail":"","medium":"","medium_large":"","large":"","1536x1536":"","2048x2048":""},"post_excerpt_stackable_v2":"<p>engl. Term Deposit Als Termingeld wird eine kurz- bis mittelfristige Geldanlage bezeichnet, die oftmals als eine Art &#8216;Parkplatz&#8217; f\u00fcr zurzeit nicht ben\u00f6tigtes Geld dient. Diese Geldanlagen finden bei Kreditinstituten statt. Bei dem Termingeld wird zwischen Festgeldern und K\u00fcndigungsgeldern unterschieden: Festgeld Festgelder besitzen eine vorher vereinbarte Laufzeit (mindestens 30 Tage). W\u00e4hrend dieser Laufzeit wird das Festgeld mit demselben Zinssatz verzinst. Der Zinssatz beim Festgeld ist die ganze Zeit \u00fcber fest, egal was an den M\u00e4rkten passiert. In manchen F\u00e4llen kann das Festgeld vor Ablauf der vereinbarten Laufzeit gek\u00fcndigt werden, dann werden jedoch &#8220;Strafzinsen&#8221; von der Bank erhoben, da die vereinbarte Laufzeit&hellip;<\/p>\n","category_list_v2":"","author_info_v2":{"name":"PrudentWater","url":"https:\/\/prudentwater.com\/en\/author\/niklas33\/"},"comments_num_v2":"0 comments","_links":{"self":[{"href":"https:\/\/prudentwater.com\/en\/wp-json\/wp\/v2\/pages\/1452","targetHints":{"allow":["GET"]}}],"collection":[{"href":"https:\/\/prudentwater.com\/en\/wp-json\/wp\/v2\/pages"}],"about":[{"href":"https:\/\/prudentwater.com\/en\/wp-json\/wp\/v2\/types\/page"}],"author":[{"embeddable":true,"href":"https:\/\/prudentwater.com\/en\/wp-json\/wp\/v2\/users\/1"}],"replies":[{"embeddable":true,"href":"https:\/\/prudentwater.com\/en\/wp-json\/wp\/v2\/comments?post=1452"}],"version-history":[{"count":0,"href":"https:\/\/prudentwater.com\/en\/wp-json\/wp\/v2\/pages\/1452\/revisions"}],"wp:attachment":[{"href":"https:\/\/prudentwater.com\/en\/wp-json\/wp\/v2\/media?parent=1452"}],"curies":[{"name":"wp","href":"https:\/\/api.w.org\/{rel}","templated":true}]}}