{"id":1470,"date":"2014-10-26T17:07:12","date_gmt":"2014-10-26T17:07:12","guid":{"rendered":"http:\/\/www.kunnskap.de\/?page_id=1470"},"modified":"2021-06-25T12:49:02","modified_gmt":"2021-06-25T10:49:02","slug":"geldmarkt","status":"publish","type":"page","link":"https:\/\/prudentwater.com\/en\/geldmarkt\/","title":{"rendered":"Geldmarkt"},"content":{"rendered":"<p>engl. <strong>Money Market<\/strong><\/p>\n<p>Der Geldmarkt ist ein nicht-lokalisierbarer Teilbereich des Finanzmarktes, auf welchem haupts\u00e4chlich Finanzinstitute und Zentralbanken agieren. Durch den Handel mit Geldmarktpapieren k\u00f6nnen diese am Geldmarkt kurzfristig Geld anlegen und \/ oder Geld aufnehmen. Der Geldmarkt dient somit in erster Linie dazu, \u00fcbersch\u00fcssige und zu dem Zeitpunkt nicht ben\u00f6tigte Liquidit\u00e4t kurzfristig anzulegen und auf der anderen Seite Geld aufzunehmen, um ein kurzfristiges Liquidit\u00e4tsdefizit auszugleichen. Der Ausgleich von Liquidit\u00e4ts\u00fcbersch\u00fcssen und -defiziten ist somit auch die wichtigste Aufgabe des Geldmarktes.<\/p>\n<h5>Zugang zum Geldmarkt<\/h5>\n<p>Die Laufzeit der Finanzgesch\u00e4fte betr\u00e4gt in der Regel nur einen Tag, kann jedoch bis maximal ein Jahr andauern. Auch Unternehmen abseits der Finanzbranche k\u00f6nnen am Geldmarkt agieren und dort kurzfristig Geld aufnehmen, m\u00fcssen dann jedoch \u00fcber eine erstklassige Bonit\u00e4t verf\u00fcgen. Privatanlegern ist der Geldmarkt aufgrund hoher Mindestsummen und einer erstklassigen Bonit\u00e4t nur indirekt \u00fcber beispielsweise Geldmarktfonds, ETFs oder Tagesgelder zug\u00e4nglich. Die Zentralbank nutzt dar\u00fcber hinaus den Geldmarkt, um ihre Geldpolitik umzusetzen und Einfluss auf die Geldmenge zu nehmen. Verfolgt sie eine expansive Geldpolitik, kann sie \u00fcber den Geldmarkt zus\u00e4tzliche Liquidit\u00e4t in das Bankensystem leiten. Verfolgt sie jedoch eine restriktive Geldpolitik, kann sie mittels Geldmarkt den Banken Liquidit\u00e4t entziehen.<\/p>\n","protected":false},"excerpt":{"rendered":"<p>engl. Money Market Der Geldmarkt ist ein nicht-lokalisierbarer Teilbereich des Finanzmarktes, auf welchem haupts\u00e4chlich Finanzinstitute und Zentralbanken agieren. Durch den Handel mit Geldmarktpapieren k\u00f6nnen diese am Geldmarkt kurzfristig Geld anlegen und \/ oder Geld aufnehmen. Der Geldmarkt dient somit in erster Linie dazu, \u00fcbersch\u00fcssige und zu dem Zeitpunkt nicht ben\u00f6tigte Liquidit\u00e4t kurzfristig anzulegen und auf [&hellip;]<\/p>\n","protected":false},"author":1,"featured_media":0,"parent":0,"menu_order":0,"comment_status":"closed","ping_status":"closed","template":"","meta":{"site-sidebar-layout":"default","site-content-layout":"","ast-site-content-layout":"","site-content-style":"default","site-sidebar-style":"default","ast-global-header-display":"","ast-banner-title-visibility":"","ast-main-header-display":"","ast-hfb-above-header-display":"","ast-hfb-below-header-display":"","ast-hfb-mobile-header-display":"","site-post-title":"","ast-breadcrumbs-content":"","ast-featured-img":"","footer-sml-layout":"","theme-transparent-header-meta":"","adv-header-id-meta":"","stick-header-meta":"","header-above-stick-meta":"","header-main-stick-meta":"","header-below-stick-meta":"","astra-migrate-meta-layouts":"default","ast-page-background-enabled":"default","ast-page-background-meta":{"desktop":{"background-color":"","background-image":"","background-repeat":"repeat","background-position":"center center","background-size":"auto","background-attachment":"scroll","background-type":"","background-media":"","overlay-type":"","overlay-color":"","overlay-opacity":"","overlay-gradient":""},"tablet":{"background-color":"","background-image":"","background-repeat":"repeat","background-position":"center center","background-size":"auto","background-attachment":"scroll","background-type":"","background-media":"","overlay-type":"","overlay-color":"","overlay-opacity":"","overlay-gradient":""},"mobile":{"background-color":"","background-image":"","background-repeat":"repeat","background-position":"center center","background-size":"auto","background-attachment":"scroll","background-type":"","background-media":"","overlay-type":"","overlay-color":"","overlay-opacity":"","overlay-gradient":""}},"ast-content-background-meta":{"desktop":{"background-color":"var(--ast-global-color-5)","background-image":"","background-repeat":"repeat","background-position":"center center","background-size":"auto","background-attachment":"scroll","background-type":"","background-media":"","overlay-type":"","overlay-color":"","overlay-opacity":"","overlay-gradient":""},"tablet":{"background-color":"var(--ast-global-color-5)","background-image":"","background-repeat":"repeat","background-position":"center center","background-size":"auto","background-attachment":"scroll","background-type":"","background-media":"","overlay-type":"","overlay-color":"","overlay-opacity":"","overlay-gradient":""},"mobile":{"background-color":"var(--ast-global-color-5)","background-image":"","background-repeat":"repeat","background-position":"center center","background-size":"auto","background-attachment":"scroll","background-type":"","background-media":"","overlay-type":"","overlay-color":"","overlay-opacity":"","overlay-gradient":""}},"footnotes":""},"class_list":["post-1470","page","type-page","status-publish","hentry"],"translation":{"provider":"WPGlobus","version":"3.0.2","language":"en","enabled_languages":["de","en"],"languages":{"de":{"title":true,"content":true,"excerpt":false},"en":{"title":false,"content":false,"excerpt":false}}},"featured_image_urls_v2":{"full":"","thumbnail":"","medium":"","medium_large":"","large":"","1536x1536":"","2048x2048":""},"post_excerpt_stackable_v2":"<p>engl. Money Market Der Geldmarkt ist ein nicht-lokalisierbarer Teilbereich des Finanzmarktes, auf welchem haupts\u00e4chlich Finanzinstitute und Zentralbanken agieren. Durch den Handel mit Geldmarktpapieren k\u00f6nnen diese am Geldmarkt kurzfristig Geld anlegen und \/ oder Geld aufnehmen. Der Geldmarkt dient somit in erster Linie dazu, \u00fcbersch\u00fcssige und zu dem Zeitpunkt nicht ben\u00f6tigte Liquidit\u00e4t kurzfristig anzulegen und auf der anderen Seite Geld aufzunehmen, um ein kurzfristiges Liquidit\u00e4tsdefizit auszugleichen. Der Ausgleich von Liquidit\u00e4ts\u00fcbersch\u00fcssen und -defiziten ist somit auch die wichtigste Aufgabe des Geldmarktes. Zugang zum Geldmarkt Die Laufzeit der Finanzgesch\u00e4fte betr\u00e4gt in der Regel nur einen Tag, kann jedoch bis maximal ein Jahr andauern.&hellip;<\/p>\n","category_list_v2":"","author_info_v2":{"name":"PrudentWater","url":"https:\/\/prudentwater.com\/en\/author\/niklas33\/"},"comments_num_v2":"0 comments","_links":{"self":[{"href":"https:\/\/prudentwater.com\/en\/wp-json\/wp\/v2\/pages\/1470","targetHints":{"allow":["GET"]}}],"collection":[{"href":"https:\/\/prudentwater.com\/en\/wp-json\/wp\/v2\/pages"}],"about":[{"href":"https:\/\/prudentwater.com\/en\/wp-json\/wp\/v2\/types\/page"}],"author":[{"embeddable":true,"href":"https:\/\/prudentwater.com\/en\/wp-json\/wp\/v2\/users\/1"}],"replies":[{"embeddable":true,"href":"https:\/\/prudentwater.com\/en\/wp-json\/wp\/v2\/comments?post=1470"}],"version-history":[{"count":0,"href":"https:\/\/prudentwater.com\/en\/wp-json\/wp\/v2\/pages\/1470\/revisions"}],"wp:attachment":[{"href":"https:\/\/prudentwater.com\/en\/wp-json\/wp\/v2\/media?parent=1470"}],"curies":[{"name":"wp","href":"https:\/\/api.w.org\/{rel}","templated":true}]}}