{"id":1474,"date":"2014-10-26T18:31:03","date_gmt":"2014-10-26T18:31:03","guid":{"rendered":"http:\/\/www.kunnskap.de\/?page_id=1474"},"modified":"2023-07-26T17:27:24","modified_gmt":"2023-07-26T15:27:24","slug":"inflation-wer-profitiert-wer-leidet","status":"publish","type":"page","link":"https:\/\/prudentwater.com\/en\/inflation-wer-profitiert-wer-leidet\/","title":{"rendered":"Inflation &#8211; Wer profitiert \/ wer leidet"},"content":{"rendered":"\n<div class=\"wp-block-stackable-heading stk-block-heading stk-block-heading--v2 stk-block stk-40c06f9\" id=\"strong-zentrale-kernaussagen-strong\" data-block-id=\"40c06f9\"><style>.stk-40c06f9{margin-bottom:15px !important}.stk-40c06f9 .stk-block-heading__text{font-size:16px !important;margin:0 !important;color:#da8611 !important;font-weight:400 !important;letter-spacing:1px !important}@media screen and (max-width:1023px){.stk-40c06f9 .stk-block-heading__text{font-size:17px !important}}<\/style><h2 class=\"stk-block-heading__text has-text-color\"><b>ZENTRALE KERNAUSSAGEN<\/b><\/h2><\/div>\n\n\n\n<ul class=\"has-ast-global-color-8-color has-text-color wp-block-list\" style=\"font-size:15px;font-style:normal;font-weight:500;line-height:2\">\n\n<li>Unter einer steigenden Inflation leidet der Gl\u00e4ubiger. Zum selben Zeitpunkt profitiert jedoch der Schuldner von der Inflation, denn mit der Geldentwertung schrumpft der reale Wert seiner Schulden.<\/li>\n<li>Die Kurse von herk\u00f6mmlichen Anleihen fallen oftmals in Zeiten von steigenden Inflationsraten. Gegen die Inflation kann sich der Anleger mittels einer inflationsindexierten Anleihe absichern.<\/li>\n<li>Besitzer von Sachwerten wie Immobilien oder Rohstoffen kommen oftmals am besten durch Phasen (stark) steigender Inflationsraten.<\/li>\n\n<\/ul>\n\n\n<p><!-- \/wp:post-content --><\/p>\n<hr>\n<p>Der Staat als gro\u00dfer Schuldner wird immer wieder als Gewinner der Inflation angesehen. Liegt die Inflationsrate \u00fcber dem Zins, zu dem sich der Staat Geld bei seinen Gl\u00e4ubigern geliehen hat, nehmen die Schulden des Staates real ab. Der Realwert der Verschuldung nimmt umso st\u00e4rker ab, je h\u00f6her die Inflationsrate \u00fcber dem Zinssatz liegt, zu dem er sich durchschnittlich verschuldet hat. Der nominale Wert der Staatsschulden bleibt dabei zwar unver\u00e4ndert, der reale Wert der Schulden sinkt jedoch durch die Geldentwertung. Oftmals haben sich Staaten schon Jahre vorher zu einem festen Zinssatz durch eine herk\u00f6mmliche Staatsanleihe verschuldet. Dieser Zinssatz wurde in der Vergangenheit festgelegt und lag damals auch noch \u00fcber der Inflationsrate. Steigt jedoch nun die Inflationsrate \u00fcber den zu zahlenden fixen Zinssatz, verringert sich der Realwert der Schulden. Alle anderen Schuldner profitieren von einer Inflation ebenfalls, solange der aufgenommene Kredit einen fixen Zinssatz hat und nicht periodisch an die Inflationsraten angepasst wird, wie es beispielsweise bei einem Floater der Fall ist. Zus\u00e4tzlich profitiert der Staat bei steigenden Inflationsraten aber auch durch h\u00f6here Steuereinnahmen wie vor allem durch die Mehrwertsteuer, da durch die Preiserh\u00f6hungen bei Waren und Dienstleistungen automatisch auch die darauf zu zahlende Steuer ansteigt. Der Staat ist also doppelter Profiteur der Inflation, da einerseits seine reale Schuldenlast abnimmt und gleichzeitig er h\u00f6here Steuereinnahmen erzielt.<div class=\"perfect-pullquote vcard pullquote-align-full pullquote-border-placement-left\" style=\"border-color:#abb8c3 !important;font-size:22px !important;\"><blockquote><p style=\"font-size:22px !important;\">Die Inflation l\u00e4sst die Staatsverschuldung beherrschbarer erscheinen, da diese gegen\u00fcber dem nominalen Bruttoinlandsprodukt gemessen wird, welches tendenziell h\u00f6her ausf\u00e4llt, wenn der Preisdruck ansteigt. Au\u00dferdem nehmen Regierungen in der Regel mehr Steuern ein, wenn die Preise steigen.<\/p><\/blockquote><\/div>Die Privatperson mit ihrem angesparten Geld auf dem Bankkonto leidet hingegen unter einer hohen Inflation, denn diese verursacht einen Wertverlust des Geldes, da der Zinssatz entweder nur zeitverz\u00f6gert angepasst wird oder unter der abnormalen Teuerungsrate liegt. Eine \u00fcber dem Zinssatz liegende Inflationsrate sorgt daf\u00fcr, dass die Kaufkraft des Geldes nach und nach abnimmt. Ein Kaufkraftverlust beschreibt hier, dass trotz unter Ber\u00fccksichtigung der Zinszahlungen, Privatpersonen f\u00fcr ihre Spareinlagen auf dem Bankkonto weniger Waren beim Einkauf erhalten als noch vor einem Jahr.<\/p>\n<h2>Auswirkungen der Inflation auf Aktien und Anleihen<\/h2>\n<p>F\u00fcr die Aktienm\u00e4rkte ist eine moderat steigende Inflation gew\u00f6hnlich positiv, da die Ums\u00e4tze und Gewinne der Unternehmen mit steigenden Preisen f\u00fcr G\u00fcter und Dienstleistungen h\u00f6her ausfallen. Ein starker Anstieg der Inflationsrate ist hingegen eher negativ f\u00fcr Unternehmen und verursacht in den meisten Branchen Kursverluste. Dies deshalb, weil nun die h\u00f6heren Ums\u00e4tze durch die gleichzeitig stark mitansteigenden Herstellungskosten &#8216;aufgefressen&#8217; werden und so die Gewinne schlie\u00dflich gedr\u00fcckt werden. Festverzinsliche Anleihen leiden unter einer st\u00e4rker ansteigenden Inflation als urspr\u00fcnglich erwartet, da der Realzins dieser Wertpapiere entsprechend sinkt. Deshalb ziehen sich Investoren aus Anleihen oftmals zur\u00fcck, sobald die Inflationsrate h\u00f6her als erwartet ausf\u00e4llt.<\/p>\n<h2>Von steigender Inflation profitieren<\/h2>\n<p>Profitieren von einer steigenden Inflationsrate kann der Privatanleger durch eine inflationsindexierte Anleihe. Diese Art von Anleihe bietet ihm einen Schutz vor Inflation, da die einzelnen Kuponzahlungen sowie der R\u00fcckzahlungsbetrag an einem Verbraucherpreisindex gekoppelt sind. Der Anleger kann sogar mittels inflationsindexierter Anleihe auf eine steigende Inflation spekulieren, da, falls es tats\u00e4chlich zu steigenden Verbraucherpreisen kommt, Kursgewinne mit dieser Anleihe erzielt werden. Ebenso werden aber auch Investitionen in Rohstoffe als Absicherungsvehikel oder Hedge gegen eine steigende Inflation genutzt. Vor allem dient Roh\u00f6l unter Gro\u00dfinvestoren gelegentlich als Hedge gegen hohe Inflationsraten, welche den Kurswert ihrer Anleihen fallen l\u00e4sst.<\/p>\n<h2>Fazit<\/h2>\n<p>Gewinner der Inflation sind die Schuldner, Verlierer der Inflation sind hingegen die Gl\u00e4ubiger, vorausgesetzt die Zinss\u00e4tze sind \u00fcber die Kreditlaufzeit fix und nicht variabel. Kreditgeber leiden zus\u00e4tzlich unter einer steigenden Inflation, da der Anteil an Krediten, die ausfallen und nicht mehr ordnungsgem\u00e4\u00df von den Schuldnern getilgt werden k\u00f6nnen &#8211; sogenannte notleidende Kredite &#8211; deutlich ansteigen kann. Je st\u00e4rker und hartn\u00e4ckiger die Inflation jedoch ausf\u00e4llt, desto mehr Leute leiden letztendlich auch unter ihr. Denn starke Inflationsraten \u00fcber einen mittel bis langfristigen Zeitraum haben in der Vergangenheit auch immer zu einer gleichzeitig ansteigenden Arbeitslosigkeit gef\u00fchrt.<\/p>","protected":false},"excerpt":{"rendered":"<p>ZENTRALE KERNAUSSAGEN Der Staat als gro\u00dfer Schuldner wird immer wieder als Gewinner der Inflation angesehen. Liegt die Inflationsrate \u00fcber dem Zins, zu dem sich der Staat Geld bei seinen Gl\u00e4ubigern geliehen hat, nehmen die Schulden des Staates real ab. Der Realwert der Verschuldung nimmt umso st\u00e4rker ab, je h\u00f6her die Inflationsrate \u00fcber dem Zinssatz liegt, [&hellip;]<\/p>\n","protected":false},"author":1,"featured_media":0,"parent":0,"menu_order":0,"comment_status":"closed","ping_status":"closed","template":"","meta":{"site-sidebar-layout":"default","site-content-layout":"default","ast-site-content-layout":"","site-content-style":"default","site-sidebar-style":"default","ast-global-header-display":"","ast-banner-title-visibility":"","ast-main-header-display":"","ast-hfb-above-header-display":"","ast-hfb-below-header-display":"","ast-hfb-mobile-header-display":"","site-post-title":"","ast-breadcrumbs-content":"","ast-featured-img":"","footer-sml-layout":"","theme-transparent-header-meta":"default","adv-header-id-meta":"","stick-header-meta":"","header-above-stick-meta":"","header-main-stick-meta":"","header-below-stick-meta":"","astra-migrate-meta-layouts":"default","ast-page-background-enabled":"default","ast-page-background-meta":{"desktop":{"background-color":"","background-image":"","background-repeat":"repeat","background-position":"center center","background-size":"auto","background-attachment":"scroll","background-type":"","background-media":"","overlay-type":"","overlay-color":"","overlay-opacity":"","overlay-gradient":""},"tablet":{"background-color":"","background-image":"","background-repeat":"repeat","background-position":"center center","background-size":"auto","background-attachment":"scroll","background-type":"","background-media":"","overlay-type":"","overlay-color":"","overlay-opacity":"","overlay-gradient":""},"mobile":{"background-color":"","background-image":"","background-repeat":"repeat","background-position":"center center","background-size":"auto","background-attachment":"scroll","background-type":"","background-media":"","overlay-type":"","overlay-color":"","overlay-opacity":"","overlay-gradient":""}},"ast-content-background-meta":{"desktop":{"background-color":"var(--ast-global-color-5)","background-image":"","background-repeat":"repeat","background-position":"center center","background-size":"auto","background-attachment":"scroll","background-type":"","background-media":"","overlay-type":"","overlay-color":"","overlay-opacity":"","overlay-gradient":""},"tablet":{"background-color":"var(--ast-global-color-5)","background-image":"","background-repeat":"repeat","background-position":"center center","background-size":"auto","background-attachment":"scroll","background-type":"","background-media":"","overlay-type":"","overlay-color":"","overlay-opacity":"","overlay-gradient":""},"mobile":{"background-color":"var(--ast-global-color-5)","background-image":"","background-repeat":"repeat","background-position":"center center","background-size":"auto","background-attachment":"scroll","background-type":"","background-media":"","overlay-type":"","overlay-color":"","overlay-opacity":"","overlay-gradient":""}},"footnotes":""},"class_list":["post-1474","page","type-page","status-publish","hentry"],"translation":{"provider":"WPGlobus","version":"3.0.2","language":"en","enabled_languages":["de","en"],"languages":{"de":{"title":true,"content":true,"excerpt":false},"en":{"title":false,"content":false,"excerpt":false}}},"featured_image_urls_v2":{"full":"","thumbnail":"","medium":"","medium_large":"","large":"","1536x1536":"","2048x2048":""},"post_excerpt_stackable_v2":"<p>ZENTRALE KERNAUSSAGEN Unter einer steigenden Inflation leidet der Gl\u00e4ubiger. Zum selben Zeitpunkt profitiert jedoch der Schuldner von der Inflation, denn mit der Geldentwertung schrumpft der reale Wert seiner Schulden. Die Kurse von herk\u00f6mmlichen Anleihen fallen oftmals in Zeiten von steigenden Inflationsraten. Gegen die Inflation kann sich der Anleger mittels einer inflationsindexierten Anleihe absichern. Besitzer von Sachwerten wie Immobilien oder Rohstoffen kommen oftmals am besten durch Phasen (stark) steigender Inflationsraten. Der Staat als gro\u00dfer Schuldner wird immer wieder als Gewinner der Inflation angesehen. Liegt die Inflationsrate \u00fcber dem Zins, zu dem sich der Staat Geld bei seinen Gl\u00e4ubigern geliehen hat, nehmen&hellip;<\/p>\n","category_list_v2":"","author_info_v2":{"name":"PrudentWater","url":"https:\/\/prudentwater.com\/en\/author\/niklas33\/"},"comments_num_v2":"0 comments","_links":{"self":[{"href":"https:\/\/prudentwater.com\/en\/wp-json\/wp\/v2\/pages\/1474","targetHints":{"allow":["GET"]}}],"collection":[{"href":"https:\/\/prudentwater.com\/en\/wp-json\/wp\/v2\/pages"}],"about":[{"href":"https:\/\/prudentwater.com\/en\/wp-json\/wp\/v2\/types\/page"}],"author":[{"embeddable":true,"href":"https:\/\/prudentwater.com\/en\/wp-json\/wp\/v2\/users\/1"}],"replies":[{"embeddable":true,"href":"https:\/\/prudentwater.com\/en\/wp-json\/wp\/v2\/comments?post=1474"}],"version-history":[{"count":0,"href":"https:\/\/prudentwater.com\/en\/wp-json\/wp\/v2\/pages\/1474\/revisions"}],"wp:attachment":[{"href":"https:\/\/prudentwater.com\/en\/wp-json\/wp\/v2\/media?parent=1474"}],"curies":[{"name":"wp","href":"https:\/\/api.w.org\/{rel}","templated":true}]}}