{"id":1486,"date":"2014-10-26T23:03:46","date_gmt":"2014-10-26T23:03:46","guid":{"rendered":"http:\/\/www.kunnskap.de\/?page_id=1486"},"modified":"2023-02-24T22:50:34","modified_gmt":"2023-02-24T21:50:34","slug":"nullkuponanleihe","status":"publish","type":"page","link":"https:\/\/prudentwater.com\/en\/nullkuponanleihe\/","title":{"rendered":"Nullkuponanleihe"},"content":{"rendered":"<p>engl. <b>Zero Coupon Bond<\/b><\/p>\n\n\n<div class=\"wp-block-stackable-notification stk-block-notification stk-block stk-b3a7798 is-style-plain\" data-block-id=\"b3a7798\"><style>.stk-b3a7798{box-shadow:0px 2px 20px rgba(153,153,153,0.2) !important}.stk-b3a7798-container{border-radius:20px !important;overflow:hidden !important;box-shadow:0px 10px 60px rgba(0,0,0,0.1) !important}.stk-b3a7798 .stk-block-notification__content{padding-top:32px !important;padding-right:32px !important;padding-bottom:32px !important;padding-left:32px !important}<\/style><div class=\"stk-block-notification__content stk-content-align stk-b3a7798-column stk-container stk-b3a7798-container stk--no-background stk--no-padding\"><div class=\"stk-block-content stk-inner-blocks\">\n<div class=\"wp-block-stackable-heading stk-block-heading stk-block-heading--v2 stk-block stk-40c06f9\" id=\"strong-zentrale-kernaussagen-strong\" data-block-id=\"40c06f9\"><style>.stk-40c06f9{margin-bottom:15px !important}.stk-40c06f9 .stk-block-heading__text{font-size:16px !important;margin:0 !important;color:#da8611 !important;font-weight:400 !important;letter-spacing:1px !important}@media screen and (max-width:1023px){.stk-40c06f9 .stk-block-heading__text{font-size:17px !important}}<\/style><h2 class=\"stk-block-heading__text has-text-color\"><b>ZENTRALE KERNAUSSAGEN<\/b><\/h2><\/div>\n\n\n\n<ul class=\"has-ast-global-color-8-color has-text-color wp-block-list\" style=\"font-size:16px;font-style:normal;font-weight:500;line-height:2\">\n<li>Eine Nullkuponanleihe bietet keine Zinszahlungen w\u00e4hrend der gesamten Laufzeit. Stattdessen wird die Anleihe zu einem Diskont (einem Preis unter dem Nominalwert) verkauft und am Ende der Laufzeit zum Nominalwert von 100 %  zur\u00fcckgezahlt. Der Unterschied zwischen dem Diskontpreis und dem Nominalwert stellt den Zinsgewinn dar, den der K\u00e4ufer erzielt.<\/li>\n\n\n\n<li>Bei Ver\u00e4nderungen des allgemeinen Zinsniveaus reagieren Nullkuponanleihen in der Regel sensibler als klassische Anleihen.<\/li>\n<\/ul>\n<\/div><\/div><\/div>\n\n\n<p>Nullkuponanleihen besitzen keinen Kupon und zahlen somit w\u00e4hrend ihrer gesamten Laufzeit keine Zinsen. Stattdessen beinhaltet der Emissionskurs einen entsprechenden Abschlag (Disagio), welcher vom Emittenten als Rechnungsabgrenzungsposten in der Bilanz aktiviert werden kann. Am F\u00e4lligkeitstag wird die Anleihe dann jedoch zum Nominalwert von 100 % zur\u00fcckbezahlt. Der Anleger erzielt mit der Nullkuponanleihe somit seine Rendite durch die Differenz zwischen Emissionspreis und dem h\u00f6heren R\u00fcckzahlungspreis. Die Jahresrendite einer Nullkuponanleihe l\u00e4sst sich nach der folgenden Formel berechnen:\n<\/p>\n<p><\/p>\n<p><\/p><center><img loading=\"lazy\" decoding=\"async\" src=\"https:\/\/prudentwater.com\/wp-content\/uploads\/2020\/03\/nullkuponanleihe.bmp\" alt=\"nullkuponanleihe\" class=\"alignnone size-full wp-image-7935\" width=\"597\" height=\"69\" title=\"\"><\/center><p><\/p>\n<p><b><small>Beispiel<\/small><\/b><br>\nEine Nullkuponanleihe mit einem Nominalwert von 1000 Euro wird vom Emittenten f\u00fcr 800 Euro ausgegeben. Wird die Anleihe nach 10 Jahren f\u00e4llig, so erh\u00e4lt der K\u00e4ufer 1000 Euro zur\u00fcck, was einen Zinsgewinn von 200 Euro oder 25% \u00fcber die 10-j\u00e4hrige Laufzeit bedeutet. Dies wiederum entspricht einer Jahresrendite von 2,5 %.<\/p>\n<h3>Vor- und Nachteile von Nullkuponanleihen<\/h3>\n<p>Der Vorteil einer Nullkuponanleihe liegt darin, dass im Gegensatz zu einer herk\u00f6mmlichen Anleihe kein Wiederanlagerisiko (zu einem dann m\u00f6glicherweise niedrigen Zinssatz) f\u00fcr die zwischenzeitlichen Kuponzahlungen besteht. Nullkuponanleihen zahlen Zinsen am Ende der Laufzeit. Nullkuponanleihen reagieren bez\u00fcglich Zins\u00e4nderungen am Markt in der Regel jedoch sensibler als klassische Anleihen. Die Kurse solcher Anleihen k\u00f6nnen w\u00e4hrend ihrer Laufzeit deshalb deutlich st\u00e4rker schwanken. Steigt der aktuelle Marktzins \u00fcber die urspr\u00fcngliche Jahresrendite, so wird der Kursanstieg der Nullkuponanleihe flacher oder sogar r\u00fcckl\u00e4ufig. F\u00e4llt jedoch der aktuelle Marktzins unter die urspr\u00fcngliche Jahresrendite, so wird der Kurs steiler ansteigen.<\/p>","protected":false},"excerpt":{"rendered":"<p>engl. Zero Coupon Bond ZENTRALE KERNAUSSAGEN Nullkuponanleihen besitzen keinen Kupon und zahlen somit w\u00e4hrend ihrer gesamten Laufzeit keine Zinsen. Stattdessen beinhaltet der Emissionskurs einen entsprechenden Abschlag (Disagio), welcher vom Emittenten als Rechnungsabgrenzungsposten in der Bilanz aktiviert werden kann. Am F\u00e4lligkeitstag wird die Anleihe dann jedoch zum Nominalwert von 100 % zur\u00fcckbezahlt. Der Anleger erzielt mit [&hellip;]<\/p>\n","protected":false},"author":1,"featured_media":0,"parent":0,"menu_order":0,"comment_status":"closed","ping_status":"closed","template":"","meta":{"site-sidebar-layout":"default","site-content-layout":"","ast-site-content-layout":"","site-content-style":"default","site-sidebar-style":"default","ast-global-header-display":"","ast-banner-title-visibility":"","ast-main-header-display":"","ast-hfb-above-header-display":"","ast-hfb-below-header-display":"","ast-hfb-mobile-header-display":"","site-post-title":"","ast-breadcrumbs-content":"","ast-featured-img":"","footer-sml-layout":"","theme-transparent-header-meta":"","adv-header-id-meta":"","stick-header-meta":"","header-above-stick-meta":"","header-main-stick-meta":"","header-below-stick-meta":"","astra-migrate-meta-layouts":"default","ast-page-background-enabled":"default","ast-page-background-meta":{"desktop":{"background-color":"","background-image":"","background-repeat":"repeat","background-position":"center center","background-size":"auto","background-attachment":"scroll","background-type":"","background-media":"","overlay-type":"","overlay-color":"","overlay-opacity":"","overlay-gradient":""},"tablet":{"background-color":"","background-image":"","background-repeat":"repeat","background-position":"center center","background-size":"auto","background-attachment":"scroll","background-type":"","background-media":"","overlay-type":"","overlay-color":"","overlay-opacity":"","overlay-gradient":""},"mobile":{"background-color":"","background-image":"","background-repeat":"repeat","background-position":"center center","background-size":"auto","background-attachment":"scroll","background-type":"","background-media":"","overlay-type":"","overlay-color":"","overlay-opacity":"","overlay-gradient":""}},"ast-content-background-meta":{"desktop":{"background-color":"var(--ast-global-color-5)","background-image":"","background-repeat":"repeat","background-position":"center center","background-size":"auto","background-attachment":"scroll","background-type":"","background-media":"","overlay-type":"","overlay-color":"","overlay-opacity":"","overlay-gradient":""},"tablet":{"background-color":"var(--ast-global-color-5)","background-image":"","background-repeat":"repeat","background-position":"center center","background-size":"auto","background-attachment":"scroll","background-type":"","background-media":"","overlay-type":"","overlay-color":"","overlay-opacity":"","overlay-gradient":""},"mobile":{"background-color":"var(--ast-global-color-5)","background-image":"","background-repeat":"repeat","background-position":"center center","background-size":"auto","background-attachment":"scroll","background-type":"","background-media":"","overlay-type":"","overlay-color":"","overlay-opacity":"","overlay-gradient":""}},"footnotes":""},"class_list":["post-1486","page","type-page","status-publish","hentry"],"translation":{"provider":"WPGlobus","version":"3.0.2","language":"en","enabled_languages":["de","en"],"languages":{"de":{"title":true,"content":true,"excerpt":false},"en":{"title":false,"content":false,"excerpt":false}}},"featured_image_urls_v2":{"full":"","thumbnail":"","medium":"","medium_large":"","large":"","1536x1536":"","2048x2048":""},"post_excerpt_stackable_v2":"<p>engl. Zero Coupon Bond ZENTRALE KERNAUSSAGEN Eine Nullkuponanleihe bietet keine Zinszahlungen w\u00e4hrend der gesamten Laufzeit. Stattdessen wird die Anleihe zu einem Diskont (einem Preis unter dem Nominalwert) verkauft und am Ende der Laufzeit zum Nominalwert von 100 % zur\u00fcckgezahlt. Der Unterschied zwischen dem Diskontpreis und dem Nominalwert stellt den Zinsgewinn dar, den der K\u00e4ufer erzielt. Bei Ver\u00e4nderungen des allgemeinen Zinsniveaus reagieren Nullkuponanleihen in der Regel sensibler als klassische Anleihen. Nullkuponanleihen besitzen keinen Kupon und zahlen somit w\u00e4hrend ihrer gesamten Laufzeit keine Zinsen. Stattdessen beinhaltet der Emissionskurs einen entsprechenden Abschlag (Disagio), welcher vom Emittenten als Rechnungsabgrenzungsposten in der Bilanz aktiviert werden&hellip;<\/p>\n","category_list_v2":"","author_info_v2":{"name":"PrudentWater","url":"https:\/\/prudentwater.com\/en\/author\/niklas33\/"},"comments_num_v2":"0 comments","_links":{"self":[{"href":"https:\/\/prudentwater.com\/en\/wp-json\/wp\/v2\/pages\/1486","targetHints":{"allow":["GET"]}}],"collection":[{"href":"https:\/\/prudentwater.com\/en\/wp-json\/wp\/v2\/pages"}],"about":[{"href":"https:\/\/prudentwater.com\/en\/wp-json\/wp\/v2\/types\/page"}],"author":[{"embeddable":true,"href":"https:\/\/prudentwater.com\/en\/wp-json\/wp\/v2\/users\/1"}],"replies":[{"embeddable":true,"href":"https:\/\/prudentwater.com\/en\/wp-json\/wp\/v2\/comments?post=1486"}],"version-history":[{"count":0,"href":"https:\/\/prudentwater.com\/en\/wp-json\/wp\/v2\/pages\/1486\/revisions"}],"wp:attachment":[{"href":"https:\/\/prudentwater.com\/en\/wp-json\/wp\/v2\/media?parent=1486"}],"curies":[{"name":"wp","href":"https:\/\/api.w.org\/{rel}","templated":true}]}}