{"id":149,"date":"2014-08-15T22:05:08","date_gmt":"2014-08-15T22:05:08","guid":{"rendered":"http:\/\/www.kunnskap.de\/?page_id=149"},"modified":"2021-06-25T12:48:19","modified_gmt":"2021-06-25T10:48:19","slug":"auserordentliche-hauptversammlung","status":"publish","type":"page","link":"https:\/\/prudentwater.com\/en\/auserordentliche-hauptversammlung\/","title":{"rendered":"Au\u00dferordentliche Hauptversammlung"},"content":{"rendered":"<p>engl. <strong>Extraordinary General Meeting<\/strong><\/p>\n<p>Eine au\u00dferordentliche Hauptversammlung kann aufgrund besonderer Anl\u00e4sse oder Ereignisse vom Vorstand, vom Aufsichtsrat oder von den Aktion\u00e4ren einberufen werden. Diese findet nicht j\u00e4hrlich statt, sondern nur zu gegebenen Anlass. Besondere Anl\u00e4sse k\u00f6nnen zum Beispiel unerwartet eintretende Ereignisse wie \u00dcbernahmen oder Fusionen sein oder aber auch n\u00f6tige Kapitalma\u00dfnahmen.<\/p>\n","protected":false},"excerpt":{"rendered":"<p>engl. Extraordinary General Meeting Eine au\u00dferordentliche Hauptversammlung kann aufgrund besonderer Anl\u00e4sse oder Ereignisse vom Vorstand, vom Aufsichtsrat oder von den Aktion\u00e4ren einberufen werden. Diese findet nicht j\u00e4hrlich statt, sondern nur zu gegebenen Anlass. Besondere Anl\u00e4sse k\u00f6nnen zum Beispiel unerwartet eintretende Ereignisse wie \u00dcbernahmen oder Fusionen sein oder aber auch n\u00f6tige Kapitalma\u00dfnahmen.<\/p>\n","protected":false},"author":1,"featured_media":0,"parent":0,"menu_order":0,"comment_status":"closed","ping_status":"closed","template":"","meta":{"site-sidebar-layout":"default","site-content-layout":"","ast-site-content-layout":"","site-content-style":"default","site-sidebar-style":"default","ast-global-header-display":"","ast-banner-title-visibility":"","ast-main-header-display":"","ast-hfb-above-header-display":"","ast-hfb-below-header-display":"","ast-hfb-mobile-header-display":"","site-post-title":"","ast-breadcrumbs-content":"","ast-featured-img":"","footer-sml-layout":"","theme-transparent-header-meta":"","adv-header-id-meta":"","stick-header-meta":"","header-above-stick-meta":"","header-main-stick-meta":"","header-below-stick-meta":"","astra-migrate-meta-layouts":"default","ast-page-background-enabled":"default","ast-page-background-meta":{"desktop":{"background-color":"","background-image":"","background-repeat":"repeat","background-position":"center center","background-size":"auto","background-attachment":"scroll","background-type":"","background-media":"","overlay-type":"","overlay-color":"","overlay-opacity":"","overlay-gradient":""},"tablet":{"background-color":"","background-image":"","background-repeat":"repeat","background-position":"center center","background-size":"auto","background-attachment":"scroll","background-type":"","background-media":"","overlay-type":"","overlay-color":"","overlay-opacity":"","overlay-gradient":""},"mobile":{"background-color":"","background-image":"","background-repeat":"repeat","background-position":"center center","background-size":"auto","background-attachment":"scroll","background-type":"","background-media":"","overlay-type":"","overlay-color":"","overlay-opacity":"","overlay-gradient":""}},"ast-content-background-meta":{"desktop":{"background-color":"var(--ast-global-color-5)","background-image":"","background-repeat":"repeat","background-position":"center center","background-size":"auto","background-attachment":"scroll","background-type":"","background-media":"","overlay-type":"","overlay-color":"","overlay-opacity":"","overlay-gradient":""},"tablet":{"background-color":"var(--ast-global-color-5)","background-image":"","background-repeat":"repeat","background-position":"center center","background-size":"auto","background-attachment":"scroll","background-type":"","background-media":"","overlay-type":"","overlay-color":"","overlay-opacity":"","overlay-gradient":""},"mobile":{"background-color":"var(--ast-global-color-5)","background-image":"","background-repeat":"repeat","background-position":"center center","background-size":"auto","background-attachment":"scroll","background-type":"","background-media":"","overlay-type":"","overlay-color":"","overlay-opacity":"","overlay-gradient":""}},"footnotes":""},"class_list":["post-149","page","type-page","status-publish","hentry"],"translation":{"provider":"WPGlobus","version":"3.0.2","language":"en","enabled_languages":["de","en"],"languages":{"de":{"title":true,"content":true,"excerpt":false},"en":{"title":false,"content":false,"excerpt":false}}},"featured_image_urls_v2":{"full":"","thumbnail":"","medium":"","medium_large":"","large":"","1536x1536":"","2048x2048":""},"post_excerpt_stackable_v2":"<p>engl. Extraordinary General Meeting Eine au\u00dferordentliche Hauptversammlung kann aufgrund besonderer Anl\u00e4sse oder Ereignisse vom Vorstand, vom Aufsichtsrat oder von den Aktion\u00e4ren einberufen werden. Diese findet nicht j\u00e4hrlich statt, sondern nur zu gegebenen Anlass. Besondere Anl\u00e4sse k\u00f6nnen zum Beispiel unerwartet eintretende Ereignisse wie \u00dcbernahmen oder Fusionen sein oder aber auch n\u00f6tige Kapitalma\u00dfnahmen.<\/p>\n","category_list_v2":"","author_info_v2":{"name":"PrudentWater","url":"https:\/\/prudentwater.com\/en\/author\/niklas33\/"},"comments_num_v2":"0 comments","_links":{"self":[{"href":"https:\/\/prudentwater.com\/en\/wp-json\/wp\/v2\/pages\/149","targetHints":{"allow":["GET"]}}],"collection":[{"href":"https:\/\/prudentwater.com\/en\/wp-json\/wp\/v2\/pages"}],"about":[{"href":"https:\/\/prudentwater.com\/en\/wp-json\/wp\/v2\/types\/page"}],"author":[{"embeddable":true,"href":"https:\/\/prudentwater.com\/en\/wp-json\/wp\/v2\/users\/1"}],"replies":[{"embeddable":true,"href":"https:\/\/prudentwater.com\/en\/wp-json\/wp\/v2\/comments?post=149"}],"version-history":[{"count":0,"href":"https:\/\/prudentwater.com\/en\/wp-json\/wp\/v2\/pages\/149\/revisions"}],"wp:attachment":[{"href":"https:\/\/prudentwater.com\/en\/wp-json\/wp\/v2\/media?parent=149"}],"curies":[{"name":"wp","href":"https:\/\/api.w.org\/{rel}","templated":true}]}}