{"id":1492,"date":"2014-10-28T09:36:37","date_gmt":"2014-10-28T09:36:37","guid":{"rendered":"http:\/\/www.kunnskap.de\/?page_id=1492"},"modified":"2021-06-25T12:49:04","modified_gmt":"2021-06-25T10:49:04","slug":"harmonisierter-verbraucherpreisindex","status":"publish","type":"page","link":"https:\/\/prudentwater.com\/en\/harmonisierter-verbraucherpreisindex\/","title":{"rendered":"Harmonisierter Verbraucherpreisindex"},"content":{"rendered":"<p>Auch <strong>HVPI<\/strong><br \/>\nengl. <strong>Harmonised Index of Consumer Prices<\/strong><\/p>\n<p>Der harmonisierte Verbraucherpreisindex dient dazu, die Inflationsraten der einzelnen EU-Staaten m\u00f6glichst genau miteinander vergleichen zu k\u00f6nnen. Der Index wird f\u00fcr jedes EU-Land von Eurostat berechnet, sodass hinterher die Preisentwicklung in dem jeweiligen Land sichtbar wird. Somit m\u00fcssen nat\u00fcrlich in allen EU-L\u00e4ndern die gleichen Berechnungsgrundlagen gelten. Anschlie\u00dfend l\u00e4sst sich die Preisstabilit\u00e4t der verschiedenen L\u00e4nder miteinander vergleichen.<br \/>\nHinterher werden die Ergebnisse der einzelnen Staaten zu einem Gesamtindex f\u00fcr den Euroraum oder die Europ\u00e4ische Union zusammengestellt. Die Ver\u00e4nderung der Index Ratio \u00fcber ein Kalenderjahr zeigt dann die j\u00e4hrliche Inflationsrate im Euroraum auf.<\/p>\n","protected":false},"excerpt":{"rendered":"<p>Auch HVPI engl. Harmonised Index of Consumer Prices Der harmonisierte Verbraucherpreisindex dient dazu, die Inflationsraten der einzelnen EU-Staaten m\u00f6glichst genau miteinander vergleichen zu k\u00f6nnen. Der Index wird f\u00fcr jedes EU-Land von Eurostat berechnet, sodass hinterher die Preisentwicklung in dem jeweiligen Land sichtbar wird. Somit m\u00fcssen nat\u00fcrlich in allen EU-L\u00e4ndern die gleichen Berechnungsgrundlagen gelten. Anschlie\u00dfend l\u00e4sst [&hellip;]<\/p>\n","protected":false},"author":1,"featured_media":0,"parent":0,"menu_order":0,"comment_status":"closed","ping_status":"closed","template":"","meta":{"site-sidebar-layout":"default","site-content-layout":"","ast-site-content-layout":"","site-content-style":"default","site-sidebar-style":"default","ast-global-header-display":"","ast-banner-title-visibility":"","ast-main-header-display":"","ast-hfb-above-header-display":"","ast-hfb-below-header-display":"","ast-hfb-mobile-header-display":"","site-post-title":"","ast-breadcrumbs-content":"","ast-featured-img":"","footer-sml-layout":"","theme-transparent-header-meta":"","adv-header-id-meta":"","stick-header-meta":"","header-above-stick-meta":"","header-main-stick-meta":"","header-below-stick-meta":"","astra-migrate-meta-layouts":"default","ast-page-background-enabled":"default","ast-page-background-meta":{"desktop":{"background-color":"","background-image":"","background-repeat":"repeat","background-position":"center center","background-size":"auto","background-attachment":"scroll","background-type":"","background-media":"","overlay-type":"","overlay-color":"","overlay-opacity":"","overlay-gradient":""},"tablet":{"background-color":"","background-image":"","background-repeat":"repeat","background-position":"center center","background-size":"auto","background-attachment":"scroll","background-type":"","background-media":"","overlay-type":"","overlay-color":"","overlay-opacity":"","overlay-gradient":""},"mobile":{"background-color":"","background-image":"","background-repeat":"repeat","background-position":"center center","background-size":"auto","background-attachment":"scroll","background-type":"","background-media":"","overlay-type":"","overlay-color":"","overlay-opacity":"","overlay-gradient":""}},"ast-content-background-meta":{"desktop":{"background-color":"var(--ast-global-color-5)","background-image":"","background-repeat":"repeat","background-position":"center center","background-size":"auto","background-attachment":"scroll","background-type":"","background-media":"","overlay-type":"","overlay-color":"","overlay-opacity":"","overlay-gradient":""},"tablet":{"background-color":"var(--ast-global-color-5)","background-image":"","background-repeat":"repeat","background-position":"center center","background-size":"auto","background-attachment":"scroll","background-type":"","background-media":"","overlay-type":"","overlay-color":"","overlay-opacity":"","overlay-gradient":""},"mobile":{"background-color":"var(--ast-global-color-5)","background-image":"","background-repeat":"repeat","background-position":"center center","background-size":"auto","background-attachment":"scroll","background-type":"","background-media":"","overlay-type":"","overlay-color":"","overlay-opacity":"","overlay-gradient":""}},"footnotes":""},"class_list":["post-1492","page","type-page","status-publish","hentry"],"translation":{"provider":"WPGlobus","version":"3.0.2","language":"en","enabled_languages":["de","en"],"languages":{"de":{"title":true,"content":true,"excerpt":false},"en":{"title":false,"content":false,"excerpt":false}}},"featured_image_urls_v2":{"full":"","thumbnail":"","medium":"","medium_large":"","large":"","1536x1536":"","2048x2048":""},"post_excerpt_stackable_v2":"<p>Auch HVPI engl. Harmonised Index of Consumer Prices Der harmonisierte Verbraucherpreisindex dient dazu, die Inflationsraten der einzelnen EU-Staaten m\u00f6glichst genau miteinander vergleichen zu k\u00f6nnen. Der Index wird f\u00fcr jedes EU-Land von Eurostat berechnet, sodass hinterher die Preisentwicklung in dem jeweiligen Land sichtbar wird. Somit m\u00fcssen nat\u00fcrlich in allen EU-L\u00e4ndern die gleichen Berechnungsgrundlagen gelten. Anschlie\u00dfend l\u00e4sst sich die Preisstabilit\u00e4t der verschiedenen L\u00e4nder miteinander vergleichen. Hinterher werden die Ergebnisse der einzelnen Staaten zu einem Gesamtindex f\u00fcr den Euroraum oder die Europ\u00e4ische Union zusammengestellt. Die Ver\u00e4nderung der Index Ratio \u00fcber ein Kalenderjahr zeigt dann die j\u00e4hrliche Inflationsrate im Euroraum auf.<\/p>\n","category_list_v2":"","author_info_v2":{"name":"PrudentWater","url":"https:\/\/prudentwater.com\/en\/author\/niklas33\/"},"comments_num_v2":"0 comments","_links":{"self":[{"href":"https:\/\/prudentwater.com\/en\/wp-json\/wp\/v2\/pages\/1492","targetHints":{"allow":["GET"]}}],"collection":[{"href":"https:\/\/prudentwater.com\/en\/wp-json\/wp\/v2\/pages"}],"about":[{"href":"https:\/\/prudentwater.com\/en\/wp-json\/wp\/v2\/types\/page"}],"author":[{"embeddable":true,"href":"https:\/\/prudentwater.com\/en\/wp-json\/wp\/v2\/users\/1"}],"replies":[{"embeddable":true,"href":"https:\/\/prudentwater.com\/en\/wp-json\/wp\/v2\/comments?post=1492"}],"version-history":[{"count":0,"href":"https:\/\/prudentwater.com\/en\/wp-json\/wp\/v2\/pages\/1492\/revisions"}],"wp:attachment":[{"href":"https:\/\/prudentwater.com\/en\/wp-json\/wp\/v2\/media?parent=1492"}],"curies":[{"name":"wp","href":"https:\/\/api.w.org\/{rel}","templated":true}]}}