{"id":1497,"date":"2014-10-28T10:00:39","date_gmt":"2014-10-28T10:00:39","guid":{"rendered":"http:\/\/www.kunnskap.de\/?page_id=1497"},"modified":"2021-06-25T12:48:22","modified_gmt":"2021-06-25T10:48:22","slug":"borsensegment","status":"publish","type":"page","link":"https:\/\/prudentwater.com\/en\/borsensegment\/","title":{"rendered":"B\u00f6rsensegment"},"content":{"rendered":"<p>engl. <strong>Stock Market Tier<\/strong><\/p>\n<p>Ein B\u00f6rsensegment ist ein Teilbereich der B\u00f6rse und zeichnet sich durch bestimmte Kriterien und Voraussetzungen aus. Ein B\u00f6rsensegment kann als eine Art Marktplatz f\u00fcr den Handel mit Wertpapieren angesehen werden. Die B\u00f6rse unterteilt sich nun jedoch in verschiedene B\u00f6rsensegmente, welche sich durch verschiedene Transparenzstandards unterscheiden. Dies ist mit verschiedenen Marktpl\u00e4tzen vergleichbar, auf die der Betreiber nur Warenh\u00e4ndler zul\u00e4sst, die die jeweiligen Kriterien und Voraussetzungen des Marktplatzes erf\u00fcllen. Kommen die Warenh\u00e4ndler den einzelnen Voraussetzungen nach, so d\u00fcrfen sie auf dem Marktplatz ihre Waren verkaufen. Erf\u00fcllen sie nicht die Kriterien, so werden sie auf einen qualitativ niedrigeren Marktplatz verwiesen.<\/p>\n<h5>B\u00f6rsensegmente in Deutschland<\/h5>\n<p>In Deutschland unterteilt sich die B\u00f6rse in zwei Segmente. Zum einen existiert der Regulierte Markt, zum anderen der Open Market. Die Voraussetzungen f\u00fcr den regulierten Markt sind dabei deutlicher h\u00f6her und anspruchsvoller, als die Voraussetzungen und Pflichten f\u00fcr den Open Market. Der Regulierte Markt unterteilt sich dabei wiederum in den Prime Standard und den General Standard. Der Open Market besteht hingegen aus dem Entry Standard.<\/p>\n","protected":false},"excerpt":{"rendered":"<p>engl. Stock Market Tier Ein B\u00f6rsensegment ist ein Teilbereich der B\u00f6rse und zeichnet sich durch bestimmte Kriterien und Voraussetzungen aus. Ein B\u00f6rsensegment kann als eine Art Marktplatz f\u00fcr den Handel mit Wertpapieren angesehen werden. Die B\u00f6rse unterteilt sich nun jedoch in verschiedene B\u00f6rsensegmente, welche sich durch verschiedene Transparenzstandards unterscheiden. Dies ist mit verschiedenen Marktpl\u00e4tzen vergleichbar, [&hellip;]<\/p>\n","protected":false},"author":1,"featured_media":0,"parent":0,"menu_order":0,"comment_status":"closed","ping_status":"closed","template":"","meta":{"site-sidebar-layout":"default","site-content-layout":"","ast-site-content-layout":"","site-content-style":"default","site-sidebar-style":"default","ast-global-header-display":"","ast-banner-title-visibility":"","ast-main-header-display":"","ast-hfb-above-header-display":"","ast-hfb-below-header-display":"","ast-hfb-mobile-header-display":"","site-post-title":"","ast-breadcrumbs-content":"","ast-featured-img":"","footer-sml-layout":"","theme-transparent-header-meta":"","adv-header-id-meta":"","stick-header-meta":"","header-above-stick-meta":"","header-main-stick-meta":"","header-below-stick-meta":"","astra-migrate-meta-layouts":"default","ast-page-background-enabled":"default","ast-page-background-meta":{"desktop":{"background-color":"","background-image":"","background-repeat":"repeat","background-position":"center center","background-size":"auto","background-attachment":"scroll","background-type":"","background-media":"","overlay-type":"","overlay-color":"","overlay-opacity":"","overlay-gradient":""},"tablet":{"background-color":"","background-image":"","background-repeat":"repeat","background-position":"center center","background-size":"auto","background-attachment":"scroll","background-type":"","background-media":"","overlay-type":"","overlay-color":"","overlay-opacity":"","overlay-gradient":""},"mobile":{"background-color":"","background-image":"","background-repeat":"repeat","background-position":"center center","background-size":"auto","background-attachment":"scroll","background-type":"","background-media":"","overlay-type":"","overlay-color":"","overlay-opacity":"","overlay-gradient":""}},"ast-content-background-meta":{"desktop":{"background-color":"var(--ast-global-color-5)","background-image":"","background-repeat":"repeat","background-position":"center center","background-size":"auto","background-attachment":"scroll","background-type":"","background-media":"","overlay-type":"","overlay-color":"","overlay-opacity":"","overlay-gradient":""},"tablet":{"background-color":"var(--ast-global-color-5)","background-image":"","background-repeat":"repeat","background-position":"center center","background-size":"auto","background-attachment":"scroll","background-type":"","background-media":"","overlay-type":"","overlay-color":"","overlay-opacity":"","overlay-gradient":""},"mobile":{"background-color":"var(--ast-global-color-5)","background-image":"","background-repeat":"repeat","background-position":"center center","background-size":"auto","background-attachment":"scroll","background-type":"","background-media":"","overlay-type":"","overlay-color":"","overlay-opacity":"","overlay-gradient":""}},"footnotes":""},"class_list":["post-1497","page","type-page","status-publish","hentry"],"translation":{"provider":"WPGlobus","version":"3.0.2","language":"en","enabled_languages":["de","en"],"languages":{"de":{"title":true,"content":true,"excerpt":false},"en":{"title":false,"content":false,"excerpt":false}}},"featured_image_urls_v2":{"full":"","thumbnail":"","medium":"","medium_large":"","large":"","1536x1536":"","2048x2048":""},"post_excerpt_stackable_v2":"<p>engl. Stock Market Tier Ein B\u00f6rsensegment ist ein Teilbereich der B\u00f6rse und zeichnet sich durch bestimmte Kriterien und Voraussetzungen aus. Ein B\u00f6rsensegment kann als eine Art Marktplatz f\u00fcr den Handel mit Wertpapieren angesehen werden. Die B\u00f6rse unterteilt sich nun jedoch in verschiedene B\u00f6rsensegmente, welche sich durch verschiedene Transparenzstandards unterscheiden. Dies ist mit verschiedenen Marktpl\u00e4tzen vergleichbar, auf die der Betreiber nur Warenh\u00e4ndler zul\u00e4sst, die die jeweiligen Kriterien und Voraussetzungen des Marktplatzes erf\u00fcllen. Kommen die Warenh\u00e4ndler den einzelnen Voraussetzungen nach, so d\u00fcrfen sie auf dem Marktplatz ihre Waren verkaufen. Erf\u00fcllen sie nicht die Kriterien, so werden sie auf einen qualitativ niedrigeren Marktplatz&hellip;<\/p>\n","category_list_v2":"","author_info_v2":{"name":"PrudentWater","url":"https:\/\/prudentwater.com\/en\/author\/niklas33\/"},"comments_num_v2":"0 comments","_links":{"self":[{"href":"https:\/\/prudentwater.com\/en\/wp-json\/wp\/v2\/pages\/1497","targetHints":{"allow":["GET"]}}],"collection":[{"href":"https:\/\/prudentwater.com\/en\/wp-json\/wp\/v2\/pages"}],"about":[{"href":"https:\/\/prudentwater.com\/en\/wp-json\/wp\/v2\/types\/page"}],"author":[{"embeddable":true,"href":"https:\/\/prudentwater.com\/en\/wp-json\/wp\/v2\/users\/1"}],"replies":[{"embeddable":true,"href":"https:\/\/prudentwater.com\/en\/wp-json\/wp\/v2\/comments?post=1497"}],"version-history":[{"count":0,"href":"https:\/\/prudentwater.com\/en\/wp-json\/wp\/v2\/pages\/1497\/revisions"}],"wp:attachment":[{"href":"https:\/\/prudentwater.com\/en\/wp-json\/wp\/v2\/media?parent=1497"}],"curies":[{"name":"wp","href":"https:\/\/api.w.org\/{rel}","templated":true}]}}