{"id":1509,"date":"2014-10-28T21:29:28","date_gmt":"2014-10-28T21:29:28","guid":{"rendered":"http:\/\/www.kunnskap.de\/?page_id=1509"},"modified":"2021-06-25T12:48:17","modified_gmt":"2021-06-25T10:48:17","slug":"advance-decline-line","status":"publish","type":"page","link":"https:\/\/prudentwater.com\/en\/advance-decline-line\/","title":{"rendered":"Advance Decline Line"},"content":{"rendered":"<p>Bei der Advance Decline Linie wird jeden Tag die Differenz zwischen der Anzahl der gestiegenen Aktien und der Anzahl der gefallenen Aktien gebildet. Steigen an einem Handelstag 120 Aktien und fallen hingegen die Kurse von 80 Aktien, so betr\u00e4gt die Advance Decline Zahl 40. Diese Zahl wird anschlie\u00dfend zur kumulativen AD-Linie hinzugef\u00fcgt, wodurch ein Trend ersichtlich wird. Sinn der Advance Decline Line ist es, die St\u00e4rke bzw. die Schw\u00e4che des Marktes zu deuten und fr\u00fchzeitig einen Trendwechsel erkennen zu k\u00f6nnen. Die Advance Decline Linie wird oftmals f\u00fcr einen Leitindex wie den DAX oder den Dow Jones Industrial Average angewendet.<\/p>\n","protected":false},"excerpt":{"rendered":"<p>Bei der Advance Decline Linie wird jeden Tag die Differenz zwischen der Anzahl der gestiegenen Aktien und der Anzahl der gefallenen Aktien gebildet. Steigen an einem Handelstag 120 Aktien und fallen hingegen die Kurse von 80 Aktien, so betr\u00e4gt die Advance Decline Zahl 40. Diese Zahl wird anschlie\u00dfend zur kumulativen AD-Linie hinzugef\u00fcgt, wodurch ein Trend [&hellip;]<\/p>\n","protected":false},"author":1,"featured_media":0,"parent":0,"menu_order":0,"comment_status":"closed","ping_status":"closed","template":"","meta":{"site-sidebar-layout":"default","site-content-layout":"","ast-site-content-layout":"","site-content-style":"default","site-sidebar-style":"default","ast-global-header-display":"","ast-banner-title-visibility":"","ast-main-header-display":"","ast-hfb-above-header-display":"","ast-hfb-below-header-display":"","ast-hfb-mobile-header-display":"","site-post-title":"","ast-breadcrumbs-content":"","ast-featured-img":"","footer-sml-layout":"","theme-transparent-header-meta":"","adv-header-id-meta":"","stick-header-meta":"","header-above-stick-meta":"","header-main-stick-meta":"","header-below-stick-meta":"","astra-migrate-meta-layouts":"default","ast-page-background-enabled":"default","ast-page-background-meta":{"desktop":{"background-color":"","background-image":"","background-repeat":"repeat","background-position":"center center","background-size":"auto","background-attachment":"scroll","background-type":"","background-media":"","overlay-type":"","overlay-color":"","overlay-opacity":"","overlay-gradient":""},"tablet":{"background-color":"","background-image":"","background-repeat":"repeat","background-position":"center center","background-size":"auto","background-attachment":"scroll","background-type":"","background-media":"","overlay-type":"","overlay-color":"","overlay-opacity":"","overlay-gradient":""},"mobile":{"background-color":"","background-image":"","background-repeat":"repeat","background-position":"center center","background-size":"auto","background-attachment":"scroll","background-type":"","background-media":"","overlay-type":"","overlay-color":"","overlay-opacity":"","overlay-gradient":""}},"ast-content-background-meta":{"desktop":{"background-color":"var(--ast-global-color-5)","background-image":"","background-repeat":"repeat","background-position":"center center","background-size":"auto","background-attachment":"scroll","background-type":"","background-media":"","overlay-type":"","overlay-color":"","overlay-opacity":"","overlay-gradient":""},"tablet":{"background-color":"var(--ast-global-color-5)","background-image":"","background-repeat":"repeat","background-position":"center center","background-size":"auto","background-attachment":"scroll","background-type":"","background-media":"","overlay-type":"","overlay-color":"","overlay-opacity":"","overlay-gradient":""},"mobile":{"background-color":"var(--ast-global-color-5)","background-image":"","background-repeat":"repeat","background-position":"center center","background-size":"auto","background-attachment":"scroll","background-type":"","background-media":"","overlay-type":"","overlay-color":"","overlay-opacity":"","overlay-gradient":""}},"footnotes":""},"class_list":["post-1509","page","type-page","status-publish","hentry"],"translation":{"provider":"WPGlobus","version":"3.0.2","language":"en","enabled_languages":["de","en"],"languages":{"de":{"title":true,"content":true,"excerpt":false},"en":{"title":false,"content":false,"excerpt":false}}},"featured_image_urls_v2":{"full":"","thumbnail":"","medium":"","medium_large":"","large":"","1536x1536":"","2048x2048":""},"post_excerpt_stackable_v2":"<p>Bei der Advance Decline Linie wird jeden Tag die Differenz zwischen der Anzahl der gestiegenen Aktien und der Anzahl der gefallenen Aktien gebildet. Steigen an einem Handelstag 120 Aktien und fallen hingegen die Kurse von 80 Aktien, so betr\u00e4gt die Advance Decline Zahl 40. Diese Zahl wird anschlie\u00dfend zur kumulativen AD-Linie hinzugef\u00fcgt, wodurch ein Trend ersichtlich wird. Sinn der Advance Decline Line ist es, die St\u00e4rke bzw. die Schw\u00e4che des Marktes zu deuten und fr\u00fchzeitig einen Trendwechsel erkennen zu k\u00f6nnen. Die Advance Decline Linie wird oftmals f\u00fcr einen Leitindex wie den DAX oder den Dow Jones Industrial Average angewendet.<\/p>\n","category_list_v2":"","author_info_v2":{"name":"PrudentWater","url":"https:\/\/prudentwater.com\/en\/author\/niklas33\/"},"comments_num_v2":"0 comments","_links":{"self":[{"href":"https:\/\/prudentwater.com\/en\/wp-json\/wp\/v2\/pages\/1509","targetHints":{"allow":["GET"]}}],"collection":[{"href":"https:\/\/prudentwater.com\/en\/wp-json\/wp\/v2\/pages"}],"about":[{"href":"https:\/\/prudentwater.com\/en\/wp-json\/wp\/v2\/types\/page"}],"author":[{"embeddable":true,"href":"https:\/\/prudentwater.com\/en\/wp-json\/wp\/v2\/users\/1"}],"replies":[{"embeddable":true,"href":"https:\/\/prudentwater.com\/en\/wp-json\/wp\/v2\/comments?post=1509"}],"version-history":[{"count":0,"href":"https:\/\/prudentwater.com\/en\/wp-json\/wp\/v2\/pages\/1509\/revisions"}],"wp:attachment":[{"href":"https:\/\/prudentwater.com\/en\/wp-json\/wp\/v2\/media?parent=1509"}],"curies":[{"name":"wp","href":"https:\/\/api.w.org\/{rel}","templated":true}]}}