{"id":1526,"date":"2014-10-31T11:41:49","date_gmt":"2014-10-31T11:41:49","guid":{"rendered":"http:\/\/www.kunnskap.de\/?page_id=1526"},"modified":"2021-08-05T14:16:20","modified_gmt":"2021-08-05T12:16:20","slug":"liquiditat","status":"publish","type":"page","link":"https:\/\/prudentwater.com\/en\/liquiditat\/","title":{"rendered":"Liquidit\u00e4t"},"content":{"rendered":"<p>engl. <strong>Liquidity<\/strong><\/p>\n<p>Der Begriff &#8216;Liquidit\u00e4t&#8217; hat im Finanz-, Wirtschafts- und B\u00f6rsenbereich mehrere unterschiedliche Bedeutungen. Folgende Bedeutungen gehen mit dem Wort &#8216;Liquidit\u00e4t&#8217; einher:<\/p>\n<h5>Liquidit\u00e4t im Unternehmen<\/h5>\n<p>Die F\u00e4higkeit eines Unternehmens den eigenen Zahlungsverpflichtungen jederzeit nachzukommen. Ein Unternehmen mit ausreichend Liquidit\u00e4t kann jederzeit seine Verbindlichkeiten und offene Rechnungen bezahlen. Dem Unternehmen stehen ausreichend Zahlungsmittel und Zahlungsmittel\u00e4quivalente zur Verf\u00fcgung, um allen Zahlungsverpflichtungen fristgerecht nachzukommen.<\/p>\n<hr>\n<h5>Liquidit\u00e4t eines Wertpapieres<\/h5>\n<p>Ein liquides Wertpapier l\u00e4sst sich unter Ber\u00fccksichtigung des Spread jederzeit an der B\u00f6rse sicher kaufen und verkaufen ohne dabei zus\u00e4tzliche Kosten zu erleiden. Besitzt ein Wertpapier Liquidit\u00e4t, sind ausreichend K\u00e4ufer und Verk\u00e4ufer f\u00fcr dieses Papier vorhanden und der Spread des Wertpapieres &#8211; also die Spanne zwischen Kaufpreis und Verkaufspreis &#8211; ist gering. Je h\u00f6her die Liquidit\u00e4t eines Wertpapieres, desto h\u00f6her das Handelsvolumen und gleichzeitig desto geringer die Market Impact-Kosten. Ist der Spread des Wertpapieres aufgrund mangelnder Liquidit\u00e4t jedoch hoch, so erh\u00f6hen sich f\u00fcr den H\u00e4ndler auch die indirekten Ordergeb\u00fchren, da dann das Wertpapier nur zu einem schlechteren Kurs ge- oder verkauft werden kann.<\/p>\n<hr>\n<h5>Liquidit\u00e4t an der B\u00f6rse<\/h5>\n<p>Eine hohe Liquidit\u00e4t an der B\u00f6rse bedeutet, dass den Marktteilnehmern ausreichend Kapital zur Verf\u00fcgung steht, welches in K\u00fcrze in Wertpapiere investiert werden k\u00f6nnte. Das Handelsvolumen an den B\u00f6rsen steigt, wenn die Liquidit\u00e4t an den B\u00f6rsen zunimmt. Eine hohe Liquidit\u00e4t an der B\u00f6rse tritt oftmals in Zeiten expansiver Geldpolitik auf.<\/p>\n<hr>\n<h5>Liquidit\u00e4t eines Fonds<\/h5>\n<p>Verf\u00fcgt ein Fonds \u00fcber Liquidit\u00e4t, so besitzt dieser Fonds \u00fcber ausreichend Barreserven, welche noch vom Fondsmanagement in Wertpapiere oder Immobilien investiert werden k\u00f6nnen. Eine hohe Liquidit\u00e4t im Fonds mindert jedoch auch die Gesamtrendite des Fonds, da die Rendite von Cash allgemein geringer ausf\u00e4llt als die Rendite von Wertpapieren und Immobilien. Aufschluss \u00fcber das Verh\u00e4ltnis von Investitionen zu Barreserven eines Fonds gibt der sogenannte Investitionsgrad.<\/p>\n","protected":false},"excerpt":{"rendered":"<p>engl. Liquidity Der Begriff &#8216;Liquidit\u00e4t&#8217; hat im Finanz-, Wirtschafts- und B\u00f6rsenbereich mehrere unterschiedliche Bedeutungen. Folgende Bedeutungen gehen mit dem Wort &#8216;Liquidit\u00e4t&#8217; einher: Liquidit\u00e4t im Unternehmen Die F\u00e4higkeit eines Unternehmens den eigenen Zahlungsverpflichtungen jederzeit nachzukommen. Ein Unternehmen mit ausreichend Liquidit\u00e4t kann jederzeit seine Verbindlichkeiten und offene Rechnungen bezahlen. Dem Unternehmen stehen ausreichend Zahlungsmittel und Zahlungsmittel\u00e4quivalente zur [&hellip;]<\/p>\n","protected":false},"author":1,"featured_media":0,"parent":0,"menu_order":0,"comment_status":"closed","ping_status":"closed","template":"","meta":{"site-sidebar-layout":"default","site-content-layout":"default","ast-site-content-layout":"","site-content-style":"default","site-sidebar-style":"default","ast-global-header-display":"","ast-banner-title-visibility":"","ast-main-header-display":"","ast-hfb-above-header-display":"","ast-hfb-below-header-display":"","ast-hfb-mobile-header-display":"","site-post-title":"","ast-breadcrumbs-content":"","ast-featured-img":"","footer-sml-layout":"","theme-transparent-header-meta":"default","adv-header-id-meta":"","stick-header-meta":"","header-above-stick-meta":"","header-main-stick-meta":"","header-below-stick-meta":"","astra-migrate-meta-layouts":"default","ast-page-background-enabled":"default","ast-page-background-meta":{"desktop":{"background-color":"","background-image":"","background-repeat":"repeat","background-position":"center center","background-size":"auto","background-attachment":"scroll","background-type":"","background-media":"","overlay-type":"","overlay-color":"","overlay-opacity":"","overlay-gradient":""},"tablet":{"background-color":"","background-image":"","background-repeat":"repeat","background-position":"center center","background-size":"auto","background-attachment":"scroll","background-type":"","background-media":"","overlay-type":"","overlay-color":"","overlay-opacity":"","overlay-gradient":""},"mobile":{"background-color":"","background-image":"","background-repeat":"repeat","background-position":"center center","background-size":"auto","background-attachment":"scroll","background-type":"","background-media":"","overlay-type":"","overlay-color":"","overlay-opacity":"","overlay-gradient":""}},"ast-content-background-meta":{"desktop":{"background-color":"var(--ast-global-color-5)","background-image":"","background-repeat":"repeat","background-position":"center center","background-size":"auto","background-attachment":"scroll","background-type":"","background-media":"","overlay-type":"","overlay-color":"","overlay-opacity":"","overlay-gradient":""},"tablet":{"background-color":"var(--ast-global-color-5)","background-image":"","background-repeat":"repeat","background-position":"center center","background-size":"auto","background-attachment":"scroll","background-type":"","background-media":"","overlay-type":"","overlay-color":"","overlay-opacity":"","overlay-gradient":""},"mobile":{"background-color":"var(--ast-global-color-5)","background-image":"","background-repeat":"repeat","background-position":"center center","background-size":"auto","background-attachment":"scroll","background-type":"","background-media":"","overlay-type":"","overlay-color":"","overlay-opacity":"","overlay-gradient":""}},"footnotes":""},"class_list":["post-1526","page","type-page","status-publish","hentry"],"translation":{"provider":"WPGlobus","version":"3.0.2","language":"en","enabled_languages":["de","en"],"languages":{"de":{"title":true,"content":true,"excerpt":false},"en":{"title":false,"content":false,"excerpt":false}}},"featured_image_urls_v2":{"full":"","thumbnail":"","medium":"","medium_large":"","large":"","1536x1536":"","2048x2048":""},"post_excerpt_stackable_v2":"<p>engl. Liquidity Der Begriff &#8216;Liquidit\u00e4t&#8217; hat im Finanz-, Wirtschafts- und B\u00f6rsenbereich mehrere unterschiedliche Bedeutungen. Folgende Bedeutungen gehen mit dem Wort &#8216;Liquidit\u00e4t&#8217; einher: Liquidit\u00e4t im Unternehmen Die F\u00e4higkeit eines Unternehmens den eigenen Zahlungsverpflichtungen jederzeit nachzukommen. Ein Unternehmen mit ausreichend Liquidit\u00e4t kann jederzeit seine Verbindlichkeiten und offene Rechnungen bezahlen. Dem Unternehmen stehen ausreichend Zahlungsmittel und Zahlungsmittel\u00e4quivalente zur Verf\u00fcgung, um allen Zahlungsverpflichtungen fristgerecht nachzukommen. Liquidit\u00e4t eines Wertpapieres Ein liquides Wertpapier l\u00e4sst sich unter Ber\u00fccksichtigung des Spread jederzeit an der B\u00f6rse sicher kaufen und verkaufen ohne dabei zus\u00e4tzliche Kosten zu erleiden. Besitzt ein Wertpapier Liquidit\u00e4t, sind ausreichend K\u00e4ufer und Verk\u00e4ufer f\u00fcr dieses Papier vorhanden&hellip;<\/p>\n","category_list_v2":"","author_info_v2":{"name":"PrudentWater","url":"https:\/\/prudentwater.com\/en\/author\/niklas33\/"},"comments_num_v2":"0 comments","_links":{"self":[{"href":"https:\/\/prudentwater.com\/en\/wp-json\/wp\/v2\/pages\/1526","targetHints":{"allow":["GET"]}}],"collection":[{"href":"https:\/\/prudentwater.com\/en\/wp-json\/wp\/v2\/pages"}],"about":[{"href":"https:\/\/prudentwater.com\/en\/wp-json\/wp\/v2\/types\/page"}],"author":[{"embeddable":true,"href":"https:\/\/prudentwater.com\/en\/wp-json\/wp\/v2\/users\/1"}],"replies":[{"embeddable":true,"href":"https:\/\/prudentwater.com\/en\/wp-json\/wp\/v2\/comments?post=1526"}],"version-history":[{"count":0,"href":"https:\/\/prudentwater.com\/en\/wp-json\/wp\/v2\/pages\/1526\/revisions"}],"wp:attachment":[{"href":"https:\/\/prudentwater.com\/en\/wp-json\/wp\/v2\/media?parent=1526"}],"curies":[{"name":"wp","href":"https:\/\/api.w.org\/{rel}","templated":true}]}}