{"id":1529,"date":"2014-10-31T17:04:02","date_gmt":"2014-10-31T17:04:02","guid":{"rendered":"http:\/\/www.kunnskap.de\/?page_id=1529"},"modified":"2022-02-18T17:41:30","modified_gmt":"2022-02-18T16:41:30","slug":"aktie","status":"publish","type":"page","link":"https:\/\/prudentwater.com\/en\/aktie\/","title":{"rendered":"Aktie"},"content":{"rendered":"<p>engl. <strong>Share<\/strong> oder <strong>Stock<\/strong><\/p>\n<p>Die Aktie ist ein Wertpapier und verbrieft einen Anteil am Grundkapital einer Aktiengesellschaft. Besitzt eine Person Aktien an einem Unternehmen, so ist er oder sie Miteigent\u00fcmer und erh\u00e4lt zeitgleich Aktion\u00e4rsrechte. Dadurch, dass der Aktion\u00e4r Eigenkapital bereitstellt, kann er durch Zahlungen von Dividenden am unternehmerischen Erfolg beteiligt werden und dar\u00fcber hinaus durch eine Wertsteigerung des Unternehmens in Form von Kurssteigerungen der Aktie einen Gewinn erzielen. Au\u00dferdem kann der Aktion\u00e4r auf der Hauptversammlung \u00fcber wichtige Entscheidungen abstimmen. Hinsichtlich des Stimmrechts lassen sich Aktien in verschiedene Typen unterteilen. Zum einen gibt es die Stammaktie, zum anderen gibt es die Vorzugsaktie. Die \u00fcberwiegende Zahl der ausgegebenen Aktien sind Stammaktien, welche im Gegensatz zur Vorzugsaktie ein Stimmrecht auf der Hauptversammlung verbriefen. F\u00fcr das eingeschr\u00e4nkte Stimmrecht bietet die Vorzugsaktie daf\u00fcr jedoch eine h\u00f6here Dividende als die Stammaktie. Aktien werden \u00fcber eine B\u00f6rse gekauft und auch wieder verkauft. Kommt es zu einem Konkurs der Aktiengesellschaft, so geht der Aktion\u00e4r in den allermeisten F\u00e4llen leer aus, er muss allerdings nicht privat f\u00fcr das Unternehmen haften, sondern &#8216;nur&#8217; mit seinem investierten Geld.<br \/>\n<div class=\"perfect-pullquote vcard pullquote-align-full pullquote-border-placement-left\" style=\"border-color:#9cd3db !important;font-size:22px !important;\"><blockquote><p style=\"font-size:22px !important;\">Die Aktie ist ein verbriefter Anteil am Unternehmen und erm\u00f6glicht dem Aktion\u00e4r Mitspracherecht und Teilhabe an den erzielten Gewinnen des Unternehmens in Form der Dividende. <\/p><\/blockquote><\/div><\/p>\n<h5>Einflussfaktoren auf den Aktienkurs<\/h5>\n<p>Die Einflussfaktoren, welche den Kurs einer Aktie bestimmen, sind vielf\u00e4ltig und nicht genau festgelegt. In erster Linie wird der Kurs einer Aktie jedoch von unternehmensspezifischen Daten wie Umsatz-, Cashflow- und Gewinnentwicklung geleitet. Dazu wird das Kurs-Gewinn-Verh\u00e4ltnis oder auch das Kurs-Buchwert-Verh\u00e4ltnis herangezogen. Dar\u00fcber hinaus spielen die zuk\u00fcnftigen Perspektiven und Aussichten des Unternehmens eine entscheidende Rolle. Da an der B\u00f6rse gr\u00f6\u00dftenteils die Zukunft gehandelt wird, schauen Investoren vor allem darauf, wie sich das Unternehmen in den n\u00e4chsten Jahren entwickelt oder entwickeln kann, ob es regelm\u00e4\u00dfige Dividenden zahlen kann und es bestenfalls durch Innovationen, Expansionen und Weiterentwicklungen den Shareholder Value nachhaltig steigern kann.<br \/>\n<div class=\"perfect-pullquote vcard pullquote-align-full pullquote-border-placement-left\" style=\"border-color:#9cd3db !important;font-size:22px !important;\"><blockquote><p style=\"font-size:22px !important;\">Steigende Zinsen am Markt haben allgemein einen negativen Einfluss auf Aktienkurse, da dann eine Umschichtung der Gelder von den Aktienm\u00e4rkten hin zu den Anleihenm\u00e4rkten stattfindet.<\/p><\/blockquote><\/div><\/p>\n<p>Auch die allgemeine Wirtschaftsentwicklung sowie die \u00e4u\u00dferlichen Rahmenbedienungen und die politischen Faktoren wirken auf den Kurs einer Aktie ein. So beeinflusst die Konjunktur ebenfalls die Entwicklung von Unternehmen ma\u00dfgeblich mit. Ebenso werden Aktienkurse auch von dem aktuellen Zinsniveau beeinflusst. Niedrige Zinsen sorgen f\u00fcr geringere Fremdfinanzierungskosten bei den Unternehmen, wodurch deren Gewinne gesteigert werden k\u00f6nnen. Au\u00dferdem findet bei niedrigen Zinsen oft eine Umschichtung von weniger attraktiven Anleihen in profitableren Aktien statt. Andersherum leiden Aktienkurse oftmals unter steigenden Zinsen, da dann Anleihen wiederum attraktiver erscheinen und f\u00fcr die (hochverschuldeten) Unternehmen die Zinslast steigt. Schlie\u00dflich kann auch die Psychologie der Anleger sowie die technische Analyse kurz- bis mittelfristig den Aktienkurs mitbeeinflussen.<\/p>\n","protected":false},"excerpt":{"rendered":"<p>engl. Share oder Stock Die Aktie ist ein Wertpapier und verbrieft einen Anteil am Grundkapital einer Aktiengesellschaft. Besitzt eine Person Aktien an einem Unternehmen, so ist er oder sie Miteigent\u00fcmer und erh\u00e4lt zeitgleich Aktion\u00e4rsrechte. Dadurch, dass der Aktion\u00e4r Eigenkapital bereitstellt, kann er durch Zahlungen von Dividenden am unternehmerischen Erfolg beteiligt werden und dar\u00fcber hinaus durch [&hellip;]<\/p>\n","protected":false},"author":1,"featured_media":0,"parent":0,"menu_order":0,"comment_status":"closed","ping_status":"closed","template":"","meta":{"site-sidebar-layout":"default","site-content-layout":"default","ast-site-content-layout":"","site-content-style":"default","site-sidebar-style":"default","ast-global-header-display":"","ast-banner-title-visibility":"","ast-main-header-display":"","ast-hfb-above-header-display":"","ast-hfb-below-header-display":"","ast-hfb-mobile-header-display":"","site-post-title":"","ast-breadcrumbs-content":"","ast-featured-img":"","footer-sml-layout":"","theme-transparent-header-meta":"default","adv-header-id-meta":"","stick-header-meta":"","header-above-stick-meta":"","header-main-stick-meta":"","header-below-stick-meta":"","astra-migrate-meta-layouts":"default","ast-page-background-enabled":"default","ast-page-background-meta":{"desktop":{"background-color":"","background-image":"","background-repeat":"repeat","background-position":"center center","background-size":"auto","background-attachment":"scroll","background-type":"","background-media":"","overlay-type":"","overlay-color":"","overlay-opacity":"","overlay-gradient":""},"tablet":{"background-color":"","background-image":"","background-repeat":"repeat","background-position":"center center","background-size":"auto","background-attachment":"scroll","background-type":"","background-media":"","overlay-type":"","overlay-color":"","overlay-opacity":"","overlay-gradient":""},"mobile":{"background-color":"","background-image":"","background-repeat":"repeat","background-position":"center center","background-size":"auto","background-attachment":"scroll","background-type":"","background-media":"","overlay-type":"","overlay-color":"","overlay-opacity":"","overlay-gradient":""}},"ast-content-background-meta":{"desktop":{"background-color":"var(--ast-global-color-5)","background-image":"","background-repeat":"repeat","background-position":"center center","background-size":"auto","background-attachment":"scroll","background-type":"","background-media":"","overlay-type":"","overlay-color":"","overlay-opacity":"","overlay-gradient":""},"tablet":{"background-color":"var(--ast-global-color-5)","background-image":"","background-repeat":"repeat","background-position":"center center","background-size":"auto","background-attachment":"scroll","background-type":"","background-media":"","overlay-type":"","overlay-color":"","overlay-opacity":"","overlay-gradient":""},"mobile":{"background-color":"var(--ast-global-color-5)","background-image":"","background-repeat":"repeat","background-position":"center center","background-size":"auto","background-attachment":"scroll","background-type":"","background-media":"","overlay-type":"","overlay-color":"","overlay-opacity":"","overlay-gradient":""}},"footnotes":""},"class_list":["post-1529","page","type-page","status-publish","hentry"],"translation":{"provider":"WPGlobus","version":"3.0.2","language":"en","enabled_languages":["de","en"],"languages":{"de":{"title":true,"content":true,"excerpt":false},"en":{"title":false,"content":false,"excerpt":false}}},"featured_image_urls_v2":{"full":"","thumbnail":"","medium":"","medium_large":"","large":"","1536x1536":"","2048x2048":""},"post_excerpt_stackable_v2":"<p>engl. Share oder Stock Die Aktie ist ein Wertpapier und verbrieft einen Anteil am Grundkapital einer Aktiengesellschaft. Besitzt eine Person Aktien an einem Unternehmen, so ist er oder sie Miteigent\u00fcmer und erh\u00e4lt zeitgleich Aktion\u00e4rsrechte. Dadurch, dass der Aktion\u00e4r Eigenkapital bereitstellt, kann er durch Zahlungen von Dividenden am unternehmerischen Erfolg beteiligt werden und dar\u00fcber hinaus durch eine Wertsteigerung des Unternehmens in Form von Kurssteigerungen der Aktie einen Gewinn erzielen. Au\u00dferdem kann der Aktion\u00e4r auf der Hauptversammlung \u00fcber wichtige Entscheidungen abstimmen. Hinsichtlich des Stimmrechts lassen sich Aktien in verschiedene Typen unterteilen. Zum einen gibt es die Stammaktie, zum anderen gibt es die&hellip;<\/p>\n","category_list_v2":"","author_info_v2":{"name":"PrudentWater","url":"https:\/\/prudentwater.com\/en\/author\/niklas33\/"},"comments_num_v2":"0 comments","_links":{"self":[{"href":"https:\/\/prudentwater.com\/en\/wp-json\/wp\/v2\/pages\/1529","targetHints":{"allow":["GET"]}}],"collection":[{"href":"https:\/\/prudentwater.com\/en\/wp-json\/wp\/v2\/pages"}],"about":[{"href":"https:\/\/prudentwater.com\/en\/wp-json\/wp\/v2\/types\/page"}],"author":[{"embeddable":true,"href":"https:\/\/prudentwater.com\/en\/wp-json\/wp\/v2\/users\/1"}],"replies":[{"embeddable":true,"href":"https:\/\/prudentwater.com\/en\/wp-json\/wp\/v2\/comments?post=1529"}],"version-history":[{"count":0,"href":"https:\/\/prudentwater.com\/en\/wp-json\/wp\/v2\/pages\/1529\/revisions"}],"wp:attachment":[{"href":"https:\/\/prudentwater.com\/en\/wp-json\/wp\/v2\/media?parent=1529"}],"curies":[{"name":"wp","href":"https:\/\/api.w.org\/{rel}","templated":true}]}}