{"id":1537,"date":"2014-11-03T12:49:28","date_gmt":"2014-11-03T12:49:28","guid":{"rendered":"http:\/\/www.kunnskap.de\/?page_id=1537"},"modified":"2021-08-19T14:48:49","modified_gmt":"2021-08-19T12:48:49","slug":"gesamtkapitalrendite","status":"publish","type":"page","link":"https:\/\/prudentwater.com\/en\/gesamtkapitalrendite\/","title":{"rendered":"Gesamtkapitalrendite"},"content":{"rendered":"<p>Auch <strong>Gesamtkapitalrentabilit\u00e4t<\/strong><br \/>\nengl. <strong>Return on Assets (ROA)<\/strong><\/p>\n<p>Die Gesamtkapitalrendite gibt an, wie sich das komplett eingesetzte Kapital eines Unternehmens innerhalb einer bestimmten Periode verzinst hat. Das komplett eingesetzte Kapital setzt sich in diesem Fall aus Eigenkapital und auch Fremdkapital zusammen. Mit der Gesamtkapitalrendite wird somit prozentual ausgedr\u00fcckt, welche Rendite das eingesetzte Kapital erwirtschaftet hat. Betr\u00e4gt die Gesamtkapitalrendite beispielsweise 7 %, so hat das Unternehmen bei einem Gesamtkapitaleinsatz von 100 000 Euro am Ende der Periode 7 000 Euro Gewinn erwirtschaftet. Im Falle, dass die Gesamtkapitalrendite \u00fcber dem aktuellen Marktzins f\u00fcr langfristige Gelder liegt, macht es Sinn, zus\u00e4tzlich Fremdkapital aufzunehmen und dadurch einerseits den Gewinn aber auch die Eigenkapitalrendite zu steigern.<\/p>\n<hr>\n<h6>Berechnung:<\/h6>\n<p><center><img loading=\"lazy\" decoding=\"async\" src=\"https:\/\/prudentwater.com\/wp-content\/uploads\/2021\/08\/Gesamtkapitalrendite.png\" alt=\"Gesamtkapitalrendite\" class=\"alignnone size-full wp-image-6449\" width=\"629\" height=\"58\" title=\"\"><\/center><\/p>\n<hr>\n<p>Im Z\u00e4hler m\u00fcssen zu dem Nettogewinn noch die Fremdkapitalzinsen hinzugef\u00fcgt werden, da auch diese durch das investierte Gesamtkapital erwirtschaftet wurden.<\/p>\n","protected":false},"excerpt":{"rendered":"<p>Auch Gesamtkapitalrentabilit\u00e4t engl. Return on Assets (ROA) Die Gesamtkapitalrendite gibt an, wie sich das komplett eingesetzte Kapital eines Unternehmens innerhalb einer bestimmten Periode verzinst hat. Das komplett eingesetzte Kapital setzt sich in diesem Fall aus Eigenkapital und auch Fremdkapital zusammen. Mit der Gesamtkapitalrendite wird somit prozentual ausgedr\u00fcckt, welche Rendite das eingesetzte Kapital erwirtschaftet hat. Betr\u00e4gt [&hellip;]<\/p>\n","protected":false},"author":1,"featured_media":0,"parent":0,"menu_order":0,"comment_status":"closed","ping_status":"closed","template":"","meta":{"site-sidebar-layout":"default","site-content-layout":"default","ast-site-content-layout":"","site-content-style":"default","site-sidebar-style":"default","ast-global-header-display":"","ast-banner-title-visibility":"","ast-main-header-display":"","ast-hfb-above-header-display":"","ast-hfb-below-header-display":"","ast-hfb-mobile-header-display":"","site-post-title":"","ast-breadcrumbs-content":"","ast-featured-img":"","footer-sml-layout":"","theme-transparent-header-meta":"default","adv-header-id-meta":"","stick-header-meta":"","header-above-stick-meta":"","header-main-stick-meta":"","header-below-stick-meta":"","astra-migrate-meta-layouts":"default","ast-page-background-enabled":"default","ast-page-background-meta":{"desktop":{"background-color":"","background-image":"","background-repeat":"repeat","background-position":"center center","background-size":"auto","background-attachment":"scroll","background-type":"","background-media":"","overlay-type":"","overlay-color":"","overlay-opacity":"","overlay-gradient":""},"tablet":{"background-color":"","background-image":"","background-repeat":"repeat","background-position":"center center","background-size":"auto","background-attachment":"scroll","background-type":"","background-media":"","overlay-type":"","overlay-color":"","overlay-opacity":"","overlay-gradient":""},"mobile":{"background-color":"","background-image":"","background-repeat":"repeat","background-position":"center center","background-size":"auto","background-attachment":"scroll","background-type":"","background-media":"","overlay-type":"","overlay-color":"","overlay-opacity":"","overlay-gradient":""}},"ast-content-background-meta":{"desktop":{"background-color":"var(--ast-global-color-5)","background-image":"","background-repeat":"repeat","background-position":"center center","background-size":"auto","background-attachment":"scroll","background-type":"","background-media":"","overlay-type":"","overlay-color":"","overlay-opacity":"","overlay-gradient":""},"tablet":{"background-color":"var(--ast-global-color-5)","background-image":"","background-repeat":"repeat","background-position":"center center","background-size":"auto","background-attachment":"scroll","background-type":"","background-media":"","overlay-type":"","overlay-color":"","overlay-opacity":"","overlay-gradient":""},"mobile":{"background-color":"var(--ast-global-color-5)","background-image":"","background-repeat":"repeat","background-position":"center center","background-size":"auto","background-attachment":"scroll","background-type":"","background-media":"","overlay-type":"","overlay-color":"","overlay-opacity":"","overlay-gradient":""}},"footnotes":""},"class_list":["post-1537","page","type-page","status-publish","hentry"],"translation":{"provider":"WPGlobus","version":"3.0.2","language":"en","enabled_languages":["de","en"],"languages":{"de":{"title":true,"content":true,"excerpt":false},"en":{"title":false,"content":false,"excerpt":false}}},"featured_image_urls_v2":{"full":"","thumbnail":"","medium":"","medium_large":"","large":"","1536x1536":"","2048x2048":""},"post_excerpt_stackable_v2":"<p>Auch Gesamtkapitalrentabilit\u00e4t engl. Return on Assets (ROA) Die Gesamtkapitalrendite gibt an, wie sich das komplett eingesetzte Kapital eines Unternehmens innerhalb einer bestimmten Periode verzinst hat. Das komplett eingesetzte Kapital setzt sich in diesem Fall aus Eigenkapital und auch Fremdkapital zusammen. Mit der Gesamtkapitalrendite wird somit prozentual ausgedr\u00fcckt, welche Rendite das eingesetzte Kapital erwirtschaftet hat. Betr\u00e4gt die Gesamtkapitalrendite beispielsweise 7 %, so hat das Unternehmen bei einem Gesamtkapitaleinsatz von 100 000 Euro am Ende der Periode 7 000 Euro Gewinn erwirtschaftet. Im Falle, dass die Gesamtkapitalrendite \u00fcber dem aktuellen Marktzins f\u00fcr langfristige Gelder liegt, macht es Sinn, zus\u00e4tzlich Fremdkapital aufzunehmen und&hellip;<\/p>\n","category_list_v2":"","author_info_v2":{"name":"PrudentWater","url":"https:\/\/prudentwater.com\/en\/author\/niklas33\/"},"comments_num_v2":"0 comments","_links":{"self":[{"href":"https:\/\/prudentwater.com\/en\/wp-json\/wp\/v2\/pages\/1537","targetHints":{"allow":["GET"]}}],"collection":[{"href":"https:\/\/prudentwater.com\/en\/wp-json\/wp\/v2\/pages"}],"about":[{"href":"https:\/\/prudentwater.com\/en\/wp-json\/wp\/v2\/types\/page"}],"author":[{"embeddable":true,"href":"https:\/\/prudentwater.com\/en\/wp-json\/wp\/v2\/users\/1"}],"replies":[{"embeddable":true,"href":"https:\/\/prudentwater.com\/en\/wp-json\/wp\/v2\/comments?post=1537"}],"version-history":[{"count":0,"href":"https:\/\/prudentwater.com\/en\/wp-json\/wp\/v2\/pages\/1537\/revisions"}],"wp:attachment":[{"href":"https:\/\/prudentwater.com\/en\/wp-json\/wp\/v2\/media?parent=1537"}],"curies":[{"name":"wp","href":"https:\/\/api.w.org\/{rel}","templated":true}]}}