{"id":1543,"date":"2014-11-04T10:01:21","date_gmt":"2014-11-04T10:01:21","guid":{"rendered":"http:\/\/www.kunnskap.de\/?page_id=1543"},"modified":"2023-02-24T16:32:53","modified_gmt":"2023-02-24T15:32:53","slug":"rezession","status":"publish","type":"page","link":"https:\/\/prudentwater.com\/en\/rezession\/","title":{"rendered":"Rezession"},"content":{"rendered":"<p>engl. <b>Recession<\/b><\/p>\n<p>Per Definition spricht man von einer Rezession, wenn das Bruttoinlandsprodukt einer Volkswirtschaft in zwei aufeinanderfolgenden Quartalen im Vergleich zu den jeweiligen Vorjahresquartalen schrumpft. Dies bedeutet somit, dass das Bruttoinlandsprodukt negative Wachstumsraten aufweist und insgesamt die Gr\u00f6\u00dfe einer Volkswirtschaft abnimmt. Im Konjunkturzyklus kann die Rezession die Vorstufe einer Depression sein. Voraus geht der Rezession oftmals die sogenannte Stagnation. Eine Rezession ist in der Regel durch eine Kombination verschiedener wirtschaftlicher Faktoren gekennzeichnet, die zu einem Abschwung der Wirtschaft f\u00fchren. Zu den wichtigsten Merkmalen einer Rezession geh\u00f6ren:<\/p>\n<ul>\n<li><b>R\u00fcckgang der Produktion<\/b>: In einer Rezession kann die Produktion von Waren und Dienstleistungen zur\u00fcckgehen, da Unternehmen weniger investieren und die Nachfrage nach ihren Produkten sinkt.<\/li>\n<li><b>R\u00fcckgang der Besch\u00e4ftigung<\/b>: Eine Rezession kann auch zu einem R\u00fcckgang der Besch\u00e4ftigung f\u00fchren, da Unternehmen Arbeitspl\u00e4tze abbauen, um ihre Kosten zu senken.<\/li>\n<li><b>R\u00fcckgang der Investitionen<\/b>: In einer Rezession k\u00f6nnen Unternehmen und Verbraucher weniger investieren, da das Risiko h\u00f6her und die verf\u00fcgbaren Mittel begrenzt sind.<\/li>\n<li><b>R\u00fcckgang der Konsumausgaben<\/b>: Eine Rezession kann auch dazu f\u00fchren, dass Verbraucher weniger ausgeben, da sie besorgt um ihre finanzielle Zukunft sind oder weniger Einkommen haben.<\/li>\n<\/ul>\n<p>Diese Merkmale k\u00f6nnen sich gegenseitig beeinflussen und verst\u00e4rken, was zu einem anhaltenden wirtschaftlichen Abschwung f\u00fchren kann. Eine Rezession kann f\u00fcr viele Menschen und Unternehmen \u00f6konomisch betrachtet herausfordernd sein, da sie zu Arbeitsplatzverlusten, sinkenden Einkommen und insgesamt weniger M\u00f6glichkeiten f\u00fchren kann. Trotz dessen geh\u00f6rt die Rezession zur Konjunktur dazu und hat in den vergangenen Jahrzehnten oft dazu gedient, kleinere makro\u00f6konomische  und finanzielle Fehlentwicklungen im System aufzudecken. Regierungen k\u00f6nnen jedoch fiskalpolitische und Zentralbanken geldpolitische Ma\u00dfnahmen ergreifen, um eine Rezession zu bek\u00e4mpfen und die wirtschaftliche Erholung zu f\u00f6rdern.<\/p>\n","protected":false},"excerpt":{"rendered":"<p>engl. Recession Per Definition spricht man von einer Rezession, wenn das Bruttoinlandsprodukt einer Volkswirtschaft in zwei aufeinanderfolgenden Quartalen im Vergleich zu den jeweiligen Vorjahresquartalen schrumpft. Dies bedeutet somit, dass das Bruttoinlandsprodukt negative Wachstumsraten aufweist und insgesamt die Gr\u00f6\u00dfe einer Volkswirtschaft abnimmt. Im Konjunkturzyklus kann die Rezession die Vorstufe einer Depression sein. Voraus geht der Rezession [&hellip;]<\/p>\n","protected":false},"author":1,"featured_media":0,"parent":0,"menu_order":0,"comment_status":"closed","ping_status":"closed","template":"","meta":{"site-sidebar-layout":"default","site-content-layout":"","ast-site-content-layout":"","site-content-style":"default","site-sidebar-style":"default","ast-global-header-display":"","ast-banner-title-visibility":"","ast-main-header-display":"","ast-hfb-above-header-display":"","ast-hfb-below-header-display":"","ast-hfb-mobile-header-display":"","site-post-title":"","ast-breadcrumbs-content":"","ast-featured-img":"","footer-sml-layout":"","theme-transparent-header-meta":"","adv-header-id-meta":"","stick-header-meta":"","header-above-stick-meta":"","header-main-stick-meta":"","header-below-stick-meta":"","astra-migrate-meta-layouts":"default","ast-page-background-enabled":"default","ast-page-background-meta":{"desktop":{"background-color":"","background-image":"","background-repeat":"repeat","background-position":"center center","background-size":"auto","background-attachment":"scroll","background-type":"","background-media":"","overlay-type":"","overlay-color":"","overlay-opacity":"","overlay-gradient":""},"tablet":{"background-color":"","background-image":"","background-repeat":"repeat","background-position":"center center","background-size":"auto","background-attachment":"scroll","background-type":"","background-media":"","overlay-type":"","overlay-color":"","overlay-opacity":"","overlay-gradient":""},"mobile":{"background-color":"","background-image":"","background-repeat":"repeat","background-position":"center center","background-size":"auto","background-attachment":"scroll","background-type":"","background-media":"","overlay-type":"","overlay-color":"","overlay-opacity":"","overlay-gradient":""}},"ast-content-background-meta":{"desktop":{"background-color":"var(--ast-global-color-5)","background-image":"","background-repeat":"repeat","background-position":"center center","background-size":"auto","background-attachment":"scroll","background-type":"","background-media":"","overlay-type":"","overlay-color":"","overlay-opacity":"","overlay-gradient":""},"tablet":{"background-color":"var(--ast-global-color-5)","background-image":"","background-repeat":"repeat","background-position":"center center","background-size":"auto","background-attachment":"scroll","background-type":"","background-media":"","overlay-type":"","overlay-color":"","overlay-opacity":"","overlay-gradient":""},"mobile":{"background-color":"var(--ast-global-color-5)","background-image":"","background-repeat":"repeat","background-position":"center center","background-size":"auto","background-attachment":"scroll","background-type":"","background-media":"","overlay-type":"","overlay-color":"","overlay-opacity":"","overlay-gradient":""}},"footnotes":""},"class_list":["post-1543","page","type-page","status-publish","hentry"],"translation":{"provider":"WPGlobus","version":"3.0.2","language":"en","enabled_languages":["de","en"],"languages":{"de":{"title":true,"content":true,"excerpt":false},"en":{"title":false,"content":false,"excerpt":false}}},"featured_image_urls_v2":{"full":"","thumbnail":"","medium":"","medium_large":"","large":"","1536x1536":"","2048x2048":""},"post_excerpt_stackable_v2":"<p>engl. Recession Per Definition spricht man von einer Rezession, wenn das Bruttoinlandsprodukt einer Volkswirtschaft in zwei aufeinanderfolgenden Quartalen im Vergleich zu den jeweiligen Vorjahresquartalen schrumpft. Dies bedeutet somit, dass das Bruttoinlandsprodukt negative Wachstumsraten aufweist und insgesamt die Gr\u00f6\u00dfe einer Volkswirtschaft abnimmt. Im Konjunkturzyklus kann die Rezession die Vorstufe einer Depression sein. Voraus geht der Rezession oftmals die sogenannte Stagnation. Eine Rezession ist in der Regel durch eine Kombination verschiedener wirtschaftlicher Faktoren gekennzeichnet, die zu einem Abschwung der Wirtschaft f\u00fchren. Zu den wichtigsten Merkmalen einer Rezession geh\u00f6ren: R\u00fcckgang der Produktion: In einer Rezession kann die Produktion von Waren und Dienstleistungen zur\u00fcckgehen,&hellip;<\/p>\n","category_list_v2":"","author_info_v2":{"name":"PrudentWater","url":"https:\/\/prudentwater.com\/en\/author\/niklas33\/"},"comments_num_v2":"0 comments","_links":{"self":[{"href":"https:\/\/prudentwater.com\/en\/wp-json\/wp\/v2\/pages\/1543","targetHints":{"allow":["GET"]}}],"collection":[{"href":"https:\/\/prudentwater.com\/en\/wp-json\/wp\/v2\/pages"}],"about":[{"href":"https:\/\/prudentwater.com\/en\/wp-json\/wp\/v2\/types\/page"}],"author":[{"embeddable":true,"href":"https:\/\/prudentwater.com\/en\/wp-json\/wp\/v2\/users\/1"}],"replies":[{"embeddable":true,"href":"https:\/\/prudentwater.com\/en\/wp-json\/wp\/v2\/comments?post=1543"}],"version-history":[{"count":0,"href":"https:\/\/prudentwater.com\/en\/wp-json\/wp\/v2\/pages\/1543\/revisions"}],"wp:attachment":[{"href":"https:\/\/prudentwater.com\/en\/wp-json\/wp\/v2\/media?parent=1543"}],"curies":[{"name":"wp","href":"https:\/\/api.w.org\/{rel}","templated":true}]}}