{"id":1548,"date":"2014-11-04T12:06:57","date_gmt":"2014-11-04T12:06:57","guid":{"rendered":"http:\/\/www.kunnskap.de\/?page_id=1548"},"modified":"2021-06-25T12:49:02","modified_gmt":"2021-06-25T10:49:02","slug":"geldmenge","status":"publish","type":"page","link":"https:\/\/prudentwater.com\/en\/geldmenge\/","title":{"rendered":"Geldmenge"},"content":{"rendered":"<p>Auch <strong>Geldmengenaggregate<\/strong><br \/>\nengl. <strong>Money Supply<\/strong><\/p>\n<p>Die Menge an Geld, die in einer Volkswirtschaft vorhanden ist und sich nicht bei den Banken befindet, wird als Geldmenge bezeichnet. Es wird das Geld gez\u00e4hlt, was sich bei Unternehmen, bei staatlichen Einrichtungen und in privaten Haushalten befindet. In der Geldmenge ist also all das Geld enthalten, was sich momentan nicht bei den Banken befindet.<br \/>\nTrotzdem unterscheidet man zwischen drei verschiedenen Klassen:<\/p>\n<ul>\n<li><b>Geldmenge M1:<\/b><br \/>\nZu dieser Geldmenge z\u00e4hlt jenes Geld, auf welches jederzeit zugegriffen werden kann, also somit schnell verf\u00fcgbares Geld. Dazu z\u00e4hlt das Bargeld sowie das Geld, welches sich auf den Girokonten befindet (Sichteinlage)<\/li>\n<li><b>Geldmenge M2:<\/b><br \/>\nGeldmenge M1 plus Einlagen mit einer vereinbarten Laufzeit von bis zu zwei Jahren und Einlagen mit einer K\u00fcndigungsfrist von bis zu drei Monaten<\/li>\n<li><b>Geldmenge M3:<\/b><br \/>\nGeldmenge M2 zuz\u00fcglich Anteile an Geldmarktfonds, Geldmarktpapiere sowie Pensionsgesch\u00e4fte und Schuldverschreibungen mit einer Laufzeit von bis zu zwei Jahren. <\/li>\n<\/ul>\n<p>Damit die Wirtschaft reibungslos funktionieren kann, ist es wichtig, die Geldmenge in einem ausgeglichen Ma\u00dfe zu halten. Die Geldmenge im Gleichgewicht zu halten, ist eine der wichtigsten Aufgaben der Europ\u00e4ischen Zentralbank. Nimmt die Geldmenge zu stark zu, kann dies eine Inflation ausl\u00f6sen. Nimmt die Geldmenge hingegen zu stark ab, kann dies eine Deflation ausl\u00f6sen.<br \/>\nDie Geldmenge und die G\u00fctermenge m\u00fcssen in der Volkswirtschaft immer im richtigen und ausgeglichen Verh\u00e4ltnis zueinanderstehen. <\/p>\n","protected":false},"excerpt":{"rendered":"<p>Auch Geldmengenaggregate engl. Money Supply Die Menge an Geld, die in einer Volkswirtschaft vorhanden ist und sich nicht bei den Banken befindet, wird als Geldmenge bezeichnet. Es wird das Geld gez\u00e4hlt, was sich bei Unternehmen, bei staatlichen Einrichtungen und in privaten Haushalten befindet. In der Geldmenge ist also all das Geld enthalten, was sich momentan [&hellip;]<\/p>\n","protected":false},"author":1,"featured_media":0,"parent":0,"menu_order":0,"comment_status":"closed","ping_status":"closed","template":"","meta":{"site-sidebar-layout":"default","site-content-layout":"","ast-site-content-layout":"","site-content-style":"default","site-sidebar-style":"default","ast-global-header-display":"","ast-banner-title-visibility":"","ast-main-header-display":"","ast-hfb-above-header-display":"","ast-hfb-below-header-display":"","ast-hfb-mobile-header-display":"","site-post-title":"","ast-breadcrumbs-content":"","ast-featured-img":"","footer-sml-layout":"","theme-transparent-header-meta":"","adv-header-id-meta":"","stick-header-meta":"","header-above-stick-meta":"","header-main-stick-meta":"","header-below-stick-meta":"","astra-migrate-meta-layouts":"default","ast-page-background-enabled":"default","ast-page-background-meta":{"desktop":{"background-color":"","background-image":"","background-repeat":"repeat","background-position":"center center","background-size":"auto","background-attachment":"scroll","background-type":"","background-media":"","overlay-type":"","overlay-color":"","overlay-opacity":"","overlay-gradient":""},"tablet":{"background-color":"","background-image":"","background-repeat":"repeat","background-position":"center center","background-size":"auto","background-attachment":"scroll","background-type":"","background-media":"","overlay-type":"","overlay-color":"","overlay-opacity":"","overlay-gradient":""},"mobile":{"background-color":"","background-image":"","background-repeat":"repeat","background-position":"center center","background-size":"auto","background-attachment":"scroll","background-type":"","background-media":"","overlay-type":"","overlay-color":"","overlay-opacity":"","overlay-gradient":""}},"ast-content-background-meta":{"desktop":{"background-color":"var(--ast-global-color-5)","background-image":"","background-repeat":"repeat","background-position":"center center","background-size":"auto","background-attachment":"scroll","background-type":"","background-media":"","overlay-type":"","overlay-color":"","overlay-opacity":"","overlay-gradient":""},"tablet":{"background-color":"var(--ast-global-color-5)","background-image":"","background-repeat":"repeat","background-position":"center center","background-size":"auto","background-attachment":"scroll","background-type":"","background-media":"","overlay-type":"","overlay-color":"","overlay-opacity":"","overlay-gradient":""},"mobile":{"background-color":"var(--ast-global-color-5)","background-image":"","background-repeat":"repeat","background-position":"center center","background-size":"auto","background-attachment":"scroll","background-type":"","background-media":"","overlay-type":"","overlay-color":"","overlay-opacity":"","overlay-gradient":""}},"footnotes":""},"class_list":["post-1548","page","type-page","status-publish","hentry"],"translation":{"provider":"WPGlobus","version":"3.0.2","language":"en","enabled_languages":["de","en"],"languages":{"de":{"title":true,"content":true,"excerpt":false},"en":{"title":false,"content":false,"excerpt":false}}},"featured_image_urls_v2":{"full":"","thumbnail":"","medium":"","medium_large":"","large":"","1536x1536":"","2048x2048":""},"post_excerpt_stackable_v2":"<p>Auch Geldmengenaggregate engl. Money Supply Die Menge an Geld, die in einer Volkswirtschaft vorhanden ist und sich nicht bei den Banken befindet, wird als Geldmenge bezeichnet. Es wird das Geld gez\u00e4hlt, was sich bei Unternehmen, bei staatlichen Einrichtungen und in privaten Haushalten befindet. In der Geldmenge ist also all das Geld enthalten, was sich momentan nicht bei den Banken befindet. Trotzdem unterscheidet man zwischen drei verschiedenen Klassen: Geldmenge M1: Zu dieser Geldmenge z\u00e4hlt jenes Geld, auf welches jederzeit zugegriffen werden kann, also somit schnell verf\u00fcgbares Geld. Dazu z\u00e4hlt das Bargeld sowie das Geld, welches sich auf den Girokonten befindet (Sichteinlage)&hellip;<\/p>\n","category_list_v2":"","author_info_v2":{"name":"PrudentWater","url":"https:\/\/prudentwater.com\/en\/author\/niklas33\/"},"comments_num_v2":"0 comments","_links":{"self":[{"href":"https:\/\/prudentwater.com\/en\/wp-json\/wp\/v2\/pages\/1548","targetHints":{"allow":["GET"]}}],"collection":[{"href":"https:\/\/prudentwater.com\/en\/wp-json\/wp\/v2\/pages"}],"about":[{"href":"https:\/\/prudentwater.com\/en\/wp-json\/wp\/v2\/types\/page"}],"author":[{"embeddable":true,"href":"https:\/\/prudentwater.com\/en\/wp-json\/wp\/v2\/users\/1"}],"replies":[{"embeddable":true,"href":"https:\/\/prudentwater.com\/en\/wp-json\/wp\/v2\/comments?post=1548"}],"version-history":[{"count":0,"href":"https:\/\/prudentwater.com\/en\/wp-json\/wp\/v2\/pages\/1548\/revisions"}],"wp:attachment":[{"href":"https:\/\/prudentwater.com\/en\/wp-json\/wp\/v2\/media?parent=1548"}],"curies":[{"name":"wp","href":"https:\/\/api.w.org\/{rel}","templated":true}]}}