{"id":1573,"date":"2014-11-05T11:30:30","date_gmt":"2014-11-05T11:30:30","guid":{"rendered":"http:\/\/www.kunnskap.de\/?page_id=1573"},"modified":"2021-06-25T12:48:17","modified_gmt":"2021-06-25T10:48:17","slug":"aktienfonds","status":"publish","type":"page","link":"https:\/\/prudentwater.com\/en\/aktienfonds\/","title":{"rendered":"Aktienfonds"},"content":{"rendered":"<p>engl. <strong>Equity Fund<\/strong> oder <strong>Stock Fund<\/strong><\/p>\n<p>Ein Aktienfonds ist ein Investmentfonds, welcher das Geld der Anleger gr\u00f6\u00dftenteils in Aktien investiert. Zus\u00e4tzlich wird immer ein bestimmter Prozentsatz an freier Liquidit\u00e4t gehalten, um jederzeit flexibel und handlungsf\u00e4hig zu bleiben. Damit ein Fonds als Aktienfonds gilt, muss dieser jedoch mindestens 51 % des Sonderverm\u00f6gens, also des Fondsverm\u00f6gens, in Aktien investieren. Durch den Kauf von Aktienfonds hat der Investor die M\u00f6glichkeit das Risiko zu streuen, da Aktienfonds immer in mehrere verschiedene Aktien investieren und somit das Risiko im Vergleich zum Kauf einzelner Aktien verringert werden kann. Aktienfonds k\u00f6nnen bestimmte Branchen abbilden oder einzelne Strategien verfolgen. Als Benchmark eines jeden Aktienfonds gilt der in dem Land \u00fcbergeordnete Aktienindex oder der MSCI World Index. Gewinne erzielt der Fonds durch Dividendenzahlungen und Kursgewinne der einzelnen Aktien. Aktienfonds weisen jedoch auch die h\u00f6chsten Kosten im Vergleich zu anderen Fondsklassen auf. Sowohl die Total Expense Ratio als auch der Ausgabeaufschlag ist bei Aktienfonds teilweise deutlich h\u00f6her als bei Rentenfonds. Deshalb sollten Aktienfonds generell als mittel- bis langfristige Anlage gesehen werden, um vor allem den m\u00f6glicherweise anf\u00e4nglichen Ausgabeaufschlag durch eine nachhaltige Wertentwicklung des Fonds abzudecken.<\/p>\n","protected":false},"excerpt":{"rendered":"<p>engl. Equity Fund oder Stock Fund Ein Aktienfonds ist ein Investmentfonds, welcher das Geld der Anleger gr\u00f6\u00dftenteils in Aktien investiert. Zus\u00e4tzlich wird immer ein bestimmter Prozentsatz an freier Liquidit\u00e4t gehalten, um jederzeit flexibel und handlungsf\u00e4hig zu bleiben. Damit ein Fonds als Aktienfonds gilt, muss dieser jedoch mindestens 51 % des Sonderverm\u00f6gens, also des Fondsverm\u00f6gens, in [&hellip;]<\/p>\n","protected":false},"author":1,"featured_media":0,"parent":0,"menu_order":0,"comment_status":"closed","ping_status":"closed","template":"","meta":{"site-sidebar-layout":"default","site-content-layout":"","ast-site-content-layout":"","site-content-style":"default","site-sidebar-style":"default","ast-global-header-display":"","ast-banner-title-visibility":"","ast-main-header-display":"","ast-hfb-above-header-display":"","ast-hfb-below-header-display":"","ast-hfb-mobile-header-display":"","site-post-title":"","ast-breadcrumbs-content":"","ast-featured-img":"","footer-sml-layout":"","theme-transparent-header-meta":"","adv-header-id-meta":"","stick-header-meta":"","header-above-stick-meta":"","header-main-stick-meta":"","header-below-stick-meta":"","astra-migrate-meta-layouts":"default","ast-page-background-enabled":"default","ast-page-background-meta":{"desktop":{"background-color":"","background-image":"","background-repeat":"repeat","background-position":"center center","background-size":"auto","background-attachment":"scroll","background-type":"","background-media":"","overlay-type":"","overlay-color":"","overlay-opacity":"","overlay-gradient":""},"tablet":{"background-color":"","background-image":"","background-repeat":"repeat","background-position":"center center","background-size":"auto","background-attachment":"scroll","background-type":"","background-media":"","overlay-type":"","overlay-color":"","overlay-opacity":"","overlay-gradient":""},"mobile":{"background-color":"","background-image":"","background-repeat":"repeat","background-position":"center center","background-size":"auto","background-attachment":"scroll","background-type":"","background-media":"","overlay-type":"","overlay-color":"","overlay-opacity":"","overlay-gradient":""}},"ast-content-background-meta":{"desktop":{"background-color":"var(--ast-global-color-5)","background-image":"","background-repeat":"repeat","background-position":"center center","background-size":"auto","background-attachment":"scroll","background-type":"","background-media":"","overlay-type":"","overlay-color":"","overlay-opacity":"","overlay-gradient":""},"tablet":{"background-color":"var(--ast-global-color-5)","background-image":"","background-repeat":"repeat","background-position":"center center","background-size":"auto","background-attachment":"scroll","background-type":"","background-media":"","overlay-type":"","overlay-color":"","overlay-opacity":"","overlay-gradient":""},"mobile":{"background-color":"var(--ast-global-color-5)","background-image":"","background-repeat":"repeat","background-position":"center center","background-size":"auto","background-attachment":"scroll","background-type":"","background-media":"","overlay-type":"","overlay-color":"","overlay-opacity":"","overlay-gradient":""}},"footnotes":""},"class_list":["post-1573","page","type-page","status-publish","hentry"],"translation":{"provider":"WPGlobus","version":"3.0.2","language":"en","enabled_languages":["de","en"],"languages":{"de":{"title":true,"content":true,"excerpt":false},"en":{"title":false,"content":false,"excerpt":false}}},"featured_image_urls_v2":{"full":"","thumbnail":"","medium":"","medium_large":"","large":"","1536x1536":"","2048x2048":""},"post_excerpt_stackable_v2":"<p>engl. Equity Fund oder Stock Fund Ein Aktienfonds ist ein Investmentfonds, welcher das Geld der Anleger gr\u00f6\u00dftenteils in Aktien investiert. Zus\u00e4tzlich wird immer ein bestimmter Prozentsatz an freier Liquidit\u00e4t gehalten, um jederzeit flexibel und handlungsf\u00e4hig zu bleiben. Damit ein Fonds als Aktienfonds gilt, muss dieser jedoch mindestens 51 % des Sonderverm\u00f6gens, also des Fondsverm\u00f6gens, in Aktien investieren. Durch den Kauf von Aktienfonds hat der Investor die M\u00f6glichkeit das Risiko zu streuen, da Aktienfonds immer in mehrere verschiedene Aktien investieren und somit das Risiko im Vergleich zum Kauf einzelner Aktien verringert werden kann. Aktienfonds k\u00f6nnen bestimmte Branchen abbilden oder einzelne Strategien&hellip;<\/p>\n","category_list_v2":"","author_info_v2":{"name":"PrudentWater","url":"https:\/\/prudentwater.com\/en\/author\/niklas33\/"},"comments_num_v2":"0 comments","_links":{"self":[{"href":"https:\/\/prudentwater.com\/en\/wp-json\/wp\/v2\/pages\/1573","targetHints":{"allow":["GET"]}}],"collection":[{"href":"https:\/\/prudentwater.com\/en\/wp-json\/wp\/v2\/pages"}],"about":[{"href":"https:\/\/prudentwater.com\/en\/wp-json\/wp\/v2\/types\/page"}],"author":[{"embeddable":true,"href":"https:\/\/prudentwater.com\/en\/wp-json\/wp\/v2\/users\/1"}],"replies":[{"embeddable":true,"href":"https:\/\/prudentwater.com\/en\/wp-json\/wp\/v2\/comments?post=1573"}],"version-history":[{"count":0,"href":"https:\/\/prudentwater.com\/en\/wp-json\/wp\/v2\/pages\/1573\/revisions"}],"wp:attachment":[{"href":"https:\/\/prudentwater.com\/en\/wp-json\/wp\/v2\/media?parent=1573"}],"curies":[{"name":"wp","href":"https:\/\/api.w.org\/{rel}","templated":true}]}}