{"id":1588,"date":"2014-11-05T14:12:40","date_gmt":"2014-11-05T14:12:40","guid":{"rendered":"http:\/\/www.kunnskap.de\/?page_id=1588"},"modified":"2023-01-21T15:41:25","modified_gmt":"2023-01-21T14:41:25","slug":"aktionarsrechte","status":"publish","type":"page","link":"https:\/\/prudentwater.com\/en\/aktionarsrechte\/","title":{"rendered":"Aktion\u00e4rsrechte"},"content":{"rendered":"<p>engl. <b>Shareholder Rights<\/b><\/p>\n<p>Die Aktion\u00e4rsrechte sind in der Satzung einer Aktiengesellschaft sowie in dem Aktiengesellschaftsgesetz geregelt. Zu den Aktion\u00e4rsrechten geh\u00f6rt unter anderem das Stimmrecht auf der Hauptversammlung sowie ein Anspruch auf eine Dividende, vorausgesetzt das Unternehmen beschlie\u00dft eine Dividendenaussch\u00fcttung auf der Hauptversammlung. Ebenso geh\u00f6rt das Recht auf einen Anteil am Liquidationserl\u00f6s bei Aufl\u00f6sung der Aktiengesellschaft und das Recht zur Teilnahme an der Hauptversammlung inklusive dort \u00f6ffentlich zu sprechen zu den Aktion\u00e4rsrechten. Die Vorzugsaktie besitzt jedoch andere Aktion\u00e4rsrechte als die aufgef\u00fchrten Rechte. So besitzt die Vorzugsaktie beispielsweise kein Stimmrecht auf der Hauptversammlung, die Stammaktie hingegen besitzt ein Stimmrecht.<\/p>\n","protected":false},"excerpt":{"rendered":"<p>engl. Shareholder Rights Die Aktion\u00e4rsrechte sind in der Satzung einer Aktiengesellschaft sowie in dem Aktiengesellschaftsgesetz geregelt. Zu den Aktion\u00e4rsrechten geh\u00f6rt unter anderem das Stimmrecht auf der Hauptversammlung sowie ein Anspruch auf eine Dividende, vorausgesetzt das Unternehmen beschlie\u00dft eine Dividendenaussch\u00fcttung auf der Hauptversammlung. Ebenso geh\u00f6rt das Recht auf einen Anteil am Liquidationserl\u00f6s bei Aufl\u00f6sung der Aktiengesellschaft [&hellip;]<\/p>\n","protected":false},"author":1,"featured_media":0,"parent":0,"menu_order":0,"comment_status":"closed","ping_status":"closed","template":"","meta":{"site-sidebar-layout":"default","site-content-layout":"default","ast-site-content-layout":"","site-content-style":"default","site-sidebar-style":"default","ast-global-header-display":"","ast-banner-title-visibility":"","ast-main-header-display":"","ast-hfb-above-header-display":"","ast-hfb-below-header-display":"","ast-hfb-mobile-header-display":"","site-post-title":"","ast-breadcrumbs-content":"","ast-featured-img":"","footer-sml-layout":"","theme-transparent-header-meta":"default","adv-header-id-meta":"","stick-header-meta":"","header-above-stick-meta":"","header-main-stick-meta":"","header-below-stick-meta":"","astra-migrate-meta-layouts":"default","ast-page-background-enabled":"default","ast-page-background-meta":{"desktop":{"background-color":"","background-image":"","background-repeat":"repeat","background-position":"center center","background-size":"auto","background-attachment":"scroll","background-type":"","background-media":"","overlay-type":"","overlay-color":"","overlay-opacity":"","overlay-gradient":""},"tablet":{"background-color":"","background-image":"","background-repeat":"repeat","background-position":"center center","background-size":"auto","background-attachment":"scroll","background-type":"","background-media":"","overlay-type":"","overlay-color":"","overlay-opacity":"","overlay-gradient":""},"mobile":{"background-color":"","background-image":"","background-repeat":"repeat","background-position":"center center","background-size":"auto","background-attachment":"scroll","background-type":"","background-media":"","overlay-type":"","overlay-color":"","overlay-opacity":"","overlay-gradient":""}},"ast-content-background-meta":{"desktop":{"background-color":"var(--ast-global-color-5)","background-image":"","background-repeat":"repeat","background-position":"center center","background-size":"auto","background-attachment":"scroll","background-type":"","background-media":"","overlay-type":"","overlay-color":"","overlay-opacity":"","overlay-gradient":""},"tablet":{"background-color":"var(--ast-global-color-5)","background-image":"","background-repeat":"repeat","background-position":"center center","background-size":"auto","background-attachment":"scroll","background-type":"","background-media":"","overlay-type":"","overlay-color":"","overlay-opacity":"","overlay-gradient":""},"mobile":{"background-color":"var(--ast-global-color-5)","background-image":"","background-repeat":"repeat","background-position":"center center","background-size":"auto","background-attachment":"scroll","background-type":"","background-media":"","overlay-type":"","overlay-color":"","overlay-opacity":"","overlay-gradient":""}},"footnotes":""},"class_list":["post-1588","page","type-page","status-publish","hentry"],"translation":{"provider":"WPGlobus","version":"3.0.2","language":"en","enabled_languages":["de","en"],"languages":{"de":{"title":true,"content":true,"excerpt":false},"en":{"title":false,"content":false,"excerpt":false}}},"featured_image_urls_v2":{"full":"","thumbnail":"","medium":"","medium_large":"","large":"","1536x1536":"","2048x2048":""},"post_excerpt_stackable_v2":"<p>engl. Shareholder Rights Die Aktion\u00e4rsrechte sind in der Satzung einer Aktiengesellschaft sowie in dem Aktiengesellschaftsgesetz geregelt. Zu den Aktion\u00e4rsrechten geh\u00f6rt unter anderem das Stimmrecht auf der Hauptversammlung sowie ein Anspruch auf eine Dividende, vorausgesetzt das Unternehmen beschlie\u00dft eine Dividendenaussch\u00fcttung auf der Hauptversammlung. Ebenso geh\u00f6rt das Recht auf einen Anteil am Liquidationserl\u00f6s bei Aufl\u00f6sung der Aktiengesellschaft und das Recht zur Teilnahme an der Hauptversammlung inklusive dort \u00f6ffentlich zu sprechen zu den Aktion\u00e4rsrechten. Die Vorzugsaktie besitzt jedoch andere Aktion\u00e4rsrechte als die aufgef\u00fchrten Rechte. So besitzt die Vorzugsaktie beispielsweise kein Stimmrecht auf der Hauptversammlung, die Stammaktie hingegen besitzt ein Stimmrecht.<\/p>\n","category_list_v2":"","author_info_v2":{"name":"PrudentWater","url":"https:\/\/prudentwater.com\/en\/author\/niklas33\/"},"comments_num_v2":"0 comments","_links":{"self":[{"href":"https:\/\/prudentwater.com\/en\/wp-json\/wp\/v2\/pages\/1588","targetHints":{"allow":["GET"]}}],"collection":[{"href":"https:\/\/prudentwater.com\/en\/wp-json\/wp\/v2\/pages"}],"about":[{"href":"https:\/\/prudentwater.com\/en\/wp-json\/wp\/v2\/types\/page"}],"author":[{"embeddable":true,"href":"https:\/\/prudentwater.com\/en\/wp-json\/wp\/v2\/users\/1"}],"replies":[{"embeddable":true,"href":"https:\/\/prudentwater.com\/en\/wp-json\/wp\/v2\/comments?post=1588"}],"version-history":[{"count":0,"href":"https:\/\/prudentwater.com\/en\/wp-json\/wp\/v2\/pages\/1588\/revisions"}],"wp:attachment":[{"href":"https:\/\/prudentwater.com\/en\/wp-json\/wp\/v2\/media?parent=1588"}],"curies":[{"name":"wp","href":"https:\/\/api.w.org\/{rel}","templated":true}]}}