{"id":1598,"date":"2014-11-05T17:21:02","date_gmt":"2014-11-05T17:21:02","guid":{"rendered":"http:\/\/www.kunnskap.de\/?page_id=1598"},"modified":"2023-01-28T10:24:39","modified_gmt":"2023-01-28T09:24:39","slug":"total-expense-ratio","status":"publish","type":"page","link":"https:\/\/prudentwater.com\/en\/total-expense-ratio\/","title":{"rendered":"Total Expense Ratio"},"content":{"rendered":"\n<p>Auch <b>Gesamtkostenquote<\/b> oder <b>TER<\/b><\/p>\n\n\n\n<p>Die Total Expense Ratio dient als Fonds-Kennzahl und gibt an, wie hoch die j\u00e4hrlich anfallenden Kosten des Fonds sind, welche der Anleger zu tragen hat. Angegeben wird die Total Expense Ratio in Prozentpunkten in Relation zum durchschnittlichen Fondsverm\u00f6gen. Bei einem ETF wird f\u00fcr die j\u00e4hrlich anfallenden Kosten oft auch der Begriff Total Expense Ratio oder Gesamtkostenquote genannt. Die Total Expense Ratio umfasst alle j\u00e4hrlich auf Fonds- oder ETF-Ebene anfallenden Geb\u00fchren, welche der Anleger an die Fondsgesellschaft zu entrichten hat.<\/p>\n\n\n\n<div class=\"wp-block-columns is-layout-flex wp-container-core-columns-is-layout-28f84493 wp-block-columns-is-layout-flex\">\n<div class=\"wp-block-column is-layout-flow wp-block-column-is-layout-flow\">\n<h5 class=\"wp-block-heading\">Folgende Kosten geh\u00f6ren zur Total Expense Ratio:<\/h5>\n\n\n\n<ul class=\"wp-block-list\">\n<li>Verwaltungsgeb\u00fchr<\/li>\n\n\n\n<li>Managementgeb\u00fchr<\/li>\n\n\n\n<li>Vertriebskosten<\/li>\n\n\n\n<li>Depotbankgeb\u00fchren<\/li>\n<\/ul>\n<\/div>\n\n\n\n<div class=\"wp-block-column is-layout-flow wp-block-column-is-layout-flow\">\n<h5 class=\"wp-block-heading\">Folgende Kosten geh\u00f6ren <strong>nicht<\/strong> zur Total Expense Ratio:<\/h5>\n\n\n\n<ul class=\"wp-block-list\">\n<li>Transaktionskosten<\/li>\n\n\n\n<li>Ausgabeaufschlag<\/li>\n\n\n\n<li>M\u00f6gliche performanceabh\u00e4ngige Verg\u00fctung<\/li>\n<\/ul>\n<\/div>\n<\/div>\n\n\n\n<p>Die Total Expense Ratio wird in Prozent ausgedr\u00fcckt und f\u00e4llt dauerhaft an. Sie wird direkt vom Fondsverm\u00f6gen abgezogen und schm\u00e4lert somit die Performance des Fonds. Direkt aus dem Depot des Investors wird die Total Expense Ratio jedoch nicht abgezogen. Sie stellt sich \u00fcber eine \u00c4nderung des Anteilspreises dar. Durch die t\u00e4glichen Schwankungen wird dies jedoch nicht deutlich. Die Total Expense Ratio wird aus dem Fondsverm\u00f6gen (Sonderverm\u00f6gen) genommen. Dazu wird t\u00e4glich ein 365stel der TER vom Sonderverm\u00f6gen des Fonds abgezogen. Dadurch, dass die Fondskosten sozusagen eher im Hintergrund berechnet werden, sollten Anleger immer ganz besonders die j\u00e4hrlich anfallenden Gesamtkosten an das Fondsmanagement ber\u00fccksichtigen und in die Kalkulation mit einberechnen. Kumuliert \u00fcber Jahre hinweg k\u00f6nnen die anfallenden Kosten an den Fonds die Rendite n\u00e4mlich deutlich reduzieren, auch wenn sich dies auf den ersten Blick bei Betrachtung des Charts und der Performance im Depot nicht offensichtlich bemerkbar macht. Es gilt, dass umso exotischer die Anlagestrategie des Fonds oder des ETFs, desto h\u00f6her auch die Total Expense Ratio.<\/p>\n","protected":false},"excerpt":{"rendered":"<p>Auch Gesamtkostenquote oder TER Die Total Expense Ratio dient als Fonds-Kennzahl und gibt an, wie hoch die j\u00e4hrlich anfallenden Kosten des Fonds sind, welche der Anleger zu tragen hat. Angegeben wird die Total Expense Ratio in Prozentpunkten in Relation zum durchschnittlichen Fondsverm\u00f6gen. Bei einem ETF wird f\u00fcr die j\u00e4hrlich anfallenden Kosten oft auch der Begriff [&hellip;]<\/p>\n","protected":false},"author":1,"featured_media":0,"parent":0,"menu_order":0,"comment_status":"closed","ping_status":"closed","template":"","meta":{"site-sidebar-layout":"default","site-content-layout":"default","ast-site-content-layout":"","site-content-style":"default","site-sidebar-style":"default","ast-global-header-display":"","ast-banner-title-visibility":"","ast-main-header-display":"","ast-hfb-above-header-display":"","ast-hfb-below-header-display":"","ast-hfb-mobile-header-display":"","site-post-title":"","ast-breadcrumbs-content":"","ast-featured-img":"","footer-sml-layout":"","theme-transparent-header-meta":"default","adv-header-id-meta":"","stick-header-meta":"","header-above-stick-meta":"","header-main-stick-meta":"","header-below-stick-meta":"","astra-migrate-meta-layouts":"default","ast-page-background-enabled":"default","ast-page-background-meta":{"desktop":{"background-color":"","background-image":"","background-repeat":"repeat","background-position":"center center","background-size":"auto","background-attachment":"scroll","background-type":"","background-media":"","overlay-type":"","overlay-color":"","overlay-opacity":"","overlay-gradient":""},"tablet":{"background-color":"","background-image":"","background-repeat":"repeat","background-position":"center center","background-size":"auto","background-attachment":"scroll","background-type":"","background-media":"","overlay-type":"","overlay-color":"","overlay-opacity":"","overlay-gradient":""},"mobile":{"background-color":"","background-image":"","background-repeat":"repeat","background-position":"center center","background-size":"auto","background-attachment":"scroll","background-type":"","background-media":"","overlay-type":"","overlay-color":"","overlay-opacity":"","overlay-gradient":""}},"ast-content-background-meta":{"desktop":{"background-color":"var(--ast-global-color-5)","background-image":"","background-repeat":"repeat","background-position":"center center","background-size":"auto","background-attachment":"scroll","background-type":"","background-media":"","overlay-type":"","overlay-color":"","overlay-opacity":"","overlay-gradient":""},"tablet":{"background-color":"var(--ast-global-color-5)","background-image":"","background-repeat":"repeat","background-position":"center center","background-size":"auto","background-attachment":"scroll","background-type":"","background-media":"","overlay-type":"","overlay-color":"","overlay-opacity":"","overlay-gradient":""},"mobile":{"background-color":"var(--ast-global-color-5)","background-image":"","background-repeat":"repeat","background-position":"center center","background-size":"auto","background-attachment":"scroll","background-type":"","background-media":"","overlay-type":"","overlay-color":"","overlay-opacity":"","overlay-gradient":""}},"footnotes":""},"class_list":["post-1598","page","type-page","status-publish","hentry"],"translation":{"provider":"WPGlobus","version":"3.0.2","language":"en","enabled_languages":["de","en"],"languages":{"de":{"title":true,"content":true,"excerpt":false},"en":{"title":false,"content":false,"excerpt":false}}},"featured_image_urls_v2":{"full":"","thumbnail":"","medium":"","medium_large":"","large":"","1536x1536":"","2048x2048":""},"post_excerpt_stackable_v2":"<p>Auch Gesamtkostenquote oder TER Die Total Expense Ratio dient als Fonds-Kennzahl und gibt an, wie hoch die j\u00e4hrlich anfallenden Kosten des Fonds sind, welche der Anleger zu tragen hat. Angegeben wird die Total Expense Ratio in Prozentpunkten in Relation zum durchschnittlichen Fondsverm\u00f6gen. Bei einem ETF wird f\u00fcr die j\u00e4hrlich anfallenden Kosten oft auch der Begriff Total Expense Ratio oder Gesamtkostenquote genannt. Die Total Expense Ratio umfasst alle j\u00e4hrlich auf Fonds- oder ETF-Ebene anfallenden Geb\u00fchren, welche der Anleger an die Fondsgesellschaft zu entrichten hat. Folgende Kosten geh\u00f6ren zur Total Expense Ratio: Verwaltungsgeb\u00fchr Managementgeb\u00fchr Vertriebskosten Depotbankgeb\u00fchren Folgende Kosten geh\u00f6ren nicht zur Total&hellip;<\/p>\n","category_list_v2":"","author_info_v2":{"name":"PrudentWater","url":"https:\/\/prudentwater.com\/en\/author\/niklas33\/"},"comments_num_v2":"0 comments","_links":{"self":[{"href":"https:\/\/prudentwater.com\/en\/wp-json\/wp\/v2\/pages\/1598","targetHints":{"allow":["GET"]}}],"collection":[{"href":"https:\/\/prudentwater.com\/en\/wp-json\/wp\/v2\/pages"}],"about":[{"href":"https:\/\/prudentwater.com\/en\/wp-json\/wp\/v2\/types\/page"}],"author":[{"embeddable":true,"href":"https:\/\/prudentwater.com\/en\/wp-json\/wp\/v2\/users\/1"}],"replies":[{"embeddable":true,"href":"https:\/\/prudentwater.com\/en\/wp-json\/wp\/v2\/comments?post=1598"}],"version-history":[{"count":0,"href":"https:\/\/prudentwater.com\/en\/wp-json\/wp\/v2\/pages\/1598\/revisions"}],"wp:attachment":[{"href":"https:\/\/prudentwater.com\/en\/wp-json\/wp\/v2\/media?parent=1598"}],"curies":[{"name":"wp","href":"https:\/\/api.w.org\/{rel}","templated":true}]}}