{"id":1603,"date":"2014-11-05T22:27:14","date_gmt":"2014-11-05T22:27:14","guid":{"rendered":"http:\/\/www.kunnskap.de\/?page_id=1603"},"modified":"2021-06-25T12:48:21","modified_gmt":"2021-06-25T10:48:21","slug":"bilanzsumme","status":"publish","type":"page","link":"https:\/\/prudentwater.com\/en\/bilanzsumme\/","title":{"rendered":"Bilanzsumme"},"content":{"rendered":"<p>Werden alle Positionen der Aktiva oder der Passiva zusammenaddiert, erh\u00e4lt man die Bilanzsumme. Die Bilanzsumme wird herangezogen, um die Gr\u00f6\u00dfe eines Unternehmens einzuordnen. Die Bilanzsumme der Aktivseite muss immer gleich der Bilanzsumme der Passivseite sein, da die Passiva die Mittelherkunft und die Aktiva die Mittelverwendung anzeigt. Aktiva und Passiva ist somit stets identisch, es sei denn das Unternehmen weist negatives Eigenkapital aus.<br \/>\nAu\u00dfer dass die reine Bilanzsumme die Gr\u00f6\u00dfe des jeweiligen Unternehmens andeutet, hat sie keine weitere Aussagekraft. Um jedoch eine Aussage \u00fcber die Finanzstabilit\u00e4t des Unternehmens zu erhalten, kann unter anderem in der Bilanz geschaut werden, welchen Anteil jeweils das Eigenkapital und das Fremdkapital an dem Gesamtkapital ausmachen. Die Bilanzsumme muss nicht und entspricht auch fast nie der Marktkapitalisierung des Unternehmens.<\/p>\n","protected":false},"excerpt":{"rendered":"<p>Werden alle Positionen der Aktiva oder der Passiva zusammenaddiert, erh\u00e4lt man die Bilanzsumme. Die Bilanzsumme wird herangezogen, um die Gr\u00f6\u00dfe eines Unternehmens einzuordnen. Die Bilanzsumme der Aktivseite muss immer gleich der Bilanzsumme der Passivseite sein, da die Passiva die Mittelherkunft und die Aktiva die Mittelverwendung anzeigt. Aktiva und Passiva ist somit stets identisch, es sei [&hellip;]<\/p>\n","protected":false},"author":1,"featured_media":0,"parent":0,"menu_order":0,"comment_status":"closed","ping_status":"closed","template":"","meta":{"site-sidebar-layout":"default","site-content-layout":"","ast-site-content-layout":"","site-content-style":"default","site-sidebar-style":"default","ast-global-header-display":"","ast-banner-title-visibility":"","ast-main-header-display":"","ast-hfb-above-header-display":"","ast-hfb-below-header-display":"","ast-hfb-mobile-header-display":"","site-post-title":"","ast-breadcrumbs-content":"","ast-featured-img":"","footer-sml-layout":"","theme-transparent-header-meta":"","adv-header-id-meta":"","stick-header-meta":"","header-above-stick-meta":"","header-main-stick-meta":"","header-below-stick-meta":"","astra-migrate-meta-layouts":"default","ast-page-background-enabled":"default","ast-page-background-meta":{"desktop":{"background-color":"","background-image":"","background-repeat":"repeat","background-position":"center center","background-size":"auto","background-attachment":"scroll","background-type":"","background-media":"","overlay-type":"","overlay-color":"","overlay-opacity":"","overlay-gradient":""},"tablet":{"background-color":"","background-image":"","background-repeat":"repeat","background-position":"center center","background-size":"auto","background-attachment":"scroll","background-type":"","background-media":"","overlay-type":"","overlay-color":"","overlay-opacity":"","overlay-gradient":""},"mobile":{"background-color":"","background-image":"","background-repeat":"repeat","background-position":"center center","background-size":"auto","background-attachment":"scroll","background-type":"","background-media":"","overlay-type":"","overlay-color":"","overlay-opacity":"","overlay-gradient":""}},"ast-content-background-meta":{"desktop":{"background-color":"var(--ast-global-color-5)","background-image":"","background-repeat":"repeat","background-position":"center center","background-size":"auto","background-attachment":"scroll","background-type":"","background-media":"","overlay-type":"","overlay-color":"","overlay-opacity":"","overlay-gradient":""},"tablet":{"background-color":"var(--ast-global-color-5)","background-image":"","background-repeat":"repeat","background-position":"center center","background-size":"auto","background-attachment":"scroll","background-type":"","background-media":"","overlay-type":"","overlay-color":"","overlay-opacity":"","overlay-gradient":""},"mobile":{"background-color":"var(--ast-global-color-5)","background-image":"","background-repeat":"repeat","background-position":"center center","background-size":"auto","background-attachment":"scroll","background-type":"","background-media":"","overlay-type":"","overlay-color":"","overlay-opacity":"","overlay-gradient":""}},"footnotes":""},"class_list":["post-1603","page","type-page","status-publish","hentry"],"translation":{"provider":"WPGlobus","version":"3.0.2","language":"en","enabled_languages":["de","en"],"languages":{"de":{"title":true,"content":true,"excerpt":false},"en":{"title":false,"content":false,"excerpt":false}}},"featured_image_urls_v2":{"full":"","thumbnail":"","medium":"","medium_large":"","large":"","1536x1536":"","2048x2048":""},"post_excerpt_stackable_v2":"<p>Werden alle Positionen der Aktiva oder der Passiva zusammenaddiert, erh\u00e4lt man die Bilanzsumme. Die Bilanzsumme wird herangezogen, um die Gr\u00f6\u00dfe eines Unternehmens einzuordnen. Die Bilanzsumme der Aktivseite muss immer gleich der Bilanzsumme der Passivseite sein, da die Passiva die Mittelherkunft und die Aktiva die Mittelverwendung anzeigt. Aktiva und Passiva ist somit stets identisch, es sei denn das Unternehmen weist negatives Eigenkapital aus. Au\u00dfer dass die reine Bilanzsumme die Gr\u00f6\u00dfe des jeweiligen Unternehmens andeutet, hat sie keine weitere Aussagekraft. Um jedoch eine Aussage \u00fcber die Finanzstabilit\u00e4t des Unternehmens zu erhalten, kann unter anderem in der Bilanz geschaut werden, welchen Anteil jeweils&hellip;<\/p>\n","category_list_v2":"","author_info_v2":{"name":"PrudentWater","url":"https:\/\/prudentwater.com\/en\/author\/niklas33\/"},"comments_num_v2":"0 comments","_links":{"self":[{"href":"https:\/\/prudentwater.com\/en\/wp-json\/wp\/v2\/pages\/1603","targetHints":{"allow":["GET"]}}],"collection":[{"href":"https:\/\/prudentwater.com\/en\/wp-json\/wp\/v2\/pages"}],"about":[{"href":"https:\/\/prudentwater.com\/en\/wp-json\/wp\/v2\/types\/page"}],"author":[{"embeddable":true,"href":"https:\/\/prudentwater.com\/en\/wp-json\/wp\/v2\/users\/1"}],"replies":[{"embeddable":true,"href":"https:\/\/prudentwater.com\/en\/wp-json\/wp\/v2\/comments?post=1603"}],"version-history":[{"count":0,"href":"https:\/\/prudentwater.com\/en\/wp-json\/wp\/v2\/pages\/1603\/revisions"}],"wp:attachment":[{"href":"https:\/\/prudentwater.com\/en\/wp-json\/wp\/v2\/media?parent=1603"}],"curies":[{"name":"wp","href":"https:\/\/api.w.org\/{rel}","templated":true}]}}