{"id":1612,"date":"2014-11-06T19:31:20","date_gmt":"2014-11-06T19:31:20","guid":{"rendered":"http:\/\/www.kunnskap.de\/?page_id=1612"},"modified":"2021-06-25T12:48:18","modified_gmt":"2021-06-25T10:48:18","slug":"anleiherendite","status":"publish","type":"page","link":"https:\/\/prudentwater.com\/en\/anleiherendite\/","title":{"rendered":"Anleiherendite"},"content":{"rendered":"<p>Auch <strong>Effektivzins<\/strong><\/p>\n<p>Die Anleiherendite setzt sich zusammen aus den Zinseinnahmen sowie den m\u00f6glichen Kursgewinnen oder aber Kursverlusten und entspricht somit der Effektivverzinsung. Die Anleiherendite spiegelt also den tats\u00e4chlich j\u00e4hrlichen Ertrag wider, den ein Anleger mit dem Kauf der jeweiligen Anleihe erzielen w\u00fcrde. Berechnen l\u00e4sst sich die Anleiherendite nach folgender Formel:<\/p>\n<hr>\n<h6>Berechnung:<\/h6>\n<p><img loading=\"lazy\" decoding=\"async\" src=\"https:\/\/prudentwater.com\/wp-content\/uploads\/2020\/03\/Anleiherendite.png\" alt=\"\" class=\"alignnone size-full wp-image-9288\" width=\"739\" height=\"48\" title=\"\"><\/p>\n<hr>\n<p>Wird eine Anleihe unter dem R\u00fccknahmekurs (Nominalwert) gekauft, wird bei F\u00e4lligkeit zus\u00e4tzlich ein Kursgewinn erzielt. Wird eine Anleihe \u00fcber dem R\u00fccknahmekurs gekauft, entsteht ein Kursverlust, wenn die Anleihe vom Emittenten beglichen wird. Wird eine Anleihe bei Ausgabe zum Nominalwert (100 %) gekauft, erh\u00e4lt der Anleger die Emissionsrendite, welche dann dem Kupon entspricht.<\/p>\n","protected":false},"excerpt":{"rendered":"<p>Auch Effektivzins Die Anleiherendite setzt sich zusammen aus den Zinseinnahmen sowie den m\u00f6glichen Kursgewinnen oder aber Kursverlusten und entspricht somit der Effektivverzinsung. Die Anleiherendite spiegelt also den tats\u00e4chlich j\u00e4hrlichen Ertrag wider, den ein Anleger mit dem Kauf der jeweiligen Anleihe erzielen w\u00fcrde. Berechnen l\u00e4sst sich die Anleiherendite nach folgender Formel: Berechnung: Wird eine Anleihe unter [&hellip;]<\/p>\n","protected":false},"author":1,"featured_media":0,"parent":0,"menu_order":0,"comment_status":"closed","ping_status":"closed","template":"","meta":{"site-sidebar-layout":"default","site-content-layout":"","ast-site-content-layout":"","site-content-style":"default","site-sidebar-style":"default","ast-global-header-display":"","ast-banner-title-visibility":"","ast-main-header-display":"","ast-hfb-above-header-display":"","ast-hfb-below-header-display":"","ast-hfb-mobile-header-display":"","site-post-title":"","ast-breadcrumbs-content":"","ast-featured-img":"","footer-sml-layout":"","theme-transparent-header-meta":"","adv-header-id-meta":"","stick-header-meta":"","header-above-stick-meta":"","header-main-stick-meta":"","header-below-stick-meta":"","astra-migrate-meta-layouts":"default","ast-page-background-enabled":"default","ast-page-background-meta":{"desktop":{"background-color":"","background-image":"","background-repeat":"repeat","background-position":"center center","background-size":"auto","background-attachment":"scroll","background-type":"","background-media":"","overlay-type":"","overlay-color":"","overlay-opacity":"","overlay-gradient":""},"tablet":{"background-color":"","background-image":"","background-repeat":"repeat","background-position":"center center","background-size":"auto","background-attachment":"scroll","background-type":"","background-media":"","overlay-type":"","overlay-color":"","overlay-opacity":"","overlay-gradient":""},"mobile":{"background-color":"","background-image":"","background-repeat":"repeat","background-position":"center center","background-size":"auto","background-attachment":"scroll","background-type":"","background-media":"","overlay-type":"","overlay-color":"","overlay-opacity":"","overlay-gradient":""}},"ast-content-background-meta":{"desktop":{"background-color":"var(--ast-global-color-5)","background-image":"","background-repeat":"repeat","background-position":"center center","background-size":"auto","background-attachment":"scroll","background-type":"","background-media":"","overlay-type":"","overlay-color":"","overlay-opacity":"","overlay-gradient":""},"tablet":{"background-color":"var(--ast-global-color-5)","background-image":"","background-repeat":"repeat","background-position":"center center","background-size":"auto","background-attachment":"scroll","background-type":"","background-media":"","overlay-type":"","overlay-color":"","overlay-opacity":"","overlay-gradient":""},"mobile":{"background-color":"var(--ast-global-color-5)","background-image":"","background-repeat":"repeat","background-position":"center center","background-size":"auto","background-attachment":"scroll","background-type":"","background-media":"","overlay-type":"","overlay-color":"","overlay-opacity":"","overlay-gradient":""}},"footnotes":""},"class_list":["post-1612","page","type-page","status-publish","hentry"],"translation":{"provider":"WPGlobus","version":"3.0.2","language":"en","enabled_languages":["de","en"],"languages":{"de":{"title":true,"content":true,"excerpt":false},"en":{"title":false,"content":false,"excerpt":false}}},"featured_image_urls_v2":{"full":"","thumbnail":"","medium":"","medium_large":"","large":"","1536x1536":"","2048x2048":""},"post_excerpt_stackable_v2":"<p>Auch Effektivzins Die Anleiherendite setzt sich zusammen aus den Zinseinnahmen sowie den m\u00f6glichen Kursgewinnen oder aber Kursverlusten und entspricht somit der Effektivverzinsung. Die Anleiherendite spiegelt also den tats\u00e4chlich j\u00e4hrlichen Ertrag wider, den ein Anleger mit dem Kauf der jeweiligen Anleihe erzielen w\u00fcrde. Berechnen l\u00e4sst sich die Anleiherendite nach folgender Formel: Berechnung: Wird eine Anleihe unter dem R\u00fccknahmekurs (Nominalwert) gekauft, wird bei F\u00e4lligkeit zus\u00e4tzlich ein Kursgewinn erzielt. Wird eine Anleihe \u00fcber dem R\u00fccknahmekurs gekauft, entsteht ein Kursverlust, wenn die Anleihe vom Emittenten beglichen wird. Wird eine Anleihe bei Ausgabe zum Nominalwert (100 %) gekauft, erh\u00e4lt der Anleger die Emissionsrendite, welche dann&hellip;<\/p>\n","category_list_v2":"","author_info_v2":{"name":"PrudentWater","url":"https:\/\/prudentwater.com\/en\/author\/niklas33\/"},"comments_num_v2":"0 comments","_links":{"self":[{"href":"https:\/\/prudentwater.com\/en\/wp-json\/wp\/v2\/pages\/1612","targetHints":{"allow":["GET"]}}],"collection":[{"href":"https:\/\/prudentwater.com\/en\/wp-json\/wp\/v2\/pages"}],"about":[{"href":"https:\/\/prudentwater.com\/en\/wp-json\/wp\/v2\/types\/page"}],"author":[{"embeddable":true,"href":"https:\/\/prudentwater.com\/en\/wp-json\/wp\/v2\/users\/1"}],"replies":[{"embeddable":true,"href":"https:\/\/prudentwater.com\/en\/wp-json\/wp\/v2\/comments?post=1612"}],"version-history":[{"count":0,"href":"https:\/\/prudentwater.com\/en\/wp-json\/wp\/v2\/pages\/1612\/revisions"}],"wp:attachment":[{"href":"https:\/\/prudentwater.com\/en\/wp-json\/wp\/v2\/media?parent=1612"}],"curies":[{"name":"wp","href":"https:\/\/api.w.org\/{rel}","templated":true}]}}