{"id":1654,"date":"2014-11-08T14:37:22","date_gmt":"2014-11-08T14:37:22","guid":{"rendered":"http:\/\/www.kunnskap.de\/?page_id=1654"},"modified":"2022-08-11T17:44:13","modified_gmt":"2022-08-11T15:44:13","slug":"kurs-gewinn-verhaltnis","status":"publish","type":"page","link":"https:\/\/prudentwater.com\/en\/kurs-gewinn-verhaltnis\/","title":{"rendered":"Kurs-Gewinn-Verh\u00e4ltnis"},"content":{"rendered":"<p>Auch <b>KGV<\/b><br>\nengl. <b>Price-Earning Ratio (P\/E Ratio)<\/b><\/p>\n\n\n<div class=\"wp-block-stackable-notification is-style-plain stk-block-notification stk-block stk-b3a7798\" data-block-id=\"b3a7798\"><style>.stk-b3a7798{box-shadow:0px 2px 20px rgba(153,153,153,0.2) !important}.stk-b3a7798-container{border-radius:20px !important;overflow:hidden !important;box-shadow:0px 10px 60px rgba(0,0,0,0.1) !important}.stk-b3a7798 .stk-block-notification__content{padding-top:32px !important;padding-right:32px !important;padding-bottom:32px !important;padding-left:32px !important}<\/style><div class=\"stk-block-notification__content stk-content-align stk-b3a7798-column stk-container stk-b3a7798-container stk--no-background stk--no-padding\"><div class=\"stk-block-content stk-inner-blocks\">\n<div class=\"wp-block-stackable-heading stk-block-heading stk-block stk-40c06f9\" id=\"strong-zentrale-kernaussagen-strong\" data-block-id=\"40c06f9\"><style>.stk-40c06f9{margin-bottom:15px !important}.stk-40c06f9 .stk-block-heading__text{font-size:17px !important;margin:0 !important;color:#da8611 !important;font-weight:400 !important;letter-spacing:1px !important}@media screen and (max-width:1023px){.stk-40c06f9 .stk-block-heading__text{font-size:17px !important}}<\/style><h2 class=\"stk-block-heading__text has-text-color\"><b>ZENTRALE KERNAUSSAGEN<\/b><\/h2><\/div>\n\n\n\n<ul class=\"has-ast-global-color-8-color has-text-color wp-block-list\" style=\"font-size:16px;font-style:normal;font-weight:500;line-height:2\"><li>Das Kurs-Gewinn-Verh\u00e4ltnis gibt an, wie viele Jahre das Unternehmen braucht, um seinen aktuellen B\u00f6rsenkurs als Reingewinn zu erwirtschaften \u2013 unter Voraussetzung eines gleichbleibenden Jahres\u00fcberschusses.<\/li><li>Je niedriger das KGV, desto preisg\u00fcnstiger ist die Aktie bewertet.<\/li><li>Erleidet das Unternehmen einen Verlust, so kann das KGV nicht angewendet werden.<\/li><\/ul>\n<\/div><\/div><\/div>\n\n\n<p>Das Kurs-Gewinn-Verh\u00e4ltnis dient als Bewertungskennzahl der Aktienanalyse und gibt an, mit welchem Vielfachen des aktuellen oder zuk\u00fcnftigen Gewinnes das Unternehmen derzeit an der B\u00f6rse bewertet ist. Dabei setzt das Kurs-Gewinn-Verh\u00e4ltnis den aktuellen Kurs einer Aktie ins Verh\u00e4ltnis zum Gewinn je Aktie. Der Anleger kann mithilfe der Kennzahl dar\u00fcber Aufschluss erhalten, ob eine Aktie zu g\u00fcnstig, zu teuer oder angemessen bewertet ist.<\/p>\n<h3>Berechnung und Interpretation<\/h3>\n<p style=\"margin-bottom: 33px\">\n<\/p><hr>\n<p><img loading=\"lazy\" decoding=\"async\" src=\"https:\/\/prudentwater.com\/wp-content\/uploads\/2021\/05\/KGV.png\" alt=\"\" class=\"aligncenter size-full wp-image-10755\" width=\"400\" height=\"40\" title=\"\"><\/p>\n<hr>\n<p>Bei einem KGV von beispielsweise 8.0, muss der Anleger das Achtfache des Jahresgewinnes zahlen, wenn er die Aktie kaufen zu diesem Zeitpunkt kaufen m\u00f6chte. Je niedriger das KGV, desto g\u00fcnstiger ist das Unternehmen an der B\u00f6rse bewertet. Grob eingeordnet l\u00e4sst sich eine Aktie mit einem KGV von unter 10 als g\u00fcnstig bewerten, ein KGV zwischen 10 bis 20 wird als fair und angemessen betrachtet, ein Aktie mit einem KGV von \u00fcber 20 wird hingegen als teuer bewertet. Ein Anstieg des KGVs bedeutet entweder, dass der Aktienkurs angestiegen ist oder aber dass der Gewinn des Unternehmens zur\u00fcckgegangen ist. Dementsprechend bedeutet ein R\u00fcckgang des KGVs, dass der Aktienkurs gefallen ist oder aber der Gewinn des Unternehmens gestiegen ist.<\/p>\n<h3>Aussagekraft des Kurs-Gewinn-Verh\u00e4ltnisses<\/h3>\n<p>Die Komponente Gewinn je Aktie &#8211; welche zur Berechnung der Kennzahl genutzt wird &#8211; ist jedoch immer auch nur eine Einsch\u00e4tzung f\u00fcr das laufende Gesch\u00e4ftsjahr. Der angegebene Gewinn pro Aktie wurde also noch gar nicht erzielt, er basiert auf Prognosen und ist somit immer mit Vorsicht zu betrachten. Kurs-Gewinn-Verh\u00e4ltnisse aus vergangenen Jahren beinhalten hingegen den tats\u00e4chlichen erzielten Gewinn pro Aktie, sind dann jedoch auch nicht mehr so aussagekr\u00e4ftig. Aktienm\u00e4rkte sind n\u00e4mlich sehr zukunftsorientiert. Der aktuelle Unternehmensgewinn sollte deshalb nie Grundlage eines Investments sein, da ein einzelnes Gesch\u00e4ftsjahr nur sehr beschr\u00e4nkt \u00fcber die zuk\u00fcnftige Profitabilit\u00e4t des Unternehmens Aussagen treffen kann. Um eine bessere Aussagekraft des KGV&#8217;s zu erhalten, sollte zudem die Kennzahl \u00fcber einen l\u00e4ngeren Zeitraum von mindestens 5 Jahren betrachtet werden.<\/p>\n<h3>Schw\u00e4chen und Alternativen zum Kurs-Gewinn-Verh\u00e4ltnis<\/h3>\n<p>Die Schw\u00e4che des Kurs-Gewinn-Verh\u00e4ltnisses liegt jedoch darin, dass es ausschlie\u00dflich genutzt werden kann, wenn das jeweilige Unternehmen einen Gewinn erzielt. Erleidet es jedoch einen Verlust oder erreicht es minimal die sogenannte Gewinnschwelle, ist das KGV nicht anwendbar bzw. nicht aussagekr\u00e4ftig. Dann jedoch existieren andere Kennzahlen, die genutzt werden k\u00f6nnen, um Erkenntnisse \u00fcber die aktuelle Bewertung des Unternehmens zu erhalten. Dazu geh\u00f6rt in erster Linie das Kurs-Cashflow-Verh\u00e4ltnis, welches angibt, in welchem Verh\u00e4ltnis der Aktienkurs zum Cashflow bewertet ist, also wie hoch der Zufluss an liquiden Mitteln je Aktie ist. Dabei handelt es sich jedoch nicht um den Gewinn, da der Cashflow nur alle tats\u00e4chlich stattgefundenen Zahlungen ber\u00fccksichtigt und somit nicht zahlungswirksame Zahlungen, wie R\u00fcckstellungen oder Abschreibungen, unber\u00fccksichtigt l\u00e4sst. Oftmals k\u00f6nnen jedoch hohe Abschreibungen oder R\u00fcckstellungen dazu gef\u00fchrt haben, dass das Unternehmen ein negatives KGV aufweist, obwohl es vielleicht sogar im operativen Gesch\u00e4ft seinen Gewinn steigern konnte.<\/p>","protected":false},"excerpt":{"rendered":"<p>Auch KGV engl. Price-Earning Ratio (P\/E Ratio) ZENTRALE KERNAUSSAGEN Das Kurs-Gewinn-Verh\u00e4ltnis gibt an, wie viele Jahre das Unternehmen braucht, um seinen aktuellen B\u00f6rsenkurs als Reingewinn zu erwirtschaften \u2013 unter Voraussetzung eines gleichbleibenden Jahres\u00fcberschusses. Je niedriger das KGV, desto preisg\u00fcnstiger ist die Aktie bewertet. Erleidet das Unternehmen einen Verlust, so kann das KGV nicht angewendet werden. [&hellip;]<\/p>\n","protected":false},"author":1,"featured_media":0,"parent":0,"menu_order":0,"comment_status":"closed","ping_status":"closed","template":"","meta":{"site-sidebar-layout":"default","site-content-layout":"default","ast-site-content-layout":"","site-content-style":"default","site-sidebar-style":"default","ast-global-header-display":"","ast-banner-title-visibility":"","ast-main-header-display":"","ast-hfb-above-header-display":"","ast-hfb-below-header-display":"","ast-hfb-mobile-header-display":"","site-post-title":"","ast-breadcrumbs-content":"","ast-featured-img":"","footer-sml-layout":"","theme-transparent-header-meta":"default","adv-header-id-meta":"","stick-header-meta":"","header-above-stick-meta":"","header-main-stick-meta":"","header-below-stick-meta":"","astra-migrate-meta-layouts":"default","ast-page-background-enabled":"default","ast-page-background-meta":{"desktop":{"background-color":"","background-image":"","background-repeat":"repeat","background-position":"center center","background-size":"auto","background-attachment":"scroll","background-type":"","background-media":"","overlay-type":"","overlay-color":"","overlay-opacity":"","overlay-gradient":""},"tablet":{"background-color":"","background-image":"","background-repeat":"repeat","background-position":"center center","background-size":"auto","background-attachment":"scroll","background-type":"","background-media":"","overlay-type":"","overlay-color":"","overlay-opacity":"","overlay-gradient":""},"mobile":{"background-color":"","background-image":"","background-repeat":"repeat","background-position":"center center","background-size":"auto","background-attachment":"scroll","background-type":"","background-media":"","overlay-type":"","overlay-color":"","overlay-opacity":"","overlay-gradient":""}},"ast-content-background-meta":{"desktop":{"background-color":"var(--ast-global-color-5)","background-image":"","background-repeat":"repeat","background-position":"center center","background-size":"auto","background-attachment":"scroll","background-type":"","background-media":"","overlay-type":"","overlay-color":"","overlay-opacity":"","overlay-gradient":""},"tablet":{"background-color":"var(--ast-global-color-5)","background-image":"","background-repeat":"repeat","background-position":"center center","background-size":"auto","background-attachment":"scroll","background-type":"","background-media":"","overlay-type":"","overlay-color":"","overlay-opacity":"","overlay-gradient":""},"mobile":{"background-color":"var(--ast-global-color-5)","background-image":"","background-repeat":"repeat","background-position":"center center","background-size":"auto","background-attachment":"scroll","background-type":"","background-media":"","overlay-type":"","overlay-color":"","overlay-opacity":"","overlay-gradient":""}},"footnotes":""},"class_list":["post-1654","page","type-page","status-publish","hentry"],"translation":{"provider":"WPGlobus","version":"3.0.2","language":"en","enabled_languages":["de","en"],"languages":{"de":{"title":true,"content":true,"excerpt":false},"en":{"title":false,"content":false,"excerpt":false}}},"featured_image_urls_v2":{"full":"","thumbnail":"","medium":"","medium_large":"","large":"","1536x1536":"","2048x2048":""},"post_excerpt_stackable_v2":"<p>Auch KGV engl. Price-Earning Ratio (P\/E Ratio) ZENTRALE KERNAUSSAGEN Das Kurs-Gewinn-Verh\u00e4ltnis gibt an, wie viele Jahre das Unternehmen braucht, um seinen aktuellen B\u00f6rsenkurs als Reingewinn zu erwirtschaften \u2013 unter Voraussetzung eines gleichbleibenden Jahres\u00fcberschusses.Je niedriger das KGV, desto preisg\u00fcnstiger ist die Aktie bewertet.Erleidet das Unternehmen einen Verlust, so kann das KGV nicht angewendet werden. Das Kurs-Gewinn-Verh\u00e4ltnis dient als Bewertungskennzahl der Aktienanalyse und gibt an, mit welchem Vielfachen des aktuellen oder zuk\u00fcnftigen Gewinnes das Unternehmen derzeit an der B\u00f6rse bewertet ist. Dabei setzt das Kurs-Gewinn-Verh\u00e4ltnis den aktuellen Kurs einer Aktie ins Verh\u00e4ltnis zum Gewinn je Aktie. Der Anleger kann mithilfe der Kennzahl&hellip;<\/p>\n","category_list_v2":"","author_info_v2":{"name":"PrudentWater","url":"https:\/\/prudentwater.com\/en\/author\/niklas33\/"},"comments_num_v2":"0 comments","_links":{"self":[{"href":"https:\/\/prudentwater.com\/en\/wp-json\/wp\/v2\/pages\/1654","targetHints":{"allow":["GET"]}}],"collection":[{"href":"https:\/\/prudentwater.com\/en\/wp-json\/wp\/v2\/pages"}],"about":[{"href":"https:\/\/prudentwater.com\/en\/wp-json\/wp\/v2\/types\/page"}],"author":[{"embeddable":true,"href":"https:\/\/prudentwater.com\/en\/wp-json\/wp\/v2\/users\/1"}],"replies":[{"embeddable":true,"href":"https:\/\/prudentwater.com\/en\/wp-json\/wp\/v2\/comments?post=1654"}],"version-history":[{"count":0,"href":"https:\/\/prudentwater.com\/en\/wp-json\/wp\/v2\/pages\/1654\/revisions"}],"wp:attachment":[{"href":"https:\/\/prudentwater.com\/en\/wp-json\/wp\/v2\/media?parent=1654"}],"curies":[{"name":"wp","href":"https:\/\/api.w.org\/{rel}","templated":true}]}}