{"id":1682,"date":"2014-11-10T12:18:07","date_gmt":"2014-11-10T12:18:07","guid":{"rendered":"http:\/\/www.kunnskap.de\/?page_id=1682"},"modified":"2021-06-25T12:49:35","modified_gmt":"2021-06-25T10:49:35","slug":"lombardkredit","status":"publish","type":"page","link":"https:\/\/prudentwater.com\/en\/lombardkredit\/","title":{"rendered":"Lombardkredit"},"content":{"rendered":"<p>Auch <strong>Lombardierung<\/strong><br \/>\nengl. <strong>Lombard Credit<\/strong> oder <strong>Collateral loan<\/strong><\/p>\n<p>Ein Lombardkredit ist ein kurz- bis mittelfristiger Kredit, bei dem der Kreditnehmer Sicherheiten in Form von Wertpapiere, bewegliche Sachen oder Bankguthaben verpf\u00e4nden muss. Der Schuldner muss bei dieser Form also Wertgegenst\u00e4nde hinterlegen. Aktien lassen sich zu ca. 50 % des Wertes beleihen. Aufgrund ihrer h\u00f6heren Sicherheit lassen sich Anleihen mit bis zu 80 % beleihen. Der Anleger verpf\u00e4ndet dabei die Anleihe an die Bank und erh\u00e4lt bis zu 80 % ihres Wertes in Cash ausgezahlt.<br \/>\nDer gro\u00dfe Vorteil eines Lombardkredites aus der Sicht des Kreditnehmers ist, dass sich damit schnell und relativ einfach Geld beschaffen l\u00e4sst.<\/p>\n","protected":false},"excerpt":{"rendered":"<p>Auch Lombardierung engl. Lombard Credit oder Collateral loan Ein Lombardkredit ist ein kurz- bis mittelfristiger Kredit, bei dem der Kreditnehmer Sicherheiten in Form von Wertpapiere, bewegliche Sachen oder Bankguthaben verpf\u00e4nden muss. Der Schuldner muss bei dieser Form also Wertgegenst\u00e4nde hinterlegen. Aktien lassen sich zu ca. 50 % des Wertes beleihen. Aufgrund ihrer h\u00f6heren Sicherheit lassen [&hellip;]<\/p>\n","protected":false},"author":1,"featured_media":0,"parent":0,"menu_order":0,"comment_status":"closed","ping_status":"closed","template":"","meta":{"site-sidebar-layout":"default","site-content-layout":"","ast-site-content-layout":"","site-content-style":"default","site-sidebar-style":"default","ast-global-header-display":"","ast-banner-title-visibility":"","ast-main-header-display":"","ast-hfb-above-header-display":"","ast-hfb-below-header-display":"","ast-hfb-mobile-header-display":"","site-post-title":"","ast-breadcrumbs-content":"","ast-featured-img":"","footer-sml-layout":"","theme-transparent-header-meta":"","adv-header-id-meta":"","stick-header-meta":"","header-above-stick-meta":"","header-main-stick-meta":"","header-below-stick-meta":"","astra-migrate-meta-layouts":"default","ast-page-background-enabled":"default","ast-page-background-meta":{"desktop":{"background-color":"","background-image":"","background-repeat":"repeat","background-position":"center center","background-size":"auto","background-attachment":"scroll","background-type":"","background-media":"","overlay-type":"","overlay-color":"","overlay-opacity":"","overlay-gradient":""},"tablet":{"background-color":"","background-image":"","background-repeat":"repeat","background-position":"center center","background-size":"auto","background-attachment":"scroll","background-type":"","background-media":"","overlay-type":"","overlay-color":"","overlay-opacity":"","overlay-gradient":""},"mobile":{"background-color":"","background-image":"","background-repeat":"repeat","background-position":"center center","background-size":"auto","background-attachment":"scroll","background-type":"","background-media":"","overlay-type":"","overlay-color":"","overlay-opacity":"","overlay-gradient":""}},"ast-content-background-meta":{"desktop":{"background-color":"var(--ast-global-color-5)","background-image":"","background-repeat":"repeat","background-position":"center center","background-size":"auto","background-attachment":"scroll","background-type":"","background-media":"","overlay-type":"","overlay-color":"","overlay-opacity":"","overlay-gradient":""},"tablet":{"background-color":"var(--ast-global-color-5)","background-image":"","background-repeat":"repeat","background-position":"center center","background-size":"auto","background-attachment":"scroll","background-type":"","background-media":"","overlay-type":"","overlay-color":"","overlay-opacity":"","overlay-gradient":""},"mobile":{"background-color":"var(--ast-global-color-5)","background-image":"","background-repeat":"repeat","background-position":"center center","background-size":"auto","background-attachment":"scroll","background-type":"","background-media":"","overlay-type":"","overlay-color":"","overlay-opacity":"","overlay-gradient":""}},"footnotes":""},"class_list":["post-1682","page","type-page","status-publish","hentry"],"translation":{"provider":"WPGlobus","version":"3.0.2","language":"en","enabled_languages":["de","en"],"languages":{"de":{"title":true,"content":true,"excerpt":false},"en":{"title":false,"content":false,"excerpt":false}}},"featured_image_urls_v2":{"full":"","thumbnail":"","medium":"","medium_large":"","large":"","1536x1536":"","2048x2048":""},"post_excerpt_stackable_v2":"<p>Auch Lombardierung engl. Lombard Credit oder Collateral loan Ein Lombardkredit ist ein kurz- bis mittelfristiger Kredit, bei dem der Kreditnehmer Sicherheiten in Form von Wertpapiere, bewegliche Sachen oder Bankguthaben verpf\u00e4nden muss. Der Schuldner muss bei dieser Form also Wertgegenst\u00e4nde hinterlegen. Aktien lassen sich zu ca. 50 % des Wertes beleihen. Aufgrund ihrer h\u00f6heren Sicherheit lassen sich Anleihen mit bis zu 80 % beleihen. Der Anleger verpf\u00e4ndet dabei die Anleihe an die Bank und erh\u00e4lt bis zu 80 % ihres Wertes in Cash ausgezahlt. Der gro\u00dfe Vorteil eines Lombardkredites aus der Sicht des Kreditnehmers ist, dass sich damit schnell und relativ&hellip;<\/p>\n","category_list_v2":"","author_info_v2":{"name":"PrudentWater","url":"https:\/\/prudentwater.com\/en\/author\/niklas33\/"},"comments_num_v2":"0 comments","_links":{"self":[{"href":"https:\/\/prudentwater.com\/en\/wp-json\/wp\/v2\/pages\/1682","targetHints":{"allow":["GET"]}}],"collection":[{"href":"https:\/\/prudentwater.com\/en\/wp-json\/wp\/v2\/pages"}],"about":[{"href":"https:\/\/prudentwater.com\/en\/wp-json\/wp\/v2\/types\/page"}],"author":[{"embeddable":true,"href":"https:\/\/prudentwater.com\/en\/wp-json\/wp\/v2\/users\/1"}],"replies":[{"embeddable":true,"href":"https:\/\/prudentwater.com\/en\/wp-json\/wp\/v2\/comments?post=1682"}],"version-history":[{"count":0,"href":"https:\/\/prudentwater.com\/en\/wp-json\/wp\/v2\/pages\/1682\/revisions"}],"wp:attachment":[{"href":"https:\/\/prudentwater.com\/en\/wp-json\/wp\/v2\/media?parent=1682"}],"curies":[{"name":"wp","href":"https:\/\/api.w.org\/{rel}","templated":true}]}}