{"id":1697,"date":"2014-11-10T20:01:21","date_gmt":"2014-11-10T20:01:21","guid":{"rendered":"http:\/\/www.kunnskap.de\/?page_id=1697"},"modified":"2022-10-21T10:34:38","modified_gmt":"2022-10-21T08:34:38","slug":"big-mac-index","status":"publish","type":"page","link":"https:\/\/prudentwater.com\/en\/big-mac-index\/","title":{"rendered":"Big-Mac-Index"},"content":{"rendered":"\n<div class=\"wp-block-stackable-notification stk-block-notification stk-block stk-b3a7798 is-style-plain\" data-block-id=\"b3a7798\"><style>.stk-b3a7798{box-shadow:0px 2px 20px rgba(153,153,153,0.2) !important}.stk-b3a7798-container{border-radius:20px !important;overflow:hidden !important;box-shadow:0px 10px 60px rgba(0,0,0,0.1) !important}.stk-b3a7798 .stk-block-notification__content{padding-top:32px !important;padding-right:32px !important;padding-bottom:32px !important;padding-left:32px !important}<\/style><div class=\"stk-block-notification__content stk-content-align stk-b3a7798-column stk-container stk-b3a7798-container stk--no-background stk--no-padding\"><div class=\"stk-block-content stk-inner-blocks\">\n<div class=\"wp-block-stackable-heading stk-block-heading stk-block stk-40c06f9\" id=\"strong-zentrale-kernaussagen-strong\" data-block-id=\"40c06f9\"><style>.stk-40c06f9{margin-bottom:15px !important}.stk-40c06f9 .stk-block-heading__text{font-size:17px !important;margin:0 !important;color:#da8611 !important;font-weight:400 !important;letter-spacing:1px !important}@media screen and (max-width:1023px){.stk-40c06f9 .stk-block-heading__text{font-size:17px !important}}<\/style><h2 class=\"stk-block-heading__text has-text-color\"><b>ZENTRALE KERNAUSSAGEN<\/b><\/h2><\/div>\n\n\n\n<ul class=\"has-ast-global-color-8-color has-text-color wp-block-list\" style=\"font-size:16px;font-style:normal;font-weight:500;line-height:2\"><li>Der Big Mac Index dient als Indikator und vergleicht die Kaufkraft verschiedener W\u00e4hrungen anhand der Preise f\u00fcr einen Big Mac in den jeweiligen L\u00e4ndern.<\/li><li>Mit Hilfe des Big Mac Index k\u00f6nnen W\u00e4hrungen bez\u00fcglich ihrer Kaufkraft auf eine einfache Art und Weise untereinander verglichen werden.<\/li><li>Da Lohn-, Transport- und Mietkosten bei dem Vergleich unber\u00fccksichtigt bleiben, dient der Index nicht als genaues Ma\u00dfstab zum Vergleich der Kaufkraft von W\u00e4hrungen. <\/li><\/ul>\n<\/div><\/div><\/div>\n\n\n<p>Um Auskunft dar\u00fcber zu bekommen, ob eine W\u00e4hrung \u00fcber- oder unterbewertet ist, wird oftmals der Preis eines Big Mac&#8217;s in verschiedenen W\u00e4hrungen untereinander verglichen. Der Big-Mac-Index dient somit als Indikator und vergleicht die Preise eines Big Mac&#8217;s in L\u00e4ndern aus aller Welt, indem die nationalen Preise in heimischer W\u00e4hrung zum aktuellen US Dollar-Kurs umgerechnet und dadurch vergleichbar gemacht werden. Anschlie\u00dfend l\u00e4sst sich theoretisch anhand des jeweiligen Preisunterschiedes in US-Dollar eine \u00dcber- oder Unterbewertung der jeweiligen nationalen W\u00e4hrung ausmachen.<\/p>\n<hr>\n<h4>Beispiel:<\/h4>\n<p>Der Big Mac kostet in den USA $3.00, in der Schweiz kostet er umgerechnet zum aktuellen Wechselkurs USD\/CHF jedoch $3,90. Nach dem Big-Mac-Index-Konzept ist der Schweizer Franken damit gegen\u00fcber dem US-Dollar um 30 % \u00fcberbewertet.<\/p>\n<hr>\n<p>Beim Big-Mac-Index handelt es sich jedoch um eine einfache Methode, um W\u00e4hrungen miteinander vergleichen zu wollen. Der Big Mac wird jedoch in fast allen L\u00e4ndern, in denen er angeboten wird, mit der gleichen Qualit\u00e4t und Zusammensetzung produziert. Deshalb ist dieser Vergleich \u00fcberhaupt erst m\u00f6glich. Allerdings ist auch klar, dass in einem Schwellenland die Mietpreise f\u00fcr eine Fast Food-Kette sowie die Lohnkosten f\u00fcr die Mitarbeiter deutlich niedriger sind als beispielsweise in der Schweiz oder in Norwegen. Diese zus\u00e4tzlichen Kosten sorgen folglich daf\u00fcr, dass der Big Mac von vornherein in der Schweiz oder Norwegen teurer sein muss, was schlie\u00dflich zu einer Verzerrung des Big Mac Index f\u00fchrt.<\/p>","protected":false},"excerpt":{"rendered":"<p>ZENTRALE KERNAUSSAGEN Der Big Mac Index dient als Indikator und vergleicht die Kaufkraft verschiedener W\u00e4hrungen anhand der Preise f\u00fcr einen Big Mac in den jeweiligen L\u00e4ndern. Mit Hilfe des Big Mac Index k\u00f6nnen W\u00e4hrungen bez\u00fcglich ihrer Kaufkraft auf eine einfache Art und Weise untereinander verglichen werden. Da Lohn-, Transport- und Mietkosten bei dem Vergleich unber\u00fccksichtigt [&hellip;]<\/p>\n","protected":false},"author":1,"featured_media":0,"parent":0,"menu_order":0,"comment_status":"closed","ping_status":"closed","template":"","meta":{"site-sidebar-layout":"default","site-content-layout":"","ast-site-content-layout":"","site-content-style":"default","site-sidebar-style":"default","ast-global-header-display":"","ast-banner-title-visibility":"","ast-main-header-display":"","ast-hfb-above-header-display":"","ast-hfb-below-header-display":"","ast-hfb-mobile-header-display":"","site-post-title":"","ast-breadcrumbs-content":"","ast-featured-img":"","footer-sml-layout":"","theme-transparent-header-meta":"","adv-header-id-meta":"","stick-header-meta":"","header-above-stick-meta":"","header-main-stick-meta":"","header-below-stick-meta":"","astra-migrate-meta-layouts":"default","ast-page-background-enabled":"default","ast-page-background-meta":{"desktop":{"background-color":"","background-image":"","background-repeat":"repeat","background-position":"center center","background-size":"auto","background-attachment":"scroll","background-type":"","background-media":"","overlay-type":"","overlay-color":"","overlay-opacity":"","overlay-gradient":""},"tablet":{"background-color":"","background-image":"","background-repeat":"repeat","background-position":"center center","background-size":"auto","background-attachment":"scroll","background-type":"","background-media":"","overlay-type":"","overlay-color":"","overlay-opacity":"","overlay-gradient":""},"mobile":{"background-color":"","background-image":"","background-repeat":"repeat","background-position":"center center","background-size":"auto","background-attachment":"scroll","background-type":"","background-media":"","overlay-type":"","overlay-color":"","overlay-opacity":"","overlay-gradient":""}},"ast-content-background-meta":{"desktop":{"background-color":"var(--ast-global-color-5)","background-image":"","background-repeat":"repeat","background-position":"center center","background-size":"auto","background-attachment":"scroll","background-type":"","background-media":"","overlay-type":"","overlay-color":"","overlay-opacity":"","overlay-gradient":""},"tablet":{"background-color":"var(--ast-global-color-5)","background-image":"","background-repeat":"repeat","background-position":"center center","background-size":"auto","background-attachment":"scroll","background-type":"","background-media":"","overlay-type":"","overlay-color":"","overlay-opacity":"","overlay-gradient":""},"mobile":{"background-color":"var(--ast-global-color-5)","background-image":"","background-repeat":"repeat","background-position":"center center","background-size":"auto","background-attachment":"scroll","background-type":"","background-media":"","overlay-type":"","overlay-color":"","overlay-opacity":"","overlay-gradient":""}},"footnotes":""},"class_list":["post-1697","page","type-page","status-publish","hentry"],"translation":{"provider":"WPGlobus","version":"3.0.2","language":"en","enabled_languages":["de","en"],"languages":{"de":{"title":true,"content":true,"excerpt":false},"en":{"title":false,"content":false,"excerpt":false}}},"featured_image_urls_v2":{"full":"","thumbnail":"","medium":"","medium_large":"","large":"","1536x1536":"","2048x2048":""},"post_excerpt_stackable_v2":"<p>ZENTRALE KERNAUSSAGEN Der Big Mac Index dient als Indikator und vergleicht die Kaufkraft verschiedener W\u00e4hrungen anhand der Preise f\u00fcr einen Big Mac in den jeweiligen L\u00e4ndern.Mit Hilfe des Big Mac Index k\u00f6nnen W\u00e4hrungen bez\u00fcglich ihrer Kaufkraft auf eine einfache Art und Weise untereinander verglichen werden.Da Lohn-, Transport- und Mietkosten bei dem Vergleich unber\u00fccksichtigt bleiben, dient der Index nicht als genaues Ma\u00dfstab zum Vergleich der Kaufkraft von W\u00e4hrungen. Um Auskunft dar\u00fcber zu bekommen, ob eine W\u00e4hrung \u00fcber- oder unterbewertet ist, wird oftmals der Preis eines Big Mac&#8217;s in verschiedenen W\u00e4hrungen untereinander verglichen. Der Big-Mac-Index dient somit als Indikator und vergleicht die&hellip;<\/p>\n","category_list_v2":"","author_info_v2":{"name":"PrudentWater","url":"https:\/\/prudentwater.com\/en\/author\/niklas33\/"},"comments_num_v2":"0 comments","_links":{"self":[{"href":"https:\/\/prudentwater.com\/en\/wp-json\/wp\/v2\/pages\/1697","targetHints":{"allow":["GET"]}}],"collection":[{"href":"https:\/\/prudentwater.com\/en\/wp-json\/wp\/v2\/pages"}],"about":[{"href":"https:\/\/prudentwater.com\/en\/wp-json\/wp\/v2\/types\/page"}],"author":[{"embeddable":true,"href":"https:\/\/prudentwater.com\/en\/wp-json\/wp\/v2\/users\/1"}],"replies":[{"embeddable":true,"href":"https:\/\/prudentwater.com\/en\/wp-json\/wp\/v2\/comments?post=1697"}],"version-history":[{"count":0,"href":"https:\/\/prudentwater.com\/en\/wp-json\/wp\/v2\/pages\/1697\/revisions"}],"wp:attachment":[{"href":"https:\/\/prudentwater.com\/en\/wp-json\/wp\/v2\/media?parent=1697"}],"curies":[{"name":"wp","href":"https:\/\/api.w.org\/{rel}","templated":true}]}}