{"id":1704,"date":"2014-11-10T21:51:48","date_gmt":"2014-11-10T21:51:48","guid":{"rendered":"http:\/\/www.kunnskap.de\/?page_id=1704"},"modified":"2022-04-09T20:36:47","modified_gmt":"2022-04-09T18:36:47","slug":"bonitat","status":"publish","type":"page","link":"https:\/\/prudentwater.com\/en\/bonitat\/","title":{"rendered":"Bonit\u00e4t"},"content":{"rendered":"<p>Auch <strong>Kreditw\u00fcrdigkeit<\/strong><br \/>\nengl. <strong>Creditworthiness<\/strong><\/p>\n<p>Die Bonit\u00e4t dr\u00fcckt die F\u00e4higkeit des Schuldners aus, seine noch offenen Schulden zusammen mit den aufkommenden Zinsen fristgerecht und wie vorher vereinbart zur\u00fcckzuzahlen. Vor allem bei Anleihen spielt die Bonit\u00e4t des Schuldners eine entscheidende Rolle und hat mitunter gro\u00dfen Einfluss auf die Kursentwicklung der Anleihe und dient generell vorab als Ma\u00dfstab zur Bestimmung des Kupons der Anleihe. Wie gut oder wie schlecht der Markt aktuell die Bonit\u00e4t des Schuldners einsch\u00e4tzt, l\u00e4sst sich anhand des Kurses der Anleihe ablesen. Anleihen werden nach ihrer Bonit\u00e4t in Investment Grade, Junk Bond oder in zahlungsgef\u00e4hrdete Anleihen eingestuft. Je niedriger die Bonit\u00e4t des Emittenten einer Anleihe ist, desto h\u00f6her wird der Aufschlag (Spread) sein, welchen er gegen\u00fcber dem allgemeinen Zinsniveau oder Staatsanleihen mit erstklassiger Bonit\u00e4t zu bezahlen hat. Umgekehrt wird der Aufschlag niedriger ausfallen, wenn es sich um einen Emittenten mit besserer oder gar ausgezeichneter Bonit\u00e4t handelt. Das aktuelle Zinsniveau sowie die Bonit\u00e4t des Schuldners sind jene Faktoren, welche die Kursentwicklung einer Anleihe am st\u00e4rksten pr\u00e4gen und beeinflussen. Bei neu emittierten Anleihen l\u00e4sst sich die Bonit\u00e4t anhand des Kupons einsch\u00e4tzen, bei bereits emittierten Anleihen anhand des Kurses. Im zweiten Fall ist dann jedoch auch die Laufzeit der Anleihe zu beachten. Der Markt kann somit die Bonit\u00e4t f\u00fcr die n\u00e4chsten 12 Monate stark abweichend von der Bonit\u00e4t f\u00fcr die n\u00e4chsten 30 Jahre einsch\u00e4tzen, dieser Unterschied macht sich dann in der unterschiedlichen Bewertung der Anleihenkurse sichtbar.<\/p>\n","protected":false},"excerpt":{"rendered":"<p>Auch Kreditw\u00fcrdigkeit engl. Creditworthiness Die Bonit\u00e4t dr\u00fcckt die F\u00e4higkeit des Schuldners aus, seine noch offenen Schulden zusammen mit den aufkommenden Zinsen fristgerecht und wie vorher vereinbart zur\u00fcckzuzahlen. Vor allem bei Anleihen spielt die Bonit\u00e4t des Schuldners eine entscheidende Rolle und hat mitunter gro\u00dfen Einfluss auf die Kursentwicklung der Anleihe und dient generell vorab als Ma\u00dfstab [&hellip;]<\/p>\n","protected":false},"author":1,"featured_media":0,"parent":0,"menu_order":0,"comment_status":"closed","ping_status":"closed","template":"","meta":{"site-sidebar-layout":"default","site-content-layout":"","ast-site-content-layout":"","site-content-style":"default","site-sidebar-style":"default","ast-global-header-display":"","ast-banner-title-visibility":"","ast-main-header-display":"","ast-hfb-above-header-display":"","ast-hfb-below-header-display":"","ast-hfb-mobile-header-display":"","site-post-title":"","ast-breadcrumbs-content":"","ast-featured-img":"","footer-sml-layout":"","theme-transparent-header-meta":"","adv-header-id-meta":"","stick-header-meta":"","header-above-stick-meta":"","header-main-stick-meta":"","header-below-stick-meta":"","astra-migrate-meta-layouts":"default","ast-page-background-enabled":"default","ast-page-background-meta":{"desktop":{"background-color":"","background-image":"","background-repeat":"repeat","background-position":"center center","background-size":"auto","background-attachment":"scroll","background-type":"","background-media":"","overlay-type":"","overlay-color":"","overlay-opacity":"","overlay-gradient":""},"tablet":{"background-color":"","background-image":"","background-repeat":"repeat","background-position":"center center","background-size":"auto","background-attachment":"scroll","background-type":"","background-media":"","overlay-type":"","overlay-color":"","overlay-opacity":"","overlay-gradient":""},"mobile":{"background-color":"","background-image":"","background-repeat":"repeat","background-position":"center center","background-size":"auto","background-attachment":"scroll","background-type":"","background-media":"","overlay-type":"","overlay-color":"","overlay-opacity":"","overlay-gradient":""}},"ast-content-background-meta":{"desktop":{"background-color":"var(--ast-global-color-5)","background-image":"","background-repeat":"repeat","background-position":"center center","background-size":"auto","background-attachment":"scroll","background-type":"","background-media":"","overlay-type":"","overlay-color":"","overlay-opacity":"","overlay-gradient":""},"tablet":{"background-color":"var(--ast-global-color-5)","background-image":"","background-repeat":"repeat","background-position":"center center","background-size":"auto","background-attachment":"scroll","background-type":"","background-media":"","overlay-type":"","overlay-color":"","overlay-opacity":"","overlay-gradient":""},"mobile":{"background-color":"var(--ast-global-color-5)","background-image":"","background-repeat":"repeat","background-position":"center center","background-size":"auto","background-attachment":"scroll","background-type":"","background-media":"","overlay-type":"","overlay-color":"","overlay-opacity":"","overlay-gradient":""}},"footnotes":""},"class_list":["post-1704","page","type-page","status-publish","hentry"],"translation":{"provider":"WPGlobus","version":"3.0.2","language":"en","enabled_languages":["de","en"],"languages":{"de":{"title":true,"content":true,"excerpt":false},"en":{"title":false,"content":false,"excerpt":false}}},"featured_image_urls_v2":{"full":"","thumbnail":"","medium":"","medium_large":"","large":"","1536x1536":"","2048x2048":""},"post_excerpt_stackable_v2":"<p>Auch Kreditw\u00fcrdigkeit engl. Creditworthiness Die Bonit\u00e4t dr\u00fcckt die F\u00e4higkeit des Schuldners aus, seine noch offenen Schulden zusammen mit den aufkommenden Zinsen fristgerecht und wie vorher vereinbart zur\u00fcckzuzahlen. Vor allem bei Anleihen spielt die Bonit\u00e4t des Schuldners eine entscheidende Rolle und hat mitunter gro\u00dfen Einfluss auf die Kursentwicklung der Anleihe und dient generell vorab als Ma\u00dfstab zur Bestimmung des Kupons der Anleihe. Wie gut oder wie schlecht der Markt aktuell die Bonit\u00e4t des Schuldners einsch\u00e4tzt, l\u00e4sst sich anhand des Kurses der Anleihe ablesen. Anleihen werden nach ihrer Bonit\u00e4t in Investment Grade, Junk Bond oder in zahlungsgef\u00e4hrdete Anleihen eingestuft. Je niedriger die&hellip;<\/p>\n","category_list_v2":"","author_info_v2":{"name":"PrudentWater","url":"https:\/\/prudentwater.com\/en\/author\/niklas33\/"},"comments_num_v2":"0 comments","_links":{"self":[{"href":"https:\/\/prudentwater.com\/en\/wp-json\/wp\/v2\/pages\/1704","targetHints":{"allow":["GET"]}}],"collection":[{"href":"https:\/\/prudentwater.com\/en\/wp-json\/wp\/v2\/pages"}],"about":[{"href":"https:\/\/prudentwater.com\/en\/wp-json\/wp\/v2\/types\/page"}],"author":[{"embeddable":true,"href":"https:\/\/prudentwater.com\/en\/wp-json\/wp\/v2\/users\/1"}],"replies":[{"embeddable":true,"href":"https:\/\/prudentwater.com\/en\/wp-json\/wp\/v2\/comments?post=1704"}],"version-history":[{"count":0,"href":"https:\/\/prudentwater.com\/en\/wp-json\/wp\/v2\/pages\/1704\/revisions"}],"wp:attachment":[{"href":"https:\/\/prudentwater.com\/en\/wp-json\/wp\/v2\/media?parent=1704"}],"curies":[{"name":"wp","href":"https:\/\/api.w.org\/{rel}","templated":true}]}}