{"id":1712,"date":"2014-11-11T16:27:32","date_gmt":"2014-11-11T16:27:32","guid":{"rendered":"http:\/\/www.kunnskap.de\/?page_id=1712"},"modified":"2021-06-25T12:50:11","modified_gmt":"2021-06-25T10:50:11","slug":"short-squeeze","status":"publish","type":"page","link":"https:\/\/prudentwater.com\/en\/short-squeeze\/","title":{"rendered":"Short Squeeze"},"content":{"rendered":"<p>Short Squeeze bezeichnet am Markt eine Situation, bei welcher der Kurs einer Aktie aufgrund von sogenannten Deckungsk\u00e4ufen (Short-Covering) sprunghaft ansteigt. Der Kurs der Aktie steigt bereits vorher an. Dies ist aber genau der Grund, weshalb Anleger, welche die Aktie leeverkauft und damit auf fallende Kurse spekuliert haben, die Aktie zur\u00fcckkaufen m\u00fcssen, da diese durch den Leerverkauf nur geliehen waren. Der Kurs hat sich dabei aus der Sicht des Anlegers in die falsche Richtung entwickelt, weshalb er nun seine Short-Position durch Deckungsk\u00e4ufe schlie\u00dfen muss. Durch diesen Vorgang ergibt sich ein selbsttreibender Anstieg des Aktienkurses, da all diejenigen, die einen Leerverkauf auf die jeweilige Aktie durchgef\u00fchrt haben, nun die Aktien am Markt zur\u00fcckkaufen m\u00fcssen, um den Leerverkauf zu schlie\u00dfen und Verluste zu begrenzen. Je st\u00e4rker der Kurs ansteigt, desto mehr Leerverk\u00e4ufer werden zu Deckungsk\u00e4ufen gezwungen.<\/p>\n","protected":false},"excerpt":{"rendered":"<p>Short Squeeze bezeichnet am Markt eine Situation, bei welcher der Kurs einer Aktie aufgrund von sogenannten Deckungsk\u00e4ufen (Short-Covering) sprunghaft ansteigt. Der Kurs der Aktie steigt bereits vorher an. Dies ist aber genau der Grund, weshalb Anleger, welche die Aktie leeverkauft und damit auf fallende Kurse spekuliert haben, die Aktie zur\u00fcckkaufen m\u00fcssen, da diese durch den [&hellip;]<\/p>\n","protected":false},"author":1,"featured_media":0,"parent":0,"menu_order":0,"comment_status":"closed","ping_status":"closed","template":"","meta":{"site-sidebar-layout":"default","site-content-layout":"","ast-site-content-layout":"","site-content-style":"default","site-sidebar-style":"default","ast-global-header-display":"","ast-banner-title-visibility":"","ast-main-header-display":"","ast-hfb-above-header-display":"","ast-hfb-below-header-display":"","ast-hfb-mobile-header-display":"","site-post-title":"","ast-breadcrumbs-content":"","ast-featured-img":"","footer-sml-layout":"","theme-transparent-header-meta":"","adv-header-id-meta":"","stick-header-meta":"","header-above-stick-meta":"","header-main-stick-meta":"","header-below-stick-meta":"","astra-migrate-meta-layouts":"default","ast-page-background-enabled":"default","ast-page-background-meta":{"desktop":{"background-color":"","background-image":"","background-repeat":"repeat","background-position":"center center","background-size":"auto","background-attachment":"scroll","background-type":"","background-media":"","overlay-type":"","overlay-color":"","overlay-opacity":"","overlay-gradient":""},"tablet":{"background-color":"","background-image":"","background-repeat":"repeat","background-position":"center center","background-size":"auto","background-attachment":"scroll","background-type":"","background-media":"","overlay-type":"","overlay-color":"","overlay-opacity":"","overlay-gradient":""},"mobile":{"background-color":"","background-image":"","background-repeat":"repeat","background-position":"center center","background-size":"auto","background-attachment":"scroll","background-type":"","background-media":"","overlay-type":"","overlay-color":"","overlay-opacity":"","overlay-gradient":""}},"ast-content-background-meta":{"desktop":{"background-color":"var(--ast-global-color-5)","background-image":"","background-repeat":"repeat","background-position":"center center","background-size":"auto","background-attachment":"scroll","background-type":"","background-media":"","overlay-type":"","overlay-color":"","overlay-opacity":"","overlay-gradient":""},"tablet":{"background-color":"var(--ast-global-color-5)","background-image":"","background-repeat":"repeat","background-position":"center center","background-size":"auto","background-attachment":"scroll","background-type":"","background-media":"","overlay-type":"","overlay-color":"","overlay-opacity":"","overlay-gradient":""},"mobile":{"background-color":"var(--ast-global-color-5)","background-image":"","background-repeat":"repeat","background-position":"center center","background-size":"auto","background-attachment":"scroll","background-type":"","background-media":"","overlay-type":"","overlay-color":"","overlay-opacity":"","overlay-gradient":""}},"footnotes":""},"class_list":["post-1712","page","type-page","status-publish","hentry"],"translation":{"provider":"WPGlobus","version":"3.0.2","language":"en","enabled_languages":["de","en"],"languages":{"de":{"title":true,"content":true,"excerpt":false},"en":{"title":false,"content":false,"excerpt":false}}},"featured_image_urls_v2":{"full":"","thumbnail":"","medium":"","medium_large":"","large":"","1536x1536":"","2048x2048":""},"post_excerpt_stackable_v2":"<p>Short Squeeze bezeichnet am Markt eine Situation, bei welcher der Kurs einer Aktie aufgrund von sogenannten Deckungsk\u00e4ufen (Short-Covering) sprunghaft ansteigt. Der Kurs der Aktie steigt bereits vorher an. Dies ist aber genau der Grund, weshalb Anleger, welche die Aktie leeverkauft und damit auf fallende Kurse spekuliert haben, die Aktie zur\u00fcckkaufen m\u00fcssen, da diese durch den Leerverkauf nur geliehen waren. Der Kurs hat sich dabei aus der Sicht des Anlegers in die falsche Richtung entwickelt, weshalb er nun seine Short-Position durch Deckungsk\u00e4ufe schlie\u00dfen muss. Durch diesen Vorgang ergibt sich ein selbsttreibender Anstieg des Aktienkurses, da all diejenigen, die einen Leerverkauf auf&hellip;<\/p>\n","category_list_v2":"","author_info_v2":{"name":"PrudentWater","url":"https:\/\/prudentwater.com\/en\/author\/niklas33\/"},"comments_num_v2":"0 comments","_links":{"self":[{"href":"https:\/\/prudentwater.com\/en\/wp-json\/wp\/v2\/pages\/1712","targetHints":{"allow":["GET"]}}],"collection":[{"href":"https:\/\/prudentwater.com\/en\/wp-json\/wp\/v2\/pages"}],"about":[{"href":"https:\/\/prudentwater.com\/en\/wp-json\/wp\/v2\/types\/page"}],"author":[{"embeddable":true,"href":"https:\/\/prudentwater.com\/en\/wp-json\/wp\/v2\/users\/1"}],"replies":[{"embeddable":true,"href":"https:\/\/prudentwater.com\/en\/wp-json\/wp\/v2\/comments?post=1712"}],"version-history":[{"count":0,"href":"https:\/\/prudentwater.com\/en\/wp-json\/wp\/v2\/pages\/1712\/revisions"}],"wp:attachment":[{"href":"https:\/\/prudentwater.com\/en\/wp-json\/wp\/v2\/media?parent=1712"}],"curies":[{"name":"wp","href":"https:\/\/api.w.org\/{rel}","templated":true}]}}