{"id":1725,"date":"2014-11-11T21:34:28","date_gmt":"2014-11-11T21:34:28","guid":{"rendered":"http:\/\/www.kunnskap.de\/?page_id=1725"},"modified":"2022-07-18T12:00:55","modified_gmt":"2022-07-18T10:00:55","slug":"borse","status":"publish","type":"page","link":"https:\/\/prudentwater.com\/en\/borse\/","title":{"rendered":"B\u00f6rse"},"content":{"rendered":"<p>engl. <strong>Stock Exchange<\/strong><br \/>\n<div class=\"perfect-pullquote vcard pullquote-align-full pullquote-border-placement-top\" style=\"font-size:20px !important;\"><blockquote><p style=\"font-size:20px !important;\">Die B\u00f6rse ist ein organisierter Marktplatz f\u00fcr den Handel von und mit Aktien, Devisen, Anleihen und vielen weiteren Wertpapieren. Der Grundgedanke der B\u00f6rse ist es, Anbieter und Nachfrager zusammenzubringen. Die B\u00f6rse dient somit als eine Art Vermittler. Vorstellen kann man sich die B\u00f6rse als einen gro\u00dfen Marktplatz, an dem Kapitalgeber und Kapitalnehmer zusammenfinden.<\/p><\/blockquote><\/div><\/p>\n<p>Die B\u00f6rse gliedert sich in verschiedene Marktpl\u00e4tze auf. So werden Aktien an der Wertpapierb\u00f6rse, Devisen am Devisenmarkt, Rohstoffe an der Warenb\u00f6rse und Derivate am Terminmarkt gehandelt. An allen B\u00f6rsen werden die Preise f\u00fcr die jeweiligen Handelsobjekte durch Angebot und Nachfrage bestimmt. Es gibt jedoch nicht die EINE B\u00f6rse, sondern viele verschiedene B\u00f6rsen und somit viele verschiedene Marktpl\u00e4tze, an denen K\u00e4ufer und Verk\u00e4ufer zusammenkommen und Wertpapiere untereinander handeln.<br \/>\nAn der B\u00f6rse l\u00e4sst sich als grobe Faustregel festhalten, dass Aktien dann als Investment unattraktiver werden, wenn die Zinsen steigen. Denn je h\u00f6her die Rendite der sicheren Anleihe ist, desto eher verkauft der Investor seine im Vergleich zu Anleihen spekulativeren Aktien und kauft daf\u00fcr festverzinsliche Wertpapiere, welche ein geringeres Risiko darstellen sollten. F\u00e4llt das Zinsniveau in dem jeweiligen Land \/ W\u00e4hrungsraum jedoch, so gelten Aktien eher als lukrativere und schlicht sinnvollere Geldanlage. Dies dient jedoch nur zum Verst\u00e4ndnis der Gesamtsituation. Die B\u00f6rse wird von vielen weiteren Faktoren wie der Konjunktur, den politischen Verh\u00e4ltnissen sowie von der Entwicklung jedes einzelnen Unternehmens bestimmt.<\/p>\n","protected":false},"excerpt":{"rendered":"<p>engl. Stock Exchange Die B\u00f6rse gliedert sich in verschiedene Marktpl\u00e4tze auf. So werden Aktien an der Wertpapierb\u00f6rse, Devisen am Devisenmarkt, Rohstoffe an der Warenb\u00f6rse und Derivate am Terminmarkt gehandelt. An allen B\u00f6rsen werden die Preise f\u00fcr die jeweiligen Handelsobjekte durch Angebot und Nachfrage bestimmt. Es gibt jedoch nicht die EINE B\u00f6rse, sondern viele verschiedene B\u00f6rsen [&hellip;]<\/p>\n","protected":false},"author":1,"featured_media":0,"parent":0,"menu_order":0,"comment_status":"closed","ping_status":"closed","template":"","meta":{"site-sidebar-layout":"default","site-content-layout":"","ast-site-content-layout":"","site-content-style":"default","site-sidebar-style":"default","ast-global-header-display":"","ast-banner-title-visibility":"","ast-main-header-display":"","ast-hfb-above-header-display":"","ast-hfb-below-header-display":"","ast-hfb-mobile-header-display":"","site-post-title":"","ast-breadcrumbs-content":"","ast-featured-img":"","footer-sml-layout":"","theme-transparent-header-meta":"","adv-header-id-meta":"","stick-header-meta":"","header-above-stick-meta":"","header-main-stick-meta":"","header-below-stick-meta":"","astra-migrate-meta-layouts":"default","ast-page-background-enabled":"default","ast-page-background-meta":{"desktop":{"background-color":"","background-image":"","background-repeat":"repeat","background-position":"center center","background-size":"auto","background-attachment":"scroll","background-type":"","background-media":"","overlay-type":"","overlay-color":"","overlay-opacity":"","overlay-gradient":""},"tablet":{"background-color":"","background-image":"","background-repeat":"repeat","background-position":"center center","background-size":"auto","background-attachment":"scroll","background-type":"","background-media":"","overlay-type":"","overlay-color":"","overlay-opacity":"","overlay-gradient":""},"mobile":{"background-color":"","background-image":"","background-repeat":"repeat","background-position":"center center","background-size":"auto","background-attachment":"scroll","background-type":"","background-media":"","overlay-type":"","overlay-color":"","overlay-opacity":"","overlay-gradient":""}},"ast-content-background-meta":{"desktop":{"background-color":"var(--ast-global-color-5)","background-image":"","background-repeat":"repeat","background-position":"center center","background-size":"auto","background-attachment":"scroll","background-type":"","background-media":"","overlay-type":"","overlay-color":"","overlay-opacity":"","overlay-gradient":""},"tablet":{"background-color":"var(--ast-global-color-5)","background-image":"","background-repeat":"repeat","background-position":"center center","background-size":"auto","background-attachment":"scroll","background-type":"","background-media":"","overlay-type":"","overlay-color":"","overlay-opacity":"","overlay-gradient":""},"mobile":{"background-color":"var(--ast-global-color-5)","background-image":"","background-repeat":"repeat","background-position":"center center","background-size":"auto","background-attachment":"scroll","background-type":"","background-media":"","overlay-type":"","overlay-color":"","overlay-opacity":"","overlay-gradient":""}},"footnotes":""},"class_list":["post-1725","page","type-page","status-publish","hentry"],"translation":{"provider":"WPGlobus","version":"3.0.2","language":"en","enabled_languages":["de","en"],"languages":{"de":{"title":true,"content":true,"excerpt":false},"en":{"title":false,"content":false,"excerpt":false}}},"featured_image_urls_v2":{"full":"","thumbnail":"","medium":"","medium_large":"","large":"","1536x1536":"","2048x2048":""},"post_excerpt_stackable_v2":"<p>engl. Stock Exchange Die B\u00f6rse ist ein organisierter Marktplatz f\u00fcr den Handel von und mit Aktien, Devisen, Anleihen und vielen weiteren Wertpapieren. Der Grundgedanke der B\u00f6rse ist es, Anbieter und Nachfrager zusammenzubringen. Die B\u00f6rse dient somit als eine Art Vermittler. Vorstellen kann man sich die B\u00f6rse als einen gro\u00dfen Marktplatz, an dem Kapitalgeber und Kapitalnehmer zusammenfinden. Die B\u00f6rse gliedert sich in verschiedene Marktpl\u00e4tze auf. So werden Aktien an der Wertpapierb\u00f6rse, Devisen am Devisenmarkt, Rohstoffe an der Warenb\u00f6rse und Derivate am Terminmarkt gehandelt. An allen B\u00f6rsen werden die Preise f\u00fcr die jeweiligen Handelsobjekte durch Angebot und Nachfrage bestimmt. Es gibt jedoch&hellip;<\/p>\n","category_list_v2":"","author_info_v2":{"name":"PrudentWater","url":"https:\/\/prudentwater.com\/en\/author\/niklas33\/"},"comments_num_v2":"0 comments","_links":{"self":[{"href":"https:\/\/prudentwater.com\/en\/wp-json\/wp\/v2\/pages\/1725","targetHints":{"allow":["GET"]}}],"collection":[{"href":"https:\/\/prudentwater.com\/en\/wp-json\/wp\/v2\/pages"}],"about":[{"href":"https:\/\/prudentwater.com\/en\/wp-json\/wp\/v2\/types\/page"}],"author":[{"embeddable":true,"href":"https:\/\/prudentwater.com\/en\/wp-json\/wp\/v2\/users\/1"}],"replies":[{"embeddable":true,"href":"https:\/\/prudentwater.com\/en\/wp-json\/wp\/v2\/comments?post=1725"}],"version-history":[{"count":0,"href":"https:\/\/prudentwater.com\/en\/wp-json\/wp\/v2\/pages\/1725\/revisions"}],"wp:attachment":[{"href":"https:\/\/prudentwater.com\/en\/wp-json\/wp\/v2\/media?parent=1725"}],"curies":[{"name":"wp","href":"https:\/\/api.w.org\/{rel}","templated":true}]}}