{"id":1729,"date":"2014-11-11T22:29:30","date_gmt":"2014-11-11T22:29:30","guid":{"rendered":"http:\/\/www.kunnskap.de\/?page_id=1729"},"modified":"2022-11-13T20:48:02","modified_gmt":"2022-11-13T19:48:02","slug":"marktkapitalisierung","status":"publish","type":"page","link":"https:\/\/prudentwater.com\/en\/marktkapitalisierung\/","title":{"rendered":"Marktkapitalisierung"},"content":{"rendered":"<p>Auch <b>B\u00f6rsenkapitalisierung<\/b> oder <b>B\u00f6rsenwert<\/b><br \/>\nengl. <b>Market Capitalization<\/b><\/p>\n<p>Die Marktkapitalisierung ist der aktuelle B\u00f6rsenwert einer Aktiengesellschaft. Sie errechnet sich aus der Gesamtzahl aller emittierten Aktien multipliziert mit dem aktuellen Kurs der Aktie.<\/p>\n<hr>\n<p><small><b>Berechnung:<\/b><\/small><\/p>\n<p style=\"margin-bottom: 30px;\">\n<p><center><img loading=\"lazy\" decoding=\"async\" class=\"alignnone size-full wp-image-7134\" src=\"https:\/\/prudentwater.com\/wp-content\/uploads\/2021\/05\/Marktkapitalisierung.png\" alt=\"marktkapitalisierung\" width=\"741\" height=\"65\" title=\"\"><\/center><\/p>\n<p style=\"margin-bottom: 30px;\">\n<hr>\n<p style=\"margin-bottom: 50px;\">\n<h4>Unterschied zwischen Makrtkapitalisierung und Eigenkapital<\/h4>\n<p>Marktkapitalisierung und Eigenkapital eines Unternehmens sind jedoch etwas Unterschiedliches. Die Marktkapitalisierung ist der aktuelle Marktwert des Eigenkapitals &#8211; also wie der Markt aktuell das Netto-Verm\u00f6gen des Unternehmens bewertet. Das Eigenkapital hingegen ist der Betrag, der nach Abzug aller Verbindlichkeiten dem Unternehmen unbefristet zur Verf\u00fcgung steht. Die Marktkapitalisierung \u00e4ndert sich sobald sich der Aktienkurs des Unternehmens \u00e4ndert. Das Eigenkapital hingegen ist als festere Gr\u00f6\u00dfe anzusehen und \u00e4ndert sich offiziell bei Ver\u00f6ffentlichung eines neuen Gesch\u00e4ftsberichtes des Unternehmens. Das Kurs-Buchwert-Verh\u00e4ltnis dr\u00fcckt dabei die aktuelle Relation zwischen Marktkapitalisierung und Eigenkapital aus und gibt dar\u00fcber Auskunft, wie das Eigenkapital des Unternehmens aktuell an der B\u00f6rse bewertet wird.<\/p>\n","protected":false},"excerpt":{"rendered":"<p>Auch B\u00f6rsenkapitalisierung oder B\u00f6rsenwert engl. Market Capitalization Die Marktkapitalisierung ist der aktuelle B\u00f6rsenwert einer Aktiengesellschaft. Sie errechnet sich aus der Gesamtzahl aller emittierten Aktien multipliziert mit dem aktuellen Kurs der Aktie. Berechnung: Unterschied zwischen Makrtkapitalisierung und Eigenkapital Marktkapitalisierung und Eigenkapital eines Unternehmens sind jedoch etwas Unterschiedliches. Die Marktkapitalisierung ist der aktuelle Marktwert des Eigenkapitals &#8211; [&hellip;]<\/p>\n","protected":false},"author":1,"featured_media":0,"parent":0,"menu_order":0,"comment_status":"closed","ping_status":"closed","template":"","meta":{"site-sidebar-layout":"default","site-content-layout":"default","ast-site-content-layout":"","site-content-style":"default","site-sidebar-style":"default","ast-global-header-display":"","ast-banner-title-visibility":"","ast-main-header-display":"","ast-hfb-above-header-display":"","ast-hfb-below-header-display":"","ast-hfb-mobile-header-display":"","site-post-title":"","ast-breadcrumbs-content":"","ast-featured-img":"","footer-sml-layout":"","theme-transparent-header-meta":"default","adv-header-id-meta":"","stick-header-meta":"","header-above-stick-meta":"","header-main-stick-meta":"","header-below-stick-meta":"","astra-migrate-meta-layouts":"default","ast-page-background-enabled":"default","ast-page-background-meta":{"desktop":{"background-color":"","background-image":"","background-repeat":"repeat","background-position":"center center","background-size":"auto","background-attachment":"scroll","background-type":"","background-media":"","overlay-type":"","overlay-color":"","overlay-opacity":"","overlay-gradient":""},"tablet":{"background-color":"","background-image":"","background-repeat":"repeat","background-position":"center center","background-size":"auto","background-attachment":"scroll","background-type":"","background-media":"","overlay-type":"","overlay-color":"","overlay-opacity":"","overlay-gradient":""},"mobile":{"background-color":"","background-image":"","background-repeat":"repeat","background-position":"center center","background-size":"auto","background-attachment":"scroll","background-type":"","background-media":"","overlay-type":"","overlay-color":"","overlay-opacity":"","overlay-gradient":""}},"ast-content-background-meta":{"desktop":{"background-color":"var(--ast-global-color-5)","background-image":"","background-repeat":"repeat","background-position":"center center","background-size":"auto","background-attachment":"scroll","background-type":"","background-media":"","overlay-type":"","overlay-color":"","overlay-opacity":"","overlay-gradient":""},"tablet":{"background-color":"var(--ast-global-color-5)","background-image":"","background-repeat":"repeat","background-position":"center center","background-size":"auto","background-attachment":"scroll","background-type":"","background-media":"","overlay-type":"","overlay-color":"","overlay-opacity":"","overlay-gradient":""},"mobile":{"background-color":"var(--ast-global-color-5)","background-image":"","background-repeat":"repeat","background-position":"center center","background-size":"auto","background-attachment":"scroll","background-type":"","background-media":"","overlay-type":"","overlay-color":"","overlay-opacity":"","overlay-gradient":""}},"footnotes":""},"class_list":["post-1729","page","type-page","status-publish","hentry"],"translation":{"provider":"WPGlobus","version":"3.0.2","language":"en","enabled_languages":["de","en"],"languages":{"de":{"title":true,"content":true,"excerpt":false},"en":{"title":false,"content":false,"excerpt":false}}},"featured_image_urls_v2":{"full":"","thumbnail":"","medium":"","medium_large":"","large":"","1536x1536":"","2048x2048":""},"post_excerpt_stackable_v2":"<p>Auch B\u00f6rsenkapitalisierung oder B\u00f6rsenwert engl. Market Capitalization Die Marktkapitalisierung ist der aktuelle B\u00f6rsenwert einer Aktiengesellschaft. Sie errechnet sich aus der Gesamtzahl aller emittierten Aktien multipliziert mit dem aktuellen Kurs der Aktie. Berechnung: Unterschied zwischen Makrtkapitalisierung und Eigenkapital Marktkapitalisierung und Eigenkapital eines Unternehmens sind jedoch etwas Unterschiedliches. Die Marktkapitalisierung ist der aktuelle Marktwert des Eigenkapitals &#8211; also wie der Markt aktuell das Netto-Verm\u00f6gen des Unternehmens bewertet. Das Eigenkapital hingegen ist der Betrag, der nach Abzug aller Verbindlichkeiten dem Unternehmen unbefristet zur Verf\u00fcgung steht. Die Marktkapitalisierung \u00e4ndert sich sobald sich der Aktienkurs des Unternehmens \u00e4ndert. Das Eigenkapital hingegen ist als festere Gr\u00f6\u00dfe&hellip;<\/p>\n","category_list_v2":"","author_info_v2":{"name":"PrudentWater","url":"https:\/\/prudentwater.com\/en\/author\/niklas33\/"},"comments_num_v2":"0 comments","_links":{"self":[{"href":"https:\/\/prudentwater.com\/en\/wp-json\/wp\/v2\/pages\/1729","targetHints":{"allow":["GET"]}}],"collection":[{"href":"https:\/\/prudentwater.com\/en\/wp-json\/wp\/v2\/pages"}],"about":[{"href":"https:\/\/prudentwater.com\/en\/wp-json\/wp\/v2\/types\/page"}],"author":[{"embeddable":true,"href":"https:\/\/prudentwater.com\/en\/wp-json\/wp\/v2\/users\/1"}],"replies":[{"embeddable":true,"href":"https:\/\/prudentwater.com\/en\/wp-json\/wp\/v2\/comments?post=1729"}],"version-history":[{"count":0,"href":"https:\/\/prudentwater.com\/en\/wp-json\/wp\/v2\/pages\/1729\/revisions"}],"wp:attachment":[{"href":"https:\/\/prudentwater.com\/en\/wp-json\/wp\/v2\/media?parent=1729"}],"curies":[{"name":"wp","href":"https:\/\/api.w.org\/{rel}","templated":true}]}}